{"id":32551,"date":"2026-03-24T11:29:28","date_gmt":"2026-03-24T10:29:28","guid":{"rendered":"https:\/\/kaotostore.com\/producto\/super-smash-bros-ultimate-limited-edition-switch\/"},"modified":"2026-04-09T15:34:48","modified_gmt":"2026-04-09T13:34:48","slug":"super-smash-bros-ultimate-limited-edition-switch","status":"publish","type":"product","link":"https:\/\/kaotostore.com\/en\/product\/super-smash-bros-ultimate-limited-edition-switch\/","title":{"rendered":"Super Smash Bros Ultimate Limited Edition SWITCH"},"content":{"rendered":"<div class=\"accordion\">\n<div id=\"accordion-0\" class=\"accordion-item accordion-item-\">\n<div class=\"accordion-content\">\n<div class=\"accordion-content-inner\">\n<div class=\"product-details-content\">\n<div class=\"accordion\">\n<div class=\"accordion-item accordion-item-\" id=\"accordion-0\">\n<div class=\"accordion-content\">\n<div class=\"accordion-content-inner\">\n<div class=\"product-details-content\">\n<div class=\"accordion\">\n<div id=\"accordion-0\" class=\"accordion-item accordion-item-\">\n<div class=\"accordion-content\">\n<div class=\"accordion-content-inner\">\n<div class=\"product-details-content\">\n<div class=\"accordion\">\n<div id=\"accordion-0\" class=\"accordion-item accordion-item-\">\n<div class=\"accordion-content\">\n<div class=\"accordion-content-inner\">\n<div class=\"product-details-content\">\n<div class=\"accordion\">\n<div class=\"accordion-item accordion-item-\" id=\"accordion-0\">\n<div class=\"accordion-content\">\n<div class=\"accordion-content-inner\">\n<div class=\"product-details-content\">\n<div class=\"accordion\">\n<div id=\"accordion-0\" class=\"accordion-item accordion-item-\">\n<div class=\"accordion-content\">\n<div class=\"accordion-content-inner\">\n<div class=\"product-details-content\">\n<div class=\"accordion\">\n<div class=\"accordion-item accordion-item-\" id=\"accordion-0\">\n<div class=\"accordion-content\">\n<div class=\"accordion-content-inner\">\n<div class=\"product-details-content\">\n<div class=\"accordion\">\n<div class=\"accordion-item accordion-item-\" id=\"accordion-0\">\n<div class=\"accordion-content\">\n<div class=\"accordion-content-inner\">\n<div class=\"product-details-content\">\n<div class=\"accordion\">\n<div class=\"accordion-item accordion-item-\" id=\"accordion-0\">\n<div class=\"accordion-content\">\n<div class=\"accordion-content-inner\">\n<div class=\"product-details-content\">\n<h1><strong><span style=\"text-decoration: underline;\"><span style=\"color: rgb(255, 5, 5); text-decoration: underline;\">SOLO RECOGIDA EN TIENDA<\/span><\/span><\/strong><\/h1>\n<p>\u00a0<\/p>\n<p><strong><span style=\"color: rgb(255, 5, 5);\">Si desea im\u00e1genes adicionales del producto, puede solicitarlas desde el formulario de contacto o en el email kaototienda@gmail.com<\/span><\/strong><\/p>\n<p>\u00a0<\/p>\n<div>\n<h4>\u00a1No falta nadie!<\/h4>\n<p>Luchadores, como los inkling de la serie Splatoon, Ridley de la serie Metroid, Simon Belmont de Castlevania y Canela de Animal Crossing, hacen su debut en <em><strong>Super Smash Bros<\/strong><\/em>. junto a todos los personajes de las entregas anteriores. \u00a1Todos!<\/p>\n<h4>3\u2026 2\u2026 1\u2026 \u00a1YA!<\/h4>\n<p>P\u00e1salo bomba tratando de lanzar a los rivales del escenario en el juego de acci\u00f3n definitivo. Un combate m\u00e1s \u00e1gil, nuevos objetos, ataques, opciones defensivas, t\u00e9cnicas y otras muchas sorpresas mantendr\u00e1n la batalla al rojo vivo cuando y donde quieras.<\/p>\n<h4>\u00a1Diversi\u00f3n para todo el mundo!<\/h4>\n<p>Hay una gran variedad de modos y opciones para que todo el mundo se lo pase en grande. En el modo Combate normal, podr\u00e1s elegir el escenario y las reglas para darte de tortas con hasta 8 jugadores. Tambi\u00e9n puedes crear un equipo de 3 o 5 luchadores y enfrentarte al de tu rival en combates sucesivos de uno contra uno en Tropa Smash. \u00a1Y ah\u00ed no queda la cosa!<\/p>\n<p>\u00a1Los esp\u00edritus te permiten simular combates entre personajes de un incre\u00edble n\u00famero de juegos distintos! A ver a cu\u00e1ntos consigues echarles el guante. Los luchadores pueden aliarse con los esp\u00edritus para aumentar sus poderes. Los esp\u00edritus primarios mejoran el estado del luchador, mientras que los de apoyo le proporcionan habilidades adicionales. Equipa a tu luchador con el esp\u00edritu primario y los esp\u00edritus de apoyo y \u00a1a luchar se ha dicho!<\/p>\n<h4>\u00a1M\u00e1s de 100 escenarios!<\/h4>\n<p>Los escenarios que regresan de juegos anteriores han sido mejorados. Adem\u00e1s, todos los escenarios cuentan con versi\u00f3n campo de batalla y versi\u00f3n. Hay una gran variedad de mecanismos que le dan vidilla al combate. Algunos escenarios cambian de forma y, en otros, aparecen personajes invitados. Adem\u00e1s, con la opci\u00f3n de escenario cambiante, podr\u00e1s elegir dos escenarios y pasar\u00e1s autom\u00e1ticamente de uno a otro transcurrido cierto tiempo.<\/p>\n<p>Elige el tema que m\u00e1s te guste para que suene mientras combates en uno de los escenarios. \u00a1Hay m\u00e1s de 800 disponibles!<\/p>\n<h4>\u00a1Utiliza los objetos a tu favor!<\/h4>\n<p>\u00a1Los objetos que aparecen en el escenario pueden resultar claves para la victoria! Si los usas con cabeza, claro. Pueden surgir Pok\u00e9mon de Pok\u00e9 Balls y Master Balls para echarte una mano en el combate y tambi\u00e9n es posible que arrimen el hombro algunos personajes invitados que aparecen como ayudantes.<\/p>\n<\/div>\n<p><\/p>\n<p><strong><br \/><\/strong><\/p>\n<p>\u00a0<\/p>\n<\/div>\n<\/div>\n<\/div>\n<\/div>\n<\/div>\n<div class=\"accordion\">\n<div class=\"accordion-item accordion-item-\" id=\"accordion-0\"><\/div>\n<\/div>\n<\/div>\n<\/div>\n<\/div>\n<\/div>\n<\/div>\n<div class=\"accordion\">\n<div class=\"accordion-item accordion-item-\" id=\"accordion-0\"><\/div>\n<\/div>\n<\/div>\n<\/div>\n<\/div>\n<\/div>\n<\/div>\n<div class=\"accordion\">\n<div class=\"accordion-item accordion-item-\" id=\"accordion-0\"><\/div>\n<\/div>\n<\/div>\n<\/div>\n<\/div>\n<\/div>\n<\/div>\n<div class=\"accordion\">\n<div id=\"accordion-0\" class=\"accordion-item accordion-item-\"><\/div>\n<\/div>\n<\/div>\n<\/div>\n<\/div>\n<\/div>\n<\/div>\n<div class=\"accordion\">\n<div class=\"accordion-item accordion-item-\" id=\"accordion-0\"><\/div>\n<\/div>\n<\/div>\n<\/div>\n<\/div>\n<\/div>\n<\/div>\n<div class=\"accordion\">\n<div id=\"accordion-0\" class=\"accordion-item accordion-item-\"><\/div>\n<\/div>\n<\/div>\n<\/div>\n<\/div>\n<\/div>\n<\/div>\n<div class=\"accordion\">\n<div id=\"accordion-0\" class=\"accordion-item accordion-item-\"><\/div>\n<\/div>\n<\/div>\n<\/div>\n<\/div>\n<\/div>\n<\/div>\n<div class=\"accordion\">\n<div class=\"accordion-item accordion-item-\" id=\"accordion-0\"><\/div>\n<\/div>\n<\/div>\n<\/div>\n<\/div>\n<\/div>\n<\/div>\n<div class=\"accordion\">\n<div id=\"accordion-0\" class=\"accordion-item accordion-item-\"><\/div>\n<\/div>","protected":false},"excerpt":{"rendered":"<p>SOLO RECOGIDA EN TIENDA \u00a0 Si desea im\u00e1genes adicionales del producto, puede solicitarlas desde el formulario de contacto o en el email kaototienda@gmail.com \u00a0 \u00a1No falta nadie! Luchadores, como los inkling de la serie Splatoon, Ridley de la serie Metroid, Simon Belmont de Castlevania y Canela de Animal Crossing, hacen su debut en Super Smash [&hellip;]<\/p>\n","protected":false},"featured_media":22470,"template":"","meta":{"ocean_post_layout":"","ocean_both_sidebars_style":"","ocean_both_sidebars_content_width":0,"ocean_both_sidebars_sidebars_width":0,"ocean_sidebar":"","ocean_second_sidebar":"","ocean_disable_margins":"enable","ocean_add_body_class":"","ocean_shortcode_before_top_bar":"","ocean_shortcode_after_top_bar":"","ocean_shortcode_before_header":"","ocean_shortcode_after_header":"","ocean_has_shortcode":"","ocean_shortcode_after_title":"","ocean_shortcode_before_footer_widgets":"","ocean_shortcode_after_footer_widgets":"","ocean_shortcode_before_footer_bottom":"","ocean_shortcode_after_footer_bottom":"","ocean_display_top_bar":"default","ocean_display_header":"default","ocean_header_style":"","ocean_center_header_left_menu":"","ocean_custom_header_template":"","ocean_custom_logo":0,"ocean_custom_retina_logo":0,"ocean_custom_logo_max_width":0,"ocean_custom_logo_tablet_max_width":0,"ocean_custom_logo_mobile_max_width":0,"ocean_custom_logo_max_height":0,"ocean_custom_logo_tablet_max_height":0,"ocean_custom_logo_mobile_max_height":0,"ocean_header_custom_menu":"","ocean_menu_typo_font_family":"","ocean_menu_typo_font_subset":"","ocean_menu_typo_font_size":0,"ocean_menu_typo_font_size_tablet":0,"ocean_menu_typo_font_size_mobile":0,"ocean_menu_typo_font_size_unit":"px","ocean_menu_typo_font_weight":"","ocean_menu_typo_font_weight_tablet":"","ocean_menu_typo_font_weight_mobile":"","ocean_menu_typo_transform":"","ocean_menu_typo_transform_tablet":"","ocean_menu_typo_transform_mobile":"","ocean_menu_typo_line_height":0,"ocean_menu_typo_line_height_tablet":0,"ocean_menu_typo_line_height_mobile":0,"ocean_menu_typo_line_height_unit":"","ocean_menu_typo_spacing":0,"ocean_menu_typo_spacing_tablet":0,"ocean_menu_typo_spacing_mobile":0,"ocean_menu_typo_spacing_unit":"","ocean_menu_link_color":"","ocean_menu_link_color_hover":"","ocean_menu_link_color_active":"","ocean_menu_link_background":"","ocean_menu_link_hover_background":"","ocean_menu_link_active_background":"","ocean_menu_social_links_bg":"","ocean_menu_social_hover_links_bg":"","ocean_menu_social_links_color":"","ocean_menu_social_hover_links_color":"","ocean_disable_title":"default","ocean_disable_heading":"default","ocean_post_title":"","ocean_post_subheading":"","ocean_post_title_style":"","ocean_post_title_background_color":"","ocean_post_title_background":0,"ocean_post_title_bg_image_position":"","ocean_post_title_bg_image_attachment":"","ocean_post_title_bg_image_repeat":"","ocean_post_title_bg_image_size":"","ocean_post_title_height":0,"ocean_post_title_bg_overlay":0.5,"ocean_post_title_bg_overlay_color":"","ocean_disable_breadcrumbs":"default","ocean_breadcrumbs_color":"","ocean_breadcrumbs_separator_color":"","ocean_breadcrumbs_links_color":"","ocean_breadcrumbs_links_hover_color":"","ocean_display_footer_widgets":"default","ocean_display_footer_bottom":"default","ocean_custom_footer_template":""},"product_brand":[],"product_cat":[98,124,128],"product_tag":[],"class_list":{"0":"post-32551","1":"product","2":"type-product","3":"status-publish","4":"has-post-thumbnail","6":"product_cat-novedades","7":"product_cat-switch","8":"product_cat-ultimas-entradas","10":"entry","11":"has-media","13":"first","14":"outofstock","15":"taxable","16":"shipping-taxable","17":"purchasable","18":"product-type-simple","19":"col","20":"span_1_of_3","21":"owp-content-center","22":"owp-thumbs-layout-horizontal","23":"owp-btn-normal","24":"owp-tabs-layout-horizontal","25":"has-no-thumbnails"},"aioseo_notices":[],"_links":{"self":[{"href":"https:\/\/kaotostore.com\/en\/wp-json\/wp\/v2\/product\/32551","targetHints":{"allow":["GET"]}}],"collection":[{"href":"https:\/\/kaotostore.com\/en\/wp-json\/wp\/v2\/product"}],"about":[{"href":"https:\/\/kaotostore.com\/en\/wp-json\/wp\/v2\/types\/product"}],"wp:featuredmedia":[{"embeddable":true,"href":"https:\/\/kaotostore.com\/en\/wp-json\/wp\/v2\/media\/22470"}],"wp:attachment":[{"href":"https:\/\/kaotostore.com\/en\/wp-json\/wp\/v2\/media?parent=32551"}],"wp:term":[{"taxonomy":"product_brand","embeddable":true,"href":"https:\/\/kaotostore.com\/en\/wp-json\/wp\/v2\/product_brand?post=32551"},{"taxonomy":"product_cat","embeddable":true,"href":"https:\/\/kaotostore.com\/en\/wp-json\/wp\/v2\/product_cat?post=32551"},{"taxonomy":"product_tag","embeddable":true,"href":"https:\/\/kaotostore.com\/en\/wp-json\/wp\/v2\/product_tag?post=32551"}],"curies":[{"name":"wp","href":"https:\/\/api.w.org\/{rel}","templated":true}]}}