{"id":32545,"date":"2026-03-24T11:29:23","date_gmt":"2026-03-24T10:29:23","guid":{"rendered":"https:\/\/kaotostore.com\/producto\/super-smash-bros-nintendo-3ds\/"},"modified":"2026-04-09T15:34:46","modified_gmt":"2026-04-09T13:34:46","slug":"super-smash-bros-nintendo-3ds","status":"publish","type":"product","link":"https:\/\/kaotostore.com\/en\/product\/super-smash-bros-nintendo-3ds\/","title":{"rendered":"Super Smash Bros NINTENDO 3DS"},"content":{"rendered":"<div>\n<div>\n<h4>\n<span style=\"color: rgb(255, 5, 5);\">Si desea im\u00e1genes adicionales del producto, puede solicitarlas desde el formulario de contacto o en el email kaototienda@gmail.com<\/span><strong><span style=\"color: rgb(255, 5, 5);\"><\/p>\n<p><\/span><\/strong><br \/>Un gran \u00e9xito en la mano<\/h4>\n<p><strong><em>Super Smash Bros<\/em><\/strong> para Nintendo 3DS es la primera entrada port\u00e1til en la famosa serie en que mundos chocan. Hasta la batalla de cuatro jugadores mutuamente localmente o por Internet utilizando algunos de los personajes m\u00e1s conocidos y emblem\u00e1ticos de Nintendo a trav\u00e9s de etapas bellamente dise\u00f1adas inspiradas en juegos cl\u00e1sicos de Nintendo portables. Es una experiencia <em><strong>Super Smash Bros<\/strong><\/em> genuina y masiva que est\u00e1 disponible para jugar en el camino, en cualquier momento y en cualquier lugar.<\/p>\n<h4>Caracter\u00edsticas:<\/h4>\n<ul>\n<li>Smash y crash through a trav\u00e9s del modo &#8220;Smash Run&#8221;, un nuevo modo exclusivo para la Nintendo 3DS versi\u00f3n que da hasta cuatro jugadores cinco minutos para luchar solo a trav\u00e9s de un inmenso campo de batalla mientras que derribar enemigos reconocibles de casi todas las principales franquicias de Nintendo y m\u00faltiples socios de terceros. Enemigos derrotados dejan power-ups para recoger. Los jugadores que recogen power-ups m\u00e1s tienen una ventaja una vez que acabe el tiempo y comienza la batalla con los opositores.<\/li>\n<li>Compite con personajes cl\u00e1sicos de la serie <em><strong>Super Smash Bros<\/strong><\/em> como Mario, Link, Samus y Pikachu, junto con nuevos desaf\u00edos como Mega Man, Little Mac y Palutena, la diosa de la luz de la Icarusgames del ni\u00f1o. Por primera vez, los jugadores pueden competir incluso como sus propios personajes Mii.<\/li>\n<li>Personaliza diferentes aspectos de su personaje cuando se reproduce localmente o por Internet con amigos en una variedad de modos multijugador.<\/li>\n<li>Lucha contra familiares y amigos en l\u00ednea o localmente, o batalla de retadores al azar en todo el mundo en l\u00ednea en modo &#8220;Por diversi\u00f3n&#8221; o &#8220;De gloria&#8221;<\/li>\n<\/ul>\n<\/div>\n<\/div>\n<p><!----><\/p>","protected":false},"excerpt":{"rendered":"<p>Si desea im\u00e1genes adicionales del producto, puede solicitarlas desde el formulario de contacto o en el email kaototienda@gmail.com Un gran \u00e9xito en la mano Super Smash Bros para Nintendo 3DS es la primera entrada port\u00e1til en la famosa serie en que mundos chocan. Hasta la batalla de cuatro jugadores mutuamente localmente o por Internet utilizando [&hellip;]<\/p>\n","protected":false},"featured_media":22464,"template":"","meta":{"ocean_post_layout":"","ocean_both_sidebars_style":"","ocean_both_sidebars_content_width":0,"ocean_both_sidebars_sidebars_width":0,"ocean_sidebar":"","ocean_second_sidebar":"","ocean_disable_margins":"enable","ocean_add_body_class":"","ocean_shortcode_before_top_bar":"","ocean_shortcode_after_top_bar":"","ocean_shortcode_before_header":"","ocean_shortcode_after_header":"","ocean_has_shortcode":"","ocean_shortcode_after_title":"","ocean_shortcode_before_footer_widgets":"","ocean_shortcode_after_footer_widgets":"","ocean_shortcode_before_footer_bottom":"","ocean_shortcode_after_footer_bottom":"","ocean_display_top_bar":"default","ocean_display_header":"default","ocean_header_style":"","ocean_center_header_left_menu":"","ocean_custom_header_template":"","ocean_custom_logo":0,"ocean_custom_retina_logo":0,"ocean_custom_logo_max_width":0,"ocean_custom_logo_tablet_max_width":0,"ocean_custom_logo_mobile_max_width":0,"ocean_custom_logo_max_height":0,"ocean_custom_logo_tablet_max_height":0,"ocean_custom_logo_mobile_max_height":0,"ocean_header_custom_menu":"","ocean_menu_typo_font_family":"","ocean_menu_typo_font_subset":"","ocean_menu_typo_font_size":0,"ocean_menu_typo_font_size_tablet":0,"ocean_menu_typo_font_size_mobile":0,"ocean_menu_typo_font_size_unit":"px","ocean_menu_typo_font_weight":"","ocean_menu_typo_font_weight_tablet":"","ocean_menu_typo_font_weight_mobile":"","ocean_menu_typo_transform":"","ocean_menu_typo_transform_tablet":"","ocean_menu_typo_transform_mobile":"","ocean_menu_typo_line_height":0,"ocean_menu_typo_line_height_tablet":0,"ocean_menu_typo_line_height_mobile":0,"ocean_menu_typo_line_height_unit":"","ocean_menu_typo_spacing":0,"ocean_menu_typo_spacing_tablet":0,"ocean_menu_typo_spacing_mobile":0,"ocean_menu_typo_spacing_unit":"","ocean_menu_link_color":"","ocean_menu_link_color_hover":"","ocean_menu_link_color_active":"","ocean_menu_link_background":"","ocean_menu_link_hover_background":"","ocean_menu_link_active_background":"","ocean_menu_social_links_bg":"","ocean_menu_social_hover_links_bg":"","ocean_menu_social_links_color":"","ocean_menu_social_hover_links_color":"","ocean_disable_title":"default","ocean_disable_heading":"default","ocean_post_title":"","ocean_post_subheading":"","ocean_post_title_style":"","ocean_post_title_background_color":"","ocean_post_title_background":0,"ocean_post_title_bg_image_position":"","ocean_post_title_bg_image_attachment":"","ocean_post_title_bg_image_repeat":"","ocean_post_title_bg_image_size":"","ocean_post_title_height":0,"ocean_post_title_bg_overlay":0.5,"ocean_post_title_bg_overlay_color":"","ocean_disable_breadcrumbs":"default","ocean_breadcrumbs_color":"","ocean_breadcrumbs_separator_color":"","ocean_breadcrumbs_links_color":"","ocean_breadcrumbs_links_hover_color":"","ocean_display_footer_widgets":"default","ocean_display_footer_bottom":"default","ocean_custom_footer_template":""},"product_brand":[],"product_cat":[94,128],"product_tag":[],"class_list":{"0":"post-32545","1":"product","2":"type-product","3":"status-publish","4":"has-post-thumbnail","6":"product_cat-nintendo-3ds","7":"product_cat-ultimas-entradas","9":"entry","10":"has-media","12":"first","13":"outofstock","14":"taxable","15":"shipping-taxable","16":"purchasable","17":"product-type-simple","18":"col","19":"span_1_of_3","20":"owp-content-center","21":"owp-thumbs-layout-horizontal","22":"owp-btn-normal","23":"owp-tabs-layout-horizontal","24":"has-no-thumbnails"},"aioseo_notices":[],"_links":{"self":[{"href":"https:\/\/kaotostore.com\/en\/wp-json\/wp\/v2\/product\/32545","targetHints":{"allow":["GET"]}}],"collection":[{"href":"https:\/\/kaotostore.com\/en\/wp-json\/wp\/v2\/product"}],"about":[{"href":"https:\/\/kaotostore.com\/en\/wp-json\/wp\/v2\/types\/product"}],"wp:featuredmedia":[{"embeddable":true,"href":"https:\/\/kaotostore.com\/en\/wp-json\/wp\/v2\/media\/22464"}],"wp:attachment":[{"href":"https:\/\/kaotostore.com\/en\/wp-json\/wp\/v2\/media?parent=32545"}],"wp:term":[{"taxonomy":"product_brand","embeddable":true,"href":"https:\/\/kaotostore.com\/en\/wp-json\/wp\/v2\/product_brand?post=32545"},{"taxonomy":"product_cat","embeddable":true,"href":"https:\/\/kaotostore.com\/en\/wp-json\/wp\/v2\/product_cat?post=32545"},{"taxonomy":"product_tag","embeddable":true,"href":"https:\/\/kaotostore.com\/en\/wp-json\/wp\/v2\/product_tag?post=32545"}],"curies":[{"name":"wp","href":"https:\/\/api.w.org\/{rel}","templated":true}]}}