{"id":32522,"date":"2026-03-24T11:29:08","date_gmt":"2026-03-24T10:29:08","guid":{"rendered":"https:\/\/kaotostore.com\/producto\/super-pokemon-rumble-nintendo-3ds\/"},"modified":"2026-05-09T05:33:30","modified_gmt":"2026-05-09T03:33:30","slug":"super-pokemon-rumble-nintendo-3ds","status":"publish","type":"product","link":"https:\/\/kaotostore.com\/en\/product\/super-pokemon-rumble-nintendo-3ds\/","title":{"rendered":"Super Pok\u00e9mon Rumble NINTENDO 3DS"},"content":{"rendered":"<div>\n<div>\n<h4><span class=\"a-list-item\"><span style=\"color: rgb(255, 5, 5);\">Si desea im\u00e1genes adicionales del producto, puede solicitarlas desde el formulario de contacto o en el email kaototienda@gmail.com<\/span><\/span><\/h4>\n<\/div>\n<div><\/div>\n<div><\/div>\n<div>Los fans de <strong>Pok\u00e9mon<\/strong>\u00a0podr\u00e1n experimentar por vez primera toda la emoci\u00f3n de una aventura\u00a0<strong>Pok\u00e9mon en 3D<\/strong>\u00a0gracias a\u00a0<strong>Super Pok\u00e9mon Rumble<\/strong>\u00a0para\u00a0<strong>Nintendo 3DS<\/strong>. El primer juego Pok\u00e9mon creado exclusivamente para esta consola, Super Pok\u00e9mon Rumble te permite combatir contra hordas de Juegues Pok\u00e9mon, conectarte con tus amigos y combatir juntos.<\/p>\n<p>A medida que avanzas por cada escenario de\u00a0<strong>Super Pok\u00e9mon Rumble<\/strong>, tu Juguete Pok\u00e9mon se enfrentar\u00e1 a la vez a docenas de Juguetes Pok\u00e9mon rivales, lo que conllevar\u00e1 r\u00e1pidas e intensas batallas. Adem\u00e1s, podr\u00e1s cambiar con sencillez y rapidez entre los Juguetes Pok\u00e9mon que hayas capturado a lo largo del juego, para ganar las batallas.\u00a0<\/p>\n<p>Prep\u00e1rate para\u00a0<strong>enfrentarte a gigantescos Jefes<\/strong>, cuya gran envergadura y fortaleza te supondr\u00e1n un verdadero reto. Algunos Juguetes Pok\u00e9mon derrotados acabar\u00e1n haci\u00e9ndose tus amigos y uni\u00e9ndose a tu grupo. Adem\u00e1s, tambi\u00e9n puedes hacerte con Juguetes Pok\u00e9mon especiales, cada uno con sus caracter\u00edsticas y rasgos \u00fanicos. El juego ofrece\u00a0<strong>m\u00e1s de 600 Juguetes Pok\u00e9mon<\/strong>\u00a0que capturar, incluyendo los que aparecen en los juegos Pok\u00e9mon Edici\u00f3n Negra y Pok\u00e9mon Edici\u00f3n Blanca.<\/div>\n<\/div>\n<p><!----><\/p>","protected":false},"excerpt":{"rendered":"<p>Si desea im\u00e1genes adicionales del producto, puede solicitarlas desde el formulario de contacto o en el email kaototienda@gmail.com Los fans de Pok\u00e9mon\u00a0podr\u00e1n experimentar por vez primera toda la emoci\u00f3n de una aventura\u00a0Pok\u00e9mon en 3D\u00a0gracias a\u00a0Super Pok\u00e9mon Rumble\u00a0para\u00a0Nintendo 3DS. El primer juego Pok\u00e9mon creado exclusivamente para esta consola, Super Pok\u00e9mon Rumble te permite combatir contra hordas [&hellip;]<\/p>\n","protected":false},"featured_media":22435,"template":"","meta":{"ocean_post_layout":"","ocean_both_sidebars_style":"","ocean_both_sidebars_content_width":0,"ocean_both_sidebars_sidebars_width":0,"ocean_sidebar":"","ocean_second_sidebar":"","ocean_disable_margins":"enable","ocean_add_body_class":"","ocean_shortcode_before_top_bar":"","ocean_shortcode_after_top_bar":"","ocean_shortcode_before_header":"","ocean_shortcode_after_header":"","ocean_has_shortcode":"","ocean_shortcode_after_title":"","ocean_shortcode_before_footer_widgets":"","ocean_shortcode_after_footer_widgets":"","ocean_shortcode_before_footer_bottom":"","ocean_shortcode_after_footer_bottom":"","ocean_display_top_bar":"default","ocean_display_header":"default","ocean_header_style":"","ocean_center_header_left_menu":"","ocean_custom_header_template":"","ocean_custom_logo":0,"ocean_custom_retina_logo":0,"ocean_custom_logo_max_width":0,"ocean_custom_logo_tablet_max_width":0,"ocean_custom_logo_mobile_max_width":0,"ocean_custom_logo_max_height":0,"ocean_custom_logo_tablet_max_height":0,"ocean_custom_logo_mobile_max_height":0,"ocean_header_custom_menu":"","ocean_menu_typo_font_family":"","ocean_menu_typo_font_subset":"","ocean_menu_typo_font_size":0,"ocean_menu_typo_font_size_tablet":0,"ocean_menu_typo_font_size_mobile":0,"ocean_menu_typo_font_size_unit":"px","ocean_menu_typo_font_weight":"","ocean_menu_typo_font_weight_tablet":"","ocean_menu_typo_font_weight_mobile":"","ocean_menu_typo_transform":"","ocean_menu_typo_transform_tablet":"","ocean_menu_typo_transform_mobile":"","ocean_menu_typo_line_height":0,"ocean_menu_typo_line_height_tablet":0,"ocean_menu_typo_line_height_mobile":0,"ocean_menu_typo_line_height_unit":"","ocean_menu_typo_spacing":0,"ocean_menu_typo_spacing_tablet":0,"ocean_menu_typo_spacing_mobile":0,"ocean_menu_typo_spacing_unit":"","ocean_menu_link_color":"","ocean_menu_link_color_hover":"","ocean_menu_link_color_active":"","ocean_menu_link_background":"","ocean_menu_link_hover_background":"","ocean_menu_link_active_background":"","ocean_menu_social_links_bg":"","ocean_menu_social_hover_links_bg":"","ocean_menu_social_links_color":"","ocean_menu_social_hover_links_color":"","ocean_disable_title":"default","ocean_disable_heading":"default","ocean_post_title":"","ocean_post_subheading":"","ocean_post_title_style":"","ocean_post_title_background_color":"","ocean_post_title_background":0,"ocean_post_title_bg_image_position":"","ocean_post_title_bg_image_attachment":"","ocean_post_title_bg_image_repeat":"","ocean_post_title_bg_image_size":"","ocean_post_title_height":0,"ocean_post_title_bg_overlay":0.5,"ocean_post_title_bg_overlay_color":"","ocean_disable_breadcrumbs":"default","ocean_breadcrumbs_color":"","ocean_breadcrumbs_separator_color":"","ocean_breadcrumbs_links_color":"","ocean_breadcrumbs_links_hover_color":"","ocean_display_footer_widgets":"default","ocean_display_footer_bottom":"default","ocean_custom_footer_template":""},"product_brand":[],"product_cat":[94,128],"product_tag":[],"class_list":{"0":"post-32522","1":"product","2":"type-product","3":"status-publish","4":"has-post-thumbnail","6":"product_cat-nintendo-3ds","7":"product_cat-ultimas-entradas","9":"entry","10":"has-media","12":"first","13":"instock","14":"taxable","15":"shipping-taxable","16":"purchasable","17":"product-type-simple","18":"col","19":"span_1_of_3","20":"owp-content-center","21":"owp-thumbs-layout-horizontal","22":"owp-btn-normal","23":"owp-tabs-layout-horizontal","24":"has-no-thumbnails"},"aioseo_notices":[],"_links":{"self":[{"href":"https:\/\/kaotostore.com\/en\/wp-json\/wp\/v2\/product\/32522","targetHints":{"allow":["GET"]}}],"collection":[{"href":"https:\/\/kaotostore.com\/en\/wp-json\/wp\/v2\/product"}],"about":[{"href":"https:\/\/kaotostore.com\/en\/wp-json\/wp\/v2\/types\/product"}],"wp:featuredmedia":[{"embeddable":true,"href":"https:\/\/kaotostore.com\/en\/wp-json\/wp\/v2\/media\/22435"}],"wp:attachment":[{"href":"https:\/\/kaotostore.com\/en\/wp-json\/wp\/v2\/media?parent=32522"}],"wp:term":[{"taxonomy":"product_brand","embeddable":true,"href":"https:\/\/kaotostore.com\/en\/wp-json\/wp\/v2\/product_brand?post=32522"},{"taxonomy":"product_cat","embeddable":true,"href":"https:\/\/kaotostore.com\/en\/wp-json\/wp\/v2\/product_cat?post=32522"},{"taxonomy":"product_tag","embeddable":true,"href":"https:\/\/kaotostore.com\/en\/wp-json\/wp\/v2\/product_tag?post=32522"}],"curies":[{"name":"wp","href":"https:\/\/api.w.org\/{rel}","templated":true}]}}