{"id":32519,"date":"2026-03-24T11:29:03","date_gmt":"2026-03-24T10:29:03","guid":{"rendered":"https:\/\/kaotostore.com\/producto\/super-nintendo-legends\/"},"modified":"2026-04-09T11:32:54","modified_gmt":"2026-04-09T09:32:54","slug":"super-nintendo-legends","status":"publish","type":"product","link":"https:\/\/kaotostore.com\/en\/product\/super-nintendo-legends\/","title":{"rendered":"Super Nintendo Legends"},"content":{"rendered":"<p><strong>-Libro en castellano<br \/><\/strong><\/p>\n<div class=\"av_promobox av-k4mqomu3-f844351c262b0e2803e99596238a56bb avia-button-yes  avia-builder-el-21  el_after_av_hr  el_before_av_hr\">\n<div class=\"avia-promocontent\"><\/div>\n<div id=\"sinopsis\" class=\"flex_column av-10929yp-39728086eba55fa32d6b6c409307df31 av_one_full  avia-builder-el-12  el_before_av_one_third  avia-builder-el-first  first flex_column_div av-zero-column-padding\">\n<section class=\"av_textblock_section av-xwn0dt-491379d125863bea1e0cbf9d750b49b1\">\n<div class=\"avia_textblock\">\n<p>Han pasado a\u00f1os desde que desapareci\u00f3 de las estanter\u00edas, pero por fin vuelve el ic\u00f3nico <strong><em>Super <\/em><\/strong><strong><em>Nintendo Legends<\/em><\/strong> con una reedici\u00f3n largamente esperada.<\/p>\n<hr>\n<p>1992 fue uno de los a\u00f1os m\u00e1s importantes por dos grandes eventos, los inolvidables Juegos Ol\u00edmpicos de Barcelona y la Expo de Sevilla. Durante ese verano en el que nos visit\u00f3 el legendario Dream Team de la <strong>NBA<\/strong> o disfrutamos del \u00abAmigos para Siempre\u00bb de <strong>Los Manolos<\/strong>, apareci\u00f3 con poco ruido, pero con muchas nueces, <strong><em>Super Nintendo<\/em><\/strong>.<\/p>\n<p>De la mano de <strong>Erbe<\/strong>, lleg\u00f3 una de las consolas m\u00e1s ic\u00f3nicas y recordadas. Si bien <strong>Nintendo<\/strong> no tuvo un \u00e9xito arrollador en nuestro pa\u00eds con su <em>NES<\/em> de 8 bits, el \u00ab<strong>Cerebro de la Bestia<\/strong>\u00bb grab\u00f3 a fuego en nuestro coraz\u00f3n jug\u00f3n t\u00edtulos como <strong><em>Super Mario World<\/em><\/strong>, <strong><em>Street Fighter II: The World Warrior<\/em><\/strong>, <strong><em>The Legend of Zelda: A Link to the Past<\/em><\/strong>, <strong><em>Super Mario Kart<\/em><\/strong>, <strong><em>F-Zero<\/em><\/strong> o <strong><em>Donkey Kong Country<\/em><\/strong>. Todos ellos y muchos m\u00e1s son aut\u00e9nticas leyendas del videojuego a las que queremos rendir homenaje con <strong><em>Super Nintendo Legends<\/em><\/strong>, el libro que revive la historia de la S\u00faper 16 bits de <strong>Nintendo<\/strong>.<\/p>\n<p>Para dar forma a este volumen se ha necesitado la participaci\u00f3n de m\u00e1s de veinte reconocidos redactores que vivieron y fueron part\u00edcipes de aquella \u00e9poca desde sus inicios, haciendo de este un material \u00fanico, escrito y concebido desde su origen en castellano.<\/p>\n<p>En sus p\u00e1ginas se analizan al detalle 238 de los m\u00e1s legendarios juegos de <strong><em>Super Nintendo<\/em><\/strong>, as\u00ed como un detallado repaso a la historia de la consola, prototipos, los diversos modelos, chips de apoyo, perif\u00e9ricos, expansiones, packs, campa\u00f1as publicitarias, revistas de la \u00e9poca, y cientos de curiosidades. Todo ello acompa\u00f1ado de informaci\u00f3n in\u00e9dita sobre el desembarco de la consola en nuestro pa\u00eds, de la mano de <strong>Jes\u00fas Moreno<\/strong>, exjefe de marketing en <strong>Nintendo Ib\u00e9rica<\/strong>, que desgrana aquellos primeros pasos de la antigua <strong>Nintendo Espa\u00f1a<\/strong> y su particular guerra publicitaria contra <strong>Sega Espa\u00f1a<\/strong>.<\/p>\n<p>Por supuesto, este homenaje se extiende a las verdaderas leyendas de la consola, las de carne y hueso. Referentes como <strong>Shigeru Miyamoto<\/strong>, <strong>Masayuki Uemura<\/strong> y <strong>Koji Kondo<\/strong>, entre muchos otros, reciben aqu\u00ed su merecido reconocimiento. Entre ellos se encuentran <strong>Takashi Tokita<\/strong>, de <strong>Squaresoft<\/strong>, y <strong>Kouji Yokota<\/strong>, de <strong>Quintet<\/strong>, cuyas entrevistas son un foco de luz sobre el desarrollo de videojuegos para la m\u00e1quina en Jap\u00f3n.<\/p>\n<p>Revive la \u00e9poca dorada de la historia de los videojuegos en las p\u00e1ginas de <strong><em>Super Nintendo Legends<\/em><\/strong>.<\/p>\n<hr>\n<p><span class=\"av_font_icon av-2t0e4g-b832ebfe246613b9c9e6f867f260680f avia_animate_when_visible av-icon-style- avia-icon-pos-left avia-icon-animate avia_start_animation avia_start_delayed_animation\"><span class=\"av-icon-char\" aria-hidden=\"true\" data-av_icon=\"\ue81d\" data-av_iconfont=\"entypo-fontello\"><\/span><\/span><\/p>\n<p><span style=\"color: #a81010;\">\u00bfCambia algo respecto a la edici\u00f3n anterior?<\/span><\/p>\n<p>Es el mismo libro, pero completamente revisado y puesto al d\u00eda. Se han puesto al d\u00eda algunas fechas, se se\u00f1alan los juegos que han aparecido en plataformas actuales o han tenido alg\u00fan remake o remaster, se han modificado algunos datos que han cambiado en este tiempo\u2026 Adem\u00e1s, cuenta con dos nuevos redactores de excepci\u00f3n: <strong>Sonia Herranz<\/strong>, veterana profesional del sector con m\u00e1s de 30 a\u00f1os experiencia, y el conocido <em>YouTuber<\/em> y divulgador <strong>David Bosc\u00e1 \u00abCreativo en Jap\u00f3n\u00bb<\/strong>.<\/p>\n<\/div>\n<\/section>\n<\/div>\n<p>\n<\/div>","protected":false},"excerpt":{"rendered":"<p>-Libro en castellano Han pasado a\u00f1os desde que desapareci\u00f3 de las estanter\u00edas, pero por fin vuelve el ic\u00f3nico Super Nintendo Legends con una reedici\u00f3n largamente esperada. 1992 fue uno de los a\u00f1os m\u00e1s importantes por dos grandes eventos, los inolvidables Juegos Ol\u00edmpicos de Barcelona y la Expo de Sevilla. Durante ese verano en el que [&hellip;]<\/p>\n","protected":false},"featured_media":22430,"template":"","meta":{"ocean_post_layout":"","ocean_both_sidebars_style":"","ocean_both_sidebars_content_width":0,"ocean_both_sidebars_sidebars_width":0,"ocean_sidebar":"","ocean_second_sidebar":"","ocean_disable_margins":"enable","ocean_add_body_class":"","ocean_shortcode_before_top_bar":"","ocean_shortcode_after_top_bar":"","ocean_shortcode_before_header":"","ocean_shortcode_after_header":"","ocean_has_shortcode":"","ocean_shortcode_after_title":"","ocean_shortcode_before_footer_widgets":"","ocean_shortcode_after_footer_widgets":"","ocean_shortcode_before_footer_bottom":"","ocean_shortcode_after_footer_bottom":"","ocean_display_top_bar":"default","ocean_display_header":"default","ocean_header_style":"","ocean_center_header_left_menu":"","ocean_custom_header_template":"","ocean_custom_logo":0,"ocean_custom_retina_logo":0,"ocean_custom_logo_max_width":0,"ocean_custom_logo_tablet_max_width":0,"ocean_custom_logo_mobile_max_width":0,"ocean_custom_logo_max_height":0,"ocean_custom_logo_tablet_max_height":0,"ocean_custom_logo_mobile_max_height":0,"ocean_header_custom_menu":"","ocean_menu_typo_font_family":"","ocean_menu_typo_font_subset":"","ocean_menu_typo_font_size":0,"ocean_menu_typo_font_size_tablet":0,"ocean_menu_typo_font_size_mobile":0,"ocean_menu_typo_font_size_unit":"px","ocean_menu_typo_font_weight":"","ocean_menu_typo_font_weight_tablet":"","ocean_menu_typo_font_weight_mobile":"","ocean_menu_typo_transform":"","ocean_menu_typo_transform_tablet":"","ocean_menu_typo_transform_mobile":"","ocean_menu_typo_line_height":0,"ocean_menu_typo_line_height_tablet":0,"ocean_menu_typo_line_height_mobile":0,"ocean_menu_typo_line_height_unit":"","ocean_menu_typo_spacing":0,"ocean_menu_typo_spacing_tablet":0,"ocean_menu_typo_spacing_mobile":0,"ocean_menu_typo_spacing_unit":"","ocean_menu_link_color":"","ocean_menu_link_color_hover":"","ocean_menu_link_color_active":"","ocean_menu_link_background":"","ocean_menu_link_hover_background":"","ocean_menu_link_active_background":"","ocean_menu_social_links_bg":"","ocean_menu_social_hover_links_bg":"","ocean_menu_social_links_color":"","ocean_menu_social_hover_links_color":"","ocean_disable_title":"default","ocean_disable_heading":"default","ocean_post_title":"","ocean_post_subheading":"","ocean_post_title_style":"","ocean_post_title_background_color":"","ocean_post_title_background":0,"ocean_post_title_bg_image_position":"","ocean_post_title_bg_image_attachment":"","ocean_post_title_bg_image_repeat":"","ocean_post_title_bg_image_size":"","ocean_post_title_height":0,"ocean_post_title_bg_overlay":0.5,"ocean_post_title_bg_overlay_color":"","ocean_disable_breadcrumbs":"default","ocean_breadcrumbs_color":"","ocean_breadcrumbs_separator_color":"","ocean_breadcrumbs_links_color":"","ocean_breadcrumbs_links_hover_color":"","ocean_display_footer_widgets":"default","ocean_display_footer_bottom":"default","ocean_custom_footer_template":""},"product_brand":[],"product_cat":[71,98,128],"product_tag":[],"class_list":{"0":"post-32519","1":"product","2":"type-product","3":"status-publish","4":"has-post-thumbnail","6":"product_cat-artbooks-libros-de-divulgacion-comic-manga-guias","7":"product_cat-novedades","8":"product_cat-ultimas-entradas","10":"entry","11":"has-media","13":"first","14":"instock","15":"taxable","16":"shipping-taxable","17":"purchasable","18":"product-type-simple","19":"col","20":"span_1_of_3","21":"owp-content-center","22":"owp-thumbs-layout-horizontal","23":"owp-btn-normal","24":"owp-tabs-layout-horizontal"},"aioseo_notices":[],"_links":{"self":[{"href":"https:\/\/kaotostore.com\/en\/wp-json\/wp\/v2\/product\/32519","targetHints":{"allow":["GET"]}}],"collection":[{"href":"https:\/\/kaotostore.com\/en\/wp-json\/wp\/v2\/product"}],"about":[{"href":"https:\/\/kaotostore.com\/en\/wp-json\/wp\/v2\/types\/product"}],"wp:featuredmedia":[{"embeddable":true,"href":"https:\/\/kaotostore.com\/en\/wp-json\/wp\/v2\/media\/22430"}],"wp:attachment":[{"href":"https:\/\/kaotostore.com\/en\/wp-json\/wp\/v2\/media?parent=32519"}],"wp:term":[{"taxonomy":"product_brand","embeddable":true,"href":"https:\/\/kaotostore.com\/en\/wp-json\/wp\/v2\/product_brand?post=32519"},{"taxonomy":"product_cat","embeddable":true,"href":"https:\/\/kaotostore.com\/en\/wp-json\/wp\/v2\/product_cat?post=32519"},{"taxonomy":"product_tag","embeddable":true,"href":"https:\/\/kaotostore.com\/en\/wp-json\/wp\/v2\/product_tag?post=32519"}],"curies":[{"name":"wp","href":"https:\/\/api.w.org\/{rel}","templated":true}]}}