{"id":32500,"date":"2026-03-24T11:28:49","date_gmt":"2026-03-24T10:28:49","guid":{"rendered":"https:\/\/kaotostore.com\/producto\/super-meat-boy-forever-limited-run-games-switch-importacion-americana\/"},"modified":"2026-05-09T05:32:22","modified_gmt":"2026-05-09T03:32:22","slug":"super-meat-boy-forever-limited-run-games-switch-importacion-americana","status":"publish","type":"product","link":"https:\/\/kaotostore.com\/en\/product\/super-meat-boy-forever-limited-run-games-switch-importacion-americana\/","title":{"rendered":"Super Meat Boy Forever Limited Run Games SWITCH (Importaci\u00f3n americana)"},"content":{"rendered":"<div class=\"row row-content\">\n<div class=\"col-xs-12 content\">\n<p><strong><span style=\"color: rgb(255, 5, 5);\">Si desea im\u00e1genes adicionales del producto, puede solicitarlas desde el formulario de contacto o en el email kaototienda@gmail.com<\/span><\/p>\n<p>-Juego en castellano<\/p>\n<p><\/strong><\/p>\n<div class=\"row row-content\">\n<div class=\"col-xs-12 content\">\n<p>Super Meat Boy Forever tiene lugar unos a\u00f1os despu\u00e9s de los acontecimientos de Super Meat Boy. Meat Boy y Bandage Girl han vivido felices y libres del Dr. Fetus durante varios a\u00f1os y ahora tienen una ni\u00f1a preciosa llamada Nugget. Nugget es la alegr\u00eda personificada y lo significa todo para Meat Boy y Bandage Girl. Un d\u00eda, mientras nuestros h\u00e9roes estaban de p\u00edcnic, el Dr. Fetus se acerc\u00f3 sigilosamente, dej\u00f3 inconscientes a Meat Boy y Bandage Girl con una pala \u00a1y secuestr\u00f3 a Nugget! Cuando nuestros h\u00e9roes despertaron y vieron que Nugget hab\u00eda desaparecido, sab\u00edan a qui\u00e9n deb\u00edan buscar. Se crujieron los nudillos y decidieron que no parar\u00edan hasta recuperar a Nugget y darle al Dr. Fetus una important\u00edsima lecci\u00f3n. Una lecci\u00f3n que solo se puede ense\u00f1ar con pu\u00f1etazos y patadas.<\/p>\n<p>El reto de Super Meat Boy regresa en Super Meat Boy Forever. Los niveles son brutales, la muerte es inevitable y los jugadores tendr\u00e1n esa maravillosa sensaci\u00f3n de \u00e9xito al superar un nivel. Los jugadores tendr\u00e1n que correr, saltar, dar pu\u00f1etazos y patadas para abrirse paso por entornos conocidos y mundos totalmente nuevos.<\/p>\n<p>\u00bfHay algo mejor que jugar a Super Meat Boy Forever hasta llegar al final? La respuesta es sencilla: jugar a Super Meat Boy Forever varias veces y tener nuevos niveles cada vez que empieces de nuevo. Los niveles se generan de forma aleatoria, y cada vez que se completa el juego aparece la opci\u00f3n de volver a jugar desde el principio, generando una experiencia totalmente nueva al ofrecer niveles diferentes con sus propias ubicaciones secretas. Hemos dise\u00f1ado literalmente miles de niveles para que los jugadores los disfruten y los conquisten. Se puede jugar varias veces a Super Meat Boy Forever de principio a fin antes de ver un nivel repetido. Es una aut\u00e9ntica proeza de la ingenier\u00eda y un ejemplo monumental de pasar por alto los l\u00edmites de la racionalidad en el dise\u00f1o y la producci\u00f3n de un juego.<\/p>\n<\/div>\n<\/div>\n<p><strong><br \/><\/strong><\/p>\n<\/div>\n<\/div>\n<p><!----><\/p>","protected":false},"excerpt":{"rendered":"<p>Si desea im\u00e1genes adicionales del producto, puede solicitarlas desde el formulario de contacto o en el email kaototienda@gmail.com -Juego en castellano Super Meat Boy Forever tiene lugar unos a\u00f1os despu\u00e9s de los acontecimientos de Super Meat Boy. Meat Boy y Bandage Girl han vivido felices y libres del Dr. Fetus durante varios a\u00f1os y ahora [&hellip;]<\/p>\n","protected":false},"featured_media":22409,"template":"","meta":{"ocean_post_layout":"","ocean_both_sidebars_style":"","ocean_both_sidebars_content_width":0,"ocean_both_sidebars_sidebars_width":0,"ocean_sidebar":"","ocean_second_sidebar":"","ocean_disable_margins":"enable","ocean_add_body_class":"","ocean_shortcode_before_top_bar":"","ocean_shortcode_after_top_bar":"","ocean_shortcode_before_header":"","ocean_shortcode_after_header":"","ocean_has_shortcode":"","ocean_shortcode_after_title":"","ocean_shortcode_before_footer_widgets":"","ocean_shortcode_after_footer_widgets":"","ocean_shortcode_before_footer_bottom":"","ocean_shortcode_after_footer_bottom":"","ocean_display_top_bar":"default","ocean_display_header":"default","ocean_header_style":"","ocean_center_header_left_menu":"","ocean_custom_header_template":"","ocean_custom_logo":0,"ocean_custom_retina_logo":0,"ocean_custom_logo_max_width":0,"ocean_custom_logo_tablet_max_width":0,"ocean_custom_logo_mobile_max_width":0,"ocean_custom_logo_max_height":0,"ocean_custom_logo_tablet_max_height":0,"ocean_custom_logo_mobile_max_height":0,"ocean_header_custom_menu":"","ocean_menu_typo_font_family":"","ocean_menu_typo_font_subset":"","ocean_menu_typo_font_size":0,"ocean_menu_typo_font_size_tablet":0,"ocean_menu_typo_font_size_mobile":0,"ocean_menu_typo_font_size_unit":"px","ocean_menu_typo_font_weight":"","ocean_menu_typo_font_weight_tablet":"","ocean_menu_typo_font_weight_mobile":"","ocean_menu_typo_transform":"","ocean_menu_typo_transform_tablet":"","ocean_menu_typo_transform_mobile":"","ocean_menu_typo_line_height":0,"ocean_menu_typo_line_height_tablet":0,"ocean_menu_typo_line_height_mobile":0,"ocean_menu_typo_line_height_unit":"","ocean_menu_typo_spacing":0,"ocean_menu_typo_spacing_tablet":0,"ocean_menu_typo_spacing_mobile":0,"ocean_menu_typo_spacing_unit":"","ocean_menu_link_color":"","ocean_menu_link_color_hover":"","ocean_menu_link_color_active":"","ocean_menu_link_background":"","ocean_menu_link_hover_background":"","ocean_menu_link_active_background":"","ocean_menu_social_links_bg":"","ocean_menu_social_hover_links_bg":"","ocean_menu_social_links_color":"","ocean_menu_social_hover_links_color":"","ocean_disable_title":"default","ocean_disable_heading":"default","ocean_post_title":"","ocean_post_subheading":"","ocean_post_title_style":"","ocean_post_title_background_color":"","ocean_post_title_background":0,"ocean_post_title_bg_image_position":"","ocean_post_title_bg_image_attachment":"","ocean_post_title_bg_image_repeat":"","ocean_post_title_bg_image_size":"","ocean_post_title_height":0,"ocean_post_title_bg_overlay":0.5,"ocean_post_title_bg_overlay_color":"","ocean_disable_breadcrumbs":"default","ocean_breadcrumbs_color":"","ocean_breadcrumbs_separator_color":"","ocean_breadcrumbs_links_color":"","ocean_breadcrumbs_links_hover_color":"","ocean_display_footer_widgets":"default","ocean_display_footer_bottom":"default","ocean_custom_footer_template":""},"product_brand":[],"product_cat":[85,124,128],"product_tag":[],"class_list":{"0":"post-32500","1":"product","2":"type-product","3":"status-publish","4":"has-post-thumbnail","6":"product_cat-importacion","7":"product_cat-switch","8":"product_cat-ultimas-entradas","10":"entry","11":"has-media","13":"first","14":"instock","15":"taxable","16":"shipping-taxable","17":"purchasable","18":"product-type-simple","19":"col","20":"span_1_of_3","21":"owp-content-center","22":"owp-thumbs-layout-horizontal","23":"owp-btn-normal","24":"owp-tabs-layout-horizontal","25":"has-no-thumbnails"},"aioseo_notices":[],"_links":{"self":[{"href":"https:\/\/kaotostore.com\/en\/wp-json\/wp\/v2\/product\/32500","targetHints":{"allow":["GET"]}}],"collection":[{"href":"https:\/\/kaotostore.com\/en\/wp-json\/wp\/v2\/product"}],"about":[{"href":"https:\/\/kaotostore.com\/en\/wp-json\/wp\/v2\/types\/product"}],"wp:featuredmedia":[{"embeddable":true,"href":"https:\/\/kaotostore.com\/en\/wp-json\/wp\/v2\/media\/22409"}],"wp:attachment":[{"href":"https:\/\/kaotostore.com\/en\/wp-json\/wp\/v2\/media?parent=32500"}],"wp:term":[{"taxonomy":"product_brand","embeddable":true,"href":"https:\/\/kaotostore.com\/en\/wp-json\/wp\/v2\/product_brand?post=32500"},{"taxonomy":"product_cat","embeddable":true,"href":"https:\/\/kaotostore.com\/en\/wp-json\/wp\/v2\/product_cat?post=32500"},{"taxonomy":"product_tag","embeddable":true,"href":"https:\/\/kaotostore.com\/en\/wp-json\/wp\/v2\/product_tag?post=32500"}],"curies":[{"name":"wp","href":"https:\/\/api.w.org\/{rel}","templated":true}]}}