{"id":32490,"date":"2026-03-24T11:28:41","date_gmt":"2026-03-24T10:28:41","guid":{"rendered":"https:\/\/kaotostore.com\/producto\/super-mario-rpg-switch\/"},"modified":"2026-04-09T12:14:49","modified_gmt":"2026-04-09T10:14:49","slug":"super-mario-rpg-switch","status":"publish","type":"product","link":"https:\/\/kaotostore.com\/en\/product\/super-mario-rpg-switch\/","title":{"rendered":"Super Mario RPG SWITCH"},"content":{"rendered":"<p>\u00a1Los deseos se hacen realidad en Super Mario RPG para Nintendo Switch! A\u00fana fuerzas con un estramb\u00f3tico grupo de h\u00e9roes para salvar la V\u00eda Estelar y pararles los pies a los gamberros de la Banda de Fraguo. \u00a1Este juego de rol cuenta con secuencias cinem\u00e1ticas y gr\u00e1ficos renovados que le dan mucho m\u00e1s encanto a la inesperada alianza entre Mario, Bowser, Peach y los personajes originales Mallow y Geno! Viaja a un mundo repleto de aliados exc\u00e9ntricos y enemigos a\u00fan m\u00e1s fuera de lo com\u00fan en este t\u00edtulo de rol para todo tipo de jugadores. \u00a1Da saltos a lo largo de un mundo lleno de color y ataca con mucho estilo durante los combates! Explora los exuberantes entornos con tu equipo y corre a por el siguiente objetivo. Ch\u00f3cate con los monstruos para iniciar combates por turnos, en los que participar\u00e1s con tu equipo formado por tres integrantes. Adem\u00e1s, si pulsas el bot\u00f3n en el momento adecuado, atacar\u00e1s con mucho m\u00e1s vigor e incluso podr\u00e1s bloquear una arremetida.<\/p>","protected":false},"excerpt":{"rendered":"<p>\u00a1Los deseos se hacen realidad en Super Mario RPG para Nintendo Switch! A\u00fana fuerzas con un estramb\u00f3tico grupo de h\u00e9roes para salvar la V\u00eda Estelar y pararles los pies a los gamberros de la Banda de Fraguo. \u00a1Este juego de rol cuenta con secuencias cinem\u00e1ticas y gr\u00e1ficos renovados que le dan mucho m\u00e1s encanto a [&hellip;]<\/p>\n","protected":false},"featured_media":22395,"template":"","meta":{"ocean_post_layout":"","ocean_both_sidebars_style":"","ocean_both_sidebars_content_width":0,"ocean_both_sidebars_sidebars_width":0,"ocean_sidebar":"","ocean_second_sidebar":"","ocean_disable_margins":"enable","ocean_add_body_class":"","ocean_shortcode_before_top_bar":"","ocean_shortcode_after_top_bar":"","ocean_shortcode_before_header":"","ocean_shortcode_after_header":"","ocean_has_shortcode":"","ocean_shortcode_after_title":"","ocean_shortcode_before_footer_widgets":"","ocean_shortcode_after_footer_widgets":"","ocean_shortcode_before_footer_bottom":"","ocean_shortcode_after_footer_bottom":"","ocean_display_top_bar":"default","ocean_display_header":"default","ocean_header_style":"","ocean_center_header_left_menu":"","ocean_custom_header_template":"","ocean_custom_logo":0,"ocean_custom_retina_logo":0,"ocean_custom_logo_max_width":0,"ocean_custom_logo_tablet_max_width":0,"ocean_custom_logo_mobile_max_width":0,"ocean_custom_logo_max_height":0,"ocean_custom_logo_tablet_max_height":0,"ocean_custom_logo_mobile_max_height":0,"ocean_header_custom_menu":"","ocean_menu_typo_font_family":"","ocean_menu_typo_font_subset":"","ocean_menu_typo_font_size":0,"ocean_menu_typo_font_size_tablet":0,"ocean_menu_typo_font_size_mobile":0,"ocean_menu_typo_font_size_unit":"px","ocean_menu_typo_font_weight":"","ocean_menu_typo_font_weight_tablet":"","ocean_menu_typo_font_weight_mobile":"","ocean_menu_typo_transform":"","ocean_menu_typo_transform_tablet":"","ocean_menu_typo_transform_mobile":"","ocean_menu_typo_line_height":0,"ocean_menu_typo_line_height_tablet":0,"ocean_menu_typo_line_height_mobile":0,"ocean_menu_typo_line_height_unit":"","ocean_menu_typo_spacing":0,"ocean_menu_typo_spacing_tablet":0,"ocean_menu_typo_spacing_mobile":0,"ocean_menu_typo_spacing_unit":"","ocean_menu_link_color":"","ocean_menu_link_color_hover":"","ocean_menu_link_color_active":"","ocean_menu_link_background":"","ocean_menu_link_hover_background":"","ocean_menu_link_active_background":"","ocean_menu_social_links_bg":"","ocean_menu_social_hover_links_bg":"","ocean_menu_social_links_color":"","ocean_menu_social_hover_links_color":"","ocean_disable_title":"default","ocean_disable_heading":"default","ocean_post_title":"","ocean_post_subheading":"","ocean_post_title_style":"","ocean_post_title_background_color":"","ocean_post_title_background":0,"ocean_post_title_bg_image_position":"","ocean_post_title_bg_image_attachment":"","ocean_post_title_bg_image_repeat":"","ocean_post_title_bg_image_size":"","ocean_post_title_height":0,"ocean_post_title_bg_overlay":0.5,"ocean_post_title_bg_overlay_color":"","ocean_disable_breadcrumbs":"default","ocean_breadcrumbs_color":"","ocean_breadcrumbs_separator_color":"","ocean_breadcrumbs_links_color":"","ocean_breadcrumbs_links_hover_color":"","ocean_display_footer_widgets":"default","ocean_display_footer_bottom":"default","ocean_custom_footer_template":""},"product_brand":[],"product_cat":[124,128],"product_tag":[],"class_list":{"0":"post-32490","1":"product","2":"type-product","3":"status-publish","4":"has-post-thumbnail","6":"product_cat-switch","7":"product_cat-ultimas-entradas","9":"entry","10":"has-media","12":"first","13":"instock","14":"taxable","15":"shipping-taxable","16":"purchasable","17":"product-type-simple","18":"col","19":"span_1_of_3","20":"owp-content-center","21":"owp-thumbs-layout-horizontal","22":"owp-btn-normal","23":"owp-tabs-layout-horizontal","24":"has-no-thumbnails"},"aioseo_notices":[],"_links":{"self":[{"href":"https:\/\/kaotostore.com\/en\/wp-json\/wp\/v2\/product\/32490","targetHints":{"allow":["GET"]}}],"collection":[{"href":"https:\/\/kaotostore.com\/en\/wp-json\/wp\/v2\/product"}],"about":[{"href":"https:\/\/kaotostore.com\/en\/wp-json\/wp\/v2\/types\/product"}],"wp:featuredmedia":[{"embeddable":true,"href":"https:\/\/kaotostore.com\/en\/wp-json\/wp\/v2\/media\/22395"}],"wp:attachment":[{"href":"https:\/\/kaotostore.com\/en\/wp-json\/wp\/v2\/media?parent=32490"}],"wp:term":[{"taxonomy":"product_brand","embeddable":true,"href":"https:\/\/kaotostore.com\/en\/wp-json\/wp\/v2\/product_brand?post=32490"},{"taxonomy":"product_cat","embeddable":true,"href":"https:\/\/kaotostore.com\/en\/wp-json\/wp\/v2\/product_cat?post=32490"},{"taxonomy":"product_tag","embeddable":true,"href":"https:\/\/kaotostore.com\/en\/wp-json\/wp\/v2\/product_tag?post=32490"}],"curies":[{"name":"wp","href":"https:\/\/api.w.org\/{rel}","templated":true}]}}