{"id":32475,"date":"2026-03-24T11:28:27","date_gmt":"2026-03-24T10:28:27","guid":{"rendered":"https:\/\/kaotostore.com\/producto\/super-mario-maker-nintendo-3ds\/"},"modified":"2026-04-09T15:34:47","modified_gmt":"2026-04-09T13:34:47","slug":"super-mario-maker-nintendo-3ds","status":"publish","type":"product","link":"https:\/\/kaotostore.com\/en\/product\/super-mario-maker-nintendo-3ds\/","title":{"rendered":"Super Mario Maker NINTENDO 3DS"},"content":{"rendered":"<div>\n<p><span><span class=\"a-list-item\"><strong><span style=\"color: rgb(255, 5, 5);\">Si desea im\u00e1genes adicionales del producto, puede solicitarlas desde el formulario de contacto o en el email kaototienda@gmail.com<\/span><\/strong><\/span><\/span><\/p>\n<p>\u00a0<\/p>\n<div>\n<h4>Juega en cualquier momento y en cualquier lugar<\/h4>\n<p>Crea los niveles de Mario de tus sue\u00f1os y ll\u00e9nalos de momentos sorprendentes con los que podr\u00e1s divertirte una y otra vez est\u00e9s donde est\u00e9s. Intenta superar los 100 niveles dise\u00f1ados por Nintendo en Desaf\u00edo Super Mario o con\u00e9ctate a internet para jugar los niveles recomendados y el Desaf\u00edo 100 Marios en los niveles mundiales.<\/p>\n<h4>Desaf\u00edo Super Mario<\/h4>\n<p>Con el Desaf\u00edo Super Mario puedes jugar en cualquier momento y en cualquier lugar. Al alcanzar objetivos recibir\u00e1s medallas para celebrar tu \u00e9xito y podr\u00e1s desbloquear a\u00fan m\u00e1s elementos para usar en tus propios niveles.<\/p>\n<h4>\u00a1Nuevos niveles cada vez que juegues!<\/h4>\n<p>\u00a1Tienes 100 oportunidades de rescatar a la princesa Peach! Corre y salta por niveles especialmente seleccionados, dise\u00f1ados por jugadores de la versi\u00f3n de <strong><em>Super Mario Maker<\/em><\/strong>, que cambian cada vez que juegas.<\/p>\n<h4>Niveles recomendado<\/h4>\n<p>\u00bfBuscas un nivel divertido e interesante para jugar? Pues entra en los niveles recomendados, donde encontrar\u00e1s una selecci\u00f3n de los niveles m\u00e1s populares creados por los jugadores de la versi\u00f3n de <strong><em>Super Mario Maker<\/em><\/strong>.<\/p>\n<h4>\u00a1Convierte en realidad los niveles de tus sue\u00f1os!<\/h4>\n<p>Crea tu propio nivel de Mario es tan f\u00e1cil como garabatear en un papel. Combina elementos que conoces bien de maneras sorprendentes para crear niveles de Mario \u00fanicos.<\/p>\n<p>\u00a1Incluso podr\u00e1s colaborar y compartir niveles con tus amigos!<\/p>\n<h4>Combinaci\u00f3n de elementos<\/h4>\n<p>\u00a1Haz posible lo imposible! Puedes crear niveles con el cl\u00e1sico estilo Mario o combinar elementos nunca antes vistos juntos. \u00a1Con tantas ideas para jugar, nunca te quedar\u00e1s sin recursos! Muchos de los elementos de los niveles est\u00e1n disponibles desde el principio y m\u00e1s podr\u00e1n desbloquearse jugando al Desaf\u00edo Super Mario.<\/p>\n<h4>Preparar el escenario<\/h4>\n<p>\u00a1Puedes ambientar tu creaci\u00f3n en diferentes localizaciones, como un castillo, una fortaleza a\u00e9rea o una casa encantada!<\/p>\n<\/div>\n<\/div>","protected":false},"excerpt":{"rendered":"<p>Si desea im\u00e1genes adicionales del producto, puede solicitarlas desde el formulario de contacto o en el email kaototienda@gmail.com \u00a0 Juega en cualquier momento y en cualquier lugar Crea los niveles de Mario de tus sue\u00f1os y ll\u00e9nalos de momentos sorprendentes con los que podr\u00e1s divertirte una y otra vez est\u00e9s donde est\u00e9s. Intenta superar los [&hellip;]<\/p>\n","protected":false},"featured_media":22371,"template":"","meta":{"ocean_post_layout":"","ocean_both_sidebars_style":"","ocean_both_sidebars_content_width":0,"ocean_both_sidebars_sidebars_width":0,"ocean_sidebar":"","ocean_second_sidebar":"","ocean_disable_margins":"enable","ocean_add_body_class":"","ocean_shortcode_before_top_bar":"","ocean_shortcode_after_top_bar":"","ocean_shortcode_before_header":"","ocean_shortcode_after_header":"","ocean_has_shortcode":"","ocean_shortcode_after_title":"","ocean_shortcode_before_footer_widgets":"","ocean_shortcode_after_footer_widgets":"","ocean_shortcode_before_footer_bottom":"","ocean_shortcode_after_footer_bottom":"","ocean_display_top_bar":"default","ocean_display_header":"default","ocean_header_style":"","ocean_center_header_left_menu":"","ocean_custom_header_template":"","ocean_custom_logo":0,"ocean_custom_retina_logo":0,"ocean_custom_logo_max_width":0,"ocean_custom_logo_tablet_max_width":0,"ocean_custom_logo_mobile_max_width":0,"ocean_custom_logo_max_height":0,"ocean_custom_logo_tablet_max_height":0,"ocean_custom_logo_mobile_max_height":0,"ocean_header_custom_menu":"","ocean_menu_typo_font_family":"","ocean_menu_typo_font_subset":"","ocean_menu_typo_font_size":0,"ocean_menu_typo_font_size_tablet":0,"ocean_menu_typo_font_size_mobile":0,"ocean_menu_typo_font_size_unit":"px","ocean_menu_typo_font_weight":"","ocean_menu_typo_font_weight_tablet":"","ocean_menu_typo_font_weight_mobile":"","ocean_menu_typo_transform":"","ocean_menu_typo_transform_tablet":"","ocean_menu_typo_transform_mobile":"","ocean_menu_typo_line_height":0,"ocean_menu_typo_line_height_tablet":0,"ocean_menu_typo_line_height_mobile":0,"ocean_menu_typo_line_height_unit":"","ocean_menu_typo_spacing":0,"ocean_menu_typo_spacing_tablet":0,"ocean_menu_typo_spacing_mobile":0,"ocean_menu_typo_spacing_unit":"","ocean_menu_link_color":"","ocean_menu_link_color_hover":"","ocean_menu_link_color_active":"","ocean_menu_link_background":"","ocean_menu_link_hover_background":"","ocean_menu_link_active_background":"","ocean_menu_social_links_bg":"","ocean_menu_social_hover_links_bg":"","ocean_menu_social_links_color":"","ocean_menu_social_hover_links_color":"","ocean_disable_title":"default","ocean_disable_heading":"default","ocean_post_title":"","ocean_post_subheading":"","ocean_post_title_style":"","ocean_post_title_background_color":"","ocean_post_title_background":0,"ocean_post_title_bg_image_position":"","ocean_post_title_bg_image_attachment":"","ocean_post_title_bg_image_repeat":"","ocean_post_title_bg_image_size":"","ocean_post_title_height":0,"ocean_post_title_bg_overlay":0.5,"ocean_post_title_bg_overlay_color":"","ocean_disable_breadcrumbs":"default","ocean_breadcrumbs_color":"","ocean_breadcrumbs_separator_color":"","ocean_breadcrumbs_links_color":"","ocean_breadcrumbs_links_hover_color":"","ocean_display_footer_widgets":"default","ocean_display_footer_bottom":"default","ocean_custom_footer_template":""},"product_brand":[],"product_cat":[94,128],"product_tag":[],"class_list":{"0":"post-32475","1":"product","2":"type-product","3":"status-publish","4":"has-post-thumbnail","6":"product_cat-nintendo-3ds","7":"product_cat-ultimas-entradas","9":"entry","10":"has-media","12":"first","13":"outofstock","14":"taxable","15":"shipping-taxable","16":"purchasable","17":"product-type-simple","18":"col","19":"span_1_of_3","20":"owp-content-center","21":"owp-thumbs-layout-horizontal","22":"owp-btn-normal","23":"owp-tabs-layout-horizontal","24":"has-no-thumbnails"},"aioseo_notices":[],"_links":{"self":[{"href":"https:\/\/kaotostore.com\/en\/wp-json\/wp\/v2\/product\/32475","targetHints":{"allow":["GET"]}}],"collection":[{"href":"https:\/\/kaotostore.com\/en\/wp-json\/wp\/v2\/product"}],"about":[{"href":"https:\/\/kaotostore.com\/en\/wp-json\/wp\/v2\/types\/product"}],"wp:featuredmedia":[{"embeddable":true,"href":"https:\/\/kaotostore.com\/en\/wp-json\/wp\/v2\/media\/22371"}],"wp:attachment":[{"href":"https:\/\/kaotostore.com\/en\/wp-json\/wp\/v2\/media?parent=32475"}],"wp:term":[{"taxonomy":"product_brand","embeddable":true,"href":"https:\/\/kaotostore.com\/en\/wp-json\/wp\/v2\/product_brand?post=32475"},{"taxonomy":"product_cat","embeddable":true,"href":"https:\/\/kaotostore.com\/en\/wp-json\/wp\/v2\/product_cat?post=32475"},{"taxonomy":"product_tag","embeddable":true,"href":"https:\/\/kaotostore.com\/en\/wp-json\/wp\/v2\/product_tag?post=32475"}],"curies":[{"name":"wp","href":"https:\/\/api.w.org\/{rel}","templated":true}]}}