{"id":32199,"date":"2026-03-24T11:24:19","date_gmt":"2026-03-24T10:24:19","guid":{"rendered":"https:\/\/kaotostore.com\/producto\/steamworld-collection-wiiu\/"},"modified":"2026-05-07T17:12:59","modified_gmt":"2026-05-07T15:12:59","slug":"steamworld-collection-wiiu","status":"publish","type":"product","link":"https:\/\/kaotostore.com\/en\/product\/steamworld-collection-wiiu\/","title":{"rendered":"SteamWorld Collection WIIU"},"content":{"rendered":"<p><strong><span style=\"color: #ff0505;\">Si desea im\u00e1genes adicionales del producto, puede solicitarlas desde el formulario de contacto o en el email kaototienda@gmail.com<\/span><\/strong><\/p>\n<p>SteamWorld Collection unir\u00e1 por primera vez en un mismo paquete los juegos SteamWorld Dig y SteamWorld Heist y, por primera vez, en versi\u00f3n disco. SteamWorld Dig pone al jugador en el papel de Rusty, un solitario robot minero que llega a un antiguo pueblo minero en dificultades. Excava a trav\u00e9s de la tierra y consigue riquezas mientras descubres la milenaria amenaza que se esconde en las profundidades&#8230;<br \/>\nEn SteamWorld Heist, liderar\u00e1s un equipo de steambots mientras exploran los lugares m\u00e1s rec\u00f3nditos del espacio exterior en b\u00fasqueda de las menguantes fuentes de agua de la galaxia. Tus aventuras te llevar\u00e1n a bordo de muchas naves enemigas dispuestas a todo para defender su bot\u00edn, as\u00ed que necesitar\u00e1s pensar t\u00e1cticamente para sobrevivir a los tensos combates por turnos en tiroteos de desplazamiento lateral. Se trata de un juego de estrategia por turnos, con un giro de acci\u00f3n: podr\u00e1s dirigir y apuntar directamente con las armas de tus robots. Desplaza a tu equipo por los mapas, busca refugio tras barriles y apunta bien antes de disparar. Podr\u00e1s incluso hacer rebotar las balas en los muros para conseguir complejos disparos. Arma a tu equipo con una serie de armas alucinantes y mejora su equipamiento con nuevas armaduras, pu\u00f1os neum\u00e1ticos o incluso nuevos sombreros que un d\u00eda pertenecieron al \u00faltimo insensato que decidi\u00f3 enfrentarse a la tripulaci\u00f3n de Captain Piper.SteamWorld Collection tambi\u00e9n incluir\u00e1 el contenido adicional de SteamWorld Heist \u201cThe Outsider\u201d, que incorpora un nuevo aliado cuyo pasado est\u00e1 rodeado de misterio, as\u00ed como nuevas misiones con armas, equipamiento y sombreros nunca vistos. SteamWorld Collection tambi\u00e9n incluir\u00e1 el contenido adicional de SteamWorld Heist \u201cThe Outsider\u201d, que incorpora un nuevo aliado cuyo pasado est\u00e1 rodeado de misterio, as\u00ed como nuevas misiones con armas, equipamiento y sombreros nunca vistos.<\/p>\n<p>&nbsp;<\/p>","protected":false},"excerpt":{"rendered":"<p>Si desea im\u00e1genes adicionales del producto, puede solicitarlas desde el formulario de contacto o en el email kaototienda@gmail.com SteamWorld Collection unir\u00e1 por primera vez en un mismo paquete los juegos SteamWorld Dig y SteamWorld Heist y, por primera vez, en versi\u00f3n disco. SteamWorld Dig pone al jugador en el papel de Rusty, un solitario robot [&hellip;]<\/p>\n","protected":false},"featured_media":22002,"template":"","meta":{"ocean_post_layout":"","ocean_both_sidebars_style":"","ocean_both_sidebars_content_width":0,"ocean_both_sidebars_sidebars_width":0,"ocean_sidebar":"0","ocean_second_sidebar":"0","ocean_disable_margins":"enable","ocean_add_body_class":"","ocean_shortcode_before_top_bar":"","ocean_shortcode_after_top_bar":"","ocean_shortcode_before_header":"","ocean_shortcode_after_header":"","ocean_has_shortcode":"","ocean_shortcode_after_title":"","ocean_shortcode_before_footer_widgets":"","ocean_shortcode_after_footer_widgets":"","ocean_shortcode_before_footer_bottom":"","ocean_shortcode_after_footer_bottom":"","ocean_display_top_bar":"default","ocean_display_header":"default","ocean_header_style":"","ocean_center_header_left_menu":"0","ocean_custom_header_template":"0","ocean_custom_logo":0,"ocean_custom_retina_logo":0,"ocean_custom_logo_max_width":0,"ocean_custom_logo_tablet_max_width":0,"ocean_custom_logo_mobile_max_width":0,"ocean_custom_logo_max_height":0,"ocean_custom_logo_tablet_max_height":0,"ocean_custom_logo_mobile_max_height":0,"ocean_header_custom_menu":"0","ocean_menu_typo_font_family":"0","ocean_menu_typo_font_subset":"","ocean_menu_typo_font_size":0,"ocean_menu_typo_font_size_tablet":0,"ocean_menu_typo_font_size_mobile":0,"ocean_menu_typo_font_size_unit":"px","ocean_menu_typo_font_weight":"","ocean_menu_typo_font_weight_tablet":"","ocean_menu_typo_font_weight_mobile":"","ocean_menu_typo_transform":"","ocean_menu_typo_transform_tablet":"","ocean_menu_typo_transform_mobile":"","ocean_menu_typo_line_height":0,"ocean_menu_typo_line_height_tablet":0,"ocean_menu_typo_line_height_mobile":0,"ocean_menu_typo_line_height_unit":"","ocean_menu_typo_spacing":0,"ocean_menu_typo_spacing_tablet":0,"ocean_menu_typo_spacing_mobile":0,"ocean_menu_typo_spacing_unit":"","ocean_menu_link_color":"","ocean_menu_link_color_hover":"","ocean_menu_link_color_active":"","ocean_menu_link_background":"","ocean_menu_link_hover_background":"","ocean_menu_link_active_background":"","ocean_menu_social_links_bg":"","ocean_menu_social_hover_links_bg":"","ocean_menu_social_links_color":"","ocean_menu_social_hover_links_color":"","ocean_disable_title":"default","ocean_disable_heading":"default","ocean_post_title":"","ocean_post_subheading":"","ocean_post_title_style":"","ocean_post_title_background_color":"","ocean_post_title_background":0,"ocean_post_title_bg_image_position":"","ocean_post_title_bg_image_attachment":"","ocean_post_title_bg_image_repeat":"","ocean_post_title_bg_image_size":"","ocean_post_title_height":0,"ocean_post_title_bg_overlay":0.5,"ocean_post_title_bg_overlay_color":"","ocean_disable_breadcrumbs":"default","ocean_breadcrumbs_color":"","ocean_breadcrumbs_separator_color":"","ocean_breadcrumbs_links_color":"","ocean_breadcrumbs_links_hover_color":"","ocean_display_footer_widgets":"default","ocean_display_footer_bottom":"default","ocean_custom_footer_template":"0"},"product_brand":[],"product_cat":[128,133],"product_tag":[],"class_list":{"0":"post-32199","1":"product","2":"type-product","3":"status-publish","4":"has-post-thumbnail","6":"product_cat-ultimas-entradas","7":"product_cat-wiiu","9":"entry","10":"has-media","12":"first","13":"instock","14":"taxable","15":"shipping-taxable","16":"purchasable","17":"product-type-simple","18":"col","19":"span_1_of_3","20":"owp-content-center","21":"owp-thumbs-layout-horizontal","22":"owp-btn-normal","23":"owp-tabs-layout-horizontal","24":"has-no-thumbnails"},"aioseo_notices":[],"_links":{"self":[{"href":"https:\/\/kaotostore.com\/en\/wp-json\/wp\/v2\/product\/32199","targetHints":{"allow":["GET"]}}],"collection":[{"href":"https:\/\/kaotostore.com\/en\/wp-json\/wp\/v2\/product"}],"about":[{"href":"https:\/\/kaotostore.com\/en\/wp-json\/wp\/v2\/types\/product"}],"wp:featuredmedia":[{"embeddable":true,"href":"https:\/\/kaotostore.com\/en\/wp-json\/wp\/v2\/media\/22002"}],"wp:attachment":[{"href":"https:\/\/kaotostore.com\/en\/wp-json\/wp\/v2\/media?parent=32199"}],"wp:term":[{"taxonomy":"product_brand","embeddable":true,"href":"https:\/\/kaotostore.com\/en\/wp-json\/wp\/v2\/product_brand?post=32199"},{"taxonomy":"product_cat","embeddable":true,"href":"https:\/\/kaotostore.com\/en\/wp-json\/wp\/v2\/product_cat?post=32199"},{"taxonomy":"product_tag","embeddable":true,"href":"https:\/\/kaotostore.com\/en\/wp-json\/wp\/v2\/product_tag?post=32199"}],"curies":[{"name":"wp","href":"https:\/\/api.w.org\/{rel}","templated":true}]}}