{"id":32178,"date":"2026-03-24T11:23:56","date_gmt":"2026-03-24T10:23:56","guid":{"rendered":"https:\/\/kaotostore.com\/producto\/star-wars-squadrons-playstation-4\/"},"modified":"2026-04-09T11:33:27","modified_gmt":"2026-04-09T09:33:27","slug":"star-wars-squadrons-playstation-4","status":"publish","type":"product","link":"https:\/\/kaotostore.com\/en\/product\/star-wars-squadrons-playstation-4\/","title":{"rendered":"Star Wars Squadrons PLAYSTATION 4"},"content":{"rendered":"<p>Domina el arte de combatir en Cazas Estelares en la aut\u00e9ntica experiencia de pilotaje de STAR WARS: Squadrons. Abr\u00f3chate el cintur\u00f3n y siente la adrenalina de los combates espaciales multijugador en primera persona junto a tu escuadr\u00f3n. Los pilotos que se unan entrar\u00e1n en las cabinas de los Cazas Estelares de la \u00f3ptima Rep\u00fablica y de las flotas imperiales y luchar\u00e1n en batallas espaciales estrat\u00e9gicas de 5 contra 5. Modifica tu Caza Estelar y ajusta la composici\u00f3n de tu escuadr\u00f3n para que se adapte a varios estilos de juego y aplaste a la oposici\u00f3n. Los pilotos triunfar\u00e1n en equipo y completar\u00e1n objetivos t\u00e1cticos en campos de batalla conocidos y en otros nunca antes vistos, incluidos el gigante gaseoso Yavin Prime y la destrozada luna de Galitan. Toma el control de Cazas Estelares como el X-wing o el Caza TIE. Personaliza los equipamientos y las mejoras est\u00e9ticas y dirige la potencia a las armas, los escudos y los motores mientras te adentras en la cabina. Descubre lo que significa ser piloto en una emocionante historia para un solo jugador de STAR WARS despu\u00e9s de los eventos de El regreso del Jedi. Desde una perspectiva alternada entre dos facciones, l\u00edderes emblem\u00e1ticos de ambos bandos luchan por la galaxia. La \u00f3ptima Rep\u00fablica lucha por la libertad. El Imperio exige orden. Necesitamos que te unas a lo de la galaxia.<\/p>","protected":false},"excerpt":{"rendered":"<p>Domina el arte de combatir en Cazas Estelares en la aut\u00e9ntica experiencia de pilotaje de STAR WARS: Squadrons. Abr\u00f3chate el cintur\u00f3n y siente la adrenalina de los combates espaciales multijugador en primera persona junto a tu escuadr\u00f3n. Los pilotos que se unan entrar\u00e1n en las cabinas de los Cazas Estelares de la \u00f3ptima Rep\u00fablica y [&hellip;]<\/p>\n","protected":false},"featured_media":21968,"template":"","meta":{"ocean_post_layout":"","ocean_both_sidebars_style":"","ocean_both_sidebars_content_width":0,"ocean_both_sidebars_sidebars_width":0,"ocean_sidebar":"","ocean_second_sidebar":"","ocean_disable_margins":"enable","ocean_add_body_class":"","ocean_shortcode_before_top_bar":"","ocean_shortcode_after_top_bar":"","ocean_shortcode_before_header":"","ocean_shortcode_after_header":"","ocean_has_shortcode":"","ocean_shortcode_after_title":"","ocean_shortcode_before_footer_widgets":"","ocean_shortcode_after_footer_widgets":"","ocean_shortcode_before_footer_bottom":"","ocean_shortcode_after_footer_bottom":"","ocean_display_top_bar":"default","ocean_display_header":"default","ocean_header_style":"","ocean_center_header_left_menu":"","ocean_custom_header_template":"","ocean_custom_logo":0,"ocean_custom_retina_logo":0,"ocean_custom_logo_max_width":0,"ocean_custom_logo_tablet_max_width":0,"ocean_custom_logo_mobile_max_width":0,"ocean_custom_logo_max_height":0,"ocean_custom_logo_tablet_max_height":0,"ocean_custom_logo_mobile_max_height":0,"ocean_header_custom_menu":"","ocean_menu_typo_font_family":"","ocean_menu_typo_font_subset":"","ocean_menu_typo_font_size":0,"ocean_menu_typo_font_size_tablet":0,"ocean_menu_typo_font_size_mobile":0,"ocean_menu_typo_font_size_unit":"px","ocean_menu_typo_font_weight":"","ocean_menu_typo_font_weight_tablet":"","ocean_menu_typo_font_weight_mobile":"","ocean_menu_typo_transform":"","ocean_menu_typo_transform_tablet":"","ocean_menu_typo_transform_mobile":"","ocean_menu_typo_line_height":0,"ocean_menu_typo_line_height_tablet":0,"ocean_menu_typo_line_height_mobile":0,"ocean_menu_typo_line_height_unit":"","ocean_menu_typo_spacing":0,"ocean_menu_typo_spacing_tablet":0,"ocean_menu_typo_spacing_mobile":0,"ocean_menu_typo_spacing_unit":"","ocean_menu_link_color":"","ocean_menu_link_color_hover":"","ocean_menu_link_color_active":"","ocean_menu_link_background":"","ocean_menu_link_hover_background":"","ocean_menu_link_active_background":"","ocean_menu_social_links_bg":"","ocean_menu_social_hover_links_bg":"","ocean_menu_social_links_color":"","ocean_menu_social_hover_links_color":"","ocean_disable_title":"default","ocean_disable_heading":"default","ocean_post_title":"","ocean_post_subheading":"","ocean_post_title_style":"","ocean_post_title_background_color":"","ocean_post_title_background":0,"ocean_post_title_bg_image_position":"","ocean_post_title_bg_image_attachment":"","ocean_post_title_bg_image_repeat":"","ocean_post_title_bg_image_size":"","ocean_post_title_height":0,"ocean_post_title_bg_overlay":0.5,"ocean_post_title_bg_overlay_color":"","ocean_disable_breadcrumbs":"default","ocean_breadcrumbs_color":"","ocean_breadcrumbs_separator_color":"","ocean_breadcrumbs_links_color":"","ocean_breadcrumbs_links_hover_color":"","ocean_display_footer_widgets":"default","ocean_display_footer_bottom":"default","ocean_custom_footer_template":""},"product_brand":[],"product_cat":[107,121],"product_tag":[],"class_list":{"0":"post-32178","1":"product","2":"type-product","3":"status-publish","4":"has-post-thumbnail","6":"product_cat-playstation-4","7":"product_cat-star-wars","9":"entry","10":"has-media","12":"first","13":"instock","14":"taxable","15":"shipping-taxable","16":"purchasable","17":"product-type-simple","18":"col","19":"span_1_of_3","20":"owp-content-center","21":"owp-thumbs-layout-horizontal","22":"owp-btn-normal","23":"owp-tabs-layout-horizontal"},"aioseo_notices":[],"_links":{"self":[{"href":"https:\/\/kaotostore.com\/en\/wp-json\/wp\/v2\/product\/32178","targetHints":{"allow":["GET"]}}],"collection":[{"href":"https:\/\/kaotostore.com\/en\/wp-json\/wp\/v2\/product"}],"about":[{"href":"https:\/\/kaotostore.com\/en\/wp-json\/wp\/v2\/types\/product"}],"wp:featuredmedia":[{"embeddable":true,"href":"https:\/\/kaotostore.com\/en\/wp-json\/wp\/v2\/media\/21968"}],"wp:attachment":[{"href":"https:\/\/kaotostore.com\/en\/wp-json\/wp\/v2\/media?parent=32178"}],"wp:term":[{"taxonomy":"product_brand","embeddable":true,"href":"https:\/\/kaotostore.com\/en\/wp-json\/wp\/v2\/product_brand?post=32178"},{"taxonomy":"product_cat","embeddable":true,"href":"https:\/\/kaotostore.com\/en\/wp-json\/wp\/v2\/product_cat?post=32178"},{"taxonomy":"product_tag","embeddable":true,"href":"https:\/\/kaotostore.com\/en\/wp-json\/wp\/v2\/product_tag?post=32178"}],"curies":[{"name":"wp","href":"https:\/\/api.w.org\/{rel}","templated":true}]}}