{"id":32166,"date":"2026-03-24T11:23:47","date_gmt":"2026-03-24T10:23:47","guid":{"rendered":"https:\/\/kaotostore.com\/producto\/star-wars-pinball-switch\/"},"modified":"2026-04-07T10:21:09","modified_gmt":"2026-04-07T08:21:09","slug":"star-wars-pinball-switch","status":"publish","type":"product","link":"https:\/\/kaotostore.com\/en\/product\/star-wars-pinball-switch\/","title":{"rendered":"Star Wars Pinball SWITCH"},"content":{"rendered":"<div>\n<div>\n<ul>\n<li>\n<div>\n<div>\n<p>Adem\u00e1s de la vibraci\u00f3n HD y el juego vertical, Adem\u00e1s, desaf\u00eda a cualquier persona de la galaxia a trav\u00e9s de los torneos gal\u00e1cticos, el juego de liga y, por supuesto, los r\u00e9cords al estilo antiguo que se consiguen en el modo Un jugador.<\/p>\n<h4>Lucha gal\u00e1ctica<\/h4>\n<p>Cada jugador de <em><strong>Star Wars Pinball <\/strong><\/em>de la galaxia decidir\u00e1 apoyar al lado luminoso o al lado oscuro en un perpetuo tira y afloja digital online entre las fuerzas del bien y el mal. \u00bfQu\u00e9 senda escoger\u00e1s?<\/p>\n<h4>Modo Carrera<\/h4>\n<p>Dise\u00f1ado pensando en sesiones de juego cortas e improvisadas, este modo te reta a completar misiones muy concretas centradas en el pinball a trav\u00e9s de las 19 mesas.<\/p>\n<p>Elige el camino de los Jedi o de los Sith y avanza por 50 rangos de carrera. Algunas misiones implican dominar impresionantes minijuegos de tem\u00e1tica Star Wars a los que podr\u00eda ser dif\u00edcil acceder para algunos jugadores mediante el juego normal, como pilotar un X-wing o un caza TIE o enfrentarse a Darth Vader en un duelo de sables de luz.<\/p>\n<h4>Poderes y talentos de la Fuerza<\/h4>\n<p>Consigue fragmentos de holocr\u00f3n durante las misiones para desbloquear poderes y talentos de la Fuerza que otorgan bonificaciones especiales al activarse, como multiplicadores, ralentizaci\u00f3n del tiempo y muchas m\u00e1s.<\/p>\n<h4>Gramola de la cantina<\/h4>\n<p>Re\u00fane los mejores temas musicales de la galaxia jugando a cada mesa. Una vez hayas o\u00eddo una canci\u00f3n, podr\u00e1s escucharla siempre que quieras en el punto de encuentro.<\/p>\n<\/div>\n<\/div>\n<p>\n<\/li>\n<\/ul>\n<\/div>\n<\/div>","protected":false},"excerpt":{"rendered":"<p>Adem\u00e1s de la vibraci\u00f3n HD y el juego vertical, Adem\u00e1s, desaf\u00eda a cualquier persona de la galaxia a trav\u00e9s de los torneos gal\u00e1cticos, el juego de liga y, por supuesto, los r\u00e9cords al estilo antiguo que se consiguen en el modo Un jugador. Lucha gal\u00e1ctica Cada jugador de Star Wars Pinball de la galaxia decidir\u00e1 [&hellip;]<\/p>\n","protected":false},"featured_media":21957,"template":"","meta":{"ocean_post_layout":"","ocean_both_sidebars_style":"","ocean_both_sidebars_content_width":0,"ocean_both_sidebars_sidebars_width":0,"ocean_sidebar":"","ocean_second_sidebar":"","ocean_disable_margins":"enable","ocean_add_body_class":"","ocean_shortcode_before_top_bar":"","ocean_shortcode_after_top_bar":"","ocean_shortcode_before_header":"","ocean_shortcode_after_header":"","ocean_has_shortcode":"","ocean_shortcode_after_title":"","ocean_shortcode_before_footer_widgets":"","ocean_shortcode_after_footer_widgets":"","ocean_shortcode_before_footer_bottom":"","ocean_shortcode_after_footer_bottom":"","ocean_display_top_bar":"default","ocean_display_header":"default","ocean_header_style":"","ocean_center_header_left_menu":"","ocean_custom_header_template":"","ocean_custom_logo":0,"ocean_custom_retina_logo":0,"ocean_custom_logo_max_width":0,"ocean_custom_logo_tablet_max_width":0,"ocean_custom_logo_mobile_max_width":0,"ocean_custom_logo_max_height":0,"ocean_custom_logo_tablet_max_height":0,"ocean_custom_logo_mobile_max_height":0,"ocean_header_custom_menu":"","ocean_menu_typo_font_family":"","ocean_menu_typo_font_subset":"","ocean_menu_typo_font_size":0,"ocean_menu_typo_font_size_tablet":0,"ocean_menu_typo_font_size_mobile":0,"ocean_menu_typo_font_size_unit":"px","ocean_menu_typo_font_weight":"","ocean_menu_typo_font_weight_tablet":"","ocean_menu_typo_font_weight_mobile":"","ocean_menu_typo_transform":"","ocean_menu_typo_transform_tablet":"","ocean_menu_typo_transform_mobile":"","ocean_menu_typo_line_height":0,"ocean_menu_typo_line_height_tablet":0,"ocean_menu_typo_line_height_mobile":0,"ocean_menu_typo_line_height_unit":"","ocean_menu_typo_spacing":0,"ocean_menu_typo_spacing_tablet":0,"ocean_menu_typo_spacing_mobile":0,"ocean_menu_typo_spacing_unit":"","ocean_menu_link_color":"","ocean_menu_link_color_hover":"","ocean_menu_link_color_active":"","ocean_menu_link_background":"","ocean_menu_link_hover_background":"","ocean_menu_link_active_background":"","ocean_menu_social_links_bg":"","ocean_menu_social_hover_links_bg":"","ocean_menu_social_links_color":"","ocean_menu_social_hover_links_color":"","ocean_disable_title":"default","ocean_disable_heading":"default","ocean_post_title":"","ocean_post_subheading":"","ocean_post_title_style":"","ocean_post_title_background_color":"","ocean_post_title_background":0,"ocean_post_title_bg_image_position":"","ocean_post_title_bg_image_attachment":"","ocean_post_title_bg_image_repeat":"","ocean_post_title_bg_image_size":"","ocean_post_title_height":0,"ocean_post_title_bg_overlay":0.5,"ocean_post_title_bg_overlay_color":"","ocean_disable_breadcrumbs":"default","ocean_breadcrumbs_color":"","ocean_breadcrumbs_separator_color":"","ocean_breadcrumbs_links_color":"","ocean_breadcrumbs_links_hover_color":"","ocean_display_footer_widgets":"default","ocean_display_footer_bottom":"default","ocean_custom_footer_template":""},"product_brand":[],"product_cat":[121,124,128],"product_tag":[],"class_list":{"0":"post-32166","1":"product","2":"type-product","3":"status-publish","4":"has-post-thumbnail","6":"product_cat-star-wars","7":"product_cat-switch","8":"product_cat-ultimas-entradas","10":"entry","11":"has-media","13":"first","14":"instock","15":"taxable","16":"shipping-taxable","17":"purchasable","18":"product-type-variable","19":"col","20":"span_1_of_3","21":"owp-content-center","22":"owp-thumbs-layout-horizontal","23":"owp-btn-normal","24":"owp-tabs-layout-horizontal","25":"has-no-thumbnails"},"aioseo_notices":[],"_links":{"self":[{"href":"https:\/\/kaotostore.com\/en\/wp-json\/wp\/v2\/product\/32166","targetHints":{"allow":["GET"]}}],"collection":[{"href":"https:\/\/kaotostore.com\/en\/wp-json\/wp\/v2\/product"}],"about":[{"href":"https:\/\/kaotostore.com\/en\/wp-json\/wp\/v2\/types\/product"}],"wp:featuredmedia":[{"embeddable":true,"href":"https:\/\/kaotostore.com\/en\/wp-json\/wp\/v2\/media\/21957"}],"wp:attachment":[{"href":"https:\/\/kaotostore.com\/en\/wp-json\/wp\/v2\/media?parent=32166"}],"wp:term":[{"taxonomy":"product_brand","embeddable":true,"href":"https:\/\/kaotostore.com\/en\/wp-json\/wp\/v2\/product_brand?post=32166"},{"taxonomy":"product_cat","embeddable":true,"href":"https:\/\/kaotostore.com\/en\/wp-json\/wp\/v2\/product_cat?post=32166"},{"taxonomy":"product_tag","embeddable":true,"href":"https:\/\/kaotostore.com\/en\/wp-json\/wp\/v2\/product_tag?post=32166"}],"curies":[{"name":"wp","href":"https:\/\/api.w.org\/{rel}","templated":true}]}}