{"id":32155,"date":"2026-03-24T11:23:37","date_gmt":"2026-03-24T10:23:37","guid":{"rendered":"https:\/\/kaotostore.com\/producto\/star-wars-jedi-fallen-order-xbox-one-importacion-alemana\/"},"modified":"2026-04-09T11:33:28","modified_gmt":"2026-04-09T09:33:28","slug":"star-wars-jedi-fallen-order-xbox-one-importacion-alemana","status":"publish","type":"product","link":"https:\/\/kaotostore.com\/en\/product\/star-wars-jedi-fallen-order-xbox-one-importacion-alemana\/","title":{"rendered":"Star Wars Jedi Fallen Order XBOX ONE (Importaci\u00f3n alemana)"},"content":{"rendered":"<p><strong><span><span id=\"ContentPlaceHolder1_lblSinopsis\"><span style=\"color: rgb(255, 5, 5);\">Si desea im\u00e1genes adicionales del producto, puede solicitarlas desde el formulario de contacto o en el email kaototienda@gmail.com<\/span><\/span><\/span><\/strong><\/p>\n<p><strong><br \/>-Juego en castellano<\/strong><\/p>\n<p><strong><br \/><\/strong>Una aventura de dimensiones gal\u00e1cticas te espera en<em><strong> STAR WARS Jedi: Fallen Order<\/strong><\/em>, un juego de acci\u00f3n y aventuras en tercera persona de Respawn Entertainment. Este t\u00edtulo para un jugador centrado en la historia te pone en la piel de un padawan Jedi que ha escapado a duras penas de la purga de la Orden 66 despu\u00e9s del Episodio III &#8211; La venganza de los Sith. Para reconstruir la Orden Jedi, deber\u00e1s reunir los fragmentos de tu pasado para completar tu entrenamiento, desarrollar nuevas y poderosas habilidades con la Fuerza y dominar la espada l\u00e1ser antes de que el Imperio y sus mort\u00edferos inquisidores te alcancen.<\/p>\n<div>\n<p>Mientras perfeccionan sus habilidades, los jugadores luchar\u00e1n con espadas l\u00e1ser y poderes de la Fuerza en combates cinematogr\u00e1ficos que recrean la intensidad de las pel\u00edculas de STAR WARS. Deber\u00e1n crear estrategias para enfrentarse a sus enemigos, valorar sus debilidades y fortalezas, y emplear su entrenamiento Jedi para derrotarlos y resolver los misterios que encuentren en su camino.<\/p>\n<p>Los aficionados de STAR WARS reconocer\u00e1n ubicaciones, armas, equipo y enemigos emblem\u00e1ticos de la saga y descubrir\u00e1n un elenco de personajes, escenarios, criaturas, droides y adversarios de la saga. En esta historia de STAR WARS, te sumergir\u00e1s en una galaxia que acaba de caer en las garras del Imperio y luchar\u00e1s por sobrevivir como un Jedi fugitivo mientras exploras los misterios de una civilizaci\u00f3n perdida hace tiempo para reconstruir la Orden antes de que el Imperio extermine a los Jedi por completo.<\/p>\n<h4>Combate inmersivo y cinematogr\u00e1fico<\/h4>\n<p>En <em><strong>Star Wars Jedi: Fallen Order<\/strong><\/em> te convertir\u00e1s en un aut\u00e9ntico Jedi gracias a su sistema de combate con espadas l\u00e1ser: ataca, bloquea y esquiva mientras perfeccionas tus poderosas habilidades con la Fuerza para superar los obst\u00e1culos que se interponen en tu camino. Es un sistema intuitivo, pero requiere entrenamiento y pr\u00e1ctica para dominarlo a medida que obtienes poderes y habilidades en tu aventura.<\/p>\n<h4>Comienza una nueva historia Jedi<\/h4>\n<p>Como padawan que huye del Imperio, deber\u00e1s completar tu entrenamiento antes de que los inquisidores imperiales descubran tu plan para resucitar la Orden Jedi. Con la ayuda de un miembro de los caballero Jedi, un piloto gru\u00f1\u00f3n y un intr\u00e9pido droide, deber\u00e1s escapar de los planes del Imperio en una aventura centrada en la historia. Explora y supera una gran cantidad de desaf\u00edos de combate, investigaci\u00f3n y resoluci\u00f3n de puzles.<\/p>\n<h4>La galaxia te espera<\/h4>\n<p>Bosques ancestrales, ventosos desfiladeros y junglas encantadas son algunos de los biomas \u00fanicos que explorar\u00e1s en Jedi &#8211; Fallen Order, con la libertad de decidir siempre ad\u00f3nde ir. A medida que desbloqueas poderes y habilidades, tendr\u00e1s la oportunidad de volver a recorrer estos mapas usando la Fuerza para encontrar caminos. Pero avanza r\u00e1pido, porque el Imperio sigue tus pasos para exterminar a todos los supervivientes de la Orden Jedi.<\/p>\n<\/div>\n<p><!----><\/p>","protected":false},"excerpt":{"rendered":"<p>Si desea im\u00e1genes adicionales del producto, puede solicitarlas desde el formulario de contacto o en el email kaototienda@gmail.com -Juego en castellano Una aventura de dimensiones gal\u00e1cticas te espera en STAR WARS Jedi: Fallen Order, un juego de acci\u00f3n y aventuras en tercera persona de Respawn Entertainment. Este t\u00edtulo para un jugador centrado en la historia [&hellip;]<\/p>\n","protected":false},"featured_media":21945,"template":"","meta":{"ocean_post_layout":"","ocean_both_sidebars_style":"","ocean_both_sidebars_content_width":0,"ocean_both_sidebars_sidebars_width":0,"ocean_sidebar":"","ocean_second_sidebar":"","ocean_disable_margins":"enable","ocean_add_body_class":"","ocean_shortcode_before_top_bar":"","ocean_shortcode_after_top_bar":"","ocean_shortcode_before_header":"","ocean_shortcode_after_header":"","ocean_has_shortcode":"","ocean_shortcode_after_title":"","ocean_shortcode_before_footer_widgets":"","ocean_shortcode_after_footer_widgets":"","ocean_shortcode_before_footer_bottom":"","ocean_shortcode_after_footer_bottom":"","ocean_display_top_bar":"default","ocean_display_header":"default","ocean_header_style":"","ocean_center_header_left_menu":"","ocean_custom_header_template":"","ocean_custom_logo":0,"ocean_custom_retina_logo":0,"ocean_custom_logo_max_width":0,"ocean_custom_logo_tablet_max_width":0,"ocean_custom_logo_mobile_max_width":0,"ocean_custom_logo_max_height":0,"ocean_custom_logo_tablet_max_height":0,"ocean_custom_logo_mobile_max_height":0,"ocean_header_custom_menu":"","ocean_menu_typo_font_family":"","ocean_menu_typo_font_subset":"","ocean_menu_typo_font_size":0,"ocean_menu_typo_font_size_tablet":0,"ocean_menu_typo_font_size_mobile":0,"ocean_menu_typo_font_size_unit":"px","ocean_menu_typo_font_weight":"","ocean_menu_typo_font_weight_tablet":"","ocean_menu_typo_font_weight_mobile":"","ocean_menu_typo_transform":"","ocean_menu_typo_transform_tablet":"","ocean_menu_typo_transform_mobile":"","ocean_menu_typo_line_height":0,"ocean_menu_typo_line_height_tablet":0,"ocean_menu_typo_line_height_mobile":0,"ocean_menu_typo_line_height_unit":"","ocean_menu_typo_spacing":0,"ocean_menu_typo_spacing_tablet":0,"ocean_menu_typo_spacing_mobile":0,"ocean_menu_typo_spacing_unit":"","ocean_menu_link_color":"","ocean_menu_link_color_hover":"","ocean_menu_link_color_active":"","ocean_menu_link_background":"","ocean_menu_link_hover_background":"","ocean_menu_link_active_background":"","ocean_menu_social_links_bg":"","ocean_menu_social_hover_links_bg":"","ocean_menu_social_links_color":"","ocean_menu_social_hover_links_color":"","ocean_disable_title":"default","ocean_disable_heading":"default","ocean_post_title":"","ocean_post_subheading":"","ocean_post_title_style":"","ocean_post_title_background_color":"","ocean_post_title_background":0,"ocean_post_title_bg_image_position":"","ocean_post_title_bg_image_attachment":"","ocean_post_title_bg_image_repeat":"","ocean_post_title_bg_image_size":"","ocean_post_title_height":0,"ocean_post_title_bg_overlay":0.5,"ocean_post_title_bg_overlay_color":"","ocean_disable_breadcrumbs":"default","ocean_breadcrumbs_color":"","ocean_breadcrumbs_separator_color":"","ocean_breadcrumbs_links_color":"","ocean_breadcrumbs_links_hover_color":"","ocean_display_footer_widgets":"default","ocean_display_footer_bottom":"default","ocean_custom_footer_template":""},"product_brand":[],"product_cat":[121,128],"product_tag":[],"class_list":{"0":"post-32155","1":"product","2":"type-product","3":"status-publish","4":"has-post-thumbnail","6":"product_cat-star-wars","7":"product_cat-ultimas-entradas","9":"entry","10":"has-media","12":"first","13":"instock","14":"taxable","15":"shipping-taxable","16":"purchasable","17":"product-type-simple","18":"col","19":"span_1_of_3","20":"owp-content-center","21":"owp-thumbs-layout-horizontal","22":"owp-btn-normal","23":"owp-tabs-layout-horizontal","24":"has-no-thumbnails"},"aioseo_notices":[],"_links":{"self":[{"href":"https:\/\/kaotostore.com\/en\/wp-json\/wp\/v2\/product\/32155","targetHints":{"allow":["GET"]}}],"collection":[{"href":"https:\/\/kaotostore.com\/en\/wp-json\/wp\/v2\/product"}],"about":[{"href":"https:\/\/kaotostore.com\/en\/wp-json\/wp\/v2\/types\/product"}],"wp:featuredmedia":[{"embeddable":true,"href":"https:\/\/kaotostore.com\/en\/wp-json\/wp\/v2\/media\/21945"}],"wp:attachment":[{"href":"https:\/\/kaotostore.com\/en\/wp-json\/wp\/v2\/media?parent=32155"}],"wp:term":[{"taxonomy":"product_brand","embeddable":true,"href":"https:\/\/kaotostore.com\/en\/wp-json\/wp\/v2\/product_brand?post=32155"},{"taxonomy":"product_cat","embeddable":true,"href":"https:\/\/kaotostore.com\/en\/wp-json\/wp\/v2\/product_cat?post=32155"},{"taxonomy":"product_tag","embeddable":true,"href":"https:\/\/kaotostore.com\/en\/wp-json\/wp\/v2\/product_tag?post=32155"}],"curies":[{"name":"wp","href":"https:\/\/api.w.org\/{rel}","templated":true}]}}