{"id":32139,"date":"2026-03-24T11:23:24","date_gmt":"2026-03-24T10:23:24","guid":{"rendered":"https:\/\/kaotostore.com\/producto\/star-wars-el-poder-de-la-fuerza-2-playstation-3\/"},"modified":"2026-05-07T16:25:46","modified_gmt":"2026-05-07T14:25:46","slug":"star-wars-el-poder-de-la-fuerza-2-playstation-3","status":"publish","type":"product","link":"https:\/\/kaotostore.com\/en\/product\/star-wars-el-poder-de-la-fuerza-2-playstation-3\/","title":{"rendered":"Star Wars El Poder de la Fuerza 2 PLAYSTATION 3"},"content":{"rendered":"<p><span class=\"a-list-item\"><strong><span style=\"color: rgb(255, 5, 5);\">Si desea im\u00e1genes adicionales del producto, puede solicitarlas desde el formulario de contacto o en el email kaototienda@gmail.com<\/p>\n<p><\/span><\/strong><\/span><\/p>\n<div>La saga de Star Wars contin\u00faa con Star Wars: El poder de la Fuerza II, la esperada secuela del juego de Star Wars m\u00e1s vendido de la historia, con m\u00e1s de siete millones de copias en todo el mundo.<br \/>En Star Wars: El poder de la Fuerza, el mundo conoci\u00f3 al aprendiz de Darth Vader, Starkiller, ahora huido: el inesperado h\u00e9roe que encender\u00eda las llamas de la rebeli\u00f3n en una galaxia que necesitaba desesperadamente un l\u00edder.<br \/>En la secuela, Starkiller vuelve con sus incre\u00edbles poderes de la Fuerza y se embarca en un viaje para descubrir su propia identidad y reunirse con su verdadero amor, Juno Eclipse. En Star Wars: El poder de la Fuerza II Starkiller vuelve a ser el pe\u00f3n de Darth Vader, pero en vez de entrenar a su protegido como un asesino sanguinario, el se\u00f1or oscuro est\u00e1 intentando clonar a su antiguo aprendiz en un intento de crear al guerrero sith definitivo.<br \/>Ha empezado la cacer\u00eda: Starkiller va en busca de Juno y Darth Vader est\u00e1 cazando a Starkiller.<br \/>Con sus nuevos y devastadores poderes de la Fuerza y la posibilidad de luchar con dos sables, Starkiller avanza entre letales enemigos en los emocionantes mundos de las pel\u00edculas de Star Wars&#8230; todo en su desesperada b\u00fasqueda de respuestas sobre su pasado.<\/div>\n<p><!----><\/p>","protected":false},"excerpt":{"rendered":"<p>Si desea im\u00e1genes adicionales del producto, puede solicitarlas desde el formulario de contacto o en el email kaototienda@gmail.com La saga de Star Wars contin\u00faa con Star Wars: El poder de la Fuerza II, la esperada secuela del juego de Star Wars m\u00e1s vendido de la historia, con m\u00e1s de siete millones de copias en todo [&hellip;]<\/p>\n","protected":false},"featured_media":21926,"template":"","meta":{"ocean_post_layout":"","ocean_both_sidebars_style":"","ocean_both_sidebars_content_width":0,"ocean_both_sidebars_sidebars_width":0,"ocean_sidebar":"","ocean_second_sidebar":"","ocean_disable_margins":"enable","ocean_add_body_class":"","ocean_shortcode_before_top_bar":"","ocean_shortcode_after_top_bar":"","ocean_shortcode_before_header":"","ocean_shortcode_after_header":"","ocean_has_shortcode":"","ocean_shortcode_after_title":"","ocean_shortcode_before_footer_widgets":"","ocean_shortcode_after_footer_widgets":"","ocean_shortcode_before_footer_bottom":"","ocean_shortcode_after_footer_bottom":"","ocean_display_top_bar":"default","ocean_display_header":"default","ocean_header_style":"","ocean_center_header_left_menu":"","ocean_custom_header_template":"","ocean_custom_logo":0,"ocean_custom_retina_logo":0,"ocean_custom_logo_max_width":0,"ocean_custom_logo_tablet_max_width":0,"ocean_custom_logo_mobile_max_width":0,"ocean_custom_logo_max_height":0,"ocean_custom_logo_tablet_max_height":0,"ocean_custom_logo_mobile_max_height":0,"ocean_header_custom_menu":"","ocean_menu_typo_font_family":"","ocean_menu_typo_font_subset":"","ocean_menu_typo_font_size":0,"ocean_menu_typo_font_size_tablet":0,"ocean_menu_typo_font_size_mobile":0,"ocean_menu_typo_font_size_unit":"px","ocean_menu_typo_font_weight":"","ocean_menu_typo_font_weight_tablet":"","ocean_menu_typo_font_weight_mobile":"","ocean_menu_typo_transform":"","ocean_menu_typo_transform_tablet":"","ocean_menu_typo_transform_mobile":"","ocean_menu_typo_line_height":0,"ocean_menu_typo_line_height_tablet":0,"ocean_menu_typo_line_height_mobile":0,"ocean_menu_typo_line_height_unit":"","ocean_menu_typo_spacing":0,"ocean_menu_typo_spacing_tablet":0,"ocean_menu_typo_spacing_mobile":0,"ocean_menu_typo_spacing_unit":"","ocean_menu_link_color":"","ocean_menu_link_color_hover":"","ocean_menu_link_color_active":"","ocean_menu_link_background":"","ocean_menu_link_hover_background":"","ocean_menu_link_active_background":"","ocean_menu_social_links_bg":"","ocean_menu_social_hover_links_bg":"","ocean_menu_social_links_color":"","ocean_menu_social_hover_links_color":"","ocean_disable_title":"default","ocean_disable_heading":"default","ocean_post_title":"","ocean_post_subheading":"","ocean_post_title_style":"","ocean_post_title_background_color":"","ocean_post_title_background":0,"ocean_post_title_bg_image_position":"","ocean_post_title_bg_image_attachment":"","ocean_post_title_bg_image_repeat":"","ocean_post_title_bg_image_size":"","ocean_post_title_height":0,"ocean_post_title_bg_overlay":0.5,"ocean_post_title_bg_overlay_color":"","ocean_disable_breadcrumbs":"default","ocean_breadcrumbs_color":"","ocean_breadcrumbs_separator_color":"","ocean_breadcrumbs_links_color":"","ocean_breadcrumbs_links_hover_color":"","ocean_display_footer_widgets":"default","ocean_display_footer_bottom":"default","ocean_custom_footer_template":""},"product_brand":[],"product_cat":[106,121,128],"product_tag":[],"class_list":{"0":"post-32139","1":"product","2":"type-product","3":"status-publish","4":"has-post-thumbnail","6":"product_cat-playstation-3","7":"product_cat-star-wars","8":"product_cat-ultimas-entradas","10":"entry","11":"has-media","13":"first","14":"instock","15":"taxable","16":"shipping-taxable","17":"purchasable","18":"product-type-simple","19":"col","20":"span_1_of_3","21":"owp-content-center","22":"owp-thumbs-layout-horizontal","23":"owp-btn-normal","24":"owp-tabs-layout-horizontal","25":"has-no-thumbnails"},"aioseo_notices":[],"_links":{"self":[{"href":"https:\/\/kaotostore.com\/en\/wp-json\/wp\/v2\/product\/32139","targetHints":{"allow":["GET"]}}],"collection":[{"href":"https:\/\/kaotostore.com\/en\/wp-json\/wp\/v2\/product"}],"about":[{"href":"https:\/\/kaotostore.com\/en\/wp-json\/wp\/v2\/types\/product"}],"wp:featuredmedia":[{"embeddable":true,"href":"https:\/\/kaotostore.com\/en\/wp-json\/wp\/v2\/media\/21926"}],"wp:attachment":[{"href":"https:\/\/kaotostore.com\/en\/wp-json\/wp\/v2\/media?parent=32139"}],"wp:term":[{"taxonomy":"product_brand","embeddable":true,"href":"https:\/\/kaotostore.com\/en\/wp-json\/wp\/v2\/product_brand?post=32139"},{"taxonomy":"product_cat","embeddable":true,"href":"https:\/\/kaotostore.com\/en\/wp-json\/wp\/v2\/product_cat?post=32139"},{"taxonomy":"product_tag","embeddable":true,"href":"https:\/\/kaotostore.com\/en\/wp-json\/wp\/v2\/product_tag?post=32139"}],"curies":[{"name":"wp","href":"https:\/\/api.w.org\/{rel}","templated":true}]}}