{"id":32122,"date":"2026-03-24T11:23:07","date_gmt":"2026-03-24T10:23:07","guid":{"rendered":"https:\/\/kaotostore.com\/producto\/star-renegades-switch\/"},"modified":"2026-04-09T11:33:29","modified_gmt":"2026-04-09T09:33:29","slug":"star-renegades-switch","status":"publish","type":"product","link":"https:\/\/kaotostore.com\/en\/product\/star-renegades-switch\/","title":{"rendered":"Star Renegades SWITCH"},"content":{"rendered":"<h4><span style=\"color: rgb(255, 5, 5);\"><span style=\"color: rgb(255, 5, 5);\">Si desea im\u00e1genes adicionales del producto, puede solicitarlas desde el formulario de contacto o en el email kaototienda@gmail.com<\/span><\/span><\/h4>\n<p><strong><br \/><\/strong><\/p>\n<p><strong>Un robot de servicio llamado J5T-1N lleg\u00f3 a tu dimensi\u00f3n para advertirte de que una fuerza descomunal, conocida como el Imperium, est\u00e1 a punto de arrasar con todo<\/strong>. Lucha por la supervivencia en una campa\u00f1a basada en misiones emergentes que se generan de forma procedimental, todo ello con un sistema de combate basado en turnos t\u00e1cticos que pone un \u00e9nfasis especial en las interrupciones y en los contrarrestos. Se interpondr\u00e1 en tu camino un sistema inteligente de contendientes, con oficiales enemigos que evolucionan y ascienden de rango.<\/p>\n<p><strong>Cuando tu banda de h\u00e9roes caiga en combate intentando detener al Imperium y parezca que no queda esperanza, tendr\u00e1s que enviar a J5T-1N a la siguiente dimensi\u00f3n<span>\u00a0<\/span><\/strong>para que, con todo lo que ha aprendido, pueda ayudar a un nuevo grupo<br \/>de h\u00e9roes a prevalecer. Cada dimensi\u00f3n y cada partida son \u00fanicas, desafiantes y nunca habr\u00e1 dos iguales.<\/p>\n<p><strong>Caracter\u00edsticas:<\/strong><br \/>\u00a0<\/p>\n<ul>\n<li>Sistema de batalla de tiempo reactivo de ritmo r\u00e1pido.<\/li>\n<li>Paisajes y ruinas inquietantemente hermosos.<\/li>\n<li>Impresionante estilo pixel art.<\/li>\n<li>Mazmorras generadas proceduralmente.<\/li>\n<li>Enemigos y jefes \u00fanicos.<\/li>\n<li>\u00c9pica banda sonora y excelente dise\u00f1o de sonido.<\/li>\n<\/ul>\n<p><strong><br \/><\/strong><\/p>\n<p><\/p>","protected":false},"excerpt":{"rendered":"<p>Si desea im\u00e1genes adicionales del producto, puede solicitarlas desde el formulario de contacto o en el email kaototienda@gmail.com Un robot de servicio llamado J5T-1N lleg\u00f3 a tu dimensi\u00f3n para advertirte de que una fuerza descomunal, conocida como el Imperium, est\u00e1 a punto de arrasar con todo. Lucha por la supervivencia en una campa\u00f1a basada en [&hellip;]<\/p>\n","protected":false},"featured_media":21902,"template":"","meta":{"ocean_post_layout":"","ocean_both_sidebars_style":"","ocean_both_sidebars_content_width":0,"ocean_both_sidebars_sidebars_width":0,"ocean_sidebar":"","ocean_second_sidebar":"","ocean_disable_margins":"enable","ocean_add_body_class":"","ocean_shortcode_before_top_bar":"","ocean_shortcode_after_top_bar":"","ocean_shortcode_before_header":"","ocean_shortcode_after_header":"","ocean_has_shortcode":"","ocean_shortcode_after_title":"","ocean_shortcode_before_footer_widgets":"","ocean_shortcode_after_footer_widgets":"","ocean_shortcode_before_footer_bottom":"","ocean_shortcode_after_footer_bottom":"","ocean_display_top_bar":"default","ocean_display_header":"default","ocean_header_style":"","ocean_center_header_left_menu":"","ocean_custom_header_template":"","ocean_custom_logo":0,"ocean_custom_retina_logo":0,"ocean_custom_logo_max_width":0,"ocean_custom_logo_tablet_max_width":0,"ocean_custom_logo_mobile_max_width":0,"ocean_custom_logo_max_height":0,"ocean_custom_logo_tablet_max_height":0,"ocean_custom_logo_mobile_max_height":0,"ocean_header_custom_menu":"","ocean_menu_typo_font_family":"","ocean_menu_typo_font_subset":"","ocean_menu_typo_font_size":0,"ocean_menu_typo_font_size_tablet":0,"ocean_menu_typo_font_size_mobile":0,"ocean_menu_typo_font_size_unit":"px","ocean_menu_typo_font_weight":"","ocean_menu_typo_font_weight_tablet":"","ocean_menu_typo_font_weight_mobile":"","ocean_menu_typo_transform":"","ocean_menu_typo_transform_tablet":"","ocean_menu_typo_transform_mobile":"","ocean_menu_typo_line_height":0,"ocean_menu_typo_line_height_tablet":0,"ocean_menu_typo_line_height_mobile":0,"ocean_menu_typo_line_height_unit":"","ocean_menu_typo_spacing":0,"ocean_menu_typo_spacing_tablet":0,"ocean_menu_typo_spacing_mobile":0,"ocean_menu_typo_spacing_unit":"","ocean_menu_link_color":"","ocean_menu_link_color_hover":"","ocean_menu_link_color_active":"","ocean_menu_link_background":"","ocean_menu_link_hover_background":"","ocean_menu_link_active_background":"","ocean_menu_social_links_bg":"","ocean_menu_social_hover_links_bg":"","ocean_menu_social_links_color":"","ocean_menu_social_hover_links_color":"","ocean_disable_title":"default","ocean_disable_heading":"default","ocean_post_title":"","ocean_post_subheading":"","ocean_post_title_style":"","ocean_post_title_background_color":"","ocean_post_title_background":0,"ocean_post_title_bg_image_position":"","ocean_post_title_bg_image_attachment":"","ocean_post_title_bg_image_repeat":"","ocean_post_title_bg_image_size":"","ocean_post_title_height":0,"ocean_post_title_bg_overlay":0.5,"ocean_post_title_bg_overlay_color":"","ocean_disable_breadcrumbs":"default","ocean_breadcrumbs_color":"","ocean_breadcrumbs_separator_color":"","ocean_breadcrumbs_links_color":"","ocean_breadcrumbs_links_hover_color":"","ocean_display_footer_widgets":"default","ocean_display_footer_bottom":"default","ocean_custom_footer_template":""},"product_brand":[],"product_cat":[124,128],"product_tag":[],"class_list":{"0":"post-32122","1":"product","2":"type-product","3":"status-publish","4":"has-post-thumbnail","6":"product_cat-switch","7":"product_cat-ultimas-entradas","9":"entry","10":"has-media","12":"first","13":"instock","14":"sale","15":"taxable","16":"shipping-taxable","17":"purchasable","18":"product-type-simple","19":"col","20":"span_1_of_3","21":"owp-content-center","22":"owp-thumbs-layout-horizontal","23":"owp-btn-normal","24":"owp-tabs-layout-horizontal"},"aioseo_notices":[],"_links":{"self":[{"href":"https:\/\/kaotostore.com\/en\/wp-json\/wp\/v2\/product\/32122","targetHints":{"allow":["GET"]}}],"collection":[{"href":"https:\/\/kaotostore.com\/en\/wp-json\/wp\/v2\/product"}],"about":[{"href":"https:\/\/kaotostore.com\/en\/wp-json\/wp\/v2\/types\/product"}],"wp:featuredmedia":[{"embeddable":true,"href":"https:\/\/kaotostore.com\/en\/wp-json\/wp\/v2\/media\/21902"}],"wp:attachment":[{"href":"https:\/\/kaotostore.com\/en\/wp-json\/wp\/v2\/media?parent=32122"}],"wp:term":[{"taxonomy":"product_brand","embeddable":true,"href":"https:\/\/kaotostore.com\/en\/wp-json\/wp\/v2\/product_brand?post=32122"},{"taxonomy":"product_cat","embeddable":true,"href":"https:\/\/kaotostore.com\/en\/wp-json\/wp\/v2\/product_cat?post=32122"},{"taxonomy":"product_tag","embeddable":true,"href":"https:\/\/kaotostore.com\/en\/wp-json\/wp\/v2\/product_tag?post=32122"}],"curies":[{"name":"wp","href":"https:\/\/api.w.org\/{rel}","templated":true}]}}