{"id":32058,"date":"2026-03-24T11:22:00","date_gmt":"2026-03-24T10:22:00","guid":{"rendered":"https:\/\/kaotostore.com\/producto\/speed-racer-el-videojuego-nintendo-ds\/"},"modified":"2026-04-09T15:34:44","modified_gmt":"2026-04-09T13:34:44","slug":"speed-racer-el-videojuego-nintendo-ds","status":"publish","type":"product","link":"https:\/\/kaotostore.com\/en\/product\/speed-racer-el-videojuego-nintendo-ds\/","title":{"rendered":"Speed Racer El Videojuego NINTENDO DS"},"content":{"rendered":"<p><span>Abr\u00f3chate el cintur\u00f3n y pisa a fondo en este trepidante juego que lleva las carreras de la gran pantalla.\u00a0<\/span><em><strong>Speed Racer<\/strong><\/em><span>, al igual que la pel\u00edcula del mismo nombre, te ofrece emocionantes carreras de alto octanaje y te obliga a cumplir dos reglas \u00a1ag\u00e1rrate al volante y corre! Como participante de la Liga Mundial de Carreras de Coches, rozar\u00e1s los 750 km\/h mientras avanzas por pistas imposibles y compites hasta con otros 19 pilotos. Tendr\u00e1s que ser m\u00e1s h\u00e1bil que ellos y realizar incre\u00edbles saltos y giros para llegar a la meta. Puedes aliarte con otros pilotos para aumentar tus posibilidades de ganar el campeonato, pero si lo prefieres, usa el sistema de combate Car-Fu para deshacerte de todos los que se interpongan en tu camino. Hay m\u00e1s de 20 opciones para elegir, incluidos los personajes y veh\u00edculos que tanto te gustaron en la pel\u00edcula, as\u00ed que tendr\u00e1s que encontrar la combinaci\u00f3n que se adapta al piloto de carreras que llevas dentro. Despu\u00e9s, llegar\u00e1 al momento de saltar a la pista y recorrer estadios que se elevan en el aire y cuentan con toda clase de curvas, tirabuzones, trampolines y peligrosos obst\u00e1culos. Y si crees que eres el m\u00e1s r\u00e1pido sobre cuatro ruedas, \u00bfpor qu\u00e9 no lo demuestras retando a tus amigos en Modo Multijugador v\u00eda conexi\u00f3n inal\u00e1mbrica? Si buscas un subid\u00f3n de adrenalina,\u00a0<\/span><em><strong>Speed Racer<span>\u00a0<\/span><\/strong><\/em><span>tiene caballos m\u00e1s que suficientes para dejarte satisfecho.<\/span><\/p>\n<p><!----><\/p>","protected":false},"excerpt":{"rendered":"<p>Abr\u00f3chate el cintur\u00f3n y pisa a fondo en este trepidante juego que lleva las carreras de la gran pantalla.\u00a0Speed Racer, al igual que la pel\u00edcula del mismo nombre, te ofrece emocionantes carreras de alto octanaje y te obliga a cumplir dos reglas \u00a1ag\u00e1rrate al volante y corre! Como participante de la Liga Mundial de Carreras [&hellip;]<\/p>\n","protected":false},"featured_media":21786,"template":"","meta":{"ocean_post_layout":"","ocean_both_sidebars_style":"","ocean_both_sidebars_content_width":0,"ocean_both_sidebars_sidebars_width":0,"ocean_sidebar":"","ocean_second_sidebar":"","ocean_disable_margins":"enable","ocean_add_body_class":"","ocean_shortcode_before_top_bar":"","ocean_shortcode_after_top_bar":"","ocean_shortcode_before_header":"","ocean_shortcode_after_header":"","ocean_has_shortcode":"","ocean_shortcode_after_title":"","ocean_shortcode_before_footer_widgets":"","ocean_shortcode_after_footer_widgets":"","ocean_shortcode_before_footer_bottom":"","ocean_shortcode_after_footer_bottom":"","ocean_display_top_bar":"default","ocean_display_header":"default","ocean_header_style":"","ocean_center_header_left_menu":"","ocean_custom_header_template":"","ocean_custom_logo":0,"ocean_custom_retina_logo":0,"ocean_custom_logo_max_width":0,"ocean_custom_logo_tablet_max_width":0,"ocean_custom_logo_mobile_max_width":0,"ocean_custom_logo_max_height":0,"ocean_custom_logo_tablet_max_height":0,"ocean_custom_logo_mobile_max_height":0,"ocean_header_custom_menu":"","ocean_menu_typo_font_family":"","ocean_menu_typo_font_subset":"","ocean_menu_typo_font_size":0,"ocean_menu_typo_font_size_tablet":0,"ocean_menu_typo_font_size_mobile":0,"ocean_menu_typo_font_size_unit":"px","ocean_menu_typo_font_weight":"","ocean_menu_typo_font_weight_tablet":"","ocean_menu_typo_font_weight_mobile":"","ocean_menu_typo_transform":"","ocean_menu_typo_transform_tablet":"","ocean_menu_typo_transform_mobile":"","ocean_menu_typo_line_height":0,"ocean_menu_typo_line_height_tablet":0,"ocean_menu_typo_line_height_mobile":0,"ocean_menu_typo_line_height_unit":"","ocean_menu_typo_spacing":0,"ocean_menu_typo_spacing_tablet":0,"ocean_menu_typo_spacing_mobile":0,"ocean_menu_typo_spacing_unit":"","ocean_menu_link_color":"","ocean_menu_link_color_hover":"","ocean_menu_link_color_active":"","ocean_menu_link_background":"","ocean_menu_link_hover_background":"","ocean_menu_link_active_background":"","ocean_menu_social_links_bg":"","ocean_menu_social_hover_links_bg":"","ocean_menu_social_links_color":"","ocean_menu_social_hover_links_color":"","ocean_disable_title":"default","ocean_disable_heading":"default","ocean_post_title":"","ocean_post_subheading":"","ocean_post_title_style":"","ocean_post_title_background_color":"","ocean_post_title_background":0,"ocean_post_title_bg_image_position":"","ocean_post_title_bg_image_attachment":"","ocean_post_title_bg_image_repeat":"","ocean_post_title_bg_image_size":"","ocean_post_title_height":0,"ocean_post_title_bg_overlay":0.5,"ocean_post_title_bg_overlay_color":"","ocean_disable_breadcrumbs":"default","ocean_breadcrumbs_color":"","ocean_breadcrumbs_separator_color":"","ocean_breadcrumbs_links_color":"","ocean_breadcrumbs_links_hover_color":"","ocean_display_footer_widgets":"default","ocean_display_footer_bottom":"default","ocean_custom_footer_template":""},"product_brand":[],"product_cat":[96],"product_tag":[],"class_list":{"0":"post-32058","1":"product","2":"type-product","3":"status-publish","4":"has-post-thumbnail","6":"product_cat-nintendo-ds","8":"entry","9":"has-media","11":"first","12":"outofstock","13":"taxable","14":"shipping-taxable","15":"purchasable","16":"product-type-simple","17":"col","18":"span_1_of_3","19":"owp-content-center","20":"owp-thumbs-layout-horizontal","21":"owp-btn-normal","22":"owp-tabs-layout-horizontal","23":"has-no-thumbnails"},"aioseo_notices":[],"_links":{"self":[{"href":"https:\/\/kaotostore.com\/en\/wp-json\/wp\/v2\/product\/32058","targetHints":{"allow":["GET"]}}],"collection":[{"href":"https:\/\/kaotostore.com\/en\/wp-json\/wp\/v2\/product"}],"about":[{"href":"https:\/\/kaotostore.com\/en\/wp-json\/wp\/v2\/types\/product"}],"wp:featuredmedia":[{"embeddable":true,"href":"https:\/\/kaotostore.com\/en\/wp-json\/wp\/v2\/media\/21786"}],"wp:attachment":[{"href":"https:\/\/kaotostore.com\/en\/wp-json\/wp\/v2\/media?parent=32058"}],"wp:term":[{"taxonomy":"product_brand","embeddable":true,"href":"https:\/\/kaotostore.com\/en\/wp-json\/wp\/v2\/product_brand?post=32058"},{"taxonomy":"product_cat","embeddable":true,"href":"https:\/\/kaotostore.com\/en\/wp-json\/wp\/v2\/product_cat?post=32058"},{"taxonomy":"product_tag","embeddable":true,"href":"https:\/\/kaotostore.com\/en\/wp-json\/wp\/v2\/product_tag?post=32058"}],"curies":[{"name":"wp","href":"https:\/\/api.w.org\/{rel}","templated":true}]}}