{"id":32055,"date":"2026-03-24T11:21:56","date_gmt":"2026-03-24T10:21:56","guid":{"rendered":"https:\/\/kaotostore.com\/producto\/spectrobes-origenes-wii\/"},"modified":"2026-04-09T15:34:51","modified_gmt":"2026-04-09T13:34:51","slug":"spectrobes-origenes-wii","status":"publish","type":"product","link":"https:\/\/kaotostore.com\/en\/product\/spectrobes-origenes-wii\/","title":{"rendered":"Spectrobes Or\u00edgenes WII"},"content":{"rendered":"<p>Siguiendo las dos excursiones intergal\u00e1cticas para Nintendo DS,<span>\u00a0<\/span><strong><em>Spectrobes Or\u00edgenes<\/em><\/strong><span>\u00a0<\/span>llega ahora a la consola Wii, donde tendr\u00e1s que luchar de nuevo contra los malvados Krawl, que amenazan la galaxia. Con novedosos Spectrobes que extraer de la roca y devolver a la vida, un juego cooperativo para dos jugadores y un enrevesado argumento,<span>\u00a0<\/span><strong><em>Spectrobes Or\u00edgenes<\/em><\/strong><span>\u00a0<\/span>te llevar\u00e1 a una nueva dimensi\u00f3n de diversi\u00f3n.<\/p>\n<p>Los h\u00e9roes Rallen y Jenna, miembros de la Patrulla Planetaria Nanairo encargada de velar por la seguridad de la galaxia, no necesitan presentaci\u00f3n entre los fans de Spectrobes. Si a\u00fan no conoces la serie, seguro que pronto te meter\u00e1s de lleno en esta interesante historia con una forma de juego muy intuitiva.<span>\u00a0<\/span><strong><em>Spectrobes Or\u00edgenes<\/em><\/strong><span>\u00a0<\/span>es mucho m\u00e1s que una secuela de la serie. Los portales interdimensionales llevan a los h\u00e9roes a un mundo donde pasado y presente convergen, y donde la verdad detr\u00e1s de los numerosos misterios de los dos juegos anteriores es desvelada a trav\u00e9s de secuencias de flashback.<\/p>\n<p>Para avanzar en el juego es necesario desenterrar los f\u00f3siles de los que despertar a las misteriosas criaturas llamadas Spectrobes. Estos seres pueden ser entrenados para que encuentren a otros Spectrobes, peleen contra los enemigos o evolucionen a formas m\u00e1s poderosas y avanzadas. El proceso de excavaci\u00f3n es m\u00e1s sofisticado que nunca, puesto que podr\u00e1s extraer f\u00f3siles en 3D. El exclusivo control que ofrece el mando de Wii te permitir\u00e1 recoger herramientas y apuntar con precisi\u00f3n al lugar en el que quieres utilizarlas. Dispondr\u00e1s de numerosos utensilios, tales como bombas, taladradoras y martillos pero tendr\u00e1s que estar muy atento durante la extracci\u00f3n de f\u00f3siles puesto que existen peligros ocultos como vapores, venenos, petr\u00f3leo y magma.<\/p>\n<p>A medida que re\u00fanes Spectrobes e incrementas su poder, tendr\u00e1s que recurrir al pensamiento estrat\u00e9gico para formar un equipo imbatible que se enfrente a los demoniacos Krawl. Una buena preparaci\u00f3n es la clave para conseguir el \u00e9xito, y<span>\u00a0<\/span><strong><em>Spectrobes Or\u00edgenes<\/em><\/strong><span>\u00a0<\/span>te permitir\u00e1 construir tus propias salas virtuales en las que entrenar a tu ej\u00e9rcito. Si consigues crear el ambiente \u00f3ptimo para los Spectrobes, lograr\u00e1s que \u00e9stos den lo mejor de s\u00ed mismos y dejen al enemigo tambale\u00e1ndose en el campo de batalla.<\/p>\n<p><!----><\/p>","protected":false},"excerpt":{"rendered":"<p>Siguiendo las dos excursiones intergal\u00e1cticas para Nintendo DS,\u00a0Spectrobes Or\u00edgenes\u00a0llega ahora a la consola Wii, donde tendr\u00e1s que luchar de nuevo contra los malvados Krawl, que amenazan la galaxia. Con novedosos Spectrobes que extraer de la roca y devolver a la vida, un juego cooperativo para dos jugadores y un enrevesado argumento,\u00a0Spectrobes Or\u00edgenes\u00a0te llevar\u00e1 a una [&hellip;]<\/p>\n","protected":false},"featured_media":21784,"template":"","meta":{"ocean_post_layout":"","ocean_both_sidebars_style":"","ocean_both_sidebars_content_width":0,"ocean_both_sidebars_sidebars_width":0,"ocean_sidebar":"","ocean_second_sidebar":"","ocean_disable_margins":"enable","ocean_add_body_class":"","ocean_shortcode_before_top_bar":"","ocean_shortcode_after_top_bar":"","ocean_shortcode_before_header":"","ocean_shortcode_after_header":"","ocean_has_shortcode":"","ocean_shortcode_after_title":"","ocean_shortcode_before_footer_widgets":"","ocean_shortcode_after_footer_widgets":"","ocean_shortcode_before_footer_bottom":"","ocean_shortcode_after_footer_bottom":"","ocean_display_top_bar":"default","ocean_display_header":"default","ocean_header_style":"","ocean_center_header_left_menu":"","ocean_custom_header_template":"","ocean_custom_logo":0,"ocean_custom_retina_logo":0,"ocean_custom_logo_max_width":0,"ocean_custom_logo_tablet_max_width":0,"ocean_custom_logo_mobile_max_width":0,"ocean_custom_logo_max_height":0,"ocean_custom_logo_tablet_max_height":0,"ocean_custom_logo_mobile_max_height":0,"ocean_header_custom_menu":"","ocean_menu_typo_font_family":"","ocean_menu_typo_font_subset":"","ocean_menu_typo_font_size":0,"ocean_menu_typo_font_size_tablet":0,"ocean_menu_typo_font_size_mobile":0,"ocean_menu_typo_font_size_unit":"px","ocean_menu_typo_font_weight":"","ocean_menu_typo_font_weight_tablet":"","ocean_menu_typo_font_weight_mobile":"","ocean_menu_typo_transform":"","ocean_menu_typo_transform_tablet":"","ocean_menu_typo_transform_mobile":"","ocean_menu_typo_line_height":0,"ocean_menu_typo_line_height_tablet":0,"ocean_menu_typo_line_height_mobile":0,"ocean_menu_typo_line_height_unit":"","ocean_menu_typo_spacing":0,"ocean_menu_typo_spacing_tablet":0,"ocean_menu_typo_spacing_mobile":0,"ocean_menu_typo_spacing_unit":"","ocean_menu_link_color":"","ocean_menu_link_color_hover":"","ocean_menu_link_color_active":"","ocean_menu_link_background":"","ocean_menu_link_hover_background":"","ocean_menu_link_active_background":"","ocean_menu_social_links_bg":"","ocean_menu_social_hover_links_bg":"","ocean_menu_social_links_color":"","ocean_menu_social_hover_links_color":"","ocean_disable_title":"default","ocean_disable_heading":"default","ocean_post_title":"","ocean_post_subheading":"","ocean_post_title_style":"","ocean_post_title_background_color":"","ocean_post_title_background":0,"ocean_post_title_bg_image_position":"","ocean_post_title_bg_image_attachment":"","ocean_post_title_bg_image_repeat":"","ocean_post_title_bg_image_size":"","ocean_post_title_height":0,"ocean_post_title_bg_overlay":0.5,"ocean_post_title_bg_overlay_color":"","ocean_disable_breadcrumbs":"default","ocean_breadcrumbs_color":"","ocean_breadcrumbs_separator_color":"","ocean_breadcrumbs_links_color":"","ocean_breadcrumbs_links_hover_color":"","ocean_display_footer_widgets":"default","ocean_display_footer_bottom":"default","ocean_custom_footer_template":""},"product_brand":[],"product_cat":[15],"product_tag":[],"class_list":{"0":"post-32055","1":"product","2":"type-product","3":"status-publish","4":"has-post-thumbnail","6":"product_cat-sin-categorizar","8":"entry","9":"has-media","11":"first","12":"outofstock","13":"taxable","14":"shipping-taxable","15":"purchasable","16":"product-type-simple","17":"col","18":"span_1_of_3","19":"owp-content-center","20":"owp-thumbs-layout-horizontal","21":"owp-btn-normal","22":"owp-tabs-layout-horizontal","23":"has-no-thumbnails"},"aioseo_notices":[],"_links":{"self":[{"href":"https:\/\/kaotostore.com\/en\/wp-json\/wp\/v2\/product\/32055","targetHints":{"allow":["GET"]}}],"collection":[{"href":"https:\/\/kaotostore.com\/en\/wp-json\/wp\/v2\/product"}],"about":[{"href":"https:\/\/kaotostore.com\/en\/wp-json\/wp\/v2\/types\/product"}],"wp:featuredmedia":[{"embeddable":true,"href":"https:\/\/kaotostore.com\/en\/wp-json\/wp\/v2\/media\/21784"}],"wp:attachment":[{"href":"https:\/\/kaotostore.com\/en\/wp-json\/wp\/v2\/media?parent=32055"}],"wp:term":[{"taxonomy":"product_brand","embeddable":true,"href":"https:\/\/kaotostore.com\/en\/wp-json\/wp\/v2\/product_brand?post=32055"},{"taxonomy":"product_cat","embeddable":true,"href":"https:\/\/kaotostore.com\/en\/wp-json\/wp\/v2\/product_cat?post=32055"},{"taxonomy":"product_tag","embeddable":true,"href":"https:\/\/kaotostore.com\/en\/wp-json\/wp\/v2\/product_tag?post=32055"}],"curies":[{"name":"wp","href":"https:\/\/api.w.org\/{rel}","templated":true}]}}