{"id":32042,"date":"2026-03-24T11:21:45","date_gmt":"2026-03-24T10:21:45","guid":{"rendered":"https:\/\/kaotostore.com\/producto\/spartan-total-warrior-gamecube\/"},"modified":"2026-04-09T11:33:45","modified_gmt":"2026-04-09T09:33:45","slug":"spartan-total-warrior-gamecube","status":"publish","type":"product","link":"https:\/\/kaotostore.com\/en\/product\/spartan-total-warrior-gamecube\/","title":{"rendered":"Spartan Total Warrior GAMECUBE"},"content":{"rendered":"<p><span>Regresa a los tiempos de la fundaci\u00f3n de las primeras civilizaciones, e intenta romperlas en pedazos. Eres Spartan, un guerrero de gran valor, y debes abrirte camino a trav\u00e9s de una fant\u00e1stica versi\u00f3n de la antigua Roma mientras diriges unidades militares, legiones de no-muertos y otras terror\u00edficas criaturas m\u00edticas semejantes. Con una combinaci\u00f3n de fr\u00edo acero y devastadores ataques m\u00e1gicos, lucha por la libertad y el honor, o simplemente trata de mantenerte vivo. Con el motor de Total Warrior capaz de mostrar m\u00e1s de 160 guerreros simult\u00e1neamente enzarzados en batalla en la pantalla, el combate puede dejar incluso a los m\u00e1s bravos luchadores postrados en tierra. Tanto si est\u00e1s escoltando a otros personajes para ponerlos a salvo, cazando y capturando a miembros de la fuerzas oponentes, o simplemente haciendo estragos con alguien lo suficientemente desafortunado como para molestarte, Total Warrior te ofrece una brutalidad de una belleza sin igual. Adquiere nuevas armas, s\u00e1cale el m\u00e1ximo partido a tu perspicacia, y consigue nuevos poderes gan\u00e1ndote el favor de los dioses. Pelea en ciudades, mazmorras y paisajes desolados, antes de plantarte de una zancada en el Coliseo de Roma para el vapuleo final entre gladiadores: hablamos ciertamente de una aventura \u00e9pica Total.<\/span><\/p>","protected":false},"excerpt":{"rendered":"<p>Regresa a los tiempos de la fundaci\u00f3n de las primeras civilizaciones, e intenta romperlas en pedazos. Eres Spartan, un guerrero de gran valor, y debes abrirte camino a trav\u00e9s de una fant\u00e1stica versi\u00f3n de la antigua Roma mientras diriges unidades militares, legiones de no-muertos y otras terror\u00edficas criaturas m\u00edticas semejantes. Con una combinaci\u00f3n de fr\u00edo [&hellip;]<\/p>\n","protected":false},"featured_media":21767,"template":"","meta":{"ocean_post_layout":"","ocean_both_sidebars_style":"","ocean_both_sidebars_content_width":0,"ocean_both_sidebars_sidebars_width":0,"ocean_sidebar":"","ocean_second_sidebar":"","ocean_disable_margins":"enable","ocean_add_body_class":"","ocean_shortcode_before_top_bar":"","ocean_shortcode_after_top_bar":"","ocean_shortcode_before_header":"","ocean_shortcode_after_header":"","ocean_has_shortcode":"","ocean_shortcode_after_title":"","ocean_shortcode_before_footer_widgets":"","ocean_shortcode_after_footer_widgets":"","ocean_shortcode_before_footer_bottom":"","ocean_shortcode_after_footer_bottom":"","ocean_display_top_bar":"default","ocean_display_header":"default","ocean_header_style":"","ocean_center_header_left_menu":"","ocean_custom_header_template":"","ocean_custom_logo":0,"ocean_custom_retina_logo":0,"ocean_custom_logo_max_width":0,"ocean_custom_logo_tablet_max_width":0,"ocean_custom_logo_mobile_max_width":0,"ocean_custom_logo_max_height":0,"ocean_custom_logo_tablet_max_height":0,"ocean_custom_logo_mobile_max_height":0,"ocean_header_custom_menu":"","ocean_menu_typo_font_family":"","ocean_menu_typo_font_subset":"","ocean_menu_typo_font_size":0,"ocean_menu_typo_font_size_tablet":0,"ocean_menu_typo_font_size_mobile":0,"ocean_menu_typo_font_size_unit":"px","ocean_menu_typo_font_weight":"","ocean_menu_typo_font_weight_tablet":"","ocean_menu_typo_font_weight_mobile":"","ocean_menu_typo_transform":"","ocean_menu_typo_transform_tablet":"","ocean_menu_typo_transform_mobile":"","ocean_menu_typo_line_height":0,"ocean_menu_typo_line_height_tablet":0,"ocean_menu_typo_line_height_mobile":0,"ocean_menu_typo_line_height_unit":"","ocean_menu_typo_spacing":0,"ocean_menu_typo_spacing_tablet":0,"ocean_menu_typo_spacing_mobile":0,"ocean_menu_typo_spacing_unit":"","ocean_menu_link_color":"","ocean_menu_link_color_hover":"","ocean_menu_link_color_active":"","ocean_menu_link_background":"","ocean_menu_link_hover_background":"","ocean_menu_link_active_background":"","ocean_menu_social_links_bg":"","ocean_menu_social_hover_links_bg":"","ocean_menu_social_links_color":"","ocean_menu_social_hover_links_color":"","ocean_disable_title":"default","ocean_disable_heading":"default","ocean_post_title":"","ocean_post_subheading":"","ocean_post_title_style":"","ocean_post_title_background_color":"","ocean_post_title_background":0,"ocean_post_title_bg_image_position":"","ocean_post_title_bg_image_attachment":"","ocean_post_title_bg_image_repeat":"","ocean_post_title_bg_image_size":"","ocean_post_title_height":0,"ocean_post_title_bg_overlay":0.5,"ocean_post_title_bg_overlay_color":"","ocean_disable_breadcrumbs":"default","ocean_breadcrumbs_color":"","ocean_breadcrumbs_separator_color":"","ocean_breadcrumbs_links_color":"","ocean_breadcrumbs_links_hover_color":"","ocean_display_footer_widgets":"default","ocean_display_footer_bottom":"default","ocean_custom_footer_template":""},"product_brand":[],"product_cat":[84,128],"product_tag":[],"class_list":{"0":"post-32042","1":"product","2":"type-product","3":"status-publish","4":"has-post-thumbnail","6":"product_cat-gamecube","7":"product_cat-ultimas-entradas","9":"entry","10":"has-media","12":"first","13":"instock","14":"taxable","15":"shipping-taxable","16":"purchasable","17":"product-type-simple","18":"col","19":"span_1_of_3","20":"owp-content-center","21":"owp-thumbs-layout-horizontal","22":"owp-btn-normal","23":"owp-tabs-layout-horizontal","24":"has-no-thumbnails"},"aioseo_notices":[],"_links":{"self":[{"href":"https:\/\/kaotostore.com\/en\/wp-json\/wp\/v2\/product\/32042","targetHints":{"allow":["GET"]}}],"collection":[{"href":"https:\/\/kaotostore.com\/en\/wp-json\/wp\/v2\/product"}],"about":[{"href":"https:\/\/kaotostore.com\/en\/wp-json\/wp\/v2\/types\/product"}],"wp:featuredmedia":[{"embeddable":true,"href":"https:\/\/kaotostore.com\/en\/wp-json\/wp\/v2\/media\/21767"}],"wp:attachment":[{"href":"https:\/\/kaotostore.com\/en\/wp-json\/wp\/v2\/media?parent=32042"}],"wp:term":[{"taxonomy":"product_brand","embeddable":true,"href":"https:\/\/kaotostore.com\/en\/wp-json\/wp\/v2\/product_brand?post=32042"},{"taxonomy":"product_cat","embeddable":true,"href":"https:\/\/kaotostore.com\/en\/wp-json\/wp\/v2\/product_cat?post=32042"},{"taxonomy":"product_tag","embeddable":true,"href":"https:\/\/kaotostore.com\/en\/wp-json\/wp\/v2\/product_tag?post=32042"}],"curies":[{"name":"wp","href":"https:\/\/api.w.org\/{rel}","templated":true}]}}