{"id":32000,"date":"2026-03-24T11:21:06","date_gmt":"2026-03-24T10:21:06","guid":{"rendered":"https:\/\/kaotostore.com\/producto\/sorcery-saga-curse-of-the-great-curry-god-vita\/"},"modified":"2026-05-07T16:26:21","modified_gmt":"2026-05-07T14:26:21","slug":"sorcery-saga-curse-of-the-great-curry-god-vita","status":"publish","type":"product","link":"https:\/\/kaotostore.com\/en\/product\/sorcery-saga-curse-of-the-great-curry-god-vita\/","title":{"rendered":"Sorcery Saga Curse of the Great Curry God VITA"},"content":{"rendered":"<p>Prep\u00e1rate para una deliciosa aventura llena de emoci\u00f3n \u00a1y de todo el curry que puedas comer! Disfruta de la perfecta mezcla de ingredientes emocionante exploraci\u00f3n de mazmorras, una narraci\u00f3n hilarante, atractivos personajes y toda la profundidad que esperar\u00edas de un RPG japon\u00e9s tan bien valorado en\u00a0<strong><em>Sorcery Saga: Curse of the Great Curry God<\/em><\/strong>.<\/p>\n<p>Cuenta la historia de Pupuru, una joven aspirante a hechiera que inicia una b\u00fasqueda para salvar el restaurante de curry de su amigo de una gran y mala cadena de curry que se ha mudado al vecindario. Una combinaci\u00f3n cl\u00e1sica de picard\u00eda y disparate en la que los jugadores investigar\u00e1n en mazmorras a la caza de ingredientes especiales y que ofrece una acci\u00f3n reminiscente del modo de juego de misterio y mazmorras que es tan popular en Jap\u00f3n.<\/p>\n<h4>Caracter\u00edsticas:<\/h4>\n<ul>\n<li>Una sabrosa mezcla de modo de juego de mazmorras y narraci\u00f3n t\u00edpica de los RPG\u2019s japoneses.<\/li>\n<li>\u00a1Consigue los Legendarios Ingredietnes en mazmorras que cambian de forma cada vez que entras!<\/li>\n<li>\u00a1Usa los ingredientes para preparar curry sobre la marcha y util\u00edzalo para que Pupuru recupere sus fuerzas! Ve coleccionando recetas de curry en un entorno muy c\u00f3mico y divertido.<\/li>\n<li>Alimenta a Kuu, el m\u00e1gico compa\u00f1ero de Pupuru y consigue nuevas habilidades que te ayudar\u00e1n a llegar m\u00e1s lejos.<\/li>\n<li>Conoce a un plantel de personajes memorables que se unir\u00e1n a Pupuru en su b\u00fasqueda del plato de curry definitivo.<\/li>\n<\/ul>\n<p>&nbsp;<\/p>","protected":false},"excerpt":{"rendered":"<p>Prep\u00e1rate para una deliciosa aventura llena de emoci\u00f3n \u00a1y de todo el curry que puedas comer! Disfruta de la perfecta mezcla de ingredientes emocionante exploraci\u00f3n de mazmorras, una narraci\u00f3n hilarante, atractivos personajes y toda la profundidad que esperar\u00edas de un RPG japon\u00e9s tan bien valorado en\u00a0Sorcery Saga: Curse of the Great Curry God. Cuenta la [&hellip;]<\/p>\n","protected":false},"featured_media":21699,"template":"","meta":{"ocean_post_layout":"","ocean_both_sidebars_style":"","ocean_both_sidebars_content_width":0,"ocean_both_sidebars_sidebars_width":0,"ocean_sidebar":"0","ocean_second_sidebar":"0","ocean_disable_margins":"enable","ocean_add_body_class":"","ocean_shortcode_before_top_bar":"","ocean_shortcode_after_top_bar":"","ocean_shortcode_before_header":"","ocean_shortcode_after_header":"","ocean_has_shortcode":"","ocean_shortcode_after_title":"","ocean_shortcode_before_footer_widgets":"","ocean_shortcode_after_footer_widgets":"","ocean_shortcode_before_footer_bottom":"","ocean_shortcode_after_footer_bottom":"","ocean_display_top_bar":"default","ocean_display_header":"default","ocean_header_style":"","ocean_center_header_left_menu":"0","ocean_custom_header_template":"0","ocean_custom_logo":0,"ocean_custom_retina_logo":0,"ocean_custom_logo_max_width":0,"ocean_custom_logo_tablet_max_width":0,"ocean_custom_logo_mobile_max_width":0,"ocean_custom_logo_max_height":0,"ocean_custom_logo_tablet_max_height":0,"ocean_custom_logo_mobile_max_height":0,"ocean_header_custom_menu":"0","ocean_menu_typo_font_family":"0","ocean_menu_typo_font_subset":"","ocean_menu_typo_font_size":0,"ocean_menu_typo_font_size_tablet":0,"ocean_menu_typo_font_size_mobile":0,"ocean_menu_typo_font_size_unit":"px","ocean_menu_typo_font_weight":"","ocean_menu_typo_font_weight_tablet":"","ocean_menu_typo_font_weight_mobile":"","ocean_menu_typo_transform":"","ocean_menu_typo_transform_tablet":"","ocean_menu_typo_transform_mobile":"","ocean_menu_typo_line_height":0,"ocean_menu_typo_line_height_tablet":0,"ocean_menu_typo_line_height_mobile":0,"ocean_menu_typo_line_height_unit":"","ocean_menu_typo_spacing":0,"ocean_menu_typo_spacing_tablet":0,"ocean_menu_typo_spacing_mobile":0,"ocean_menu_typo_spacing_unit":"","ocean_menu_link_color":"","ocean_menu_link_color_hover":"","ocean_menu_link_color_active":"","ocean_menu_link_background":"","ocean_menu_link_hover_background":"","ocean_menu_link_active_background":"","ocean_menu_social_links_bg":"","ocean_menu_social_hover_links_bg":"","ocean_menu_social_links_color":"","ocean_menu_social_hover_links_color":"","ocean_disable_title":"default","ocean_disable_heading":"default","ocean_post_title":"","ocean_post_subheading":"","ocean_post_title_style":"","ocean_post_title_background_color":"","ocean_post_title_background":0,"ocean_post_title_bg_image_position":"","ocean_post_title_bg_image_attachment":"","ocean_post_title_bg_image_repeat":"","ocean_post_title_bg_image_size":"","ocean_post_title_height":0,"ocean_post_title_bg_overlay":0.5,"ocean_post_title_bg_overlay_color":"","ocean_disable_breadcrumbs":"default","ocean_breadcrumbs_color":"","ocean_breadcrumbs_separator_color":"","ocean_breadcrumbs_links_color":"","ocean_breadcrumbs_links_hover_color":"","ocean_display_footer_widgets":"default","ocean_display_footer_bottom":"default","ocean_custom_footer_template":"0"},"product_brand":[],"product_cat":[128,131],"product_tag":[],"class_list":{"0":"post-32000","1":"product","2":"type-product","3":"status-publish","4":"has-post-thumbnail","6":"product_cat-ultimas-entradas","7":"product_cat-vita","9":"entry","10":"has-media","12":"first","13":"instock","14":"taxable","15":"shipping-taxable","16":"purchasable","17":"product-type-simple","18":"col","19":"span_1_of_3","20":"owp-content-center","21":"owp-thumbs-layout-horizontal","22":"owp-btn-normal","23":"owp-tabs-layout-horizontal","24":"has-no-thumbnails"},"aioseo_notices":[],"_links":{"self":[{"href":"https:\/\/kaotostore.com\/en\/wp-json\/wp\/v2\/product\/32000","targetHints":{"allow":["GET"]}}],"collection":[{"href":"https:\/\/kaotostore.com\/en\/wp-json\/wp\/v2\/product"}],"about":[{"href":"https:\/\/kaotostore.com\/en\/wp-json\/wp\/v2\/types\/product"}],"wp:featuredmedia":[{"embeddable":true,"href":"https:\/\/kaotostore.com\/en\/wp-json\/wp\/v2\/media\/21699"}],"wp:attachment":[{"href":"https:\/\/kaotostore.com\/en\/wp-json\/wp\/v2\/media?parent=32000"}],"wp:term":[{"taxonomy":"product_brand","embeddable":true,"href":"https:\/\/kaotostore.com\/en\/wp-json\/wp\/v2\/product_brand?post=32000"},{"taxonomy":"product_cat","embeddable":true,"href":"https:\/\/kaotostore.com\/en\/wp-json\/wp\/v2\/product_cat?post=32000"},{"taxonomy":"product_tag","embeddable":true,"href":"https:\/\/kaotostore.com\/en\/wp-json\/wp\/v2\/product_tag?post=32000"}],"curies":[{"name":"wp","href":"https:\/\/api.w.org\/{rel}","templated":true}]}}