{"id":31965,"date":"2026-03-24T11:20:23","date_gmt":"2026-03-24T10:20:23","guid":{"rendered":"https:\/\/kaotostore.com\/producto\/sonic-origins-plus-xbox-one-series-x\/"},"modified":"2026-04-09T11:33:48","modified_gmt":"2026-04-09T09:33:48","slug":"sonic-origins-plus-xbox-one-series-x","status":"publish","type":"product","link":"https:\/\/kaotostore.com\/en\/product\/sonic-origins-plus-xbox-one-series-x\/","title":{"rendered":"Sonic Origins Plus XBOX ONE \/ SERIES X"},"content":{"rendered":"<p>\u00a1Experimenta las aventuras recopiladas de Sonic the Hedgehog en el reci\u00e9n remasterizado Sonic Origins Plus! Con 16 t\u00edtulos legendarios de Sonic que incluyen 12 juegos de Game Gear, nuevos personajes jugables, modos, desaf\u00edos, contenido detr\u00e1s de escena y m\u00e1s, \u00a1esta es la forma definitiva de jugar a estos juegos cl\u00e1sicos!<\/p>\n<p>Caracter\u00edsticas:<\/p>\n<ul>\n<li>Edici\u00f3n F\u00edsica Premium. Aquellos que compren la Edici\u00f3n F\u00edsica tambi\u00e9n recibir\u00e1n una portada reversible de inspiraci\u00f3n retro y un libro de arte de 20 p\u00e1ginas.<\/li>\n<li>Classic Sonic Redefinido en Wide Screen. Explora 4 t\u00edtulos cl\u00e1sicos remasterizados de Sonic: Sonic the Hedgehog, Sonic 2, Sonic 3 &amp; Knuckles y Sonic CD en alta definici\u00f3n, \u00a1con nuevas animaciones de apertura y final para cada t\u00edtulo!<\/li>\n<li>Modos Cl\u00e1sico y Aniversario. \u00c1brete camino a trav\u00e9s de numerosas zonas en el modo cl\u00e1sico con la resoluci\u00f3n original del juego y vidas limitadas, o el nuevo modo aniversario con vidas ilimitadas en pantalla panor\u00e1mica HD renovada.<\/li>\n<li>Nuevos Personajes Jugables. \u00a1Juega como Sonic, Tails o Knuckles en Sonic the Hedgehog, Sonic the Hedgehog 2, Sonic 3 &amp; Knuckles y Sonic CD! Y por primera vez, \u00a1juega como Amy Rose en estos legendarios t\u00edtulos cl\u00e1sicos!<\/li>\n<li>12 T\u00edtulos de Sonic Game Gear. \u00a1Experimenta 12 de los m\u00e1s queridos t\u00edtulos de Sonic Game Gear en plataformas de la generaci\u00f3n actual!<\/li>\n<\/ul>\n<p>&nbsp;<\/p>","protected":false},"excerpt":{"rendered":"<p>\u00a1Experimenta las aventuras recopiladas de Sonic the Hedgehog en el reci\u00e9n remasterizado Sonic Origins Plus! Con 16 t\u00edtulos legendarios de Sonic que incluyen 12 juegos de Game Gear, nuevos personajes jugables, modos, desaf\u00edos, contenido detr\u00e1s de escena y m\u00e1s, \u00a1esta es la forma definitiva de jugar a estos juegos cl\u00e1sicos! Caracter\u00edsticas: Edici\u00f3n F\u00edsica Premium. Aquellos [&hellip;]<\/p>\n","protected":false},"featured_media":21660,"template":"","meta":{"ocean_post_layout":"","ocean_both_sidebars_style":"","ocean_both_sidebars_content_width":0,"ocean_both_sidebars_sidebars_width":0,"ocean_sidebar":"0","ocean_second_sidebar":"0","ocean_disable_margins":"enable","ocean_add_body_class":"","ocean_shortcode_before_top_bar":"","ocean_shortcode_after_top_bar":"","ocean_shortcode_before_header":"","ocean_shortcode_after_header":"","ocean_has_shortcode":"","ocean_shortcode_after_title":"","ocean_shortcode_before_footer_widgets":"","ocean_shortcode_after_footer_widgets":"","ocean_shortcode_before_footer_bottom":"","ocean_shortcode_after_footer_bottom":"","ocean_display_top_bar":"default","ocean_display_header":"default","ocean_header_style":"","ocean_center_header_left_menu":"0","ocean_custom_header_template":"0","ocean_custom_logo":0,"ocean_custom_retina_logo":0,"ocean_custom_logo_max_width":0,"ocean_custom_logo_tablet_max_width":0,"ocean_custom_logo_mobile_max_width":0,"ocean_custom_logo_max_height":0,"ocean_custom_logo_tablet_max_height":0,"ocean_custom_logo_mobile_max_height":0,"ocean_header_custom_menu":"0","ocean_menu_typo_font_family":"0","ocean_menu_typo_font_subset":"","ocean_menu_typo_font_size":0,"ocean_menu_typo_font_size_tablet":0,"ocean_menu_typo_font_size_mobile":0,"ocean_menu_typo_font_size_unit":"px","ocean_menu_typo_font_weight":"","ocean_menu_typo_font_weight_tablet":"","ocean_menu_typo_font_weight_mobile":"","ocean_menu_typo_transform":"","ocean_menu_typo_transform_tablet":"","ocean_menu_typo_transform_mobile":"","ocean_menu_typo_line_height":0,"ocean_menu_typo_line_height_tablet":0,"ocean_menu_typo_line_height_mobile":0,"ocean_menu_typo_line_height_unit":"","ocean_menu_typo_spacing":0,"ocean_menu_typo_spacing_tablet":0,"ocean_menu_typo_spacing_mobile":0,"ocean_menu_typo_spacing_unit":"","ocean_menu_link_color":"","ocean_menu_link_color_hover":"","ocean_menu_link_color_active":"","ocean_menu_link_background":"","ocean_menu_link_hover_background":"","ocean_menu_link_active_background":"","ocean_menu_social_links_bg":"","ocean_menu_social_hover_links_bg":"","ocean_menu_social_links_color":"","ocean_menu_social_hover_links_color":"","ocean_disable_title":"default","ocean_disable_heading":"default","ocean_post_title":"","ocean_post_subheading":"","ocean_post_title_style":"","ocean_post_title_background_color":"","ocean_post_title_background":0,"ocean_post_title_bg_image_position":"","ocean_post_title_bg_image_attachment":"","ocean_post_title_bg_image_repeat":"","ocean_post_title_bg_image_size":"","ocean_post_title_height":0,"ocean_post_title_bg_overlay":0.5,"ocean_post_title_bg_overlay_color":"","ocean_disable_breadcrumbs":"default","ocean_breadcrumbs_color":"","ocean_breadcrumbs_separator_color":"","ocean_breadcrumbs_links_color":"","ocean_breadcrumbs_links_hover_color":"","ocean_display_footer_widgets":"default","ocean_display_footer_bottom":"default","ocean_custom_footer_template":"0"},"product_brand":[],"product_cat":[120,128,138],"product_tag":[],"class_list":{"0":"post-31965","1":"product","2":"type-product","3":"status-publish","4":"has-post-thumbnail","6":"product_cat-series-x","7":"product_cat-ultimas-entradas","8":"product_cat-xbox-one","10":"entry","11":"has-media","13":"first","14":"instock","15":"taxable","16":"shipping-taxable","17":"purchasable","18":"product-type-simple","19":"col","20":"span_1_of_3","21":"owp-content-center","22":"owp-thumbs-layout-horizontal","23":"owp-btn-normal","24":"owp-tabs-layout-horizontal","25":"has-no-thumbnails"},"aioseo_notices":[],"_links":{"self":[{"href":"https:\/\/kaotostore.com\/en\/wp-json\/wp\/v2\/product\/31965","targetHints":{"allow":["GET"]}}],"collection":[{"href":"https:\/\/kaotostore.com\/en\/wp-json\/wp\/v2\/product"}],"about":[{"href":"https:\/\/kaotostore.com\/en\/wp-json\/wp\/v2\/types\/product"}],"wp:featuredmedia":[{"embeddable":true,"href":"https:\/\/kaotostore.com\/en\/wp-json\/wp\/v2\/media\/21660"}],"wp:attachment":[{"href":"https:\/\/kaotostore.com\/en\/wp-json\/wp\/v2\/media?parent=31965"}],"wp:term":[{"taxonomy":"product_brand","embeddable":true,"href":"https:\/\/kaotostore.com\/en\/wp-json\/wp\/v2\/product_brand?post=31965"},{"taxonomy":"product_cat","embeddable":true,"href":"https:\/\/kaotostore.com\/en\/wp-json\/wp\/v2\/product_cat?post=31965"},{"taxonomy":"product_tag","embeddable":true,"href":"https:\/\/kaotostore.com\/en\/wp-json\/wp\/v2\/product_tag?post=31965"}],"curies":[{"name":"wp","href":"https:\/\/api.w.org\/{rel}","templated":true}]}}