{"id":31910,"date":"2026-03-24T11:19:35","date_gmt":"2026-03-24T10:19:35","guid":{"rendered":"https:\/\/kaotostore.com\/producto\/solo-para-clientes-con-reserva-previa-zero-wing-cc-classic-console-shinyuden-mega-drive\/"},"modified":"2026-04-13T04:54:33","modified_gmt":"2026-04-13T02:54:33","slug":"solo-para-clientes-con-reserva-previa-zero-wing-cc-classic-console-shinyuden-mega-drive","status":"publish","type":"product","link":"https:\/\/kaotostore.com\/en\/product\/solo-para-clientes-con-reserva-previa-zero-wing-cc-classic-console-shinyuden-mega-drive\/","title":{"rendered":"SOLO PARA CLIENTES CON RESERVA PREVIA Zero Wing CC Classic Console Shinyuden MEGA DRIVE"},"content":{"rendered":"<h1><strong><span style=\"text-decoration: underline;\"><span style=\"color: rgb(255, 5, 5); text-decoration: underline;\">SOLO PARA CLIENTES CON RESERVA PREVIA, SE CANCELARAN LOS PEDIDOS QUE NO CUMPLAN ESTE REQUISITO<\/span><\/span><\/strong><\/h1>\n<p><\/p>\n<h3><strong><br \/>PVP: 69,95\u20ac \/ Fecha de salida: 30-31 de Diciembre 2025\u00a0<br \/><\/strong><\/h3>\n<p><strong><\/p>\n<p>-Juego en castellano\u00a0\u00a0<\/p>\n<p><\/strong><\/p>\n<p>ZERO WING regresa con una edici\u00f3n cl\u00e1sica repleta de extras para celebrar los 40 a\u00f1os de las obras maestras de Toaplan. Producto oficial exclusivo para el mercado espa\u00f1ol compatible con consolas de mega 16 bit.<\/p>\n<p>Esta edici\u00f3n incluye:<\/p>\n<p>&#8211; Car\u00e1tula reversible<br \/>&#8211; Manual de instrucciones a todo color<br \/>&#8211; 2 p\u00f3steres con los artes de portada del juego<br \/>&#8211; Set de 3 postales incluyendo el ic\u00f3nico \u00abAll your base are belong to us\u00bb<br \/>&#8211; Carta de coleccionista<br \/>&#8211; Cup\u00f3n promocional y tarjeta de registro de Shinyuden<br \/>&#8211; Pin de Zero Wing CC<\/p>\n<p><\/p>\n<p><!----><\/p>","protected":false},"excerpt":{"rendered":"<p>SOLO PARA CLIENTES CON RESERVA PREVIA, SE CANCELARAN LOS PEDIDOS QUE NO CUMPLAN ESTE REQUISITO PVP: 69,95\u20ac \/ Fecha de salida: 30-31 de Diciembre 2025\u00a0 -Juego en castellano\u00a0\u00a0 ZERO WING regresa con una edici\u00f3n cl\u00e1sica repleta de extras para celebrar los 40 a\u00f1os de las obras maestras de Toaplan. Producto oficial exclusivo para el mercado [&hellip;]<\/p>\n","protected":false},"featured_media":20126,"template":"","meta":{"ocean_post_layout":"","ocean_both_sidebars_style":"","ocean_both_sidebars_content_width":0,"ocean_both_sidebars_sidebars_width":0,"ocean_sidebar":"","ocean_second_sidebar":"","ocean_disable_margins":"enable","ocean_add_body_class":"","ocean_shortcode_before_top_bar":"","ocean_shortcode_after_top_bar":"","ocean_shortcode_before_header":"","ocean_shortcode_after_header":"","ocean_has_shortcode":"","ocean_shortcode_after_title":"","ocean_shortcode_before_footer_widgets":"","ocean_shortcode_after_footer_widgets":"","ocean_shortcode_before_footer_bottom":"","ocean_shortcode_after_footer_bottom":"","ocean_display_top_bar":"default","ocean_display_header":"default","ocean_header_style":"","ocean_center_header_left_menu":"","ocean_custom_header_template":"","ocean_custom_logo":0,"ocean_custom_retina_logo":0,"ocean_custom_logo_max_width":0,"ocean_custom_logo_tablet_max_width":0,"ocean_custom_logo_mobile_max_width":0,"ocean_custom_logo_max_height":0,"ocean_custom_logo_tablet_max_height":0,"ocean_custom_logo_mobile_max_height":0,"ocean_header_custom_menu":"","ocean_menu_typo_font_family":"","ocean_menu_typo_font_subset":"","ocean_menu_typo_font_size":0,"ocean_menu_typo_font_size_tablet":0,"ocean_menu_typo_font_size_mobile":0,"ocean_menu_typo_font_size_unit":"px","ocean_menu_typo_font_weight":"","ocean_menu_typo_font_weight_tablet":"","ocean_menu_typo_font_weight_mobile":"","ocean_menu_typo_transform":"","ocean_menu_typo_transform_tablet":"","ocean_menu_typo_transform_mobile":"","ocean_menu_typo_line_height":0,"ocean_menu_typo_line_height_tablet":0,"ocean_menu_typo_line_height_mobile":0,"ocean_menu_typo_line_height_unit":"","ocean_menu_typo_spacing":0,"ocean_menu_typo_spacing_tablet":0,"ocean_menu_typo_spacing_mobile":0,"ocean_menu_typo_spacing_unit":"","ocean_menu_link_color":"","ocean_menu_link_color_hover":"","ocean_menu_link_color_active":"","ocean_menu_link_background":"","ocean_menu_link_hover_background":"","ocean_menu_link_active_background":"","ocean_menu_social_links_bg":"","ocean_menu_social_hover_links_bg":"","ocean_menu_social_links_color":"","ocean_menu_social_hover_links_color":"","ocean_disable_title":"default","ocean_disable_heading":"default","ocean_post_title":"","ocean_post_subheading":"","ocean_post_title_style":"","ocean_post_title_background_color":"","ocean_post_title_background":0,"ocean_post_title_bg_image_position":"","ocean_post_title_bg_image_attachment":"","ocean_post_title_bg_image_repeat":"","ocean_post_title_bg_image_size":"","ocean_post_title_height":0,"ocean_post_title_bg_overlay":0.5,"ocean_post_title_bg_overlay_color":"","ocean_disable_breadcrumbs":"default","ocean_breadcrumbs_color":"","ocean_breadcrumbs_separator_color":"","ocean_breadcrumbs_links_color":"","ocean_breadcrumbs_links_hover_color":"","ocean_display_footer_widgets":"default","ocean_display_footer_bottom":"default","ocean_custom_footer_template":""},"product_brand":[],"product_cat":[88,98,128],"product_tag":[],"class_list":{"0":"post-31910","1":"product","2":"type-product","3":"status-publish","4":"has-post-thumbnail","6":"product_cat-mega-drive","7":"product_cat-novedades","8":"product_cat-ultimas-entradas","10":"entry","11":"has-media","13":"first","14":"instock","15":"taxable","16":"shipping-taxable","17":"purchasable","18":"product-type-simple","19":"col","20":"span_1_of_3","21":"owp-content-center","22":"owp-thumbs-layout-horizontal","23":"owp-btn-normal","24":"owp-tabs-layout-horizontal"},"aioseo_notices":[],"_links":{"self":[{"href":"https:\/\/kaotostore.com\/en\/wp-json\/wp\/v2\/product\/31910","targetHints":{"allow":["GET"]}}],"collection":[{"href":"https:\/\/kaotostore.com\/en\/wp-json\/wp\/v2\/product"}],"about":[{"href":"https:\/\/kaotostore.com\/en\/wp-json\/wp\/v2\/types\/product"}],"wp:featuredmedia":[{"embeddable":true,"href":"https:\/\/kaotostore.com\/en\/wp-json\/wp\/v2\/media\/20126"}],"wp:attachment":[{"href":"https:\/\/kaotostore.com\/en\/wp-json\/wp\/v2\/media?parent=31910"}],"wp:term":[{"taxonomy":"product_brand","embeddable":true,"href":"https:\/\/kaotostore.com\/en\/wp-json\/wp\/v2\/product_brand?post=31910"},{"taxonomy":"product_cat","embeddable":true,"href":"https:\/\/kaotostore.com\/en\/wp-json\/wp\/v2\/product_cat?post=31910"},{"taxonomy":"product_tag","embeddable":true,"href":"https:\/\/kaotostore.com\/en\/wp-json\/wp\/v2\/product_tag?post=31910"}],"curies":[{"name":"wp","href":"https:\/\/api.w.org\/{rel}","templated":true}]}}