{"id":31901,"date":"2026-03-24T11:19:28","date_gmt":"2026-03-24T10:19:28","guid":{"rendered":"https:\/\/kaotostore.com\/producto\/sol-cresta-dramatic-edition-switch-importacion-japonesa\/"},"modified":"2026-05-07T16:22:19","modified_gmt":"2026-05-07T14:22:19","slug":"sol-cresta-dramatic-edition-switch-importacion-japonesa","status":"publish","type":"product","link":"https:\/\/kaotostore.com\/en\/product\/sol-cresta-dramatic-edition-switch-importacion-japonesa\/","title":{"rendered":"Sol Cresta Dramatic Edition SWITCH (Importaci\u00f3n japonesa)"},"content":{"rendered":"<p><strong><span style=\"color: rgb(255, 5, 5);\">Si desea im\u00e1genes adicionales del producto, puede solicitarlas desde el formulario de contacto o en el email kaototienda@gmail.com<\/span><\/p>\n<p>-Juego en ingl\u00e9s<\/strong><strong><\/strong><strong><\/strong><\/p>\n<p>\u00a0<\/p>\n<p>\u00a1Pilota 3 naves para liberar el sistema solar de las garras del mal en este juego de disparos adaptable!<\/p>\n<p>La saga NEO-CLASSIC ARCADE de PlatinumGames recupera el esp\u00edritu y la diversi\u00f3n de los juegos cl\u00e1sicos usando las nuevas tecnolog\u00edas, y su primer proyecto en esta empresa es Sol Cresta. Sol Cresta coge las estrategias de acoplamiento y de formaci\u00f3n de los juegos de disparos cl\u00e1sicos Moon Cresta y Terra Cresta, y las lleva a otro nivel con el sistema de \u00abacoplamiento adaptable\u00bb. La nave insignia Yamato, formada por las naves Amaterasu, Tsukuyomi y Susano, disponen de distintos ataques seg\u00fan la alineaci\u00f3n de las tres naves. Acoplar, desacoplar y reformar las naves es la clave para derrotar a los ej\u00e9rcitos invasores de Mandler.<\/p>\n<p>Los seres humanos sufrieron una aplastante derrota a manos de Mandler durante su invasi\u00f3n del sistema solar. Tras perder la Luna y ser expulsados de la Tierra, se vieron obligados a retirarse a Laomedeia, la doceava luna de Neptuno. Con un \u00faltimo resquicio de esperanza, formaron el escuadr\u00f3n de recuperaci\u00f3n solar SOL CRESTA y confiaron el destino del sistema solar a la Yamato, la nave de guerra con tecnolog\u00eda de acoplamiento vanguardista.<\/p>\n<p>&#8211; Acoplamiento adaptable<\/p>\n<p>La Yamato se compone de 3 naves. Al principio, tendr\u00e1s que arregl\u00e1rtelas con una sola nave, \u00a1pero recoge el objeto adecuado y aparecer\u00e1n m\u00e1s naves para mejorarla! Acopla y desacopla para cambiar las propiedades de tus ataques y usar diferentes formaciones para tener acceso a un incre\u00edble arsenal.<\/p>\n<p>&#8211; La emoci\u00f3n de los cl\u00e1sicos de los 80<\/p>\n<p>La m\u00fasica de Sol Cresta nos llega de la mano del compositor de \u00abchiptunes\u00bb Yuzo Koshiro. Adem\u00e1s, el juego tambi\u00e9n rinde homenaje al dise\u00f1o gr\u00e1fico y de sonido de las entregas anteriores de la saga Cresta, recuperando as\u00ed la pasi\u00f3n por los juegos de las recreativas m\u00e1s all\u00e1 de la mera nostalgia. Incluso hay un l\u00edmite de tiempo, un modo caravana para altas puntuaciones y tablas de clasificaci\u00f3n en l\u00ednea.<\/p>\n<p>&#8211; El nuevo desaf\u00edo de PlatinumGames<\/p>\n<p>\u00bfQu\u00e9 pasar\u00eda si PlatinumGames, los desarrolladores de ic\u00f3nicos juegos repletos de acci\u00f3n como Bayonetta, le diesen una oportunidad al g\u00e9nero de los disparos? Esta es la respuesta. Los gr\u00e1ficos son cl\u00e1sicos, pero la originalidad y la profundidad de los sistemas y la jugabilidad ofrecen una compleja y renovada experiencia de disparos que va a mejor cada vez que vuelves a jugar.<\/p>\n<p><!----><\/p>","protected":false},"excerpt":{"rendered":"<p>Si desea im\u00e1genes adicionales del producto, puede solicitarlas desde el formulario de contacto o en el email kaototienda@gmail.com -Juego en ingl\u00e9s \u00a0 \u00a1Pilota 3 naves para liberar el sistema solar de las garras del mal en este juego de disparos adaptable! La saga NEO-CLASSIC ARCADE de PlatinumGames recupera el esp\u00edritu y la diversi\u00f3n de los [&hellip;]<\/p>\n","protected":false},"featured_media":21576,"template":"","meta":{"ocean_post_layout":"","ocean_both_sidebars_style":"","ocean_both_sidebars_content_width":0,"ocean_both_sidebars_sidebars_width":0,"ocean_sidebar":"","ocean_second_sidebar":"","ocean_disable_margins":"enable","ocean_add_body_class":"","ocean_shortcode_before_top_bar":"","ocean_shortcode_after_top_bar":"","ocean_shortcode_before_header":"","ocean_shortcode_after_header":"","ocean_has_shortcode":"","ocean_shortcode_after_title":"","ocean_shortcode_before_footer_widgets":"","ocean_shortcode_after_footer_widgets":"","ocean_shortcode_before_footer_bottom":"","ocean_shortcode_after_footer_bottom":"","ocean_display_top_bar":"default","ocean_display_header":"default","ocean_header_style":"","ocean_center_header_left_menu":"","ocean_custom_header_template":"","ocean_custom_logo":0,"ocean_custom_retina_logo":0,"ocean_custom_logo_max_width":0,"ocean_custom_logo_tablet_max_width":0,"ocean_custom_logo_mobile_max_width":0,"ocean_custom_logo_max_height":0,"ocean_custom_logo_tablet_max_height":0,"ocean_custom_logo_mobile_max_height":0,"ocean_header_custom_menu":"","ocean_menu_typo_font_family":"","ocean_menu_typo_font_subset":"","ocean_menu_typo_font_size":0,"ocean_menu_typo_font_size_tablet":0,"ocean_menu_typo_font_size_mobile":0,"ocean_menu_typo_font_size_unit":"px","ocean_menu_typo_font_weight":"","ocean_menu_typo_font_weight_tablet":"","ocean_menu_typo_font_weight_mobile":"","ocean_menu_typo_transform":"","ocean_menu_typo_transform_tablet":"","ocean_menu_typo_transform_mobile":"","ocean_menu_typo_line_height":0,"ocean_menu_typo_line_height_tablet":0,"ocean_menu_typo_line_height_mobile":0,"ocean_menu_typo_line_height_unit":"","ocean_menu_typo_spacing":0,"ocean_menu_typo_spacing_tablet":0,"ocean_menu_typo_spacing_mobile":0,"ocean_menu_typo_spacing_unit":"","ocean_menu_link_color":"","ocean_menu_link_color_hover":"","ocean_menu_link_color_active":"","ocean_menu_link_background":"","ocean_menu_link_hover_background":"","ocean_menu_link_active_background":"","ocean_menu_social_links_bg":"","ocean_menu_social_hover_links_bg":"","ocean_menu_social_links_color":"","ocean_menu_social_hover_links_color":"","ocean_disable_title":"default","ocean_disable_heading":"default","ocean_post_title":"","ocean_post_subheading":"","ocean_post_title_style":"","ocean_post_title_background_color":"","ocean_post_title_background":0,"ocean_post_title_bg_image_position":"","ocean_post_title_bg_image_attachment":"","ocean_post_title_bg_image_repeat":"","ocean_post_title_bg_image_size":"","ocean_post_title_height":0,"ocean_post_title_bg_overlay":0.5,"ocean_post_title_bg_overlay_color":"","ocean_disable_breadcrumbs":"default","ocean_breadcrumbs_color":"","ocean_breadcrumbs_separator_color":"","ocean_breadcrumbs_links_color":"","ocean_breadcrumbs_links_hover_color":"","ocean_display_footer_widgets":"default","ocean_display_footer_bottom":"default","ocean_custom_footer_template":""},"product_brand":[],"product_cat":[85,124,128],"product_tag":[],"class_list":{"0":"post-31901","1":"product","2":"type-product","3":"status-publish","4":"has-post-thumbnail","6":"product_cat-importacion","7":"product_cat-switch","8":"product_cat-ultimas-entradas","10":"entry","11":"has-media","13":"first","14":"outofstock","15":"taxable","16":"shipping-taxable","17":"purchasable","18":"product-type-simple","19":"col","20":"span_1_of_3","21":"owp-content-center","22":"owp-thumbs-layout-horizontal","23":"owp-btn-normal","24":"owp-tabs-layout-horizontal"},"aioseo_notices":[],"_links":{"self":[{"href":"https:\/\/kaotostore.com\/en\/wp-json\/wp\/v2\/product\/31901","targetHints":{"allow":["GET"]}}],"collection":[{"href":"https:\/\/kaotostore.com\/en\/wp-json\/wp\/v2\/product"}],"about":[{"href":"https:\/\/kaotostore.com\/en\/wp-json\/wp\/v2\/types\/product"}],"wp:featuredmedia":[{"embeddable":true,"href":"https:\/\/kaotostore.com\/en\/wp-json\/wp\/v2\/media\/21576"}],"wp:attachment":[{"href":"https:\/\/kaotostore.com\/en\/wp-json\/wp\/v2\/media?parent=31901"}],"wp:term":[{"taxonomy":"product_brand","embeddable":true,"href":"https:\/\/kaotostore.com\/en\/wp-json\/wp\/v2\/product_brand?post=31901"},{"taxonomy":"product_cat","embeddable":true,"href":"https:\/\/kaotostore.com\/en\/wp-json\/wp\/v2\/product_cat?post=31901"},{"taxonomy":"product_tag","embeddable":true,"href":"https:\/\/kaotostore.com\/en\/wp-json\/wp\/v2\/product_tag?post=31901"}],"curies":[{"name":"wp","href":"https:\/\/api.w.org\/{rel}","templated":true}]}}