{"id":31839,"date":"2026-03-24T11:18:22","date_gmt":"2026-03-24T10:18:22","guid":{"rendered":"https:\/\/kaotostore.com\/producto\/snow-bros-2-special-switch-importacion-japonesa\/"},"modified":"2026-04-09T12:15:44","modified_gmt":"2026-04-09T10:15:44","slug":"snow-bros-2-special-switch-importacion-japonesa","status":"publish","type":"product","link":"https:\/\/kaotostore.com\/en\/product\/snow-bros-2-special-switch-importacion-japonesa\/","title":{"rendered":"Snow Bros 2 Special SWITCH (Importaci\u00f3n japonesa)"},"content":{"rendered":"<p><strong><span><span style=\"color: rgb(255, 5, 5);\">Si desea im\u00e1genes adicionales del producto, puede solicitarlas desde el formulario de contacto o en el email kaototienda@gmail.com<\/span><\/span><\/p>\n<p>-Juego en castellano<\/p>\n<p><\/strong><\/p>\n<div class=\"row row-content\">\n<div class=\"col-xs-12 content\">\n<div class=\"row row-content\">\n<div class=\"col-xs-12 content\">\n<p>SNOW BROS. 2 SPECIAL es un remake de la versi\u00f3n de Snow Bros. 2 de 1994 de TOAPLAN. La licencia de PI est\u00e1 ahora en manos de TATSUJIN, quienes continuar\u00e1n con su legado. Disfruta de la trama original rescatando a una princesa del Rey Demonio, pero ahora con cuatro protagonistas cuyos dise\u00f1os de personaje y gr\u00e1ficos se han mejorado para adaptarse al renovado estilo actual del remake sin perder un \u00e1pice de sus cualidades \u00fanicas.<\/p>\n<p>Se ha a\u00f1adido compatibilidad para cuatro jugadores en multijugador \u2014lo que lo hace m\u00e1s divertido\u2014, adem\u00e1s de los nuevos modos de juego: Original, Supervivencia, Contrarreloj y Carrera celestial. Los jugadores tambi\u00e9n podr\u00e1n divertirse pas\u00e1ndose la fase del juego en la piel de uno de los m\u00faltiples enemigos monstruosos en el nuevo modo Desaf\u00edo monstruoso. Por \u00faltimo, pero no por ello menos importante, \u00a1se ha mejorado la calidad del juego en general con la incorporaci\u00f3n de varias fases nuevas!<\/p>\n<p>Caracter\u00edsticas del juego<\/p>\n<p>&#8211; Juega el t\u00edtulo en su estilo arcade original de 1994 o con el renovado estilo del remake.<\/p>\n<p>&#8211; Gr\u00e1ficos actualizados y mejorados.<\/p>\n<p>&#8211; Juego local o cooperativo en l\u00ednea para hasta cuatro jugadores.<\/p>\n<p>&#8211; Emocionantes modos de desaf\u00edo, como Supervivencia, Contrarreloj, Carrera celestial y Salto.<\/p>\n<p>&#8211; Sube la experiencia de nivel con nuevas fases, monstruos, jefes y mucho m\u00e1s.<\/p>\n<p>&#8211; \u00a1Ponte en su piel! Juega en la piel de una gran variedad de enemigos monstruosos en el modo Desaf\u00edo monstruoso.<\/p>\n<\/div>\n<\/div>\n<\/div>\n<\/div>\n<p>\u00a0<\/p>\n<p>\u00a0<\/p>\n<p><!----><\/p>","protected":false},"excerpt":{"rendered":"<p>Si desea im\u00e1genes adicionales del producto, puede solicitarlas desde el formulario de contacto o en el email kaototienda@gmail.com -Juego en castellano SNOW BROS. 2 SPECIAL es un remake de la versi\u00f3n de Snow Bros. 2 de 1994 de TOAPLAN. La licencia de PI est\u00e1 ahora en manos de TATSUJIN, quienes continuar\u00e1n con su legado. Disfruta [&hellip;]<\/p>\n","protected":false},"featured_media":21510,"template":"","meta":{"ocean_post_layout":"","ocean_both_sidebars_style":"","ocean_both_sidebars_content_width":0,"ocean_both_sidebars_sidebars_width":0,"ocean_sidebar":"","ocean_second_sidebar":"","ocean_disable_margins":"enable","ocean_add_body_class":"","ocean_shortcode_before_top_bar":"","ocean_shortcode_after_top_bar":"","ocean_shortcode_before_header":"","ocean_shortcode_after_header":"","ocean_has_shortcode":"","ocean_shortcode_after_title":"","ocean_shortcode_before_footer_widgets":"","ocean_shortcode_after_footer_widgets":"","ocean_shortcode_before_footer_bottom":"","ocean_shortcode_after_footer_bottom":"","ocean_display_top_bar":"default","ocean_display_header":"default","ocean_header_style":"","ocean_center_header_left_menu":"","ocean_custom_header_template":"","ocean_custom_logo":0,"ocean_custom_retina_logo":0,"ocean_custom_logo_max_width":0,"ocean_custom_logo_tablet_max_width":0,"ocean_custom_logo_mobile_max_width":0,"ocean_custom_logo_max_height":0,"ocean_custom_logo_tablet_max_height":0,"ocean_custom_logo_mobile_max_height":0,"ocean_header_custom_menu":"","ocean_menu_typo_font_family":"","ocean_menu_typo_font_subset":"","ocean_menu_typo_font_size":0,"ocean_menu_typo_font_size_tablet":0,"ocean_menu_typo_font_size_mobile":0,"ocean_menu_typo_font_size_unit":"px","ocean_menu_typo_font_weight":"","ocean_menu_typo_font_weight_tablet":"","ocean_menu_typo_font_weight_mobile":"","ocean_menu_typo_transform":"","ocean_menu_typo_transform_tablet":"","ocean_menu_typo_transform_mobile":"","ocean_menu_typo_line_height":0,"ocean_menu_typo_line_height_tablet":0,"ocean_menu_typo_line_height_mobile":0,"ocean_menu_typo_line_height_unit":"","ocean_menu_typo_spacing":0,"ocean_menu_typo_spacing_tablet":0,"ocean_menu_typo_spacing_mobile":0,"ocean_menu_typo_spacing_unit":"","ocean_menu_link_color":"","ocean_menu_link_color_hover":"","ocean_menu_link_color_active":"","ocean_menu_link_background":"","ocean_menu_link_hover_background":"","ocean_menu_link_active_background":"","ocean_menu_social_links_bg":"","ocean_menu_social_hover_links_bg":"","ocean_menu_social_links_color":"","ocean_menu_social_hover_links_color":"","ocean_disable_title":"default","ocean_disable_heading":"default","ocean_post_title":"","ocean_post_subheading":"","ocean_post_title_style":"","ocean_post_title_background_color":"","ocean_post_title_background":0,"ocean_post_title_bg_image_position":"","ocean_post_title_bg_image_attachment":"","ocean_post_title_bg_image_repeat":"","ocean_post_title_bg_image_size":"","ocean_post_title_height":0,"ocean_post_title_bg_overlay":0.5,"ocean_post_title_bg_overlay_color":"","ocean_disable_breadcrumbs":"default","ocean_breadcrumbs_color":"","ocean_breadcrumbs_separator_color":"","ocean_breadcrumbs_links_color":"","ocean_breadcrumbs_links_hover_color":"","ocean_display_footer_widgets":"default","ocean_display_footer_bottom":"default","ocean_custom_footer_template":""},"product_brand":[],"product_cat":[98,124,128],"product_tag":[],"class_list":{"0":"post-31839","1":"product","2":"type-product","3":"status-publish","4":"has-post-thumbnail","6":"product_cat-novedades","7":"product_cat-switch","8":"product_cat-ultimas-entradas","10":"entry","11":"has-media","13":"first","14":"instock","15":"taxable","16":"shipping-taxable","17":"purchasable","18":"product-type-simple","19":"col","20":"span_1_of_3","21":"owp-content-center","22":"owp-thumbs-layout-horizontal","23":"owp-btn-normal","24":"owp-tabs-layout-horizontal"},"aioseo_notices":[],"_links":{"self":[{"href":"https:\/\/kaotostore.com\/en\/wp-json\/wp\/v2\/product\/31839","targetHints":{"allow":["GET"]}}],"collection":[{"href":"https:\/\/kaotostore.com\/en\/wp-json\/wp\/v2\/product"}],"about":[{"href":"https:\/\/kaotostore.com\/en\/wp-json\/wp\/v2\/types\/product"}],"wp:featuredmedia":[{"embeddable":true,"href":"https:\/\/kaotostore.com\/en\/wp-json\/wp\/v2\/media\/21510"}],"wp:attachment":[{"href":"https:\/\/kaotostore.com\/en\/wp-json\/wp\/v2\/media?parent=31839"}],"wp:term":[{"taxonomy":"product_brand","embeddable":true,"href":"https:\/\/kaotostore.com\/en\/wp-json\/wp\/v2\/product_brand?post=31839"},{"taxonomy":"product_cat","embeddable":true,"href":"https:\/\/kaotostore.com\/en\/wp-json\/wp\/v2\/product_cat?post=31839"},{"taxonomy":"product_tag","embeddable":true,"href":"https:\/\/kaotostore.com\/en\/wp-json\/wp\/v2\/product_tag?post=31839"}],"curies":[{"name":"wp","href":"https:\/\/api.w.org\/{rel}","templated":true}]}}