{"id":31816,"date":"2026-03-24T11:17:59","date_gmt":"2026-03-24T10:17:59","guid":{"rendered":"https:\/\/kaotostore.com\/producto\/slave-zero-x-calamity-edition-switch\/"},"modified":"2026-04-09T15:34:59","modified_gmt":"2026-04-09T13:34:59","slug":"slave-zero-x-calamity-edition-switch","status":"publish","type":"product","link":"https:\/\/kaotostore.com\/en\/product\/slave-zero-x-calamity-edition-switch\/","title":{"rendered":"Slave Zero X Calamity Edition SWITCH"},"content":{"rendered":"<div class=\"row row-content\">\n<div class=\"col-xs-12 content\">\n<div class=\"row row-content\">\n<div class=\"col-xs-12 content\">\n<p><strong><span style=\"color: rgb(255, 5, 5);\">Si desea im\u00e1genes adicionales del producto, puede solicitarlas desde el formulario de contacto o en el email kaototienda@gmail.com<\/span><\/p>\n<p>-Incluye:<br \/>\u00a0-Juego f\u00edsico Slave Zero X<br \/>\u00a0-Libro de arte<br \/>\u00a0-OST<br \/>\u00a0-Set de Postales<br \/>\u00a0-Guia<\/strong><\/p>\n<p>Desde lo alto de Megacity S1-9, el soberano Khan gobierna con mano de hierro\u2026 y de carne. Bajo los cimientos en descomposici\u00f3n de la ciudad, un guerrero con sed de venganza se embarca en una cruzada para asesinarlo. Cinco a\u00f1os antes de los acontecimientos de Slave Zero, Slave Zero X insufla nueva vida a un mundo en el que terror\u00edficas m\u00e1quinas vivientes conocidas como Esclavos est\u00e1n preparadas para convertirse en las \u00faltimas herramientas de guerra en la larga y sangrienta historia de la humanidad. Una banda secreta de guerreros conocidos como Los Guardianes pretende impedir que estos seres biomec\u00e1nicos se desplieguen por todo el mundo, pero uno de sus espadachines tiene otro plan: usar la propia arma del enemigo en su contra. Al unirse a un prototipo de unidad Esclavo robado, Shou se convertir\u00e1 en un feroz demonio con el objetivo de matar a un falso dios.<\/p>\n<p>\u2022 COMBOS LETALES: maneja la espada con rapidez, emplea artiller\u00eda explosiva y realiza combos espectaculares contra un ej\u00e9rcito de carne y metal.<\/p>\n<p>\u2022 MUERTE DESDE LAS ALTURAS: las acrobacias a\u00e9reas, las embestidas y los frecuentes cambios de objetivo te permiten derrotar a adversarios de todos los tama\u00f1os, mientras que saltar por paredes y plataformas te ayudar\u00e1 a ganarle la partida a tus enemigos.<\/p>\n<p>\u2022 LUCHA POR TU VIDA: derrota a minijefes y supera escenarios y enfrentamientos culminantes uno contra uno en intensos desaf\u00edos contra villanos memorables.<\/p>\n<p>\u2022 LA FUERZA SIN CONTROL NO SIRVE DE NADA: utiliza la sala de entrenamiento para perfeccionar la precisi\u00f3n y la potencia de tus movimientos y as\u00ed poder conectar secuencias de ataque devastadoras.<\/p>\n<p>\u2022 BATALLAS AL RITMO DE LA M\u00daSICA: una banda sonora inspirada en los a\u00f1os 90 que incluye temas ca\u00f1eros de drum and bass y funky industrial que a\u00f1aden emoci\u00f3n al combate.<\/p>\n<p>\u2022 UN DELEITE PARA LA VISTA: una est\u00e9tica visual \u00fanica que combina nost\u00e1lgicos sprites en 2D con un avanzado sistema de iluminaci\u00f3n y entornos 3D estilizados.<\/p>\n<p>\u2022 EL FINAL NUNCA ES EL FINAL: tras completar la campa\u00f1a principal, te esperan m\u00e1s desaf\u00edos en el \u00abCastelo Vermelho\u00bb, una extensa y fren\u00e9tica torre de desaf\u00edos procedimentales con una clasificaci\u00f3n online de mejores puntuaciones.<\/p>\n<\/div>\n<\/div>\n<\/div>\n<\/div>\n<p><!----><\/p>","protected":false},"excerpt":{"rendered":"<p>Si desea im\u00e1genes adicionales del producto, puede solicitarlas desde el formulario de contacto o en el email kaototienda@gmail.com -Incluye:\u00a0-Juego f\u00edsico Slave Zero X\u00a0-Libro de arte\u00a0-OST\u00a0-Set de Postales\u00a0-Guia Desde lo alto de Megacity S1-9, el soberano Khan gobierna con mano de hierro\u2026 y de carne. Bajo los cimientos en descomposici\u00f3n de la ciudad, un guerrero con [&hellip;]<\/p>\n","protected":false},"featured_media":21469,"template":"","meta":{"ocean_post_layout":"","ocean_both_sidebars_style":"","ocean_both_sidebars_content_width":0,"ocean_both_sidebars_sidebars_width":0,"ocean_sidebar":"","ocean_second_sidebar":"","ocean_disable_margins":"enable","ocean_add_body_class":"","ocean_shortcode_before_top_bar":"","ocean_shortcode_after_top_bar":"","ocean_shortcode_before_header":"","ocean_shortcode_after_header":"","ocean_has_shortcode":"","ocean_shortcode_after_title":"","ocean_shortcode_before_footer_widgets":"","ocean_shortcode_after_footer_widgets":"","ocean_shortcode_before_footer_bottom":"","ocean_shortcode_after_footer_bottom":"","ocean_display_top_bar":"default","ocean_display_header":"default","ocean_header_style":"","ocean_center_header_left_menu":"","ocean_custom_header_template":"","ocean_custom_logo":0,"ocean_custom_retina_logo":0,"ocean_custom_logo_max_width":0,"ocean_custom_logo_tablet_max_width":0,"ocean_custom_logo_mobile_max_width":0,"ocean_custom_logo_max_height":0,"ocean_custom_logo_tablet_max_height":0,"ocean_custom_logo_mobile_max_height":0,"ocean_header_custom_menu":"","ocean_menu_typo_font_family":"","ocean_menu_typo_font_subset":"","ocean_menu_typo_font_size":0,"ocean_menu_typo_font_size_tablet":0,"ocean_menu_typo_font_size_mobile":0,"ocean_menu_typo_font_size_unit":"px","ocean_menu_typo_font_weight":"","ocean_menu_typo_font_weight_tablet":"","ocean_menu_typo_font_weight_mobile":"","ocean_menu_typo_transform":"","ocean_menu_typo_transform_tablet":"","ocean_menu_typo_transform_mobile":"","ocean_menu_typo_line_height":0,"ocean_menu_typo_line_height_tablet":0,"ocean_menu_typo_line_height_mobile":0,"ocean_menu_typo_line_height_unit":"","ocean_menu_typo_spacing":0,"ocean_menu_typo_spacing_tablet":0,"ocean_menu_typo_spacing_mobile":0,"ocean_menu_typo_spacing_unit":"","ocean_menu_link_color":"","ocean_menu_link_color_hover":"","ocean_menu_link_color_active":"","ocean_menu_link_background":"","ocean_menu_link_hover_background":"","ocean_menu_link_active_background":"","ocean_menu_social_links_bg":"","ocean_menu_social_hover_links_bg":"","ocean_menu_social_links_color":"","ocean_menu_social_hover_links_color":"","ocean_disable_title":"default","ocean_disable_heading":"default","ocean_post_title":"","ocean_post_subheading":"","ocean_post_title_style":"","ocean_post_title_background_color":"","ocean_post_title_background":0,"ocean_post_title_bg_image_position":"","ocean_post_title_bg_image_attachment":"","ocean_post_title_bg_image_repeat":"","ocean_post_title_bg_image_size":"","ocean_post_title_height":0,"ocean_post_title_bg_overlay":0.5,"ocean_post_title_bg_overlay_color":"","ocean_disable_breadcrumbs":"default","ocean_breadcrumbs_color":"","ocean_breadcrumbs_separator_color":"","ocean_breadcrumbs_links_color":"","ocean_breadcrumbs_links_hover_color":"","ocean_display_footer_widgets":"default","ocean_display_footer_bottom":"default","ocean_custom_footer_template":""},"product_brand":[],"product_cat":[124],"product_tag":[],"class_list":{"0":"post-31816","1":"product","2":"type-product","3":"status-publish","4":"has-post-thumbnail","6":"product_cat-switch","8":"entry","9":"has-media","11":"first","12":"outofstock","13":"taxable","14":"shipping-taxable","15":"purchasable","16":"product-type-simple","17":"col","18":"span_1_of_3","19":"owp-content-center","20":"owp-thumbs-layout-horizontal","21":"owp-btn-normal","22":"owp-tabs-layout-horizontal"},"aioseo_notices":[],"_links":{"self":[{"href":"https:\/\/kaotostore.com\/en\/wp-json\/wp\/v2\/product\/31816","targetHints":{"allow":["GET"]}}],"collection":[{"href":"https:\/\/kaotostore.com\/en\/wp-json\/wp\/v2\/product"}],"about":[{"href":"https:\/\/kaotostore.com\/en\/wp-json\/wp\/v2\/types\/product"}],"wp:featuredmedia":[{"embeddable":true,"href":"https:\/\/kaotostore.com\/en\/wp-json\/wp\/v2\/media\/21469"}],"wp:attachment":[{"href":"https:\/\/kaotostore.com\/en\/wp-json\/wp\/v2\/media?parent=31816"}],"wp:term":[{"taxonomy":"product_brand","embeddable":true,"href":"https:\/\/kaotostore.com\/en\/wp-json\/wp\/v2\/product_brand?post=31816"},{"taxonomy":"product_cat","embeddable":true,"href":"https:\/\/kaotostore.com\/en\/wp-json\/wp\/v2\/product_cat?post=31816"},{"taxonomy":"product_tag","embeddable":true,"href":"https:\/\/kaotostore.com\/en\/wp-json\/wp\/v2\/product_tag?post=31816"}],"curies":[{"name":"wp","href":"https:\/\/api.w.org\/{rel}","templated":true}]}}