{"id":31336,"date":"2026-03-24T11:11:25","date_gmt":"2026-03-24T10:11:25","guid":{"rendered":"https:\/\/kaotostore.com\/producto\/shadowverse-champions-battle-switch\/"},"modified":"2026-04-09T15:34:41","modified_gmt":"2026-04-09T13:34:41","slug":"shadowverse-champions-battle-switch","status":"publish","type":"product","link":"https:\/\/kaotostore.com\/en\/product\/shadowverse-champions-battle-switch\/","title":{"rendered":"Shadowverse Champions Battle SWITCH"},"content":{"rendered":"<div class=\"accordion\">\n<div id=\"accordion-0\" class=\"accordion-item accordion-item-\">\n<div class=\"accordion-content\">\n<div class=\"accordion-content-inner\">\n<div class=\"product-details-content\">\n<div>\n<h4>\u00a1Llega la pr\u00f3xima evoluci\u00f3n en batalla de cartas!<\/h4>\n<p>Acompa\u00f1a a los personajes del c\u00e9lebre anime Shadowverse en este trepidante juego de batalla de cartas. Con espectaculares animaciones modernas para las invocaciones y cartas exclusivas &#8211; \u00a1enfr\u00e9ntate a tus rivales en el modo historia, o desaf\u00eda a tus amigos jugando en l\u00ednea!<\/p>\n<h4>\u00a1Ideal para principiantes! \u00a1Aprende todas las reglas y la jerga de Shadowverse mientras juegas!<\/h4>\n<p>Los jugadores reci\u00e9n llegados a Shadowverse pueden aprender el juego avanzando por el extenso modo historia, donde contar\u00e1n con infinidad de ayudas para no atascarse. Incluso quienes no hayan probado nunca los juegos de cartas aprender\u00e1n las reglas enseguida.<\/p>\n<h4>\u00a1Montones de partidas en l\u00ednea y en local!<\/h4>\n<p>Enfr\u00e9ntate a jugadores de todo el mundo en batallas clasificadas y gana puntos para las recompensas que ofrece el pase de batalla, o busca a un amigo que tambi\u00e9n tenga una copia del juego para luchar en local.<\/p>\n<\/div>\n<p><span><br \/><\/span><\/p>\n<\/div>\n<\/div>\n<\/div>\n<\/div>\n<\/div>\n<div class=\"accordion\">\n<div id=\"accordion-0\" class=\"accordion-item accordion-item-\"><\/div>\n<\/div>\n<p><!----><\/p>","protected":false},"excerpt":{"rendered":"<p>\u00a1Llega la pr\u00f3xima evoluci\u00f3n en batalla de cartas! Acompa\u00f1a a los personajes del c\u00e9lebre anime Shadowverse en este trepidante juego de batalla de cartas. Con espectaculares animaciones modernas para las invocaciones y cartas exclusivas &#8211; \u00a1enfr\u00e9ntate a tus rivales en el modo historia, o desaf\u00eda a tus amigos jugando en l\u00ednea! \u00a1Ideal para principiantes! \u00a1Aprende [&hellip;]<\/p>\n","protected":false},"featured_media":20877,"template":"","meta":{"ocean_post_layout":"","ocean_both_sidebars_style":"","ocean_both_sidebars_content_width":0,"ocean_both_sidebars_sidebars_width":0,"ocean_sidebar":"","ocean_second_sidebar":"","ocean_disable_margins":"enable","ocean_add_body_class":"","ocean_shortcode_before_top_bar":"","ocean_shortcode_after_top_bar":"","ocean_shortcode_before_header":"","ocean_shortcode_after_header":"","ocean_has_shortcode":"","ocean_shortcode_after_title":"","ocean_shortcode_before_footer_widgets":"","ocean_shortcode_after_footer_widgets":"","ocean_shortcode_before_footer_bottom":"","ocean_shortcode_after_footer_bottom":"","ocean_display_top_bar":"default","ocean_display_header":"default","ocean_header_style":"","ocean_center_header_left_menu":"","ocean_custom_header_template":"","ocean_custom_logo":0,"ocean_custom_retina_logo":0,"ocean_custom_logo_max_width":0,"ocean_custom_logo_tablet_max_width":0,"ocean_custom_logo_mobile_max_width":0,"ocean_custom_logo_max_height":0,"ocean_custom_logo_tablet_max_height":0,"ocean_custom_logo_mobile_max_height":0,"ocean_header_custom_menu":"","ocean_menu_typo_font_family":"","ocean_menu_typo_font_subset":"","ocean_menu_typo_font_size":0,"ocean_menu_typo_font_size_tablet":0,"ocean_menu_typo_font_size_mobile":0,"ocean_menu_typo_font_size_unit":"px","ocean_menu_typo_font_weight":"","ocean_menu_typo_font_weight_tablet":"","ocean_menu_typo_font_weight_mobile":"","ocean_menu_typo_transform":"","ocean_menu_typo_transform_tablet":"","ocean_menu_typo_transform_mobile":"","ocean_menu_typo_line_height":0,"ocean_menu_typo_line_height_tablet":0,"ocean_menu_typo_line_height_mobile":0,"ocean_menu_typo_line_height_unit":"","ocean_menu_typo_spacing":0,"ocean_menu_typo_spacing_tablet":0,"ocean_menu_typo_spacing_mobile":0,"ocean_menu_typo_spacing_unit":"","ocean_menu_link_color":"","ocean_menu_link_color_hover":"","ocean_menu_link_color_active":"","ocean_menu_link_background":"","ocean_menu_link_hover_background":"","ocean_menu_link_active_background":"","ocean_menu_social_links_bg":"","ocean_menu_social_hover_links_bg":"","ocean_menu_social_links_color":"","ocean_menu_social_hover_links_color":"","ocean_disable_title":"default","ocean_disable_heading":"default","ocean_post_title":"","ocean_post_subheading":"","ocean_post_title_style":"","ocean_post_title_background_color":"","ocean_post_title_background":0,"ocean_post_title_bg_image_position":"","ocean_post_title_bg_image_attachment":"","ocean_post_title_bg_image_repeat":"","ocean_post_title_bg_image_size":"","ocean_post_title_height":0,"ocean_post_title_bg_overlay":0.5,"ocean_post_title_bg_overlay_color":"","ocean_disable_breadcrumbs":"default","ocean_breadcrumbs_color":"","ocean_breadcrumbs_separator_color":"","ocean_breadcrumbs_links_color":"","ocean_breadcrumbs_links_hover_color":"","ocean_display_footer_widgets":"default","ocean_display_footer_bottom":"default","ocean_custom_footer_template":""},"product_brand":[],"product_cat":[124,128],"product_tag":[],"class_list":{"0":"post-31336","1":"product","2":"type-product","3":"status-publish","4":"has-post-thumbnail","6":"product_cat-switch","7":"product_cat-ultimas-entradas","9":"entry","10":"has-media","12":"first","13":"outofstock","14":"taxable","15":"shipping-taxable","16":"purchasable","17":"product-type-simple","18":"col","19":"span_1_of_3","20":"owp-content-center","21":"owp-thumbs-layout-horizontal","22":"owp-btn-normal","23":"owp-tabs-layout-horizontal","24":"has-no-thumbnails"},"aioseo_notices":[],"_links":{"self":[{"href":"https:\/\/kaotostore.com\/en\/wp-json\/wp\/v2\/product\/31336","targetHints":{"allow":["GET"]}}],"collection":[{"href":"https:\/\/kaotostore.com\/en\/wp-json\/wp\/v2\/product"}],"about":[{"href":"https:\/\/kaotostore.com\/en\/wp-json\/wp\/v2\/types\/product"}],"wp:featuredmedia":[{"embeddable":true,"href":"https:\/\/kaotostore.com\/en\/wp-json\/wp\/v2\/media\/20877"}],"wp:attachment":[{"href":"https:\/\/kaotostore.com\/en\/wp-json\/wp\/v2\/media?parent=31336"}],"wp:term":[{"taxonomy":"product_brand","embeddable":true,"href":"https:\/\/kaotostore.com\/en\/wp-json\/wp\/v2\/product_brand?post=31336"},{"taxonomy":"product_cat","embeddable":true,"href":"https:\/\/kaotostore.com\/en\/wp-json\/wp\/v2\/product_cat?post=31336"},{"taxonomy":"product_tag","embeddable":true,"href":"https:\/\/kaotostore.com\/en\/wp-json\/wp\/v2\/product_tag?post=31336"}],"curies":[{"name":"wp","href":"https:\/\/api.w.org\/{rel}","templated":true}]}}