{"id":31303,"date":"2026-03-24T11:03:04","date_gmt":"2026-03-24T10:03:04","guid":{"rendered":"https:\/\/kaotostore.com\/producto\/sensei-no02-dialogos-con-maestros-del-videojuego-japones\/"},"modified":"2026-04-07T12:23:54","modified_gmt":"2026-04-07T10:23:54","slug":"sensei-no02-dialogos-con-maestros-del-videojuego-japones","status":"publish","type":"product","link":"https:\/\/kaotostore.com\/en\/product\/sensei-no02-dialogos-con-maestros-del-videojuego-japones\/","title":{"rendered":"Sensei N\u00ba02 Dialogos Con Maestros Del Videojuego Japones"},"content":{"rendered":"<p><strong>-Libro en castellano<\/p>\n<p><\/strong><\/p>\n<div class=\"hr av-k4mqtv6q-4-55f4dd7cfd6f4bd953ce720d106d63c1 hr-custom  avia-builder-el-22  el_after_av_promobox  el_before_av_one_full  hr-center hr-icon-no\">Diez figuras de indiscutible talla de la industria japonesa del videojuego, creadores de t\u00edtulos ic\u00f3nicos como Rez, Ico o PaRappa the Rapper, se dan cita para compartir su sabidur\u00eda. En esta remesa de extensas entrevistas se ahonda en la personalidad, h\u00e1bitos, historial, \u00e9xitos y gajes del ofi cio de unos maestros que destapan el tarro de las esencias para el p\u00fablico occidental de manera incondicional y sin escatimar en detalles. Conoce de primera mano los entresijos de grandes empresas japonesas como Taito, SEGA o Capcom, construidas sobre la base del ingenio y talento de unas fi guras cuyo legado sigue presente entre nosotros. Descubre historias ins\u00f3litas de la mano del creador de la m\u00edtica \u00abm\u00e1quina del pu\u00f1etazo\u00bb, el director del \u00fanico videojuego protagonizado en vida por Michael Jackson o la compositora de Street Fighter II y Kingdom Hearts, entre otros senseis. Si sientes curiosidad por las fi guras que hay detr\u00e1s de videojuegos que marcaron \u00e9poca y fueron referentes de toda una generaci\u00f3n, tanto en Jap\u00f3n como fuera de sus fronteras, este volumen saciar\u00e1 tu sed de conocimientos.<\/div>\n<p><!----><\/p>","protected":false},"excerpt":{"rendered":"<p>-Libro en castellano Diez figuras de indiscutible talla de la industria japonesa del videojuego, creadores de t\u00edtulos ic\u00f3nicos como Rez, Ico o PaRappa the Rapper, se dan cita para compartir su sabidur\u00eda. En esta remesa de extensas entrevistas se ahonda en la personalidad, h\u00e1bitos, historial, \u00e9xitos y gajes del ofi cio de unos maestros que [&hellip;]<\/p>\n","protected":false},"featured_media":20824,"template":"","meta":{"ocean_post_layout":"","ocean_both_sidebars_style":"","ocean_both_sidebars_content_width":0,"ocean_both_sidebars_sidebars_width":0,"ocean_sidebar":"","ocean_second_sidebar":"","ocean_disable_margins":"enable","ocean_add_body_class":"","ocean_shortcode_before_top_bar":"","ocean_shortcode_after_top_bar":"","ocean_shortcode_before_header":"","ocean_shortcode_after_header":"","ocean_has_shortcode":"","ocean_shortcode_after_title":"","ocean_shortcode_before_footer_widgets":"","ocean_shortcode_after_footer_widgets":"","ocean_shortcode_before_footer_bottom":"","ocean_shortcode_after_footer_bottom":"","ocean_display_top_bar":"default","ocean_display_header":"default","ocean_header_style":"","ocean_center_header_left_menu":"","ocean_custom_header_template":"","ocean_custom_logo":0,"ocean_custom_retina_logo":0,"ocean_custom_logo_max_width":0,"ocean_custom_logo_tablet_max_width":0,"ocean_custom_logo_mobile_max_width":0,"ocean_custom_logo_max_height":0,"ocean_custom_logo_tablet_max_height":0,"ocean_custom_logo_mobile_max_height":0,"ocean_header_custom_menu":"","ocean_menu_typo_font_family":"","ocean_menu_typo_font_subset":"","ocean_menu_typo_font_size":0,"ocean_menu_typo_font_size_tablet":0,"ocean_menu_typo_font_size_mobile":0,"ocean_menu_typo_font_size_unit":"px","ocean_menu_typo_font_weight":"","ocean_menu_typo_font_weight_tablet":"","ocean_menu_typo_font_weight_mobile":"","ocean_menu_typo_transform":"","ocean_menu_typo_transform_tablet":"","ocean_menu_typo_transform_mobile":"","ocean_menu_typo_line_height":0,"ocean_menu_typo_line_height_tablet":0,"ocean_menu_typo_line_height_mobile":0,"ocean_menu_typo_line_height_unit":"","ocean_menu_typo_spacing":0,"ocean_menu_typo_spacing_tablet":0,"ocean_menu_typo_spacing_mobile":0,"ocean_menu_typo_spacing_unit":"","ocean_menu_link_color":"","ocean_menu_link_color_hover":"","ocean_menu_link_color_active":"","ocean_menu_link_background":"","ocean_menu_link_hover_background":"","ocean_menu_link_active_background":"","ocean_menu_social_links_bg":"","ocean_menu_social_hover_links_bg":"","ocean_menu_social_links_color":"","ocean_menu_social_hover_links_color":"","ocean_disable_title":"default","ocean_disable_heading":"default","ocean_post_title":"","ocean_post_subheading":"","ocean_post_title_style":"","ocean_post_title_background_color":"","ocean_post_title_background":0,"ocean_post_title_bg_image_position":"","ocean_post_title_bg_image_attachment":"","ocean_post_title_bg_image_repeat":"","ocean_post_title_bg_image_size":"","ocean_post_title_height":0,"ocean_post_title_bg_overlay":0.5,"ocean_post_title_bg_overlay_color":"","ocean_disable_breadcrumbs":"default","ocean_breadcrumbs_color":"","ocean_breadcrumbs_separator_color":"","ocean_breadcrumbs_links_color":"","ocean_breadcrumbs_links_hover_color":"","ocean_display_footer_widgets":"default","ocean_display_footer_bottom":"default","ocean_custom_footer_template":""},"product_brand":[],"product_cat":[71,98,128],"product_tag":[],"class_list":{"0":"post-31303","1":"product","2":"type-product","3":"status-publish","4":"has-post-thumbnail","6":"product_cat-artbooks-libros-de-divulgacion-comic-manga-guias","7":"product_cat-novedades","8":"product_cat-ultimas-entradas","10":"entry","11":"has-media","13":"first","14":"instock","15":"taxable","16":"shipping-taxable","17":"purchasable","18":"product-type-simple","19":"col","20":"span_1_of_3","21":"owp-content-center","22":"owp-thumbs-layout-horizontal","23":"owp-btn-normal","24":"owp-tabs-layout-horizontal","25":"has-no-thumbnails"},"aioseo_notices":[],"_links":{"self":[{"href":"https:\/\/kaotostore.com\/en\/wp-json\/wp\/v2\/product\/31303","targetHints":{"allow":["GET"]}}],"collection":[{"href":"https:\/\/kaotostore.com\/en\/wp-json\/wp\/v2\/product"}],"about":[{"href":"https:\/\/kaotostore.com\/en\/wp-json\/wp\/v2\/types\/product"}],"wp:featuredmedia":[{"embeddable":true,"href":"https:\/\/kaotostore.com\/en\/wp-json\/wp\/v2\/media\/20824"}],"wp:attachment":[{"href":"https:\/\/kaotostore.com\/en\/wp-json\/wp\/v2\/media?parent=31303"}],"wp:term":[{"taxonomy":"product_brand","embeddable":true,"href":"https:\/\/kaotostore.com\/en\/wp-json\/wp\/v2\/product_brand?post=31303"},{"taxonomy":"product_cat","embeddable":true,"href":"https:\/\/kaotostore.com\/en\/wp-json\/wp\/v2\/product_cat?post=31303"},{"taxonomy":"product_tag","embeddable":true,"href":"https:\/\/kaotostore.com\/en\/wp-json\/wp\/v2\/product_tag?post=31303"}],"curies":[{"name":"wp","href":"https:\/\/api.w.org\/{rel}","templated":true}]}}