{"id":31247,"date":"2026-03-24T11:02:06","date_gmt":"2026-03-24T10:02:06","guid":{"rendered":"https:\/\/kaotostore.com\/producto\/scott-pilgrim-vs-the-world-the-game-limited-run-games-playstation-4-importacion-americana\/"},"modified":"2026-04-09T12:16:05","modified_gmt":"2026-04-09T10:16:05","slug":"scott-pilgrim-vs-the-world-the-game-limited-run-games-playstation-4-importacion-americana","status":"publish","type":"product","link":"https:\/\/kaotostore.com\/en\/product\/scott-pilgrim-vs-the-world-the-game-limited-run-games-playstation-4-importacion-americana\/","title":{"rendered":"Scott Pilgrim VS The World The Game Limited Run Games PLAYSTATION 4 (Importaci\u00f3n americana)"},"content":{"rendered":"<div class=\"pdp-overview\">\n<div data-initial=\"env:1977eb00-27e8-11ef-b81f-37f49df17cc8\" class=\"psw-root psw-dark-theme\" data-mfe-name=\"gameOverview\">\n<div data-reactroot=\"\" class=\"psw-l-grid\">\n<div class=\"psw-l-exclude@below-mobile-l psw-l-w-1\/6@tablet-s psw-l-w-1\/6@tablet-l psw-l-w-1\/4@laptop psw-l-w-1\/4@desktop psw-l-w-1\/4@max\">\n<strong>-Juego en ingl\u00e9s<\/strong>\n<\/div>\n<div class=\"psw-l-w-1\/1 psw-l-w-2\/3@tablet-s psw-l-w-2\/3@tablet-l psw-l-w-1\/2@laptop psw-l-w-1\/2@desktop psw-l-w-1\/2@max\">\n<p data-qa=\"mfe-game-overview#description\" class=\"psw-c-t-2 psw-p-x-7 psw-p-y-6 psw-p-x-6@below-tablet-s psw-m-sub-x-7 psw-m-auto@below-tablet-s psw-c-bg-card-1\">\u00a0<\/p>\n<p data-qa=\"mfe-game-overview#description\" class=\"psw-c-t-2 psw-p-x-7 psw-p-y-6 psw-p-x-6@below-tablet-s psw-m-sub-x-7 psw-m-auto@below-tablet-s psw-c-bg-card-1\">\u00a0<\/p>\n<div class=\"row row-content\">\n<div class=\"col-xs-12 content\">\n<p>\u00a1Redescubre el querido beat &#8217;em up arcade en 2D inspirado en los emblem\u00e1ticos c\u00f3mics y la pel\u00edcula de Scott Pilgrim contra el mundo en esta Complete Edition!<\/p>\n<p>Incluye el juego base Scott Pilgrim vs. The World\u2122: The Game y los contenidos descargables originales de Knives Chau y Wallace.<\/p>\n<p>Juega con tus personajes preferidos: Scott Pilgrim, Ramona Flowers, Knives Chau, Stephen Stills y muchos m\u00e1s. Sube de nivel, aprende nuevas habilidades, desbloquea objetos y modos secretos, invoca a poderosos aliados y mucho m\u00e1s.<\/p>\n<p>\u00a1Forma equipo con amigos y combinad vuestras habilidades para luchar contra las oleadas de enemigos, o compite contra ellos en minijuegos como el de bal\u00f3n prisionero, mientras derrotas a la Liga de los Malvados Ex de Ramona!<\/p>\n<\/div>\n<\/div>\n<\/div>\n<\/div>\n<\/div>\n<\/div>","protected":false},"excerpt":{"rendered":"<p>-Juego en ingl\u00e9s \u00a0 \u00a0 \u00a1Redescubre el querido beat &#8217;em up arcade en 2D inspirado en los emblem\u00e1ticos c\u00f3mics y la pel\u00edcula de Scott Pilgrim contra el mundo en esta Complete Edition! Incluye el juego base Scott Pilgrim vs. The World\u2122: The Game y los contenidos descargables originales de Knives Chau y Wallace. Juega con [&hellip;]<\/p>\n","protected":false},"featured_media":20735,"template":"","meta":{"ocean_post_layout":"","ocean_both_sidebars_style":"","ocean_both_sidebars_content_width":0,"ocean_both_sidebars_sidebars_width":0,"ocean_sidebar":"","ocean_second_sidebar":"","ocean_disable_margins":"enable","ocean_add_body_class":"","ocean_shortcode_before_top_bar":"","ocean_shortcode_after_top_bar":"","ocean_shortcode_before_header":"","ocean_shortcode_after_header":"","ocean_has_shortcode":"","ocean_shortcode_after_title":"","ocean_shortcode_before_footer_widgets":"","ocean_shortcode_after_footer_widgets":"","ocean_shortcode_before_footer_bottom":"","ocean_shortcode_after_footer_bottom":"","ocean_display_top_bar":"default","ocean_display_header":"default","ocean_header_style":"","ocean_center_header_left_menu":"","ocean_custom_header_template":"","ocean_custom_logo":0,"ocean_custom_retina_logo":0,"ocean_custom_logo_max_width":0,"ocean_custom_logo_tablet_max_width":0,"ocean_custom_logo_mobile_max_width":0,"ocean_custom_logo_max_height":0,"ocean_custom_logo_tablet_max_height":0,"ocean_custom_logo_mobile_max_height":0,"ocean_header_custom_menu":"","ocean_menu_typo_font_family":"","ocean_menu_typo_font_subset":"","ocean_menu_typo_font_size":0,"ocean_menu_typo_font_size_tablet":0,"ocean_menu_typo_font_size_mobile":0,"ocean_menu_typo_font_size_unit":"px","ocean_menu_typo_font_weight":"","ocean_menu_typo_font_weight_tablet":"","ocean_menu_typo_font_weight_mobile":"","ocean_menu_typo_transform":"","ocean_menu_typo_transform_tablet":"","ocean_menu_typo_transform_mobile":"","ocean_menu_typo_line_height":0,"ocean_menu_typo_line_height_tablet":0,"ocean_menu_typo_line_height_mobile":0,"ocean_menu_typo_line_height_unit":"","ocean_menu_typo_spacing":0,"ocean_menu_typo_spacing_tablet":0,"ocean_menu_typo_spacing_mobile":0,"ocean_menu_typo_spacing_unit":"","ocean_menu_link_color":"","ocean_menu_link_color_hover":"","ocean_menu_link_color_active":"","ocean_menu_link_background":"","ocean_menu_link_hover_background":"","ocean_menu_link_active_background":"","ocean_menu_social_links_bg":"","ocean_menu_social_hover_links_bg":"","ocean_menu_social_links_color":"","ocean_menu_social_hover_links_color":"","ocean_disable_title":"default","ocean_disable_heading":"default","ocean_post_title":"","ocean_post_subheading":"","ocean_post_title_style":"","ocean_post_title_background_color":"","ocean_post_title_background":0,"ocean_post_title_bg_image_position":"","ocean_post_title_bg_image_attachment":"","ocean_post_title_bg_image_repeat":"","ocean_post_title_bg_image_size":"","ocean_post_title_height":0,"ocean_post_title_bg_overlay":0.5,"ocean_post_title_bg_overlay_color":"","ocean_disable_breadcrumbs":"default","ocean_breadcrumbs_color":"","ocean_breadcrumbs_separator_color":"","ocean_breadcrumbs_links_color":"","ocean_breadcrumbs_links_hover_color":"","ocean_display_footer_widgets":"default","ocean_display_footer_bottom":"default","ocean_custom_footer_template":""},"product_brand":[],"product_cat":[98,107,128],"product_tag":[],"class_list":{"0":"post-31247","1":"product","2":"type-product","3":"status-publish","4":"has-post-thumbnail","6":"product_cat-novedades","7":"product_cat-playstation-4","8":"product_cat-ultimas-entradas","10":"entry","11":"has-media","13":"first","14":"instock","15":"taxable","16":"shipping-taxable","17":"purchasable","18":"product-type-simple","19":"col","20":"span_1_of_3","21":"owp-content-center","22":"owp-thumbs-layout-horizontal","23":"owp-btn-normal","24":"owp-tabs-layout-horizontal","25":"has-no-thumbnails"},"aioseo_notices":[],"_links":{"self":[{"href":"https:\/\/kaotostore.com\/en\/wp-json\/wp\/v2\/product\/31247","targetHints":{"allow":["GET"]}}],"collection":[{"href":"https:\/\/kaotostore.com\/en\/wp-json\/wp\/v2\/product"}],"about":[{"href":"https:\/\/kaotostore.com\/en\/wp-json\/wp\/v2\/types\/product"}],"wp:featuredmedia":[{"embeddable":true,"href":"https:\/\/kaotostore.com\/en\/wp-json\/wp\/v2\/media\/20735"}],"wp:attachment":[{"href":"https:\/\/kaotostore.com\/en\/wp-json\/wp\/v2\/media?parent=31247"}],"wp:term":[{"taxonomy":"product_brand","embeddable":true,"href":"https:\/\/kaotostore.com\/en\/wp-json\/wp\/v2\/product_brand?post=31247"},{"taxonomy":"product_cat","embeddable":true,"href":"https:\/\/kaotostore.com\/en\/wp-json\/wp\/v2\/product_cat?post=31247"},{"taxonomy":"product_tag","embeddable":true,"href":"https:\/\/kaotostore.com\/en\/wp-json\/wp\/v2\/product_tag?post=31247"}],"curies":[{"name":"wp","href":"https:\/\/api.w.org\/{rel}","templated":true}]}}