{"id":31232,"date":"2026-03-24T11:01:49","date_gmt":"2026-03-24T10:01:49","guid":{"rendered":"https:\/\/kaotostore.com\/producto\/sandland-playstation-5\/"},"modified":"2026-04-07T12:08:56","modified_gmt":"2026-04-07T10:08:56","slug":"sandland-playstation-5","status":"publish","type":"product","link":"https:\/\/kaotostore.com\/en\/product\/sandland-playstation-5\/","title":{"rendered":"SandLand PLAYSTATION 5"},"content":{"rendered":"<div>\n<h4>\n<span style=\"color: rgb(255, 5, 5);\">Si desea im\u00e1genes adicionales del producto, puede solicitarlas desde el formulario de contacto o en el email kaototienda@gmail.com<\/span><\/p>\n<p>Ad\u00e9ntrate en un mundo des\u00e9rtico donde tanto los humanos como los demonios sufren una gran escasez de agua<\/h4>\n<p><em><strong>Sand Land<\/strong><\/em> es un RPG del creador de Dragon Ball. Construye veh\u00edculos incre\u00edbles para explorar el mundo des\u00e9rtico y mucho m\u00e1s. Conoce a Beelzebub, el pr\u00edncipe de los demonios, a su acompa\u00f1ante Thief y a al valiente sheriff Rao, y vive una aventura ins\u00f3lita en busca del manantial legendario oculto en el desierto.<\/p>\n<p>En este RPG de acci\u00f3n, tendr\u00e1s el papel protagonista con Beelzebub. Aprende a controlar sus poderes y lidera a un grupo de h\u00e9roes inadaptados en el m\u00edtico mundo de <em><strong>Sand Land<\/strong><\/em>. Ten cuidado con las peligrosas amenazas que lo acechan &#8211; bandidos, una fauna salvaje y el Ej\u00e9rcito Real. Llegar al manantial no va a ser una tarea f\u00e1cil. Utiliza tu ingenio e imaginaci\u00f3n y usa una gran cantidad de combinaciones de piezas para construir tanques y otros veh\u00edculos que te ayudar\u00e1n a desplazarte por esta vasta tierra.<\/p>\n<h4>Veh\u00edculos inimaginables<\/h4>\n<p>Desbloquea veh\u00edculos que pueden mejorarse con diferentes piezas mec\u00e1nicas, entre las que se incluyen armas, motores y suspensiones. Dise\u00f1a y conduce una gran variedad de veh\u00edculos, como los tanques de combate con ca\u00f1ones potentes, las motos para atravesar el desierto a gran velocidad y los robots saltadores que cruzan los r\u00edos para explorar cualquier rinc\u00f3n del continente.<\/p>\n<h4>Convi\u00e9rtete en el h\u00e9roe que el mundo necesita<\/h4>\n<p>Haz tu campamento base en la ciudad de Spino y relaci\u00f3nate con sus habitantes. A medida que vayas llevando a los exiliados del desierto a Spino, ver\u00e1s c\u00f3mo crece la ciudad y los recursos que posee. Escucha sus peticiones y deseos para desbloquear materiales \u00fatiles y funciones de la ciudad.<\/p>\n<h4>La aventura est\u00e1 m\u00e1s all\u00e1 de las dunas<\/h4>\n<p>Viaja por <em><strong>Sand Land<\/strong><\/em> y sus ca\u00f1ones, desvela sus secretos, supera todos los obst\u00e1culos y encuentra la entrada a un mundo desconocido.<\/p>\n<\/div>","protected":false},"excerpt":{"rendered":"<p>Si desea im\u00e1genes adicionales del producto, puede solicitarlas desde el formulario de contacto o en el email kaototienda@gmail.com Ad\u00e9ntrate en un mundo des\u00e9rtico donde tanto los humanos como los demonios sufren una gran escasez de agua Sand Land es un RPG del creador de Dragon Ball. Construye veh\u00edculos incre\u00edbles para explorar el mundo des\u00e9rtico y [&hellip;]<\/p>\n","protected":false},"featured_media":20711,"template":"","meta":{"ocean_post_layout":"","ocean_both_sidebars_style":"","ocean_both_sidebars_content_width":0,"ocean_both_sidebars_sidebars_width":0,"ocean_sidebar":"","ocean_second_sidebar":"","ocean_disable_margins":"enable","ocean_add_body_class":"","ocean_shortcode_before_top_bar":"","ocean_shortcode_after_top_bar":"","ocean_shortcode_before_header":"","ocean_shortcode_after_header":"","ocean_has_shortcode":"","ocean_shortcode_after_title":"","ocean_shortcode_before_footer_widgets":"","ocean_shortcode_after_footer_widgets":"","ocean_shortcode_before_footer_bottom":"","ocean_shortcode_after_footer_bottom":"","ocean_display_top_bar":"default","ocean_display_header":"default","ocean_header_style":"","ocean_center_header_left_menu":"","ocean_custom_header_template":"","ocean_custom_logo":0,"ocean_custom_retina_logo":0,"ocean_custom_logo_max_width":0,"ocean_custom_logo_tablet_max_width":0,"ocean_custom_logo_mobile_max_width":0,"ocean_custom_logo_max_height":0,"ocean_custom_logo_tablet_max_height":0,"ocean_custom_logo_mobile_max_height":0,"ocean_header_custom_menu":"","ocean_menu_typo_font_family":"","ocean_menu_typo_font_subset":"","ocean_menu_typo_font_size":0,"ocean_menu_typo_font_size_tablet":0,"ocean_menu_typo_font_size_mobile":0,"ocean_menu_typo_font_size_unit":"px","ocean_menu_typo_font_weight":"","ocean_menu_typo_font_weight_tablet":"","ocean_menu_typo_font_weight_mobile":"","ocean_menu_typo_transform":"","ocean_menu_typo_transform_tablet":"","ocean_menu_typo_transform_mobile":"","ocean_menu_typo_line_height":0,"ocean_menu_typo_line_height_tablet":0,"ocean_menu_typo_line_height_mobile":0,"ocean_menu_typo_line_height_unit":"","ocean_menu_typo_spacing":0,"ocean_menu_typo_spacing_tablet":0,"ocean_menu_typo_spacing_mobile":0,"ocean_menu_typo_spacing_unit":"","ocean_menu_link_color":"","ocean_menu_link_color_hover":"","ocean_menu_link_color_active":"","ocean_menu_link_background":"","ocean_menu_link_hover_background":"","ocean_menu_link_active_background":"","ocean_menu_social_links_bg":"","ocean_menu_social_hover_links_bg":"","ocean_menu_social_links_color":"","ocean_menu_social_hover_links_color":"","ocean_disable_title":"default","ocean_disable_heading":"default","ocean_post_title":"","ocean_post_subheading":"","ocean_post_title_style":"","ocean_post_title_background_color":"","ocean_post_title_background":0,"ocean_post_title_bg_image_position":"","ocean_post_title_bg_image_attachment":"","ocean_post_title_bg_image_repeat":"","ocean_post_title_bg_image_size":"","ocean_post_title_height":0,"ocean_post_title_bg_overlay":0.5,"ocean_post_title_bg_overlay_color":"","ocean_disable_breadcrumbs":"default","ocean_breadcrumbs_color":"","ocean_breadcrumbs_separator_color":"","ocean_breadcrumbs_links_color":"","ocean_breadcrumbs_links_hover_color":"","ocean_display_footer_widgets":"default","ocean_display_footer_bottom":"default","ocean_custom_footer_template":""},"product_brand":[],"product_cat":[108,128],"product_tag":[],"class_list":{"0":"post-31232","1":"product","2":"type-product","3":"status-publish","4":"has-post-thumbnail","6":"product_cat-playstation-5","7":"product_cat-ultimas-entradas","9":"entry","10":"has-media","12":"first","13":"instock","14":"taxable","15":"shipping-taxable","16":"purchasable","17":"product-type-simple","18":"col","19":"span_1_of_3","20":"owp-content-center","21":"owp-thumbs-layout-horizontal","22":"owp-btn-normal","23":"owp-tabs-layout-horizontal","24":"has-no-thumbnails"},"aioseo_notices":[],"_links":{"self":[{"href":"https:\/\/kaotostore.com\/en\/wp-json\/wp\/v2\/product\/31232","targetHints":{"allow":["GET"]}}],"collection":[{"href":"https:\/\/kaotostore.com\/en\/wp-json\/wp\/v2\/product"}],"about":[{"href":"https:\/\/kaotostore.com\/en\/wp-json\/wp\/v2\/types\/product"}],"wp:featuredmedia":[{"embeddable":true,"href":"https:\/\/kaotostore.com\/en\/wp-json\/wp\/v2\/media\/20711"}],"wp:attachment":[{"href":"https:\/\/kaotostore.com\/en\/wp-json\/wp\/v2\/media?parent=31232"}],"wp:term":[{"taxonomy":"product_brand","embeddable":true,"href":"https:\/\/kaotostore.com\/en\/wp-json\/wp\/v2\/product_brand?post=31232"},{"taxonomy":"product_cat","embeddable":true,"href":"https:\/\/kaotostore.com\/en\/wp-json\/wp\/v2\/product_cat?post=31232"},{"taxonomy":"product_tag","embeddable":true,"href":"https:\/\/kaotostore.com\/en\/wp-json\/wp\/v2\/product_tag?post=31232"}],"curies":[{"name":"wp","href":"https:\/\/api.w.org\/{rel}","templated":true}]}}