{"id":31210,"date":"2026-03-24T11:01:16","date_gmt":"2026-03-24T10:01:16","guid":{"rendered":"https:\/\/kaotostore.com\/producto\/sam-and-max-season-1-wii-importacion-francesa\/"},"modified":"2026-04-09T11:34:32","modified_gmt":"2026-04-09T09:34:32","slug":"sam-and-max-season-1-wii-importacion-francesa","status":"publish","type":"product","link":"https:\/\/kaotostore.com\/en\/product\/sam-and-max-season-1-wii-importacion-francesa\/","title":{"rendered":"Sam and Max Season 1 WII (Importaci\u00f3n francesa)"},"content":{"rendered":"<p><strong><span style=\"color: #ff0505;\">Si desea im\u00e1genes adicionales del producto, puede solicitarlas desde el formulario de contacto o en el email kaototienda@gmail.com<\/span><\/p>\n<p>-Juego en castellano<\/p>\n<p><\/strong><\/p>\n<div>\n<p>El mundo se ha convertido en un lugar horrible, lleno de gente rarita por todas partes. Menos mal que Sam y Max est\u00e1n de vuelta para poner orden en este caos de inmoralidad y mantener la paz, eso s\u00ed, recurriendo a la violencia en todo caso.<\/p>\n<p>Las aventuras del d\u00fao de polic\u00edas independientes debuta con una serie de misterios estramb\u00f3ticos, y desternillantes, en <em><strong>Sam &amp; Max: Season One<\/strong><\/em>. Sam es un perro de dos metros de traje holgado con rev\u00f3lver tama\u00f1o tromb\u00f3n, del calibre .44. Max, un adorable conejito que no supera el metro de estatura con una sonrisa de afiladas cuchillas y con el instinto impulsivo propio de las pira\u00f1as. Juntos patrullan las violentas calles de una New York City fant\u00e1stica, con la misi\u00f3n de acabar con una descabellada conspiraci\u00f3n controlamentes.<\/p>\n<p>Basado en las conocidas aventuras de Sam &amp; Max, este <em><strong>Sam &amp; Max: Season One<\/strong><\/em> es una aventura de las de usar el puntero e interactuar, plagada de rompecabezas y misterios. Podr\u00e1s usar las funciones de puntero del mando para controlar a Sam y a Max, interrogar a testigos, recabar informaci\u00f3n de los alrededores y muchas cosas m\u00e1s. Aunque este juego de Sam &amp; Max puede considerarse una aventura en toda regla, lo que realmente diferencia a este de los dem\u00e1s de su g\u00e9nero es el humor tan irreverente e ir\u00f3nico que profesa.<\/p>\n<p>Estos divertidos investigadores forenses, cuya facilidad para el dramatismo sacar\u00edan de sus casillas hasta al m\u00e1s pintado, te est\u00e1n esperando. \u00bfEst\u00e1s listo para asumir el reto?<\/p>\n<h4>Caracter\u00edsticas:<\/h4>\n<ul>\n<li>Una aventura desarrollada en seis episodios que te har\u00e1n sentir como si estuvieras viendo una serie de humor de televisi\u00f3n.<\/li>\n<li>Una banda sonora llena de toques de jazz y con m\u00e1s de tres horas de m\u00fasica original.<\/li>\n<li>Una facilidad de control que tanto los inexpertos como los veteranos sabr\u00e1n agradecer.<\/li>\n<\/ul>\n<\/div>\n<p><strong>\u00a0<\/strong><\/p>\n<p>&nbsp;<\/p>","protected":false},"excerpt":{"rendered":"<p>Si desea im\u00e1genes adicionales del producto, puede solicitarlas desde el formulario de contacto o en el email kaototienda@gmail.com -Juego en castellano El mundo se ha convertido en un lugar horrible, lleno de gente rarita por todas partes. Menos mal que Sam y Max est\u00e1n de vuelta para poner orden en este caos de inmoralidad y [&hellip;]<\/p>\n","protected":false},"featured_media":20685,"template":"","meta":{"ocean_post_layout":"","ocean_both_sidebars_style":"","ocean_both_sidebars_content_width":0,"ocean_both_sidebars_sidebars_width":0,"ocean_sidebar":"0","ocean_second_sidebar":"0","ocean_disable_margins":"enable","ocean_add_body_class":"","ocean_shortcode_before_top_bar":"","ocean_shortcode_after_top_bar":"","ocean_shortcode_before_header":"","ocean_shortcode_after_header":"","ocean_has_shortcode":"","ocean_shortcode_after_title":"","ocean_shortcode_before_footer_widgets":"","ocean_shortcode_after_footer_widgets":"","ocean_shortcode_before_footer_bottom":"","ocean_shortcode_after_footer_bottom":"","ocean_display_top_bar":"default","ocean_display_header":"default","ocean_header_style":"","ocean_center_header_left_menu":"0","ocean_custom_header_template":"0","ocean_custom_logo":0,"ocean_custom_retina_logo":0,"ocean_custom_logo_max_width":0,"ocean_custom_logo_tablet_max_width":0,"ocean_custom_logo_mobile_max_width":0,"ocean_custom_logo_max_height":0,"ocean_custom_logo_tablet_max_height":0,"ocean_custom_logo_mobile_max_height":0,"ocean_header_custom_menu":"0","ocean_menu_typo_font_family":"0","ocean_menu_typo_font_subset":"","ocean_menu_typo_font_size":0,"ocean_menu_typo_font_size_tablet":0,"ocean_menu_typo_font_size_mobile":0,"ocean_menu_typo_font_size_unit":"px","ocean_menu_typo_font_weight":"","ocean_menu_typo_font_weight_tablet":"","ocean_menu_typo_font_weight_mobile":"","ocean_menu_typo_transform":"","ocean_menu_typo_transform_tablet":"","ocean_menu_typo_transform_mobile":"","ocean_menu_typo_line_height":0,"ocean_menu_typo_line_height_tablet":0,"ocean_menu_typo_line_height_mobile":0,"ocean_menu_typo_line_height_unit":"","ocean_menu_typo_spacing":0,"ocean_menu_typo_spacing_tablet":0,"ocean_menu_typo_spacing_mobile":0,"ocean_menu_typo_spacing_unit":"","ocean_menu_link_color":"","ocean_menu_link_color_hover":"","ocean_menu_link_color_active":"","ocean_menu_link_background":"","ocean_menu_link_hover_background":"","ocean_menu_link_active_background":"","ocean_menu_social_links_bg":"","ocean_menu_social_hover_links_bg":"","ocean_menu_social_links_color":"","ocean_menu_social_hover_links_color":"","ocean_disable_title":"default","ocean_disable_heading":"default","ocean_post_title":"","ocean_post_subheading":"","ocean_post_title_style":"","ocean_post_title_background_color":"","ocean_post_title_background":0,"ocean_post_title_bg_image_position":"","ocean_post_title_bg_image_attachment":"","ocean_post_title_bg_image_repeat":"","ocean_post_title_bg_image_size":"","ocean_post_title_height":0,"ocean_post_title_bg_overlay":0.5,"ocean_post_title_bg_overlay_color":"","ocean_disable_breadcrumbs":"default","ocean_breadcrumbs_color":"","ocean_breadcrumbs_separator_color":"","ocean_breadcrumbs_links_color":"","ocean_breadcrumbs_links_hover_color":"","ocean_display_footer_widgets":"default","ocean_display_footer_bottom":"default","ocean_custom_footer_template":"0"},"product_brand":[],"product_cat":[128,132],"product_tag":[],"class_list":{"0":"post-31210","1":"product","2":"type-product","3":"status-publish","4":"has-post-thumbnail","6":"product_cat-ultimas-entradas","7":"product_cat-wii","9":"entry","10":"has-media","12":"first","13":"instock","14":"taxable","15":"shipping-taxable","16":"purchasable","17":"product-type-simple","18":"col","19":"span_1_of_3","20":"owp-content-center","21":"owp-thumbs-layout-horizontal","22":"owp-btn-normal","23":"owp-tabs-layout-horizontal","24":"has-no-thumbnails"},"aioseo_notices":[],"_links":{"self":[{"href":"https:\/\/kaotostore.com\/en\/wp-json\/wp\/v2\/product\/31210","targetHints":{"allow":["GET"]}}],"collection":[{"href":"https:\/\/kaotostore.com\/en\/wp-json\/wp\/v2\/product"}],"about":[{"href":"https:\/\/kaotostore.com\/en\/wp-json\/wp\/v2\/types\/product"}],"wp:featuredmedia":[{"embeddable":true,"href":"https:\/\/kaotostore.com\/en\/wp-json\/wp\/v2\/media\/20685"}],"wp:attachment":[{"href":"https:\/\/kaotostore.com\/en\/wp-json\/wp\/v2\/media?parent=31210"}],"wp:term":[{"taxonomy":"product_brand","embeddable":true,"href":"https:\/\/kaotostore.com\/en\/wp-json\/wp\/v2\/product_brand?post=31210"},{"taxonomy":"product_cat","embeddable":true,"href":"https:\/\/kaotostore.com\/en\/wp-json\/wp\/v2\/product_cat?post=31210"},{"taxonomy":"product_tag","embeddable":true,"href":"https:\/\/kaotostore.com\/en\/wp-json\/wp\/v2\/product_tag?post=31210"}],"curies":[{"name":"wp","href":"https:\/\/api.w.org\/{rel}","templated":true}]}}