{"id":31184,"date":"2026-03-24T11:00:48","date_gmt":"2026-03-24T10:00:48","guid":{"rendered":"https:\/\/kaotostore.com\/producto\/ryu-ga-gotoku-na-wo-keshita-otoko-playstation-4-importacion-japonesa\/"},"modified":"2026-04-07T12:23:56","modified_gmt":"2026-04-07T10:23:56","slug":"ryu-ga-gotoku-na-wo-keshita-otoko-playstation-4-importacion-japonesa","status":"publish","type":"product","link":"https:\/\/kaotostore.com\/en\/product\/ryu-ga-gotoku-na-wo-keshita-otoko-playstation-4-importacion-japonesa\/","title":{"rendered":"Ryu ga Gotoku Na wo Keshita Otoko PLAYSTATION 4 (Importaci\u00f3n japonesa)"},"content":{"rendered":"<p><strong>-Juego en castellano<\/p>\n<p><\/strong><\/p>\n<div class=\"box\">\n<div class=\"body-title-block\">\n<div class=\"txt-block-title txt-block-title--large txt-block-title--legibility text-align@mobile--left text-align@tablet-large--left text-align@desktop--left mt@mobile--none mt@tablet--none mt@desktop--none accessory-icon--horizontal\">\n<h2 class=\"txt-style-large-title txt-block-title__title\">Borra tu pasado para proteger tu futuro<\/h2>\n<\/div>\n<\/div>\n<\/div>\n<div class=\"box\">\n<div class=\"body-text-block txt-block-paragraph\">\n<div class=\"txt-block-paragraph txt-block--legibility text-align@mobile--left text-align@tablet-large--left text-align@desktop--left mt-ls@desktop--sm accessory-icon--horizontal txt-block--primary-color\">\n<div class=\"txt-block__paragraph\">\n<p class=\"txt-style-base\">Kazuma Kiryu, un antiguo yakuza legendario, fingi\u00f3 su propia muerte y abandon\u00f3 su nombre para proteger a su familia. Ahora, una persona misteriosa vuelve a meterle en problemas, por lo que debe dejar de esconderse.<\/p>\n<p class=\"txt-style-base\">Bajo el nombre en clave &#8220;Joryu&#8221;, Kiryu se embarca en una apasionante historia con cruentos combates en lugares muy animados, llenos de personajes y actividades emocionantes.<\/p>\n<\/div>\n<\/div>\n<\/div>\n<\/div>\n<div class=\"body-text-block txt-block-paragraph\">\n<div class=\"txt-block-secondary text-align@mobile--center text-align@tablet-large--center text-align@desktop--center mt-ls@mobile--neg-xs mt-ls@tablet--neg-xs mt-ls@desktop--neg-xs accessory-icon--horizontal txt-block--primary-color\">\n<div class=\"txt-block__paragraph\">\n<h4 class=\"txt-style-small-title txt-block-secondary__title\">El combate definitivo<\/h4>\n<p class=\"txt-style-secondary\">Cambia de forma din\u00e1mica entre los estilos de lucha Yakuza y Agente en viscerales combates cuerpo a cuerpo. Usa el estilo Yakuza para que tus enemigos tiemblen de terror ante los movimientos salvajes de Kiryu, y su fuerza y elegancia sin parang\u00f3n.<\/p>\n<p class=\"txt-style-secondary\">O sube el list\u00f3n con el estilo Agente, que propina ataques de gran precisi\u00f3n mientras usas dispositivos de alta tecnolog\u00eda, como cables electrificados para aturdir a los enemigos y luego hacerlos saltar por los aires.<\/p>\n<\/div>\n<\/div>\n<\/div>\n<div class=\"body-text-block txt-block-paragraph\">\n<div class=\"txt-block-secondary text-align@mobile--center text-align@tablet-large--center text-align@desktop--center mt-ls@mobile--neg-xs mt-ls@tablet--neg-xs mt-ls@desktop--neg-xs accessory-icon--horizontal txt-block--primary-color\">\n<div class=\"txt-block__paragraph\">\n<h4 class=\"txt-style-small-title txt-block-secondary__title\">Entretenimiento sin fin<\/h4>\n<p class=\"txt-style-secondary\">El mundo te ofrece una gran variedad de experiencias inmersivas, como luchar en la arena de combate clandestina, cantar canciones de karaoke nuevas, disfrutar de un club de hostess de imagen real o participar en carreras de Pocket Circuit.\u00a0<\/p>\n<p class=\"txt-style-secondary\">Akame, una misteriosa informante tambi\u00e9n te encargar\u00e1 emocionantes misiones secundarias que te llevar\u00e1n a un duelo \u00e9pico que se desarrolla a medida que exploras y disfrutas de Sotenbori y Yokohama.<\/p>\n<\/div>\n<\/div>\n<\/div>\n<p><strong><br \/><\/strong><\/p>\n<p><!----><\/p>","protected":false},"excerpt":{"rendered":"<p>-Juego en castellano Borra tu pasado para proteger tu futuro Kazuma Kiryu, un antiguo yakuza legendario, fingi\u00f3 su propia muerte y abandon\u00f3 su nombre para proteger a su familia. Ahora, una persona misteriosa vuelve a meterle en problemas, por lo que debe dejar de esconderse. Bajo el nombre en clave &#8220;Joryu&#8221;, Kiryu se embarca en [&hellip;]<\/p>\n","protected":false},"featured_media":20628,"template":"","meta":{"ocean_post_layout":"","ocean_both_sidebars_style":"","ocean_both_sidebars_content_width":0,"ocean_both_sidebars_sidebars_width":0,"ocean_sidebar":"","ocean_second_sidebar":"","ocean_disable_margins":"enable","ocean_add_body_class":"","ocean_shortcode_before_top_bar":"","ocean_shortcode_after_top_bar":"","ocean_shortcode_before_header":"","ocean_shortcode_after_header":"","ocean_has_shortcode":"","ocean_shortcode_after_title":"","ocean_shortcode_before_footer_widgets":"","ocean_shortcode_after_footer_widgets":"","ocean_shortcode_before_footer_bottom":"","ocean_shortcode_after_footer_bottom":"","ocean_display_top_bar":"default","ocean_display_header":"default","ocean_header_style":"","ocean_center_header_left_menu":"","ocean_custom_header_template":"","ocean_custom_logo":0,"ocean_custom_retina_logo":0,"ocean_custom_logo_max_width":0,"ocean_custom_logo_tablet_max_width":0,"ocean_custom_logo_mobile_max_width":0,"ocean_custom_logo_max_height":0,"ocean_custom_logo_tablet_max_height":0,"ocean_custom_logo_mobile_max_height":0,"ocean_header_custom_menu":"","ocean_menu_typo_font_family":"","ocean_menu_typo_font_subset":"","ocean_menu_typo_font_size":0,"ocean_menu_typo_font_size_tablet":0,"ocean_menu_typo_font_size_mobile":0,"ocean_menu_typo_font_size_unit":"px","ocean_menu_typo_font_weight":"","ocean_menu_typo_font_weight_tablet":"","ocean_menu_typo_font_weight_mobile":"","ocean_menu_typo_transform":"","ocean_menu_typo_transform_tablet":"","ocean_menu_typo_transform_mobile":"","ocean_menu_typo_line_height":0,"ocean_menu_typo_line_height_tablet":0,"ocean_menu_typo_line_height_mobile":0,"ocean_menu_typo_line_height_unit":"","ocean_menu_typo_spacing":0,"ocean_menu_typo_spacing_tablet":0,"ocean_menu_typo_spacing_mobile":0,"ocean_menu_typo_spacing_unit":"","ocean_menu_link_color":"","ocean_menu_link_color_hover":"","ocean_menu_link_color_active":"","ocean_menu_link_background":"","ocean_menu_link_hover_background":"","ocean_menu_link_active_background":"","ocean_menu_social_links_bg":"","ocean_menu_social_hover_links_bg":"","ocean_menu_social_links_color":"","ocean_menu_social_hover_links_color":"","ocean_disable_title":"default","ocean_disable_heading":"default","ocean_post_title":"","ocean_post_subheading":"","ocean_post_title_style":"","ocean_post_title_background_color":"","ocean_post_title_background":0,"ocean_post_title_bg_image_position":"","ocean_post_title_bg_image_attachment":"","ocean_post_title_bg_image_repeat":"","ocean_post_title_bg_image_size":"","ocean_post_title_height":0,"ocean_post_title_bg_overlay":0.5,"ocean_post_title_bg_overlay_color":"","ocean_disable_breadcrumbs":"default","ocean_breadcrumbs_color":"","ocean_breadcrumbs_separator_color":"","ocean_breadcrumbs_links_color":"","ocean_breadcrumbs_links_hover_color":"","ocean_display_footer_widgets":"default","ocean_display_footer_bottom":"default","ocean_custom_footer_template":""},"product_brand":[],"product_cat":[98,107,128],"product_tag":[],"class_list":{"0":"post-31184","1":"product","2":"type-product","3":"status-publish","4":"has-post-thumbnail","6":"product_cat-novedades","7":"product_cat-playstation-4","8":"product_cat-ultimas-entradas","10":"entry","11":"has-media","13":"first","14":"instock","15":"taxable","16":"shipping-taxable","17":"purchasable","18":"product-type-simple","19":"col","20":"span_1_of_3","21":"owp-content-center","22":"owp-thumbs-layout-horizontal","23":"owp-btn-normal","24":"owp-tabs-layout-horizontal","25":"has-no-thumbnails"},"aioseo_notices":[],"_links":{"self":[{"href":"https:\/\/kaotostore.com\/en\/wp-json\/wp\/v2\/product\/31184","targetHints":{"allow":["GET"]}}],"collection":[{"href":"https:\/\/kaotostore.com\/en\/wp-json\/wp\/v2\/product"}],"about":[{"href":"https:\/\/kaotostore.com\/en\/wp-json\/wp\/v2\/types\/product"}],"wp:featuredmedia":[{"embeddable":true,"href":"https:\/\/kaotostore.com\/en\/wp-json\/wp\/v2\/media\/20628"}],"wp:attachment":[{"href":"https:\/\/kaotostore.com\/en\/wp-json\/wp\/v2\/media?parent=31184"}],"wp:term":[{"taxonomy":"product_brand","embeddable":true,"href":"https:\/\/kaotostore.com\/en\/wp-json\/wp\/v2\/product_brand?post=31184"},{"taxonomy":"product_cat","embeddable":true,"href":"https:\/\/kaotostore.com\/en\/wp-json\/wp\/v2\/product_cat?post=31184"},{"taxonomy":"product_tag","embeddable":true,"href":"https:\/\/kaotostore.com\/en\/wp-json\/wp\/v2\/product_tag?post=31184"}],"curies":[{"name":"wp","href":"https:\/\/api.w.org\/{rel}","templated":true}]}}