{"id":31181,"date":"2026-03-24T11:00:46","date_gmt":"2026-03-24T10:00:46","guid":{"rendered":"https:\/\/kaotostore.com\/producto\/ryse-son-of-rome-day-one-edition-xbox-one\/"},"modified":"2026-04-09T11:34:33","modified_gmt":"2026-04-09T09:34:33","slug":"ryse-son-of-rome-day-one-edition-xbox-one","status":"publish","type":"product","link":"https:\/\/kaotostore.com\/en\/product\/ryse-son-of-rome-day-one-edition-xbox-one\/","title":{"rendered":"Ryse Son of Rome Day One Edition XBOX ONE"},"content":{"rendered":"<p><span id=\"ContentPlaceHolder1_lblSinopsis\"><strong><span style=\"color: #ff0505;\">Si desea im\u00e1genes adicionales del producto, puede solicitarlas desde el formulario de contacto o en el email kaototienda@gmail.com<\/span><\/strong><\/span><\/p>\n<p><em><strong>Ryse: Son of Rome<\/strong><\/em> nos sumerge en el caos y la corrupci\u00f3n del \u00faltimo periodo del Imperio Romano. La potencia de Xbox One permite recrear con extraordinario realismo la historia del soldado romano Marius Titus, en su peligroso empe\u00f1o por vengar la muerte de su familia y restaurar el honor de Roma. Entabla sangrientos combates y lidera tus tropas en batallas masivas para salvar a Roma de peligros que amenazan su propia existencia. La integraci\u00f3n de Xbox SmartGlass te proporcionar\u00e1 valiosas pistas y ayuda en tiempo real gracias a su funci\u00f3n de gu\u00eda contextual. Convi\u00e9rtete en un gladiador en el Modo Multijugador, y ad\u00e9ntrate en la arena del Coliseo para enfrentarte codo con codo a una gran variedad de enemigos en entornos din\u00e1micos y cambiantes.<\/p>\n<h4>Caracter\u00edsticas &#8211;<\/h4>\n<ul>\n<li><strong>Sum\u00e9rgete en el Imperio Romano &#8211; <\/strong> <em><strong>Ryse &#8211; Son of Rome<\/strong><\/em> ofrece una espectacular recreaci\u00f3n del Imperio Romano que nos dejar\u00e1 sin aliento, desde los confines del norte de Britania, hasta el Coliseo en el mism\u00edsimo coraz\u00f3n de Roma.<\/li>\n<li><strong>Combates brutalmente realistas &#8211; <\/strong> la intensidad y brutalidad de los combates de la era romana son recreados con un grado de detalle visceral, arroj\u00e1ndonos al caos del combate cuerpo a cuerpo, donde podremos ver y sentir las emociones en el rostro de nuestros oponentes.<\/li>\n<li><strong>Emb\u00e1rcate en un viaje de venganza &#8211; <\/strong> <em><strong>Ryse &#8211; Son of Rome<\/strong><\/em> cuenta la historia de un joven soldado romano que se alista en la Legi\u00f3n Romana y viaja a Britania para vengar la muerte de su familia a manos de bandidos b\u00e1rbaros. Tras ascender r\u00e1pidamente en la jerarqu\u00eda militar, lidera al ej\u00e9rcito romano contra las hordas b\u00e1rbaras, para m\u00e1s tarde descubrir que ha de volver a Roma para que su venganza se vea completa.<\/li>\n<li><strong>La gloria del gladiador &#8211; <\/strong> Roma es sin\u00f3nimo de Coliseo y sus \u00e9picas luchas de gladiadores, y gracias al Modo Multijugador podr\u00e1s adentrarte en este sangriento universo. Convi\u00e9rtete en gladiador y pisa la arena del Coliseo para enfrentarte codo con codo a una gran variedad de enemigos en entornos din\u00e1micos y cambiantes, para deleite de los miles de espectadores.<\/li>\n<li><strong>Plena integraci\u00f3n de SmartGlass &#8211; <\/strong> la funci\u00f3n Game DVR te permite capturar y compartir los mejores momentos de tu partida directamente desde tu tablet.<\/li>\n<li>La Gu\u00eda contextual te ofrecer\u00e1 ayuda en tiempo real d\u00e1ndote pistas para descubrir nuevos secretos y premios.<\/li>\n<li>Dirige y lucha con Kinect &#8211; cuando est\u00e9s en formaci\u00f3n, tendr\u00e1s la opci\u00f3n de dar comandos de voz a tus tropas para dirigir el ataque y gritar y arengar a tus soldados para motivarles, concentrar el ataque en un punto concreto y cambiar el destino de la batalla.<\/li>\n<\/ul>","protected":false},"excerpt":{"rendered":"<p>Si desea im\u00e1genes adicionales del producto, puede solicitarlas desde el formulario de contacto o en el email kaototienda@gmail.com Ryse: Son of Rome nos sumerge en el caos y la corrupci\u00f3n del \u00faltimo periodo del Imperio Romano. La potencia de Xbox One permite recrear con extraordinario realismo la historia del soldado romano Marius Titus, en su [&hellip;]<\/p>\n","protected":false},"featured_media":20625,"template":"","meta":{"ocean_post_layout":"","ocean_both_sidebars_style":"","ocean_both_sidebars_content_width":0,"ocean_both_sidebars_sidebars_width":0,"ocean_sidebar":"0","ocean_second_sidebar":"0","ocean_disable_margins":"enable","ocean_add_body_class":"","ocean_shortcode_before_top_bar":"","ocean_shortcode_after_top_bar":"","ocean_shortcode_before_header":"","ocean_shortcode_after_header":"","ocean_has_shortcode":"","ocean_shortcode_after_title":"","ocean_shortcode_before_footer_widgets":"","ocean_shortcode_after_footer_widgets":"","ocean_shortcode_before_footer_bottom":"","ocean_shortcode_after_footer_bottom":"","ocean_display_top_bar":"default","ocean_display_header":"default","ocean_header_style":"","ocean_center_header_left_menu":"0","ocean_custom_header_template":"0","ocean_custom_logo":0,"ocean_custom_retina_logo":0,"ocean_custom_logo_max_width":0,"ocean_custom_logo_tablet_max_width":0,"ocean_custom_logo_mobile_max_width":0,"ocean_custom_logo_max_height":0,"ocean_custom_logo_tablet_max_height":0,"ocean_custom_logo_mobile_max_height":0,"ocean_header_custom_menu":"0","ocean_menu_typo_font_family":"0","ocean_menu_typo_font_subset":"","ocean_menu_typo_font_size":0,"ocean_menu_typo_font_size_tablet":0,"ocean_menu_typo_font_size_mobile":0,"ocean_menu_typo_font_size_unit":"px","ocean_menu_typo_font_weight":"","ocean_menu_typo_font_weight_tablet":"","ocean_menu_typo_font_weight_mobile":"","ocean_menu_typo_transform":"","ocean_menu_typo_transform_tablet":"","ocean_menu_typo_transform_mobile":"","ocean_menu_typo_line_height":0,"ocean_menu_typo_line_height_tablet":0,"ocean_menu_typo_line_height_mobile":0,"ocean_menu_typo_line_height_unit":"","ocean_menu_typo_spacing":0,"ocean_menu_typo_spacing_tablet":0,"ocean_menu_typo_spacing_mobile":0,"ocean_menu_typo_spacing_unit":"","ocean_menu_link_color":"","ocean_menu_link_color_hover":"","ocean_menu_link_color_active":"","ocean_menu_link_background":"","ocean_menu_link_hover_background":"","ocean_menu_link_active_background":"","ocean_menu_social_links_bg":"","ocean_menu_social_hover_links_bg":"","ocean_menu_social_links_color":"","ocean_menu_social_hover_links_color":"","ocean_disable_title":"default","ocean_disable_heading":"default","ocean_post_title":"","ocean_post_subheading":"","ocean_post_title_style":"","ocean_post_title_background_color":"","ocean_post_title_background":0,"ocean_post_title_bg_image_position":"","ocean_post_title_bg_image_attachment":"","ocean_post_title_bg_image_repeat":"","ocean_post_title_bg_image_size":"","ocean_post_title_height":0,"ocean_post_title_bg_overlay":0.5,"ocean_post_title_bg_overlay_color":"","ocean_disable_breadcrumbs":"default","ocean_breadcrumbs_color":"","ocean_breadcrumbs_separator_color":"","ocean_breadcrumbs_links_color":"","ocean_breadcrumbs_links_hover_color":"","ocean_display_footer_widgets":"default","ocean_display_footer_bottom":"default","ocean_custom_footer_template":"0"},"product_brand":[],"product_cat":[128,138],"product_tag":[],"class_list":{"0":"post-31181","1":"product","2":"type-product","3":"status-publish","4":"has-post-thumbnail","6":"product_cat-ultimas-entradas","7":"product_cat-xbox-one","9":"entry","10":"has-media","12":"first","13":"instock","14":"taxable","15":"shipping-taxable","16":"purchasable","17":"product-type-simple","18":"col","19":"span_1_of_3","20":"owp-content-center","21":"owp-thumbs-layout-horizontal","22":"owp-btn-normal","23":"owp-tabs-layout-horizontal","24":"has-no-thumbnails"},"aioseo_notices":[],"_links":{"self":[{"href":"https:\/\/kaotostore.com\/en\/wp-json\/wp\/v2\/product\/31181","targetHints":{"allow":["GET"]}}],"collection":[{"href":"https:\/\/kaotostore.com\/en\/wp-json\/wp\/v2\/product"}],"about":[{"href":"https:\/\/kaotostore.com\/en\/wp-json\/wp\/v2\/types\/product"}],"wp:featuredmedia":[{"embeddable":true,"href":"https:\/\/kaotostore.com\/en\/wp-json\/wp\/v2\/media\/20625"}],"wp:attachment":[{"href":"https:\/\/kaotostore.com\/en\/wp-json\/wp\/v2\/media?parent=31181"}],"wp:term":[{"taxonomy":"product_brand","embeddable":true,"href":"https:\/\/kaotostore.com\/en\/wp-json\/wp\/v2\/product_brand?post=31181"},{"taxonomy":"product_cat","embeddable":true,"href":"https:\/\/kaotostore.com\/en\/wp-json\/wp\/v2\/product_cat?post=31181"},{"taxonomy":"product_tag","embeddable":true,"href":"https:\/\/kaotostore.com\/en\/wp-json\/wp\/v2\/product_tag?post=31181"}],"curies":[{"name":"wp","href":"https:\/\/api.w.org\/{rel}","templated":true}]}}