{"id":31174,"date":"2026-03-24T11:00:39","date_gmt":"2026-03-24T10:00:39","guid":{"rendered":"https:\/\/kaotostore.com\/producto\/rune-factory-5-limited-edition-switch\/"},"modified":"2026-05-07T20:54:01","modified_gmt":"2026-05-07T18:54:01","slug":"rune-factory-5-limited-edition-switch","status":"publish","type":"product","link":"https:\/\/kaotostore.com\/en\/product\/rune-factory-5-limited-edition-switch\/","title":{"rendered":"Rune Factory 5 Limited Edition SWITCH"},"content":{"rendered":"<p><strong><span style=\"color: rgb(255, 5, 5);\">Si desea im\u00e1genes adicionales del producto, puede solicitarlas desde el formulario de contacto o en el email kaototienda@gmail.com<\/p>\n<p><\/span><\/strong><\/p>\n<div id=\"productDescription_feature_div\" class=\"celwidget\" data-feature-name=\"productDescription\" data-csa-c-type=\"widget\" data-csa-c-content-id=\"productDescription\" data-csa-c-slot-id=\"productDescription_feature_div\" data-csa-c-asin=\"\" data-csa-c-is-in-initial-active-row=\"false\" data-csa-c-id=\"spmpg0-2j0wjr-ibkwv4-g80rab\" data-cel-widget=\"productDescription_feature_div\">\n<div>\n<div data-feature-name=\"productDescription\" data-template-name=\"productDescription\" id=\"productDescription_feature_div\" class=\"a-row feature\" data-cel-widget=\"productDescription_feature_div\">\n<div id=\"productDescription\" class=\"a-section a-spacing-small\">\n<p><span>En la tranquila ciudad fronteriza de Rigbarth se est\u00e1 produciendo un cambio. Se est\u00e1n produciendo acontecimientos misteriosos que afectan a las runas que rigen el equilibrio entre la humanidad y la naturaleza&#8230; Como nuevo recluta de la organizaci\u00f3n de mantenimiento de la paz, SEED, desempe\u00f1as un importante papel en el mantenimiento de la armon\u00eda en el amenazado Reino de Norad. Sin recuerdos de tu pasado y con poco que mostrar de tu experiencia, debes ganarte tus galones. Trabaja con la gente de Rigbarth para ayudar a que la ciudad florezca, forjando amistades y dejando tu huella sobre la marcha. A medida que el equilibrio de la paz comienza a cambiar, es el momento de demostrar tu val\u00eda. Con tus nuevos amigos de Rigbarth a tu lado, emb\u00e1rcate en una gran aventura en este mundo de fantas\u00eda para desentra\u00f1ar el misterio que se cierne sobre la tierra, haciendo uso de tu poder interior para detener el descenso hacia el caos. Combate de acci\u00f3n RPG de ritmo r\u00e1pido \u00danete a la gente de Rigbarth para desbloquear poderosos y elegantes ataques combinados en un combate RPG de acci\u00f3n de ritmo r\u00e1pido que fomenta el trabajo en equipo y la estrategia. Forja amistades y encuentra el amor Forja amistades, enam\u00f3rate e incluso c\u00e1sate con los habitantes del pueblo que viven y trabajan contigo en Rigbarth. Relajante juego de simulaci\u00f3n de vida T\u00f3mate un tiempo en tu aventura para disfrutar del ritmo m\u00e1s pausado de la vida en la ciudad, con todo tipo de actividades, desde la agricultura hasta los grandes festivales. Vibrantes efectos visuales anime Un vibrante estilo anime cobra vida en este rico y colorido mundo en 3D, mejorado con escenas de animaci\u00f3n.<\/span><\/p>\n<\/div>\n<\/div>\n<\/div>\n<\/div>\n<div id=\"sponsoredProducts2_feature_div\" class=\"celwidget\" data-feature-name=\"sponsoredProducts2\" data-csa-c-type=\"widget\" data-csa-c-content-id=\"sponsoredProducts2\" data-csa-c-slot-id=\"sponsoredProducts2_feature_div\" data-csa-c-asin=\"\" data-csa-c-is-in-initial-active-row=\"false\" data-csa-c-id=\"cmex17-cuc7i0-l0tpcv-dc547q\" data-cel-widget=\"sponsoredProducts2_feature_div\"><\/div>\n<div id=\"sims-sponsoredProducts2_feature_div_0\" class=\"celwidget\" data-feature-name=\"sims-sponsoredProducts2\" data-csa-c-type=\"widget\" data-csa-c-content-id=\"sims-sponsoredProducts2\" data-csa-c-slot-id=\"sims-sponsoredProducts2_feature_div_0\" data-csa-c-asin=\"\" data-csa-c-is-in-initial-active-row=\"false\" data-csa-c-id=\"hbfnt7-to5ceg-mmkpvl-8xdnp9\" data-cel-widget=\"sims-sponsoredProducts2_feature_div_0\">\n<div class=\"celwidget pd_rd_w-Dhu6C content-id-amzn1.sym.dec61eec-c10c-476f-b9d1-109d380c1864 pf_rd_p-dec61eec-c10c-476f-b9d1-109d380c1864 pf_rd_r-D43PBQH0NQZ2D2GV7Z3M pd_rd_wg-fcN8g pd_rd_r-2a6c5b2a-473b-43b3-94ef-4987944fc1af\" data-csa-op-log-render=\"\" data-csa-c-content-id=\"amzn1.sym.dec61eec-c10c-476f-b9d1-109d380c1864\" data-csa-c-slot-id=\"sponsored-products-1\" data-csa-c-type=\"widget\" data-csa-c-painter=\"FirebirdPainter\" data-csa-c-id=\"pm5b3-42gy06-3bnykk-qg0et7\" data-cel-widget=\"desktop-dp-sims_SponsoredProductsSimsDp2Desktop\">\n<div data-csa-c-type=\"widget\" data-csa-c-slot-id=\"sp_detail2\" data-csa-c-id=\"g6syp3-y9bj8z-971tud-v6ypxz\"><\/div>\n<\/div>\n<\/div>\n<p><span><br \/><\/span><\/p>\n<p><!----><\/p>","protected":false},"excerpt":{"rendered":"<p>Si desea im\u00e1genes adicionales del producto, puede solicitarlas desde el formulario de contacto o en el email kaototienda@gmail.com En la tranquila ciudad fronteriza de Rigbarth se est\u00e1 produciendo un cambio. Se est\u00e1n produciendo acontecimientos misteriosos que afectan a las runas que rigen el equilibrio entre la humanidad y la naturaleza&#8230; Como nuevo recluta de la [&hellip;]<\/p>\n","protected":false},"featured_media":31176,"template":"","meta":{"ocean_post_layout":"","ocean_both_sidebars_style":"","ocean_both_sidebars_content_width":0,"ocean_both_sidebars_sidebars_width":0,"ocean_sidebar":"","ocean_second_sidebar":"","ocean_disable_margins":"enable","ocean_add_body_class":"","ocean_shortcode_before_top_bar":"","ocean_shortcode_after_top_bar":"","ocean_shortcode_before_header":"","ocean_shortcode_after_header":"","ocean_has_shortcode":"","ocean_shortcode_after_title":"","ocean_shortcode_before_footer_widgets":"","ocean_shortcode_after_footer_widgets":"","ocean_shortcode_before_footer_bottom":"","ocean_shortcode_after_footer_bottom":"","ocean_display_top_bar":"default","ocean_display_header":"default","ocean_header_style":"","ocean_center_header_left_menu":"","ocean_custom_header_template":"","ocean_custom_logo":0,"ocean_custom_retina_logo":0,"ocean_custom_logo_max_width":0,"ocean_custom_logo_tablet_max_width":0,"ocean_custom_logo_mobile_max_width":0,"ocean_custom_logo_max_height":0,"ocean_custom_logo_tablet_max_height":0,"ocean_custom_logo_mobile_max_height":0,"ocean_header_custom_menu":"","ocean_menu_typo_font_family":"","ocean_menu_typo_font_subset":"","ocean_menu_typo_font_size":0,"ocean_menu_typo_font_size_tablet":0,"ocean_menu_typo_font_size_mobile":0,"ocean_menu_typo_font_size_unit":"px","ocean_menu_typo_font_weight":"","ocean_menu_typo_font_weight_tablet":"","ocean_menu_typo_font_weight_mobile":"","ocean_menu_typo_transform":"","ocean_menu_typo_transform_tablet":"","ocean_menu_typo_transform_mobile":"","ocean_menu_typo_line_height":0,"ocean_menu_typo_line_height_tablet":0,"ocean_menu_typo_line_height_mobile":0,"ocean_menu_typo_line_height_unit":"","ocean_menu_typo_spacing":0,"ocean_menu_typo_spacing_tablet":0,"ocean_menu_typo_spacing_mobile":0,"ocean_menu_typo_spacing_unit":"","ocean_menu_link_color":"","ocean_menu_link_color_hover":"","ocean_menu_link_color_active":"","ocean_menu_link_background":"","ocean_menu_link_hover_background":"","ocean_menu_link_active_background":"","ocean_menu_social_links_bg":"","ocean_menu_social_hover_links_bg":"","ocean_menu_social_links_color":"","ocean_menu_social_hover_links_color":"","ocean_disable_title":"default","ocean_disable_heading":"default","ocean_post_title":"","ocean_post_subheading":"","ocean_post_title_style":"","ocean_post_title_background_color":"","ocean_post_title_background":0,"ocean_post_title_bg_image_position":"","ocean_post_title_bg_image_attachment":"","ocean_post_title_bg_image_repeat":"","ocean_post_title_bg_image_size":"","ocean_post_title_height":0,"ocean_post_title_bg_overlay":0.5,"ocean_post_title_bg_overlay_color":"","ocean_disable_breadcrumbs":"default","ocean_breadcrumbs_color":"","ocean_breadcrumbs_separator_color":"","ocean_breadcrumbs_links_color":"","ocean_breadcrumbs_links_hover_color":"","ocean_display_footer_widgets":"default","ocean_display_footer_bottom":"default","ocean_custom_footer_template":""},"product_brand":[],"product_cat":[15],"product_tag":[],"class_list":{"0":"post-31174","1":"product","2":"type-product","3":"status-publish","4":"has-post-thumbnail","6":"product_cat-sin-categorizar","8":"entry","9":"has-media","11":"first","12":"instock","13":"taxable","14":"shipping-taxable","15":"purchasable","16":"product-type-simple","17":"col","18":"span_1_of_3","19":"owp-content-center","20":"owp-thumbs-layout-horizontal","21":"owp-btn-normal","22":"owp-tabs-layout-horizontal","23":"has-no-thumbnails"},"aioseo_notices":[],"_links":{"self":[{"href":"https:\/\/kaotostore.com\/en\/wp-json\/wp\/v2\/product\/31174","targetHints":{"allow":["GET"]}}],"collection":[{"href":"https:\/\/kaotostore.com\/en\/wp-json\/wp\/v2\/product"}],"about":[{"href":"https:\/\/kaotostore.com\/en\/wp-json\/wp\/v2\/types\/product"}],"wp:featuredmedia":[{"embeddable":true,"href":"https:\/\/kaotostore.com\/en\/wp-json\/wp\/v2\/media\/31176"}],"wp:attachment":[{"href":"https:\/\/kaotostore.com\/en\/wp-json\/wp\/v2\/media?parent=31174"}],"wp:term":[{"taxonomy":"product_brand","embeddable":true,"href":"https:\/\/kaotostore.com\/en\/wp-json\/wp\/v2\/product_brand?post=31174"},{"taxonomy":"product_cat","embeddable":true,"href":"https:\/\/kaotostore.com\/en\/wp-json\/wp\/v2\/product_cat?post=31174"},{"taxonomy":"product_tag","embeddable":true,"href":"https:\/\/kaotostore.com\/en\/wp-json\/wp\/v2\/product_tag?post=31174"}],"curies":[{"name":"wp","href":"https:\/\/api.w.org\/{rel}","templated":true}]}}