{"id":31115,"date":"2026-03-24T10:29:30","date_gmt":"2026-03-24T09:29:30","guid":{"rendered":"https:\/\/kaotostore.com\/producto\/robocop-rogue-city-playstation-5-importacion-francesa\/"},"modified":"2026-04-07T12:16:39","modified_gmt":"2026-04-07T10:16:39","slug":"robocop-rogue-city-playstation-5-importacion-francesa","status":"publish","type":"product","link":"https:\/\/kaotostore.com\/en\/product\/robocop-rogue-city-playstation-5-importacion-francesa\/","title":{"rendered":"Robocop Rogue City PLAYSTATION 5 (Importaci\u00f3n francesa)"},"content":{"rendered":"<p><strong>-Juego en castellano<\/strong><\/p>\n<p>\u00a0<\/p>\n<p>Armado con tu fiel <strong>Auto-9<\/strong>, fuerza de f\u00e1brica, a\u00f1os de experiencia en el cuerpo y una gama de herramientas a tu disposici\u00f3n, luchar\u00e1s con fuerzas que pretenden destruir la ciudad que es tu hogar en una nueva y explosiva b\u00fasqueda de la verdad en primera persona.<\/p>\n<p>Tienes el poder de decidir c\u00f3mo cumplir las directrices principales a tu manera, pero ten cuidado a medida que se desarrolla la historia, porque la corrupci\u00f3n y la codicia no tienen l\u00edmites.<\/p>\n<p>Prep\u00e1rate para&#8230; <strong>PROTEGER AL INOCENTE Y DEFENDER LA LEY<\/strong>.<\/p>\n<p><strong>Caracter\u00edsticas:<\/strong><br \/>\u00a0<\/p>\n<ul>\n<li>Una mec\u00e1nica de juego que rivaliza con los mejores FPS, repleta de escenas de acci\u00f3n inolvidables<\/li>\n<li>RoboCop cuenta con la voz del actor original, Peter Weller<\/li>\n<li>20 armas disponibles para saquear de los enemigos<\/li>\n<li>Un \u00e1rbol de habilidades para mejorar tus capacidades a medida que subas de nivel<\/li>\n<li>Niveles semiabiertos con misiones secundarias que completar<\/li>\n<li>M\u00faltiples finales posibles en funci\u00f3n de las decisiones del jugador<\/li>\n<li>Sensor t\u00e9rmico, visi\u00f3n nocturna y otras mejoras rob\u00f3ticas para usar en combate y durante las fases de investigaci\u00f3n<\/li>\n<\/ul>","protected":false},"excerpt":{"rendered":"<p>-Juego en castellano \u00a0 Armado con tu fiel Auto-9, fuerza de f\u00e1brica, a\u00f1os de experiencia en el cuerpo y una gama de herramientas a tu disposici\u00f3n, luchar\u00e1s con fuerzas que pretenden destruir la ciudad que es tu hogar en una nueva y explosiva b\u00fasqueda de la verdad en primera persona. Tienes el poder de decidir [&hellip;]<\/p>\n","protected":false},"featured_media":20521,"template":"","meta":{"ocean_post_layout":"","ocean_both_sidebars_style":"","ocean_both_sidebars_content_width":0,"ocean_both_sidebars_sidebars_width":0,"ocean_sidebar":"","ocean_second_sidebar":"","ocean_disable_margins":"enable","ocean_add_body_class":"","ocean_shortcode_before_top_bar":"","ocean_shortcode_after_top_bar":"","ocean_shortcode_before_header":"","ocean_shortcode_after_header":"","ocean_has_shortcode":"","ocean_shortcode_after_title":"","ocean_shortcode_before_footer_widgets":"","ocean_shortcode_after_footer_widgets":"","ocean_shortcode_before_footer_bottom":"","ocean_shortcode_after_footer_bottom":"","ocean_display_top_bar":"default","ocean_display_header":"default","ocean_header_style":"","ocean_center_header_left_menu":"","ocean_custom_header_template":"","ocean_custom_logo":0,"ocean_custom_retina_logo":0,"ocean_custom_logo_max_width":0,"ocean_custom_logo_tablet_max_width":0,"ocean_custom_logo_mobile_max_width":0,"ocean_custom_logo_max_height":0,"ocean_custom_logo_tablet_max_height":0,"ocean_custom_logo_mobile_max_height":0,"ocean_header_custom_menu":"","ocean_menu_typo_font_family":"","ocean_menu_typo_font_subset":"","ocean_menu_typo_font_size":0,"ocean_menu_typo_font_size_tablet":0,"ocean_menu_typo_font_size_mobile":0,"ocean_menu_typo_font_size_unit":"px","ocean_menu_typo_font_weight":"","ocean_menu_typo_font_weight_tablet":"","ocean_menu_typo_font_weight_mobile":"","ocean_menu_typo_transform":"","ocean_menu_typo_transform_tablet":"","ocean_menu_typo_transform_mobile":"","ocean_menu_typo_line_height":0,"ocean_menu_typo_line_height_tablet":0,"ocean_menu_typo_line_height_mobile":0,"ocean_menu_typo_line_height_unit":"","ocean_menu_typo_spacing":0,"ocean_menu_typo_spacing_tablet":0,"ocean_menu_typo_spacing_mobile":0,"ocean_menu_typo_spacing_unit":"","ocean_menu_link_color":"","ocean_menu_link_color_hover":"","ocean_menu_link_color_active":"","ocean_menu_link_background":"","ocean_menu_link_hover_background":"","ocean_menu_link_active_background":"","ocean_menu_social_links_bg":"","ocean_menu_social_hover_links_bg":"","ocean_menu_social_links_color":"","ocean_menu_social_hover_links_color":"","ocean_disable_title":"default","ocean_disable_heading":"default","ocean_post_title":"","ocean_post_subheading":"","ocean_post_title_style":"","ocean_post_title_background_color":"","ocean_post_title_background":0,"ocean_post_title_bg_image_position":"","ocean_post_title_bg_image_attachment":"","ocean_post_title_bg_image_repeat":"","ocean_post_title_bg_image_size":"","ocean_post_title_height":0,"ocean_post_title_bg_overlay":0.5,"ocean_post_title_bg_overlay_color":"","ocean_disable_breadcrumbs":"default","ocean_breadcrumbs_color":"","ocean_breadcrumbs_separator_color":"","ocean_breadcrumbs_links_color":"","ocean_breadcrumbs_links_hover_color":"","ocean_display_footer_widgets":"default","ocean_display_footer_bottom":"default","ocean_custom_footer_template":""},"product_brand":[],"product_cat":[108,128],"product_tag":[],"class_list":{"0":"post-31115","1":"product","2":"type-product","3":"status-publish","4":"has-post-thumbnail","6":"product_cat-playstation-5","7":"product_cat-ultimas-entradas","9":"entry","10":"has-media","12":"first","13":"instock","14":"taxable","15":"shipping-taxable","16":"purchasable","17":"product-type-simple","18":"col","19":"span_1_of_3","20":"owp-content-center","21":"owp-thumbs-layout-horizontal","22":"owp-btn-normal","23":"owp-tabs-layout-horizontal"},"aioseo_notices":[],"_links":{"self":[{"href":"https:\/\/kaotostore.com\/en\/wp-json\/wp\/v2\/product\/31115","targetHints":{"allow":["GET"]}}],"collection":[{"href":"https:\/\/kaotostore.com\/en\/wp-json\/wp\/v2\/product"}],"about":[{"href":"https:\/\/kaotostore.com\/en\/wp-json\/wp\/v2\/types\/product"}],"wp:featuredmedia":[{"embeddable":true,"href":"https:\/\/kaotostore.com\/en\/wp-json\/wp\/v2\/media\/20521"}],"wp:attachment":[{"href":"https:\/\/kaotostore.com\/en\/wp-json\/wp\/v2\/media?parent=31115"}],"wp:term":[{"taxonomy":"product_brand","embeddable":true,"href":"https:\/\/kaotostore.com\/en\/wp-json\/wp\/v2\/product_brand?post=31115"},{"taxonomy":"product_cat","embeddable":true,"href":"https:\/\/kaotostore.com\/en\/wp-json\/wp\/v2\/product_cat?post=31115"},{"taxonomy":"product_tag","embeddable":true,"href":"https:\/\/kaotostore.com\/en\/wp-json\/wp\/v2\/product_tag?post=31115"}],"curies":[{"name":"wp","href":"https:\/\/api.w.org\/{rel}","templated":true}]}}