{"id":30895,"date":"2026-03-24T10:25:21","date_gmt":"2026-03-24T09:25:21","guid":{"rendered":"https:\/\/kaotostore.com\/producto\/resident-evil-village-edicion-lenticular-playstation-5\/"},"modified":"2026-04-07T12:17:00","modified_gmt":"2026-04-07T10:17:00","slug":"resident-evil-village-edicion-lenticular-playstation-5","status":"publish","type":"product","link":"https:\/\/kaotostore.com\/en\/product\/resident-evil-village-edicion-lenticular-playstation-5\/","title":{"rendered":"Resident Evil Village Edici\u00f3n Lenticular PLAYSTATION 5"},"content":{"rendered":"<p><strong><span style=\"color: rgb(255, 5, 5);\">Si desea im\u00e1genes adicionales del producto, puede solicitarlas desde el formulario de contacto o en el email kaototienda@gmail.com<\/span><\/strong><\/p>\n<p>DESCRIPCI\u00d3N<br \/>Ambientado despu\u00e9s de los terror\u00edficos eventos del aclamado Resident Evil 7 Biohazard la historia comienza con Ethan Winters y su mujer Mia viviendo pac\u00edficamente en una nueva localidad, libre de sus pasadas pesadillas. Justo cuando empiezan a construir su nueva vida juntos la tragedia se ceba con ellos de nuevo. Chris Redfield el h\u00e9roe legendario de la saga Resident Evil vuelve a ponerse en contacto con la pareja y entra abruptamente en sus vidas, sumergiendo a Ethan en el caos absoluto. Devastado, Ethan se encuentra en un remoto pueblo cubierto por la nieve buscando respuestas despu\u00e9s de ser arrojado a una pesadilla completamente nueva.<\/p>\n<p>CARACTER\u00cdSTICAS<\/p>\n<p>Una Experiencia Resident Evil completamente nueva<br \/>Retomando la historia de Resident Evil 7 justo donde termin\u00f3, Resident Evil ViIIage es la octava entrega num\u00e9rica de la saga Resident Evil. El juego empieza con los de nuevo juntos Ethan y Mia Winters viviendo juntos y felices y tratando de olvidar sus pesadillas de la plantaci\u00f3n Baker&#8230; hasta que su vida sufre un vuelco y Ethan se convierte en el foco de una nueva pesadilla.<\/p>\n<p>Tecnolog\u00eda de Nueva generaci\u00f3n<br \/>El RE Engine acoplado al nuevo poder tecnol\u00f3gico de PlayStation 5 y Xbox Series X mostrar\u00e1 gr\u00e1ficos hiper detallados, mostrando la sombr\u00eda ciudad y sus acechantes residentes con asombroso detalle. Resident Evil Village ofrece la experiencia de terror m\u00e1s realista hasta la fecha.<\/p>\n<p>Acci\u00f3n en Primera Persona<br \/>Los jugadores asumir\u00e1n el rol de Ethan Winters y experimentar\u00e1n cada batalla cuerpo a cuerpo y terror\u00edficas persecuciones a trav\u00e9s de una perspectiva en primera persona.<\/p>\n<p>Caras Familiares y Nuevos Tipos<br \/>Chris Redfield ha sido habitualmente un h\u00e9roe en la saga Resident Evil pero su aparici\u00f3n en Resident Evil Village aparentan siniestras motivaciones. Un pu\u00f1ado de nuevos enemigos que habitan el enigm\u00e1tico pueblo tratar\u00e1n de dar caza sin descanso a Ethan y de dificultar cada uno de sus movimientos mientras \u00e9l intenta encontrarle sentido a la nueva pesadilla en la que se ve inmerso.<\/p>\n<p>Un Pueblo Vivo y que deja sin respiraci\u00f3n<br \/>M\u00e1s que simplemente los misterios detr\u00e1s de los terribles eventos que se desarrollan en el juego, el pueblo es un personaje en s\u00ed mismo con misterios que Ethan ha de descifrar y horrores de los que huir.<\/p>\n<p>.<\/p>","protected":false},"excerpt":{"rendered":"<p>Si desea im\u00e1genes adicionales del producto, puede solicitarlas desde el formulario de contacto o en el email kaototienda@gmail.com DESCRIPCI\u00d3NAmbientado despu\u00e9s de los terror\u00edficos eventos del aclamado Resident Evil 7 Biohazard la historia comienza con Ethan Winters y su mujer Mia viviendo pac\u00edficamente en una nueva localidad, libre de sus pasadas pesadillas. Justo cuando empiezan a [&hellip;]<\/p>\n","protected":false},"featured_media":20247,"template":"","meta":{"ocean_post_layout":"","ocean_both_sidebars_style":"","ocean_both_sidebars_content_width":0,"ocean_both_sidebars_sidebars_width":0,"ocean_sidebar":"","ocean_second_sidebar":"","ocean_disable_margins":"enable","ocean_add_body_class":"","ocean_shortcode_before_top_bar":"","ocean_shortcode_after_top_bar":"","ocean_shortcode_before_header":"","ocean_shortcode_after_header":"","ocean_has_shortcode":"","ocean_shortcode_after_title":"","ocean_shortcode_before_footer_widgets":"","ocean_shortcode_after_footer_widgets":"","ocean_shortcode_before_footer_bottom":"","ocean_shortcode_after_footer_bottom":"","ocean_display_top_bar":"default","ocean_display_header":"default","ocean_header_style":"","ocean_center_header_left_menu":"","ocean_custom_header_template":"","ocean_custom_logo":0,"ocean_custom_retina_logo":0,"ocean_custom_logo_max_width":0,"ocean_custom_logo_tablet_max_width":0,"ocean_custom_logo_mobile_max_width":0,"ocean_custom_logo_max_height":0,"ocean_custom_logo_tablet_max_height":0,"ocean_custom_logo_mobile_max_height":0,"ocean_header_custom_menu":"","ocean_menu_typo_font_family":"","ocean_menu_typo_font_subset":"","ocean_menu_typo_font_size":0,"ocean_menu_typo_font_size_tablet":0,"ocean_menu_typo_font_size_mobile":0,"ocean_menu_typo_font_size_unit":"px","ocean_menu_typo_font_weight":"","ocean_menu_typo_font_weight_tablet":"","ocean_menu_typo_font_weight_mobile":"","ocean_menu_typo_transform":"","ocean_menu_typo_transform_tablet":"","ocean_menu_typo_transform_mobile":"","ocean_menu_typo_line_height":0,"ocean_menu_typo_line_height_tablet":0,"ocean_menu_typo_line_height_mobile":0,"ocean_menu_typo_line_height_unit":"","ocean_menu_typo_spacing":0,"ocean_menu_typo_spacing_tablet":0,"ocean_menu_typo_spacing_mobile":0,"ocean_menu_typo_spacing_unit":"","ocean_menu_link_color":"","ocean_menu_link_color_hover":"","ocean_menu_link_color_active":"","ocean_menu_link_background":"","ocean_menu_link_hover_background":"","ocean_menu_link_active_background":"","ocean_menu_social_links_bg":"","ocean_menu_social_hover_links_bg":"","ocean_menu_social_links_color":"","ocean_menu_social_hover_links_color":"","ocean_disable_title":"default","ocean_disable_heading":"default","ocean_post_title":"","ocean_post_subheading":"","ocean_post_title_style":"","ocean_post_title_background_color":"","ocean_post_title_background":0,"ocean_post_title_bg_image_position":"","ocean_post_title_bg_image_attachment":"","ocean_post_title_bg_image_repeat":"","ocean_post_title_bg_image_size":"","ocean_post_title_height":0,"ocean_post_title_bg_overlay":0.5,"ocean_post_title_bg_overlay_color":"","ocean_disable_breadcrumbs":"default","ocean_breadcrumbs_color":"","ocean_breadcrumbs_separator_color":"","ocean_breadcrumbs_links_color":"","ocean_breadcrumbs_links_hover_color":"","ocean_display_footer_widgets":"default","ocean_display_footer_bottom":"default","ocean_custom_footer_template":""},"product_brand":[],"product_cat":[108,128],"product_tag":[],"class_list":{"0":"post-30895","1":"product","2":"type-product","3":"status-publish","4":"has-post-thumbnail","6":"product_cat-playstation-5","7":"product_cat-ultimas-entradas","9":"entry","10":"has-media","12":"first","13":"instock","14":"taxable","15":"shipping-taxable","16":"purchasable","17":"product-type-simple","18":"col","19":"span_1_of_3","20":"owp-content-center","21":"owp-thumbs-layout-horizontal","22":"owp-btn-normal","23":"owp-tabs-layout-horizontal","24":"has-no-thumbnails"},"aioseo_notices":[],"_links":{"self":[{"href":"https:\/\/kaotostore.com\/en\/wp-json\/wp\/v2\/product\/30895","targetHints":{"allow":["GET"]}}],"collection":[{"href":"https:\/\/kaotostore.com\/en\/wp-json\/wp\/v2\/product"}],"about":[{"href":"https:\/\/kaotostore.com\/en\/wp-json\/wp\/v2\/types\/product"}],"wp:featuredmedia":[{"embeddable":true,"href":"https:\/\/kaotostore.com\/en\/wp-json\/wp\/v2\/media\/20247"}],"wp:attachment":[{"href":"https:\/\/kaotostore.com\/en\/wp-json\/wp\/v2\/media?parent=30895"}],"wp:term":[{"taxonomy":"product_brand","embeddable":true,"href":"https:\/\/kaotostore.com\/en\/wp-json\/wp\/v2\/product_brand?post=30895"},{"taxonomy":"product_cat","embeddable":true,"href":"https:\/\/kaotostore.com\/en\/wp-json\/wp\/v2\/product_cat?post=30895"},{"taxonomy":"product_tag","embeddable":true,"href":"https:\/\/kaotostore.com\/en\/wp-json\/wp\/v2\/product_tag?post=30895"}],"curies":[{"name":"wp","href":"https:\/\/api.w.org\/{rel}","templated":true}]}}