{"id":30891,"date":"2026-03-24T10:25:17","date_gmt":"2026-03-24T09:25:17","guid":{"rendered":"https:\/\/kaotostore.com\/producto\/resident-evil-vii-biohazard-gold-edition-playstation-5\/"},"modified":"2026-04-09T11:40:43","modified_gmt":"2026-04-09T09:40:43","slug":"resident-evil-vii-biohazard-gold-edition-playstation-5","status":"publish","type":"product","link":"https:\/\/kaotostore.com\/en\/product\/resident-evil-vii-biohazard-gold-edition-playstation-5\/","title":{"rendered":"Resident Evil VII Biohazard Gold Edition PLAYSTATION 5"},"content":{"rendered":"<p><strong><span style=\"color: rgb(255, 5, 5);\">Si desea im\u00e1genes adicionales del producto, puede solicitarlas desde el formulario de contacto o en el email kaototienda@gmail.com<br \/><\/span><\/strong><\/p>\n<p><strong>Esta edici\u00f3n incluye:<\/strong><\/p>\n<p>Juego original m\u00e1s todos los DLC\u00b4s del Seasson Pass<\/p>\n<p><strong>BANNED FOOTAGE VOL. 1:<\/strong><br \/>\u00a0<\/p>\n<ul>\n<li>\n<strong>Pesadilla<\/strong>: Atrapado en un s\u00f3tano repleto de horrores, debes luchar por tu vida\u2026<\/li>\n<li>\n<strong>Dormitorio<\/strong>: Atado a una cama, debes luchar por escapar mientras evitas la mirada vigilante de la Madre\u2026 incluye el Bonus Extra: Ethan Must Die.<\/li>\n<\/ul>\n<p><strong>BANNED FOOTAGE VOL. 2:<\/strong><br \/>\u00a0<\/p>\n<ul>\n<li>\n<strong>21:<\/strong> Participa en un juego de cartas retorcido donde la apuesta es tu vida\u2026- Hijas: Vive los eventos que ocurrieron la noche que empez\u00f3 todo, cuando la perdici\u00f3n de los Bakers se puso en marcha\u2026 incluye el bonus extra Jack&#8217;s 55th Birthday.<\/li>\n<li>\n<strong>END OF ZOE<\/strong>: Un misterioso hombre llamado Joe que vive a orillas del pantano y tiene la oportunidad de encontrarse con Zoe y juntos se enfrentar\u00e1n a su destino.<\/li>\n<li>Revive la pesadilla que revolucion\u00f3 el g\u00e9nero del survival horror.<\/li>\n<\/ul>\n<p>Ambientado en la<strong> Am\u00e9rica rural moderna <\/strong>y continuando la historia de los dram\u00e1ticos sucesos de Resident Evil 6, los jugadores experimentar\u00e1n el terror directamente desde la perspectiva en primera persona.<\/p>\n<p>Resident Evil 7 encarna los elementos distintivos de la serie de exploraci\u00f3n y atm\u00f3sfera tensa con los que se acu\u00f1\u00f3 el g\u00e9nero de terror de supervivencia hace ya veinte a\u00f1os. Ahora, una completa actualizaci\u00f3n del sistema de juego lleva la experiencia del terror de supervivencia al siguiente nivel.\u00a0<\/p>\n<p><\/p>","protected":false},"excerpt":{"rendered":"<p>Si desea im\u00e1genes adicionales del producto, puede solicitarlas desde el formulario de contacto o en el email kaototienda@gmail.com Esta edici\u00f3n incluye: Juego original m\u00e1s todos los DLC\u00b4s del Seasson Pass BANNED FOOTAGE VOL. 1:\u00a0 Pesadilla: Atrapado en un s\u00f3tano repleto de horrores, debes luchar por tu vida\u2026 Dormitorio: Atado a una cama, debes luchar por [&hellip;]<\/p>\n","protected":false},"featured_media":20244,"template":"","meta":{"ocean_post_layout":"","ocean_both_sidebars_style":"","ocean_both_sidebars_content_width":0,"ocean_both_sidebars_sidebars_width":0,"ocean_sidebar":"","ocean_second_sidebar":"","ocean_disable_margins":"enable","ocean_add_body_class":"","ocean_shortcode_before_top_bar":"","ocean_shortcode_after_top_bar":"","ocean_shortcode_before_header":"","ocean_shortcode_after_header":"","ocean_has_shortcode":"","ocean_shortcode_after_title":"","ocean_shortcode_before_footer_widgets":"","ocean_shortcode_after_footer_widgets":"","ocean_shortcode_before_footer_bottom":"","ocean_shortcode_after_footer_bottom":"","ocean_display_top_bar":"default","ocean_display_header":"default","ocean_header_style":"","ocean_center_header_left_menu":"","ocean_custom_header_template":"","ocean_custom_logo":0,"ocean_custom_retina_logo":0,"ocean_custom_logo_max_width":0,"ocean_custom_logo_tablet_max_width":0,"ocean_custom_logo_mobile_max_width":0,"ocean_custom_logo_max_height":0,"ocean_custom_logo_tablet_max_height":0,"ocean_custom_logo_mobile_max_height":0,"ocean_header_custom_menu":"","ocean_menu_typo_font_family":"","ocean_menu_typo_font_subset":"","ocean_menu_typo_font_size":0,"ocean_menu_typo_font_size_tablet":0,"ocean_menu_typo_font_size_mobile":0,"ocean_menu_typo_font_size_unit":"px","ocean_menu_typo_font_weight":"","ocean_menu_typo_font_weight_tablet":"","ocean_menu_typo_font_weight_mobile":"","ocean_menu_typo_transform":"","ocean_menu_typo_transform_tablet":"","ocean_menu_typo_transform_mobile":"","ocean_menu_typo_line_height":0,"ocean_menu_typo_line_height_tablet":0,"ocean_menu_typo_line_height_mobile":0,"ocean_menu_typo_line_height_unit":"","ocean_menu_typo_spacing":0,"ocean_menu_typo_spacing_tablet":0,"ocean_menu_typo_spacing_mobile":0,"ocean_menu_typo_spacing_unit":"","ocean_menu_link_color":"","ocean_menu_link_color_hover":"","ocean_menu_link_color_active":"","ocean_menu_link_background":"","ocean_menu_link_hover_background":"","ocean_menu_link_active_background":"","ocean_menu_social_links_bg":"","ocean_menu_social_hover_links_bg":"","ocean_menu_social_links_color":"","ocean_menu_social_hover_links_color":"","ocean_disable_title":"default","ocean_disable_heading":"default","ocean_post_title":"","ocean_post_subheading":"","ocean_post_title_style":"","ocean_post_title_background_color":"","ocean_post_title_background":0,"ocean_post_title_bg_image_position":"","ocean_post_title_bg_image_attachment":"","ocean_post_title_bg_image_repeat":"","ocean_post_title_bg_image_size":"","ocean_post_title_height":0,"ocean_post_title_bg_overlay":0.5,"ocean_post_title_bg_overlay_color":"","ocean_disable_breadcrumbs":"default","ocean_breadcrumbs_color":"","ocean_breadcrumbs_separator_color":"","ocean_breadcrumbs_links_color":"","ocean_breadcrumbs_links_hover_color":"","ocean_display_footer_widgets":"default","ocean_display_footer_bottom":"default","ocean_custom_footer_template":""},"product_brand":[],"product_cat":[98,108,128],"product_tag":[],"class_list":{"0":"post-30891","1":"product","2":"type-product","3":"status-publish","4":"has-post-thumbnail","6":"product_cat-novedades","7":"product_cat-playstation-5","8":"product_cat-ultimas-entradas","10":"entry","11":"has-media","13":"first","14":"instock","15":"taxable","16":"shipping-taxable","17":"purchasable","18":"product-type-simple","19":"col","20":"span_1_of_3","21":"owp-content-center","22":"owp-thumbs-layout-horizontal","23":"owp-btn-normal","24":"owp-tabs-layout-horizontal","25":"has-no-thumbnails"},"aioseo_notices":[],"_links":{"self":[{"href":"https:\/\/kaotostore.com\/en\/wp-json\/wp\/v2\/product\/30891","targetHints":{"allow":["GET"]}}],"collection":[{"href":"https:\/\/kaotostore.com\/en\/wp-json\/wp\/v2\/product"}],"about":[{"href":"https:\/\/kaotostore.com\/en\/wp-json\/wp\/v2\/types\/product"}],"wp:featuredmedia":[{"embeddable":true,"href":"https:\/\/kaotostore.com\/en\/wp-json\/wp\/v2\/media\/20244"}],"wp:attachment":[{"href":"https:\/\/kaotostore.com\/en\/wp-json\/wp\/v2\/media?parent=30891"}],"wp:term":[{"taxonomy":"product_brand","embeddable":true,"href":"https:\/\/kaotostore.com\/en\/wp-json\/wp\/v2\/product_brand?post=30891"},{"taxonomy":"product_cat","embeddable":true,"href":"https:\/\/kaotostore.com\/en\/wp-json\/wp\/v2\/product_cat?post=30891"},{"taxonomy":"product_tag","embeddable":true,"href":"https:\/\/kaotostore.com\/en\/wp-json\/wp\/v2\/product_tag?post=30891"}],"curies":[{"name":"wp","href":"https:\/\/api.w.org\/{rel}","templated":true}]}}