{"id":30842,"date":"2026-03-24T10:24:27","date_gmt":"2026-03-24T09:24:27","guid":{"rendered":"https:\/\/kaotostore.com\/producto\/resident-evil-4-remake-gold-edition-playstation-5\/"},"modified":"2026-04-07T12:18:20","modified_gmt":"2026-04-07T10:18:20","slug":"resident-evil-4-remake-gold-edition-playstation-5","status":"publish","type":"product","link":"https:\/\/kaotostore.com\/en\/product\/resident-evil-4-remake-gold-edition-playstation-5\/","title":{"rendered":"Resident Evil 4 Remake Gold Edition PLAYSTATION 5"},"content":{"rendered":"<p><strong><span style=\"color: rgb(255, 5, 5);\">Si desea im\u00e1genes adicionales del producto, puede solicitarlas desde el formulario de contacto o en el email kaototienda@gmail.com<\/span><\/strong><\/p>\n<p>\u00a0<\/p>\n<p><strong>Resident Evil 4 pone a Leon S. Kennedy <\/strong>6 a\u00f1os despu\u00e9s del <strong>desastre biol\u00f3gico en Raccoon City. <\/strong>Leon S. Kennedy <strong>rastrea a la hija desaparecida del presidente <\/strong>hasta un pueblo europeo aislado, donde <strong>hay algo terriblemente mal <\/strong>con los aldeanos.<\/p>\n<p>Con una <strong>jugabilidad modernizada, una historia reimaginada y gr\u00e1ficos v\u00edvidamente detallados<\/strong>, Resident Evil 4 marca el renacimiento de un gigante de la industria.<\/p>\n<p><strong>Separate Ways se reinventa y se basa en el contenido adicional del juego original <\/strong>para ofrecer una nueva aventura ampliada. La <strong>historia muestra a la enigm\u00e1tica Ada Wong <\/strong>infiltr\u00e1ndose en el pueblo europeo controlado por <strong>Los Iluminados bajo las \u00f3rdenes de Albert Wesker<\/strong> para apoderarse del secreto m\u00e1s oscuro del grupo: <strong>una poderosa sustancia conocida como &#8220;el \u00e1mbar&#8221;. <\/strong><\/p>\n<p>Esta <strong>peligrosa misi\u00f3n conduce a una reuni\u00f3n inesperada con Leon S. Kennedy<\/strong>, presentando <strong>otra perspectiva de la narrativa del juego <\/strong>que responde a las preguntas persistentes de la campa\u00f1a principal.<\/p>\n<p>El <strong>paquete DLC adicional <\/strong>trae consigo una <strong>gran cantidad de disfraces y filtros de pantalla para personalizar tu juego<\/strong>, as\u00ed como un mapa del<strong> tesoro ampliado que revela elementos adicionales <\/strong>para encontrar e intercambiar en la <strong>misi\u00f3n de Leon, y las poderosas armas Sentinel Nine y Skull Shaker<\/strong><\/p>","protected":false},"excerpt":{"rendered":"<p>Si desea im\u00e1genes adicionales del producto, puede solicitarlas desde el formulario de contacto o en el email kaototienda@gmail.com \u00a0 Resident Evil 4 pone a Leon S. Kennedy 6 a\u00f1os despu\u00e9s del desastre biol\u00f3gico en Raccoon City. Leon S. Kennedy rastrea a la hija desaparecida del presidente hasta un pueblo europeo aislado, donde hay algo terriblemente [&hellip;]<\/p>\n","protected":false},"featured_media":20168,"template":"","meta":{"ocean_post_layout":"","ocean_both_sidebars_style":"","ocean_both_sidebars_content_width":0,"ocean_both_sidebars_sidebars_width":0,"ocean_sidebar":"","ocean_second_sidebar":"","ocean_disable_margins":"enable","ocean_add_body_class":"","ocean_shortcode_before_top_bar":"","ocean_shortcode_after_top_bar":"","ocean_shortcode_before_header":"","ocean_shortcode_after_header":"","ocean_has_shortcode":"","ocean_shortcode_after_title":"","ocean_shortcode_before_footer_widgets":"","ocean_shortcode_after_footer_widgets":"","ocean_shortcode_before_footer_bottom":"","ocean_shortcode_after_footer_bottom":"","ocean_display_top_bar":"default","ocean_display_header":"default","ocean_header_style":"","ocean_center_header_left_menu":"","ocean_custom_header_template":"","ocean_custom_logo":0,"ocean_custom_retina_logo":0,"ocean_custom_logo_max_width":0,"ocean_custom_logo_tablet_max_width":0,"ocean_custom_logo_mobile_max_width":0,"ocean_custom_logo_max_height":0,"ocean_custom_logo_tablet_max_height":0,"ocean_custom_logo_mobile_max_height":0,"ocean_header_custom_menu":"","ocean_menu_typo_font_family":"","ocean_menu_typo_font_subset":"","ocean_menu_typo_font_size":0,"ocean_menu_typo_font_size_tablet":0,"ocean_menu_typo_font_size_mobile":0,"ocean_menu_typo_font_size_unit":"px","ocean_menu_typo_font_weight":"","ocean_menu_typo_font_weight_tablet":"","ocean_menu_typo_font_weight_mobile":"","ocean_menu_typo_transform":"","ocean_menu_typo_transform_tablet":"","ocean_menu_typo_transform_mobile":"","ocean_menu_typo_line_height":0,"ocean_menu_typo_line_height_tablet":0,"ocean_menu_typo_line_height_mobile":0,"ocean_menu_typo_line_height_unit":"","ocean_menu_typo_spacing":0,"ocean_menu_typo_spacing_tablet":0,"ocean_menu_typo_spacing_mobile":0,"ocean_menu_typo_spacing_unit":"","ocean_menu_link_color":"","ocean_menu_link_color_hover":"","ocean_menu_link_color_active":"","ocean_menu_link_background":"","ocean_menu_link_hover_background":"","ocean_menu_link_active_background":"","ocean_menu_social_links_bg":"","ocean_menu_social_hover_links_bg":"","ocean_menu_social_links_color":"","ocean_menu_social_hover_links_color":"","ocean_disable_title":"default","ocean_disable_heading":"default","ocean_post_title":"","ocean_post_subheading":"","ocean_post_title_style":"","ocean_post_title_background_color":"","ocean_post_title_background":0,"ocean_post_title_bg_image_position":"","ocean_post_title_bg_image_attachment":"","ocean_post_title_bg_image_repeat":"","ocean_post_title_bg_image_size":"","ocean_post_title_height":0,"ocean_post_title_bg_overlay":0.5,"ocean_post_title_bg_overlay_color":"","ocean_disable_breadcrumbs":"default","ocean_breadcrumbs_color":"","ocean_breadcrumbs_separator_color":"","ocean_breadcrumbs_links_color":"","ocean_breadcrumbs_links_hover_color":"","ocean_display_footer_widgets":"default","ocean_display_footer_bottom":"default","ocean_custom_footer_template":""},"product_brand":[],"product_cat":[98,108,128],"product_tag":[],"class_list":{"0":"post-30842","1":"product","2":"type-product","3":"status-publish","4":"has-post-thumbnail","6":"product_cat-novedades","7":"product_cat-playstation-5","8":"product_cat-ultimas-entradas","10":"entry","11":"has-media","13":"first","14":"instock","15":"taxable","16":"shipping-taxable","17":"purchasable","18":"product-type-simple","19":"col","20":"span_1_of_3","21":"owp-content-center","22":"owp-thumbs-layout-horizontal","23":"owp-btn-normal","24":"owp-tabs-layout-horizontal"},"aioseo_notices":[],"_links":{"self":[{"href":"https:\/\/kaotostore.com\/en\/wp-json\/wp\/v2\/product\/30842","targetHints":{"allow":["GET"]}}],"collection":[{"href":"https:\/\/kaotostore.com\/en\/wp-json\/wp\/v2\/product"}],"about":[{"href":"https:\/\/kaotostore.com\/en\/wp-json\/wp\/v2\/types\/product"}],"wp:featuredmedia":[{"embeddable":true,"href":"https:\/\/kaotostore.com\/en\/wp-json\/wp\/v2\/media\/20168"}],"wp:attachment":[{"href":"https:\/\/kaotostore.com\/en\/wp-json\/wp\/v2\/media?parent=30842"}],"wp:term":[{"taxonomy":"product_brand","embeddable":true,"href":"https:\/\/kaotostore.com\/en\/wp-json\/wp\/v2\/product_brand?post=30842"},{"taxonomy":"product_cat","embeddable":true,"href":"https:\/\/kaotostore.com\/en\/wp-json\/wp\/v2\/product_cat?post=30842"},{"taxonomy":"product_tag","embeddable":true,"href":"https:\/\/kaotostore.com\/en\/wp-json\/wp\/v2\/product_tag?post=30842"}],"curies":[{"name":"wp","href":"https:\/\/api.w.org\/{rel}","templated":true}]}}