{"id":30831,"date":"2026-03-24T10:24:14","date_gmt":"2026-03-24T09:24:14","guid":{"rendered":"https:\/\/kaotostore.com\/producto\/resident-evil-3-remake-playstation-4\/"},"modified":"2026-04-16T14:08:09","modified_gmt":"2026-04-16T12:08:09","slug":"resident-evil-3-remake-playstation-4","status":"publish","type":"product","link":"https:\/\/kaotostore.com\/en\/product\/resident-evil-3-remake-playstation-4\/","title":{"rendered":"Resident Evil 3 Remake PLAYSTATION 4"},"content":{"rendered":"<p><strong><span style=\"color: #ff0505;\">Si desea im\u00e1genes adicionales del producto, puede solicitarlas desde el formulario de contacto o en el email kaototienda@gmail.com<\/span><\/strong><\/p>\n<p><strong>-Precintado, nuevo a estrenar<\/strong><\/p>\n<p>Tras el galardonado Resident Evil 2, esta entrega -muy demandada- de una franquicia que suma m\u00e1s de 94 millones de unidades vendidas en todo el mundo una vez m\u00e1s utilizar\u00e1 el motor propiedad de Capcom, RE Engine, para completar el arco argumental de la historia de Raccoon City. Resident Evil 3 est\u00e1 protagonizado por Jill Valentine &#8211; una de las hero\u00ednas del videojuego m\u00e1s emblem\u00e1ticas &#8211; mientras escapa de la ciudad en ruinas de Raccoon City y es perseguida por la implacable arma biol\u00f3gica Nemesis. Resident Evil 3 se desarrolla en medio del brote de pesadilla del virus T, un arma biol\u00f3gica desarrollada por la compa\u00f1\u00eda farmac\u00e9utica Umbrella Corporation. El juego marca el estreno de Nemesis, una imponente arma biol\u00f3gica humanoide dise\u00f1ada para crear una inteligencia de alto rendimiento y de gran brutalidad &#8211; cuya persecuci\u00f3n de Jill Valentien, miembros de S.T.A.R.S. La convirti\u00f3 en un icono de la saga Resident Evil. Armada con un arsenal de armamentos de alta potencia y ataviado con un traje negro que oculta sus rasgos mutilados, Nemesis mutilar\u00e1, pulverizar\u00e1 o destruir\u00e1 cualquier obst\u00e1culo que encuentre en su camino hacia el objetivo. La desgarradora huida de Jill se lleva a cabo en las horas de p\u00e1nico que se suceden antes y despu\u00e9s de los eventos relatados en el superventas Resident Evil 2. El combate intenso y la resoluci\u00f3n de puzles se combinan para ofrecer el cap\u00edtulo final del colapso de Raccoon City. Las horribles aterradoras localizaciones del juego original y el nuevo contenido cobran vida como nunca antes con el motor RE Engine.<\/p>","protected":false},"excerpt":{"rendered":"<p>Si desea im\u00e1genes adicionales del producto, puede solicitarlas desde el formulario de contacto o en el email kaototienda@gmail.com -Precintado, nuevo a estrenar Tras el galardonado Resident Evil 2, esta entrega -muy demandada- de una franquicia que suma m\u00e1s de 94 millones de unidades vendidas en todo el mundo una vez m\u00e1s utilizar\u00e1 el motor propiedad [&hellip;]<\/p>\n","protected":false},"featured_media":20149,"template":"","meta":{"ocean_post_layout":"","ocean_both_sidebars_style":"","ocean_both_sidebars_content_width":0,"ocean_both_sidebars_sidebars_width":0,"ocean_sidebar":"0","ocean_second_sidebar":"0","ocean_disable_margins":"enable","ocean_add_body_class":"","ocean_shortcode_before_top_bar":"","ocean_shortcode_after_top_bar":"","ocean_shortcode_before_header":"","ocean_shortcode_after_header":"","ocean_has_shortcode":"","ocean_shortcode_after_title":"","ocean_shortcode_before_footer_widgets":"","ocean_shortcode_after_footer_widgets":"","ocean_shortcode_before_footer_bottom":"","ocean_shortcode_after_footer_bottom":"","ocean_display_top_bar":"default","ocean_display_header":"default","ocean_header_style":"","ocean_center_header_left_menu":"0","ocean_custom_header_template":"0","ocean_custom_logo":0,"ocean_custom_retina_logo":0,"ocean_custom_logo_max_width":0,"ocean_custom_logo_tablet_max_width":0,"ocean_custom_logo_mobile_max_width":0,"ocean_custom_logo_max_height":0,"ocean_custom_logo_tablet_max_height":0,"ocean_custom_logo_mobile_max_height":0,"ocean_header_custom_menu":"0","ocean_menu_typo_font_family":"0","ocean_menu_typo_font_subset":"","ocean_menu_typo_font_size":0,"ocean_menu_typo_font_size_tablet":0,"ocean_menu_typo_font_size_mobile":0,"ocean_menu_typo_font_size_unit":"px","ocean_menu_typo_font_weight":"","ocean_menu_typo_font_weight_tablet":"","ocean_menu_typo_font_weight_mobile":"","ocean_menu_typo_transform":"","ocean_menu_typo_transform_tablet":"","ocean_menu_typo_transform_mobile":"","ocean_menu_typo_line_height":0,"ocean_menu_typo_line_height_tablet":0,"ocean_menu_typo_line_height_mobile":0,"ocean_menu_typo_line_height_unit":"","ocean_menu_typo_spacing":0,"ocean_menu_typo_spacing_tablet":0,"ocean_menu_typo_spacing_mobile":0,"ocean_menu_typo_spacing_unit":"","ocean_menu_link_color":"","ocean_menu_link_color_hover":"","ocean_menu_link_color_active":"","ocean_menu_link_background":"","ocean_menu_link_hover_background":"","ocean_menu_link_active_background":"","ocean_menu_social_links_bg":"","ocean_menu_social_hover_links_bg":"","ocean_menu_social_links_color":"","ocean_menu_social_hover_links_color":"","ocean_disable_title":"default","ocean_disable_heading":"default","ocean_post_title":"","ocean_post_subheading":"","ocean_post_title_style":"","ocean_post_title_background_color":"","ocean_post_title_background":0,"ocean_post_title_bg_image_position":"","ocean_post_title_bg_image_attachment":"","ocean_post_title_bg_image_repeat":"","ocean_post_title_bg_image_size":"","ocean_post_title_height":0,"ocean_post_title_bg_overlay":0.5,"ocean_post_title_bg_overlay_color":"","ocean_disable_breadcrumbs":"default","ocean_breadcrumbs_color":"","ocean_breadcrumbs_separator_color":"","ocean_breadcrumbs_links_color":"","ocean_breadcrumbs_links_hover_color":"","ocean_display_footer_widgets":"default","ocean_display_footer_bottom":"default","ocean_custom_footer_template":"0"},"product_brand":[],"product_cat":[107,128],"product_tag":[],"class_list":{"0":"post-30831","1":"product","2":"type-product","3":"status-publish","4":"has-post-thumbnail","6":"product_cat-playstation-4","7":"product_cat-ultimas-entradas","9":"entry","10":"has-media","12":"first","13":"outofstock","14":"taxable","15":"shipping-taxable","16":"purchasable","17":"product-type-simple","18":"col","19":"span_1_of_3","20":"owp-content-center","21":"owp-thumbs-layout-horizontal","22":"owp-btn-normal","23":"owp-tabs-layout-horizontal"},"aioseo_notices":[],"_links":{"self":[{"href":"https:\/\/kaotostore.com\/en\/wp-json\/wp\/v2\/product\/30831","targetHints":{"allow":["GET"]}}],"collection":[{"href":"https:\/\/kaotostore.com\/en\/wp-json\/wp\/v2\/product"}],"about":[{"href":"https:\/\/kaotostore.com\/en\/wp-json\/wp\/v2\/types\/product"}],"wp:featuredmedia":[{"embeddable":true,"href":"https:\/\/kaotostore.com\/en\/wp-json\/wp\/v2\/media\/20149"}],"wp:attachment":[{"href":"https:\/\/kaotostore.com\/en\/wp-json\/wp\/v2\/media?parent=30831"}],"wp:term":[{"taxonomy":"product_brand","embeddable":true,"href":"https:\/\/kaotostore.com\/en\/wp-json\/wp\/v2\/product_brand?post=30831"},{"taxonomy":"product_cat","embeddable":true,"href":"https:\/\/kaotostore.com\/en\/wp-json\/wp\/v2\/product_cat?post=30831"},{"taxonomy":"product_tag","embeddable":true,"href":"https:\/\/kaotostore.com\/en\/wp-json\/wp\/v2\/product_tag?post=30831"}],"curies":[{"name":"wp","href":"https:\/\/api.w.org\/{rel}","templated":true}]}}