{"id":30816,"date":"2026-03-24T10:23:56","date_gmt":"2026-03-24T09:23:56","guid":{"rendered":"https:\/\/kaotostore.com\/producto\/reserva-sorcerer-kingdom-shinyuden-mega-drive\/"},"modified":"2026-05-04T19:39:21","modified_gmt":"2026-05-04T17:39:21","slug":"reserva-sorcerer-kingdom-shinyuden-mega-drive","status":"publish","type":"product","link":"https:\/\/kaotostore.com\/en\/product\/reserva-sorcerer-kingdom-shinyuden-mega-drive\/","title":{"rendered":"RESERVA Sorcerer Kingdom Shinyuden MEGA DRIVE"},"content":{"rendered":"<h1><strong><span style=\"text-decoration: underline;\"><span style=\"color: #ff0505; text-decoration: underline;\">ELIGE RECOGIDA EN TIENDA AL REALIZAR LA RESERVA, SE COMPLETARA EL ENVIO EN EL LANZAMIENTO DEL JUEGO<\/span><\/span><\/strong><\/h1>\n<h1><\/h1>\n<h1><strong><span style=\"text-decoration: underline;\"><span style=\"color: #ff0505; text-decoration: underline;\">PRODUCTO EN RESERVA, SE DESCONTARAN LOS 10\u20ac EN EL LANZAMIENTO<br \/>\n<\/span><\/span><\/strong><\/h1>\n<h3><strong><br \/>\nPVP: 69,95\u20ac \/ Fecha de salida: Mayo 2026<\/strong><\/h3>\n<p>&nbsp;<\/p>\n<p>-Juego en castellano<\/p>\n<p>&nbsp;<\/p>\n<h6 class=\"wp-block-heading has-background-color has-text-color has-link-color has-large-font-size wp-elements-62487daea31db42eec554029bf665bf2\">Si eres fan de los juegos de estrategia antiguos, no te puedes perder esta joya oculta de los 90.<\/h6>\n<p class=\"has-background-color has-text-color has-link-color wp-elements-cc44e896fac2f2d20de5d2eb432fb68b\" style=\"margin-top: 16px;\">Equ\u00edpate con tus alas m\u00e1gicas y prep\u00e1rate para una odisea donde el valor es tu \u00fanica antorcha frente a la oscuridad que se aproxima.<\/p>\n<p>En <strong>Sorcerer\u2019s Kingdom<\/strong>, asumes el papel de un joven aventurero que, impulsado por su lealtad al Rey, debe adentrarse en tierras peligrosas y pasillos olvidados. \u00a1Prep\u00e1rate para la aventura!<\/p>\n<div class=\"wp-block-group is-nowrap is-layout-flex wp-container-core-group-is-layout-6a90dc5c wp-block-group-is-layout-flex\">\n<div class=\"wp-block-group wp-container-content-958eb9dc has-global-padding is-layout-constrained wp-block-group-is-layout-constrained\">\n<h4 class=\"wp-block-heading has-background-color has-text-color has-link-color wp-elements-40e3ec940c18045d72a1901698ba1ec7\" style=\"font-size: clamp(14px, 0.875rem + ((1vw - 3.2px) * 0.625), 20px); line-height: 1.5;\">UN MUNDO m\u00e1gico POR EXPLORAR<\/h4>\n<p class=\"has-background-color has-text-color has-link-color has-small-font-size wp-elements-8699bafee2150fe677f384d8e52f237b\" style=\"margin-top: 4px;\">El grito desgarrador de un grifo le perfora el o\u00eddo y retumba por los largos y oscuros pasillos de <strong>Sorcerer\u2019s Kingdom<\/strong>. El sentido del deber hacia el Rey es lo \u00fanico que le da el valor para seguir adelante.<\/p>\n<p class=\"has-background-color has-text-color has-link-color wp-elements-4638046ad0b2c971aec72a6e639906f2\">A medida que va venciendo enemigos en esta tierra tan peligrosa, <strong>siente c\u00f3mo se le van fortaleciendo los m\u00fasculos y reacciona con mayor rapidez<\/strong>.<\/p>\n<p class=\"has-background-color has-text-color has-link-color has-small-font-size wp-elements-d89c4ceffe0b2bbec5d22410e0694c0e\" style=\"margin-top: 4px;\">M\u00e1s adelante, vislumbra por fin la luz del d\u00eda y echa a correr asustado de aquello que se le aproxima por detr\u00e1s. Termina en el borde de un acantilado muy alto, donde <strong>la \u00fanica forma de escapar es desplegar las alas m\u00e1gicas y echar a volar<\/strong>\u2026<\/p>\n<\/div>\n<\/div>\n<div class=\"wp-block-group is-nowrap is-layout-flex wp-container-core-group-is-layout-6a90dc5c wp-block-group-is-layout-flex\">\n<div class=\"wp-block-group wp-container-content-958eb9dc has-global-padding is-layout-constrained wp-block-group-is-layout-constrained\">\n<h4 class=\"wp-block-heading has-background-color has-text-color has-link-color wp-elements-5a940a97f42438aedbe0f06ea688fe1e\" style=\"font-size: clamp(14px, 0.875rem + ((1vw - 3.2px) * 0.625), 20px); line-height: 1.5;\">Un juego soprendente<\/h4>\n<h6 class=\"wp-block-heading has-background-color has-text-color has-link-color wp-elements-6d6fe81a9da38825fed1ff5941c36cee\">1. Sistema de Crecimiento Anal\u00f3gico (AnS)<\/h6>\n<p class=\"has-background-color has-text-color has-link-color wp-elements-69e3a8ccb413cbff6ddff9125ce1c9d5\">A diferencia de los RPG tradicionales donde solo subes de nivel mediante puntos de experiencia gen\u00e9ricos, en este juego las habilidades y estad\u00edsticas de los personajes crecen de forma org\u00e1nica seg\u00fan las acciones realizadas en batalla.<\/p>\n<h6 class=\"wp-block-heading has-background-color has-text-color has-link-color wp-elements-4f7acb9748290dfc0544bf3cc7eea91b\">2. Batallas T\u00e1cticas en Tiempo Real<\/h6>\n<p class=\"has-background-color has-text-color has-link-color wp-elements-76d9dd646ad6a2be0a3bb7fc1206756a\">El posicionamiento de tus personajes es clave en Sorcerer\u2019s Kingdom, por lo que deber\u00e1s pensar cada movimiento con el m\u00e1ximo cuidado.<\/p>\n<h6 class=\"wp-block-heading has-background-color has-text-color has-link-color wp-elements-cf49235a6106498b1a87803ac3420c16\">3. Estructura de \u201cMulti-Quest\u201d<\/h6>\n<p class=\"has-background-color has-text-color has-link-color wp-elements-d2b279a48d3fe8ab815dfaf00a0d86b7\">En lugar de una \u00fanica l\u00ednea narrativa lineal, el juego est\u00e1 estructurado de forma que cada misi\u00f3n ofrezca nuevos desaf\u00edos y expanda la rica historia de este memorable t\u00edtulo.<\/p>\n<p><span style=\"color: #000000;\"><strong>-Incluye:<\/strong><\/span><\/p>\n<h3 class=\"wp-block-heading has-background-color has-text-color has-link-color has-medium-font-size wp-elements-534270d147ea2f3e9bdada529de28cc0\" style=\"line-height: 1.5;\">Tarjeta de<br \/>\nregistro<\/h3>\n<p class=\"has-background-color has-text-color has-link-color has-small-font-size wp-elements-2814ade1966505b03d3c9c222526e39f\" style=\"margin-top: 8px;\">Un gui\u00f1o nost\u00e1lgico a la era dorada de los videojuegos, esta tarjeta te conecta con la experiencia original de compra de los 90.<\/p>\n<h3 class=\"wp-block-heading has-background-color has-text-color has-link-color has-medium-font-size wp-elements-0887742038262773bf893aa6f13e6273\" style=\"line-height: 1.5;\">Carta coleccionable<\/h3>\n<p class=\"has-background-color has-text-color has-link-color has-small-font-size wp-elements-14d0e9ce14a277ee131e15a02a290928\" style=\"margin-top: 8px;\">Un peque\u00f1o pero valioso a\u00f1adido que certifica la autenticidad de tu edici\u00f3n.<\/p>\n<h3 class=\"wp-block-heading has-background-color has-text-color has-link-color has-medium-font-size wp-elements-57d10ced5f84c62a59e3810c5e23fc96\" style=\"line-height: 1.5;\">Cup\u00f3n<br \/>\npromocional<\/h3>\n<p class=\"has-background-color has-text-color has-link-color has-small-font-size wp-elements-e6d5a5aca654960748edf5fd079f50b3\" style=\"margin-top: 8px;\">\u00a1Un extra sorpresa para futuras adquisiciones! Porque sabemos que tu pasi\u00f3n por los cl\u00e1sicos nunca termina.<\/p>\n<h3 class=\"wp-block-heading has-background-color has-text-color has-link-color has-medium-font-size wp-elements-df2b8bd7d3293db892166bf343a99a11\" style=\"line-height: 1.5;\">Set de 3 postales<\/h3>\n<p class=\"has-background-color has-text-color has-link-color has-small-font-size wp-elements-ba7592b09b68dd3ccd8a83eda646b82d\" style=\"margin-top: 8px;\">Perfectas para admirar su arte, o regalar a un ser querido \u00bfpor qu\u00e9 no? \u00a1Y con reverso ilustrado tambi\u00e9n!<\/p>\n<h3 class=\"wp-block-heading has-background-color has-text-color has-link-color has-medium-font-size wp-elements-8781e1597eeda42b1cee0a04fd31049f\" style=\"line-height: 1.5;\">Anillos exclusivos<\/h3>\n<p class=\"has-background-color has-text-color has-link-color has-small-font-size wp-elements-706e51fed63c882d79306f78a4b0b303\" style=\"margin-top: 8px;\">Cada copia incluir\u00e1 uno de cuatro anillos aleatorios. \u00a1Una oportunidad \u00fanica que no te puedes perder!<\/p>\n<\/div>\n<\/div>\n<p>&nbsp;<\/p>","protected":false},"excerpt":{"rendered":"<p>ELIGE RECOGIDA EN TIENDA AL REALIZAR LA RESERVA, SE COMPLETARA EL ENVIO EN EL LANZAMIENTO DEL JUEGO PRODUCTO EN RESERVA, SE DESCONTARAN LOS 10\u20ac EN EL LANZAMIENTO PVP: 69,95\u20ac \/ Fecha de salida: Mayo 2026 &nbsp; -Juego en castellano &nbsp; Si eres fan de los juegos de estrategia antiguos, no te puedes perder esta joya [&hellip;]<\/p>\n","protected":false},"featured_media":20115,"template":"","meta":{"ocean_post_layout":"","ocean_both_sidebars_style":"","ocean_both_sidebars_content_width":0,"ocean_both_sidebars_sidebars_width":0,"ocean_sidebar":"0","ocean_second_sidebar":"0","ocean_disable_margins":"enable","ocean_add_body_class":"","ocean_shortcode_before_top_bar":"","ocean_shortcode_after_top_bar":"","ocean_shortcode_before_header":"","ocean_shortcode_after_header":"","ocean_has_shortcode":"","ocean_shortcode_after_title":"","ocean_shortcode_before_footer_widgets":"","ocean_shortcode_after_footer_widgets":"","ocean_shortcode_before_footer_bottom":"","ocean_shortcode_after_footer_bottom":"","ocean_display_top_bar":"default","ocean_display_header":"default","ocean_header_style":"","ocean_center_header_left_menu":"0","ocean_custom_header_template":"0","ocean_custom_logo":0,"ocean_custom_retina_logo":0,"ocean_custom_logo_max_width":0,"ocean_custom_logo_tablet_max_width":0,"ocean_custom_logo_mobile_max_width":0,"ocean_custom_logo_max_height":0,"ocean_custom_logo_tablet_max_height":0,"ocean_custom_logo_mobile_max_height":0,"ocean_header_custom_menu":"0","ocean_menu_typo_font_family":"0","ocean_menu_typo_font_subset":"","ocean_menu_typo_font_size":0,"ocean_menu_typo_font_size_tablet":0,"ocean_menu_typo_font_size_mobile":0,"ocean_menu_typo_font_size_unit":"px","ocean_menu_typo_font_weight":"","ocean_menu_typo_font_weight_tablet":"","ocean_menu_typo_font_weight_mobile":"","ocean_menu_typo_transform":"","ocean_menu_typo_transform_tablet":"","ocean_menu_typo_transform_mobile":"","ocean_menu_typo_line_height":0,"ocean_menu_typo_line_height_tablet":0,"ocean_menu_typo_line_height_mobile":0,"ocean_menu_typo_line_height_unit":"","ocean_menu_typo_spacing":0,"ocean_menu_typo_spacing_tablet":0,"ocean_menu_typo_spacing_mobile":0,"ocean_menu_typo_spacing_unit":"","ocean_menu_link_color":"","ocean_menu_link_color_hover":"","ocean_menu_link_color_active":"","ocean_menu_link_background":"","ocean_menu_link_hover_background":"","ocean_menu_link_active_background":"","ocean_menu_social_links_bg":"","ocean_menu_social_hover_links_bg":"","ocean_menu_social_links_color":"","ocean_menu_social_hover_links_color":"","ocean_disable_title":"default","ocean_disable_heading":"default","ocean_post_title":"","ocean_post_subheading":"","ocean_post_title_style":"","ocean_post_title_background_color":"","ocean_post_title_background":0,"ocean_post_title_bg_image_position":"","ocean_post_title_bg_image_attachment":"","ocean_post_title_bg_image_repeat":"","ocean_post_title_bg_image_size":"","ocean_post_title_height":0,"ocean_post_title_bg_overlay":0.5,"ocean_post_title_bg_overlay_color":"","ocean_disable_breadcrumbs":"default","ocean_breadcrumbs_color":"","ocean_breadcrumbs_separator_color":"","ocean_breadcrumbs_links_color":"","ocean_breadcrumbs_links_hover_color":"","ocean_display_footer_widgets":"default","ocean_display_footer_bottom":"default","ocean_custom_footer_template":"0"},"product_brand":[],"product_cat":[111],"product_tag":[142],"class_list":{"0":"post-30816","1":"product","2":"type-product","3":"status-publish","4":"has-post-thumbnail","6":"product_cat-reserva-sorcerers-kingdom-shinyuden","7":"product_tag-solo-tienda","9":"entry","10":"has-media","12":"first","13":"instock","14":"taxable","15":"shipping-taxable","16":"purchasable","17":"product-type-simple","18":"col","19":"span_1_of_3","20":"owp-content-center","21":"owp-thumbs-layout-horizontal","22":"owp-btn-normal","23":"owp-tabs-layout-horizontal","24":"has-no-thumbnails"},"aioseo_notices":[],"_links":{"self":[{"href":"https:\/\/kaotostore.com\/en\/wp-json\/wp\/v2\/product\/30816","targetHints":{"allow":["GET"]}}],"collection":[{"href":"https:\/\/kaotostore.com\/en\/wp-json\/wp\/v2\/product"}],"about":[{"href":"https:\/\/kaotostore.com\/en\/wp-json\/wp\/v2\/types\/product"}],"wp:featuredmedia":[{"embeddable":true,"href":"https:\/\/kaotostore.com\/en\/wp-json\/wp\/v2\/media\/20115"}],"wp:attachment":[{"href":"https:\/\/kaotostore.com\/en\/wp-json\/wp\/v2\/media?parent=30816"}],"wp:term":[{"taxonomy":"product_brand","embeddable":true,"href":"https:\/\/kaotostore.com\/en\/wp-json\/wp\/v2\/product_brand?post=30816"},{"taxonomy":"product_cat","embeddable":true,"href":"https:\/\/kaotostore.com\/en\/wp-json\/wp\/v2\/product_cat?post=30816"},{"taxonomy":"product_tag","embeddable":true,"href":"https:\/\/kaotostore.com\/en\/wp-json\/wp\/v2\/product_tag?post=30816"}],"curies":[{"name":"wp","href":"https:\/\/api.w.org\/{rel}","templated":true}]}}