{"id":30799,"date":"2026-03-24T10:23:38","date_gmt":"2026-03-24T09:23:38","guid":{"rendered":"https:\/\/kaotostore.com\/producto\/remember-me-playstation-3\/"},"modified":"2026-04-07T12:18:40","modified_gmt":"2026-04-07T10:18:40","slug":"remember-me-playstation-3","status":"publish","type":"product","link":"https:\/\/kaotostore.com\/en\/product\/remember-me-playstation-3\/","title":{"rendered":"Remember Me PLAYSTATION 3"},"content":{"rendered":"<div>\n<h2>Remember Me<\/h2>\n<p>Neo-Par\u00eds 2084. Nuestros recuerdos pueden ser ahora digitalizados, comprados, vendidos e intercambiados. Los \u00faltimos vestigios de la privacidad y la intimidad han sido eliminados en lo que parece ser una evoluci\u00f3n l\u00f3gica del crecimiento explosivo de las redes sociales desde los inicios del siglo XXI.<\/p>\n<p>Los ciudadanos han aceptado esta sociedad vigilada a cambio del confort que la tecnolog\u00eda inteligente puede ofrecer. Este control de la memoria otorga inmensos poderes a un pu\u00f1ado de personas. Remember Me es una aventura de acci\u00f3n en tercera persona donde los jugadores toman el papel de Nilin, una antigua cazadora de memoria de \u00e9lite con la habilidad de penetrar en la mente de las personas y robar o alterar sus recuerdos.<\/p>\n<p>Las autoridades, temerosas de sus habilidades y del conocimiento que posee, la arrestaron y limpiaron su memoria. Tras su huida de prisi\u00f3n, Nilin se embarca en la misi\u00f3n de recuperar su identidad, ayudada por su \u00faltimo y \u00fanico amigo. Esta b\u00fasqueda de su pasado le llevar\u00e1 a ser cazada por las personas que crearon esta sociedad controlada.<\/p>\n<h4>Caracter\u00edsticas:<\/h4>\n<ul>\n<li>\n<strong>Especulativa e impresionante visi\u00f3n de nuestro futuro.<\/strong> Descubre Neo-Par\u00eds en 2084, donde la realidad aumentada y la digitalizaci\u00f3n de memoria han tomado el control de la vida de la gente.<\/li>\n<li>\n<strong>Juega como Nilin, una cazadora de memoria con un turbulento pasado.<\/strong> Convi\u00e9rtete en la cazadora de memoria m\u00e1s buscada de Neo-Par\u00eds y experimenta el poder que supone penetrar en las mentes de la gente para borrarles sus recuerdos. Obt\u00e9n la informaci\u00f3n que buscas directamente de la cabeza de la gente para completar tu misi\u00f3n y recuperar tu propia memoria.<\/li>\n<li>\n<strong>Memory Remix.<\/strong> Esta innovadora mec\u00e1nica de juego permite a los jugadores utilizar el poder de Nilin y modificar partes de recuerdos de la gente en tiempo real. Esto cambiar\u00e1 la perspectiva completa de los personajes sobre ellos mismos y de la gente que les rodea. Como imaginar\u00e9is, esto puede tener consecuencias desastrosas.<\/li>\n<li>\n<strong>Una equilibrada mezcla de combate y exploraci\u00f3n.<\/strong> \u00c1brete camino a trav\u00e9s de diferentes ambientes de Neo-Par\u00eds, y aprov\u00e9chate del dominio de las artes marciales que posee Nilin tanto como cazadora como presa.<\/li>\n<\/ul>\n<\/div>","protected":false},"excerpt":{"rendered":"<p>Remember Me Neo-Par\u00eds 2084. Nuestros recuerdos pueden ser ahora digitalizados, comprados, vendidos e intercambiados. Los \u00faltimos vestigios de la privacidad y la intimidad han sido eliminados en lo que parece ser una evoluci\u00f3n l\u00f3gica del crecimiento explosivo de las redes sociales desde los inicios del siglo XXI. Los ciudadanos han aceptado esta sociedad vigilada a [&hellip;]<\/p>\n","protected":false},"featured_media":20093,"template":"","meta":{"ocean_post_layout":"","ocean_both_sidebars_style":"","ocean_both_sidebars_content_width":0,"ocean_both_sidebars_sidebars_width":0,"ocean_sidebar":"","ocean_second_sidebar":"","ocean_disable_margins":"enable","ocean_add_body_class":"","ocean_shortcode_before_top_bar":"","ocean_shortcode_after_top_bar":"","ocean_shortcode_before_header":"","ocean_shortcode_after_header":"","ocean_has_shortcode":"","ocean_shortcode_after_title":"","ocean_shortcode_before_footer_widgets":"","ocean_shortcode_after_footer_widgets":"","ocean_shortcode_before_footer_bottom":"","ocean_shortcode_after_footer_bottom":"","ocean_display_top_bar":"default","ocean_display_header":"default","ocean_header_style":"","ocean_center_header_left_menu":"","ocean_custom_header_template":"","ocean_custom_logo":0,"ocean_custom_retina_logo":0,"ocean_custom_logo_max_width":0,"ocean_custom_logo_tablet_max_width":0,"ocean_custom_logo_mobile_max_width":0,"ocean_custom_logo_max_height":0,"ocean_custom_logo_tablet_max_height":0,"ocean_custom_logo_mobile_max_height":0,"ocean_header_custom_menu":"","ocean_menu_typo_font_family":"","ocean_menu_typo_font_subset":"","ocean_menu_typo_font_size":0,"ocean_menu_typo_font_size_tablet":0,"ocean_menu_typo_font_size_mobile":0,"ocean_menu_typo_font_size_unit":"px","ocean_menu_typo_font_weight":"","ocean_menu_typo_font_weight_tablet":"","ocean_menu_typo_font_weight_mobile":"","ocean_menu_typo_transform":"","ocean_menu_typo_transform_tablet":"","ocean_menu_typo_transform_mobile":"","ocean_menu_typo_line_height":0,"ocean_menu_typo_line_height_tablet":0,"ocean_menu_typo_line_height_mobile":0,"ocean_menu_typo_line_height_unit":"","ocean_menu_typo_spacing":0,"ocean_menu_typo_spacing_tablet":0,"ocean_menu_typo_spacing_mobile":0,"ocean_menu_typo_spacing_unit":"","ocean_menu_link_color":"","ocean_menu_link_color_hover":"","ocean_menu_link_color_active":"","ocean_menu_link_background":"","ocean_menu_link_hover_background":"","ocean_menu_link_active_background":"","ocean_menu_social_links_bg":"","ocean_menu_social_hover_links_bg":"","ocean_menu_social_links_color":"","ocean_menu_social_hover_links_color":"","ocean_disable_title":"default","ocean_disable_heading":"default","ocean_post_title":"","ocean_post_subheading":"","ocean_post_title_style":"","ocean_post_title_background_color":"","ocean_post_title_background":0,"ocean_post_title_bg_image_position":"","ocean_post_title_bg_image_attachment":"","ocean_post_title_bg_image_repeat":"","ocean_post_title_bg_image_size":"","ocean_post_title_height":0,"ocean_post_title_bg_overlay":0.5,"ocean_post_title_bg_overlay_color":"","ocean_disable_breadcrumbs":"default","ocean_breadcrumbs_color":"","ocean_breadcrumbs_separator_color":"","ocean_breadcrumbs_links_color":"","ocean_breadcrumbs_links_hover_color":"","ocean_display_footer_widgets":"default","ocean_display_footer_bottom":"default","ocean_custom_footer_template":""},"product_brand":[],"product_cat":[106,128],"product_tag":[],"class_list":{"0":"post-30799","1":"product","2":"type-product","3":"status-publish","4":"has-post-thumbnail","6":"product_cat-playstation-3","7":"product_cat-ultimas-entradas","9":"entry","10":"has-media","12":"first","13":"instock","14":"taxable","15":"shipping-taxable","16":"purchasable","17":"product-type-simple","18":"has-product-nav","19":"col","20":"span_1_of_3","21":"owp-content-center","22":"owp-thumbs-layout-horizontal","23":"owp-btn-normal","24":"owp-tabs-layout-horizontal","25":"has-no-thumbnails"},"aioseo_notices":[],"_links":{"self":[{"href":"https:\/\/kaotostore.com\/en\/wp-json\/wp\/v2\/product\/30799","targetHints":{"allow":["GET"]}}],"collection":[{"href":"https:\/\/kaotostore.com\/en\/wp-json\/wp\/v2\/product"}],"about":[{"href":"https:\/\/kaotostore.com\/en\/wp-json\/wp\/v2\/types\/product"}],"wp:featuredmedia":[{"embeddable":true,"href":"https:\/\/kaotostore.com\/en\/wp-json\/wp\/v2\/media\/20093"}],"wp:attachment":[{"href":"https:\/\/kaotostore.com\/en\/wp-json\/wp\/v2\/media?parent=30799"}],"wp:term":[{"taxonomy":"product_brand","embeddable":true,"href":"https:\/\/kaotostore.com\/en\/wp-json\/wp\/v2\/product_brand?post=30799"},{"taxonomy":"product_cat","embeddable":true,"href":"https:\/\/kaotostore.com\/en\/wp-json\/wp\/v2\/product_cat?post=30799"},{"taxonomy":"product_tag","embeddable":true,"href":"https:\/\/kaotostore.com\/en\/wp-json\/wp\/v2\/product_tag?post=30799"}],"curies":[{"name":"wp","href":"https:\/\/api.w.org\/{rel}","templated":true}]}}