{"id":30777,"date":"2026-03-24T10:23:11","date_gmt":"2026-03-24T09:23:11","guid":{"rendered":"https:\/\/kaotostore.com\/producto\/record-of-lodoss-war-deedlit-in-wonder-switch\/"},"modified":"2026-04-09T15:34:49","modified_gmt":"2026-04-09T13:34:49","slug":"record-of-lodoss-war-deedlit-in-wonder-switch","status":"publish","type":"product","link":"https:\/\/kaotostore.com\/en\/product\/record-of-lodoss-war-deedlit-in-wonder-switch\/","title":{"rendered":"Record of Lodoss War Deedlit in Wonder SWITCH"},"content":{"rendered":"<p><span class=\"a-list-item\">Deedlit, de repente, se despierta en un lugar misterioso y desconocido. \u00bfD\u00f3nde estoy? \u00bfQu\u00e9 hago aqu\u00ed? Sin nadie alrededor que le pueda responder, sus preguntas solo encuentran silencio. En busca de respuestas, Deed finalmente emprende su viaje, sola\u2026 UNO DE LOS MANGAS DE FANTAS\u00cdA HEROICA M\u00c1S POPULARES DE LOS A\u00d1OS 90 Inspirado directamente por el universo de Dungeons&amp;Dragons, el autor Ryo Mizuno comienza la creaci\u00f3n del universo de Lodoss a finales de los a\u00f1os 80 con una serie de novelas. En 1990, su trabajo se adapt\u00f3 al anime y tiene un enorme \u00e9xito. Desde entonces, Las cr\u00f3nicas de Lodoss ocupa un lugar especial en la historia de la cultura geek. Lanzado en una \u00e9poca muy competitiva (lanzamiento de DragonBall, etc.), \u00a1Lodoss fue capaz de encontrar r\u00e1pidamente a su p\u00fablico y sus fans!<\/span><\/p>","protected":false},"excerpt":{"rendered":"<p>Deedlit, de repente, se despierta en un lugar misterioso y desconocido. \u00bfD\u00f3nde estoy? \u00bfQu\u00e9 hago aqu\u00ed? Sin nadie alrededor que le pueda responder, sus preguntas solo encuentran silencio. En busca de respuestas, Deed finalmente emprende su viaje, sola\u2026 UNO DE LOS MANGAS DE FANTAS\u00cdA HEROICA M\u00c1S POPULARES DE LOS A\u00d1OS 90 Inspirado directamente por el [&hellip;]<\/p>\n","protected":false},"featured_media":20061,"template":"","meta":{"ocean_post_layout":"","ocean_both_sidebars_style":"","ocean_both_sidebars_content_width":0,"ocean_both_sidebars_sidebars_width":0,"ocean_sidebar":"","ocean_second_sidebar":"","ocean_disable_margins":"enable","ocean_add_body_class":"","ocean_shortcode_before_top_bar":"","ocean_shortcode_after_top_bar":"","ocean_shortcode_before_header":"","ocean_shortcode_after_header":"","ocean_has_shortcode":"","ocean_shortcode_after_title":"","ocean_shortcode_before_footer_widgets":"","ocean_shortcode_after_footer_widgets":"","ocean_shortcode_before_footer_bottom":"","ocean_shortcode_after_footer_bottom":"","ocean_display_top_bar":"default","ocean_display_header":"default","ocean_header_style":"","ocean_center_header_left_menu":"","ocean_custom_header_template":"","ocean_custom_logo":0,"ocean_custom_retina_logo":0,"ocean_custom_logo_max_width":0,"ocean_custom_logo_tablet_max_width":0,"ocean_custom_logo_mobile_max_width":0,"ocean_custom_logo_max_height":0,"ocean_custom_logo_tablet_max_height":0,"ocean_custom_logo_mobile_max_height":0,"ocean_header_custom_menu":"","ocean_menu_typo_font_family":"","ocean_menu_typo_font_subset":"","ocean_menu_typo_font_size":0,"ocean_menu_typo_font_size_tablet":0,"ocean_menu_typo_font_size_mobile":0,"ocean_menu_typo_font_size_unit":"px","ocean_menu_typo_font_weight":"","ocean_menu_typo_font_weight_tablet":"","ocean_menu_typo_font_weight_mobile":"","ocean_menu_typo_transform":"","ocean_menu_typo_transform_tablet":"","ocean_menu_typo_transform_mobile":"","ocean_menu_typo_line_height":0,"ocean_menu_typo_line_height_tablet":0,"ocean_menu_typo_line_height_mobile":0,"ocean_menu_typo_line_height_unit":"","ocean_menu_typo_spacing":0,"ocean_menu_typo_spacing_tablet":0,"ocean_menu_typo_spacing_mobile":0,"ocean_menu_typo_spacing_unit":"","ocean_menu_link_color":"","ocean_menu_link_color_hover":"","ocean_menu_link_color_active":"","ocean_menu_link_background":"","ocean_menu_link_hover_background":"","ocean_menu_link_active_background":"","ocean_menu_social_links_bg":"","ocean_menu_social_hover_links_bg":"","ocean_menu_social_links_color":"","ocean_menu_social_hover_links_color":"","ocean_disable_title":"default","ocean_disable_heading":"default","ocean_post_title":"","ocean_post_subheading":"","ocean_post_title_style":"","ocean_post_title_background_color":"","ocean_post_title_background":0,"ocean_post_title_bg_image_position":"","ocean_post_title_bg_image_attachment":"","ocean_post_title_bg_image_repeat":"","ocean_post_title_bg_image_size":"","ocean_post_title_height":0,"ocean_post_title_bg_overlay":0.5,"ocean_post_title_bg_overlay_color":"","ocean_disable_breadcrumbs":"default","ocean_breadcrumbs_color":"","ocean_breadcrumbs_separator_color":"","ocean_breadcrumbs_links_color":"","ocean_breadcrumbs_links_hover_color":"","ocean_display_footer_widgets":"default","ocean_display_footer_bottom":"default","ocean_custom_footer_template":""},"product_brand":[],"product_cat":[124,128],"product_tag":[],"class_list":{"0":"post-30777","1":"product","2":"type-product","3":"status-publish","4":"has-post-thumbnail","6":"product_cat-switch","7":"product_cat-ultimas-entradas","9":"entry","10":"has-media","12":"first","13":"outofstock","14":"taxable","15":"shipping-taxable","16":"purchasable","17":"product-type-simple","18":"col","19":"span_1_of_3","20":"owp-content-center","21":"owp-thumbs-layout-horizontal","22":"owp-btn-normal","23":"owp-tabs-layout-horizontal","24":"has-no-thumbnails"},"aioseo_notices":[],"_links":{"self":[{"href":"https:\/\/kaotostore.com\/en\/wp-json\/wp\/v2\/product\/30777","targetHints":{"allow":["GET"]}}],"collection":[{"href":"https:\/\/kaotostore.com\/en\/wp-json\/wp\/v2\/product"}],"about":[{"href":"https:\/\/kaotostore.com\/en\/wp-json\/wp\/v2\/types\/product"}],"wp:featuredmedia":[{"embeddable":true,"href":"https:\/\/kaotostore.com\/en\/wp-json\/wp\/v2\/media\/20061"}],"wp:attachment":[{"href":"https:\/\/kaotostore.com\/en\/wp-json\/wp\/v2\/media?parent=30777"}],"wp:term":[{"taxonomy":"product_brand","embeddable":true,"href":"https:\/\/kaotostore.com\/en\/wp-json\/wp\/v2\/product_brand?post=30777"},{"taxonomy":"product_cat","embeddable":true,"href":"https:\/\/kaotostore.com\/en\/wp-json\/wp\/v2\/product_cat?post=30777"},{"taxonomy":"product_tag","embeddable":true,"href":"https:\/\/kaotostore.com\/en\/wp-json\/wp\/v2\/product_tag?post=30777"}],"curies":[{"name":"wp","href":"https:\/\/api.w.org\/{rel}","templated":true}]}}