{"id":30765,"date":"2026-03-24T10:22:59","date_gmt":"2026-03-24T09:22:59","guid":{"rendered":"https:\/\/kaotostore.com\/producto\/raystorm-x-raycrisis-hd-collection-switch\/"},"modified":"2026-04-09T15:34:52","modified_gmt":"2026-04-09T13:34:52","slug":"raystorm-x-raycrisis-hd-collection-switch","status":"publish","type":"product","link":"https:\/\/kaotostore.com\/en\/product\/raystorm-x-raycrisis-hd-collection-switch\/","title":{"rendered":"Raystorm x Raycrisis HD Collection SWITCH"},"content":{"rendered":"<p>Ambientada en un universo paralelo, la Tierra y la humanidad han prosperado lo suficiente como para expandir colonias espaciales hasta el brazo de Ori\u00f3n en RayStorm. Para mantener la seguridad, la Tierra impone la ley marcial, pero una federaci\u00f3n de colonias liderada por la colonia de Secilia derroca al gobierno de la Tierra y planea destruir el planeta y a todas las personas que habitan en \u00e9l. Para contrarrestar esto, la Tierra env\u00eda un caza desarrollado de forma encubierta con el nombre en c\u00f3digo R-Gray con la esperanza de penetrar la atm\u00f3sfera de Secilia y destruir la base de operaciones de Secilia, el Sistema Central Juda. RayCrisis est\u00e1 ambientada en un entorno ciberespacial y marc\u00f3 un estilo diferente al resto de la serie. Detalla los eventos durante los cuales la supercomputadora llamada Con-Human gan\u00f3 sensibilidad y se rebel\u00f3 contra sus creadores humanos. Mientras la Tierra es demolida para rehacerla como la nueva forma corp\u00f3rea de Con-Human, un mechaneur\u00f3logo lanza un asalto desesperado para conectarse al n\u00facleo virtual de la supercomputadora y poner fin a su locura. Depende de usted pilotear los virus Waverider y evitar que la IA maliciosa cause m\u00e1s caos; incluso si podr\u00eda ser demasiado tarde, debe asegurarse de que no se pierdan m\u00e1s vidas en el mundo real deteniendo a Con-Human en el mundo digital<\/p>\n<p><!----><\/p>","protected":false},"excerpt":{"rendered":"<p>Ambientada en un universo paralelo, la Tierra y la humanidad han prosperado lo suficiente como para expandir colonias espaciales hasta el brazo de Ori\u00f3n en RayStorm. Para mantener la seguridad, la Tierra impone la ley marcial, pero una federaci\u00f3n de colonias liderada por la colonia de Secilia derroca al gobierno de la Tierra y planea [&hellip;]<\/p>\n","protected":false},"featured_media":20040,"template":"","meta":{"ocean_post_layout":"","ocean_both_sidebars_style":"","ocean_both_sidebars_content_width":0,"ocean_both_sidebars_sidebars_width":0,"ocean_sidebar":"","ocean_second_sidebar":"","ocean_disable_margins":"enable","ocean_add_body_class":"","ocean_shortcode_before_top_bar":"","ocean_shortcode_after_top_bar":"","ocean_shortcode_before_header":"","ocean_shortcode_after_header":"","ocean_has_shortcode":"","ocean_shortcode_after_title":"","ocean_shortcode_before_footer_widgets":"","ocean_shortcode_after_footer_widgets":"","ocean_shortcode_before_footer_bottom":"","ocean_shortcode_after_footer_bottom":"","ocean_display_top_bar":"default","ocean_display_header":"default","ocean_header_style":"","ocean_center_header_left_menu":"","ocean_custom_header_template":"","ocean_custom_logo":0,"ocean_custom_retina_logo":0,"ocean_custom_logo_max_width":0,"ocean_custom_logo_tablet_max_width":0,"ocean_custom_logo_mobile_max_width":0,"ocean_custom_logo_max_height":0,"ocean_custom_logo_tablet_max_height":0,"ocean_custom_logo_mobile_max_height":0,"ocean_header_custom_menu":"","ocean_menu_typo_font_family":"","ocean_menu_typo_font_subset":"","ocean_menu_typo_font_size":0,"ocean_menu_typo_font_size_tablet":0,"ocean_menu_typo_font_size_mobile":0,"ocean_menu_typo_font_size_unit":"px","ocean_menu_typo_font_weight":"","ocean_menu_typo_font_weight_tablet":"","ocean_menu_typo_font_weight_mobile":"","ocean_menu_typo_transform":"","ocean_menu_typo_transform_tablet":"","ocean_menu_typo_transform_mobile":"","ocean_menu_typo_line_height":0,"ocean_menu_typo_line_height_tablet":0,"ocean_menu_typo_line_height_mobile":0,"ocean_menu_typo_line_height_unit":"","ocean_menu_typo_spacing":0,"ocean_menu_typo_spacing_tablet":0,"ocean_menu_typo_spacing_mobile":0,"ocean_menu_typo_spacing_unit":"","ocean_menu_link_color":"","ocean_menu_link_color_hover":"","ocean_menu_link_color_active":"","ocean_menu_link_background":"","ocean_menu_link_hover_background":"","ocean_menu_link_active_background":"","ocean_menu_social_links_bg":"","ocean_menu_social_hover_links_bg":"","ocean_menu_social_links_color":"","ocean_menu_social_hover_links_color":"","ocean_disable_title":"default","ocean_disable_heading":"default","ocean_post_title":"","ocean_post_subheading":"","ocean_post_title_style":"","ocean_post_title_background_color":"","ocean_post_title_background":0,"ocean_post_title_bg_image_position":"","ocean_post_title_bg_image_attachment":"","ocean_post_title_bg_image_repeat":"","ocean_post_title_bg_image_size":"","ocean_post_title_height":0,"ocean_post_title_bg_overlay":0.5,"ocean_post_title_bg_overlay_color":"","ocean_disable_breadcrumbs":"default","ocean_breadcrumbs_color":"","ocean_breadcrumbs_separator_color":"","ocean_breadcrumbs_links_color":"","ocean_breadcrumbs_links_hover_color":"","ocean_display_footer_widgets":"default","ocean_display_footer_bottom":"default","ocean_custom_footer_template":""},"product_brand":[],"product_cat":[124,128],"product_tag":[],"class_list":{"0":"post-30765","1":"product","2":"type-product","3":"status-publish","4":"has-post-thumbnail","6":"product_cat-switch","7":"product_cat-ultimas-entradas","9":"entry","10":"has-media","12":"first","13":"outofstock","14":"taxable","15":"shipping-taxable","16":"purchasable","17":"product-type-simple","18":"col","19":"span_1_of_3","20":"owp-content-center","21":"owp-thumbs-layout-horizontal","22":"owp-btn-normal","23":"owp-tabs-layout-horizontal","24":"has-no-thumbnails"},"aioseo_notices":[],"_links":{"self":[{"href":"https:\/\/kaotostore.com\/en\/wp-json\/wp\/v2\/product\/30765","targetHints":{"allow":["GET"]}}],"collection":[{"href":"https:\/\/kaotostore.com\/en\/wp-json\/wp\/v2\/product"}],"about":[{"href":"https:\/\/kaotostore.com\/en\/wp-json\/wp\/v2\/types\/product"}],"wp:featuredmedia":[{"embeddable":true,"href":"https:\/\/kaotostore.com\/en\/wp-json\/wp\/v2\/media\/20040"}],"wp:attachment":[{"href":"https:\/\/kaotostore.com\/en\/wp-json\/wp\/v2\/media?parent=30765"}],"wp:term":[{"taxonomy":"product_brand","embeddable":true,"href":"https:\/\/kaotostore.com\/en\/wp-json\/wp\/v2\/product_brand?post=30765"},{"taxonomy":"product_cat","embeddable":true,"href":"https:\/\/kaotostore.com\/en\/wp-json\/wp\/v2\/product_cat?post=30765"},{"taxonomy":"product_tag","embeddable":true,"href":"https:\/\/kaotostore.com\/en\/wp-json\/wp\/v2\/product_tag?post=30765"}],"curies":[{"name":"wp","href":"https:\/\/api.w.org\/{rel}","templated":true}]}}