{"id":30750,"date":"2026-03-24T10:22:44","date_gmt":"2026-03-24T09:22:44","guid":{"rendered":"https:\/\/kaotostore.com\/producto\/rayman-legends-wiiu-importacion-inglesa\/"},"modified":"2026-04-09T15:34:58","modified_gmt":"2026-04-09T13:34:58","slug":"rayman-legends-wiiu-importacion-inglesa","status":"publish","type":"product","link":"https:\/\/kaotostore.com\/en\/product\/rayman-legends-wiiu-importacion-inglesa\/","title":{"rendered":"Rayman Legends WIIU (Importaci\u00f3n inglesa)"},"content":{"rendered":"<p><strong>-Juego en castellano<\/strong><\/p>\n<p>Rayman, nombrado mejor juego de plataformas del a\u00f1o y ganador de m\u00faltiples premios a nivel art\u00edstico y musical, llega ahora a Wii U con una aventura totalmente nueva. Michel Ancel, aclamado creador de Rayman, Beyond Good &amp; Evil y los Raving Rabbids quiere aportar ahora toda su innovadora creatividad a esta nueva y emocionante plataforma. Rayman Legends utilizar\u00e1 toda la potencia de Wii U. Prep\u00e1rate a descubrir nuevas formas de jugar un plataformas gracias al nuevo mando de Wii U, con su mec\u00e1nica de juego t\u00e1ctil, tecnolog\u00eda de giroscopio y la posibilidad de ampliar tu experiencia de juego, incluso cuando la tele est\u00e9 apagada. Adem\u00e1s, la potencia de esta consola ha ayudado mucho a conseguir un nivel gr\u00e1fico y de iluminaci\u00f3n muy superior al habitual. Rayman, Globox y los Diminutos andan vagando por un bosque encantado cuando descubren una misteriosa tienda de campa\u00f1a llena de cautivadores cuadros. Al mirarlos con m\u00e1s atenci\u00f3n, se dan cuenta de que cada cuadro parece contar la historia de un mundo m\u00edtico. Mientras observan un cuadro que muestra un escenario de aspecto medieval, son succionados de repente dentro del cuadro, entrando en ese mundo que representa, y es ah\u00ed donde la aventura comienza. La pandilla deber\u00e1 correr, saltar y abrirse paso a trav\u00e9s de cada mundo para seguir vivos y correteando, y descubrir los secretos de cada uno de los legendarios cuadros.<\/p>\n<p>&nbsp;<\/p>","protected":false},"excerpt":{"rendered":"<p>-Juego en castellano Rayman, nombrado mejor juego de plataformas del a\u00f1o y ganador de m\u00faltiples premios a nivel art\u00edstico y musical, llega ahora a Wii U con una aventura totalmente nueva. Michel Ancel, aclamado creador de Rayman, Beyond Good &amp; Evil y los Raving Rabbids quiere aportar ahora toda su innovadora creatividad a esta nueva [&hellip;]<\/p>\n","protected":false},"featured_media":20021,"template":"","meta":{"ocean_post_layout":"","ocean_both_sidebars_style":"","ocean_both_sidebars_content_width":0,"ocean_both_sidebars_sidebars_width":0,"ocean_sidebar":"0","ocean_second_sidebar":"0","ocean_disable_margins":"enable","ocean_add_body_class":"","ocean_shortcode_before_top_bar":"","ocean_shortcode_after_top_bar":"","ocean_shortcode_before_header":"","ocean_shortcode_after_header":"","ocean_has_shortcode":"","ocean_shortcode_after_title":"","ocean_shortcode_before_footer_widgets":"","ocean_shortcode_after_footer_widgets":"","ocean_shortcode_before_footer_bottom":"","ocean_shortcode_after_footer_bottom":"","ocean_display_top_bar":"default","ocean_display_header":"default","ocean_header_style":"","ocean_center_header_left_menu":"0","ocean_custom_header_template":"0","ocean_custom_logo":0,"ocean_custom_retina_logo":0,"ocean_custom_logo_max_width":0,"ocean_custom_logo_tablet_max_width":0,"ocean_custom_logo_mobile_max_width":0,"ocean_custom_logo_max_height":0,"ocean_custom_logo_tablet_max_height":0,"ocean_custom_logo_mobile_max_height":0,"ocean_header_custom_menu":"0","ocean_menu_typo_font_family":"0","ocean_menu_typo_font_subset":"","ocean_menu_typo_font_size":0,"ocean_menu_typo_font_size_tablet":0,"ocean_menu_typo_font_size_mobile":0,"ocean_menu_typo_font_size_unit":"px","ocean_menu_typo_font_weight":"","ocean_menu_typo_font_weight_tablet":"","ocean_menu_typo_font_weight_mobile":"","ocean_menu_typo_transform":"","ocean_menu_typo_transform_tablet":"","ocean_menu_typo_transform_mobile":"","ocean_menu_typo_line_height":0,"ocean_menu_typo_line_height_tablet":0,"ocean_menu_typo_line_height_mobile":0,"ocean_menu_typo_line_height_unit":"","ocean_menu_typo_spacing":0,"ocean_menu_typo_spacing_tablet":0,"ocean_menu_typo_spacing_mobile":0,"ocean_menu_typo_spacing_unit":"","ocean_menu_link_color":"","ocean_menu_link_color_hover":"","ocean_menu_link_color_active":"","ocean_menu_link_background":"","ocean_menu_link_hover_background":"","ocean_menu_link_active_background":"","ocean_menu_social_links_bg":"","ocean_menu_social_hover_links_bg":"","ocean_menu_social_links_color":"","ocean_menu_social_hover_links_color":"","ocean_disable_title":"default","ocean_disable_heading":"default","ocean_post_title":"","ocean_post_subheading":"","ocean_post_title_style":"","ocean_post_title_background_color":"","ocean_post_title_background":0,"ocean_post_title_bg_image_position":"","ocean_post_title_bg_image_attachment":"","ocean_post_title_bg_image_repeat":"","ocean_post_title_bg_image_size":"","ocean_post_title_height":0,"ocean_post_title_bg_overlay":0.5,"ocean_post_title_bg_overlay_color":"","ocean_disable_breadcrumbs":"default","ocean_breadcrumbs_color":"","ocean_breadcrumbs_separator_color":"","ocean_breadcrumbs_links_color":"","ocean_breadcrumbs_links_hover_color":"","ocean_display_footer_widgets":"default","ocean_display_footer_bottom":"default","ocean_custom_footer_template":"0"},"product_brand":[],"product_cat":[128,133],"product_tag":[],"class_list":{"0":"post-30750","1":"product","2":"type-product","3":"status-publish","4":"has-post-thumbnail","6":"product_cat-ultimas-entradas","7":"product_cat-wiiu","9":"entry","10":"has-media","12":"first","13":"outofstock","14":"taxable","15":"shipping-taxable","16":"purchasable","17":"product-type-simple","18":"col","19":"span_1_of_3","20":"owp-content-center","21":"owp-thumbs-layout-horizontal","22":"owp-btn-normal","23":"owp-tabs-layout-horizontal"},"aioseo_notices":[],"_links":{"self":[{"href":"https:\/\/kaotostore.com\/en\/wp-json\/wp\/v2\/product\/30750","targetHints":{"allow":["GET"]}}],"collection":[{"href":"https:\/\/kaotostore.com\/en\/wp-json\/wp\/v2\/product"}],"about":[{"href":"https:\/\/kaotostore.com\/en\/wp-json\/wp\/v2\/types\/product"}],"wp:featuredmedia":[{"embeddable":true,"href":"https:\/\/kaotostore.com\/en\/wp-json\/wp\/v2\/media\/20021"}],"wp:attachment":[{"href":"https:\/\/kaotostore.com\/en\/wp-json\/wp\/v2\/media?parent=30750"}],"wp:term":[{"taxonomy":"product_brand","embeddable":true,"href":"https:\/\/kaotostore.com\/en\/wp-json\/wp\/v2\/product_brand?post=30750"},{"taxonomy":"product_cat","embeddable":true,"href":"https:\/\/kaotostore.com\/en\/wp-json\/wp\/v2\/product_cat?post=30750"},{"taxonomy":"product_tag","embeddable":true,"href":"https:\/\/kaotostore.com\/en\/wp-json\/wp\/v2\/product_tag?post=30750"}],"curies":[{"name":"wp","href":"https:\/\/api.w.org\/{rel}","templated":true}]}}