{"id":30686,"date":"2026-03-24T10:21:46","date_gmt":"2026-03-24T09:21:46","guid":{"rendered":"https:\/\/kaotostore.com\/producto\/rage-playstation-3\/"},"modified":"2026-03-24T10:21:47","modified_gmt":"2026-03-24T09:21:47","slug":"rage-playstation-3","status":"publish","type":"product","link":"https:\/\/kaotostore.com\/en\/product\/rage-playstation-3\/","title":{"rendered":"Rage PLAYSTATION 3"},"content":{"rendered":"<h4><span><span class=\"a-list-item\"><strong><span style=\"color: rgb(255, 5, 5);\">Si desea im\u00e1genes adicionales del producto, puede solicitarlas desde el formulario de contacto o en el email kaototienda@gmail.com<\/span><\/strong><\/span><\/span><\/h4>\n<p>\u00a0<\/p>\n<p><em><strong>RAGE<\/strong><\/em> es un innovador juego de disparos en primera persona ambientado en un futuro no muy lejano despu\u00e9s del impacto de un asteroide en la Tierra, que deja un mundo desolado. Los personajes descubrir\u00e1n a la humanidad luchando por volver a ponerse en pie mientras combaten contra fuerzas como seres mutantes, bandas de asaltantes y la Autoridad un r\u00e9gimen de gobierno opresivo que tiene un especial inter\u00e9s en ti. El juego hace gala de una intensa acci\u00f3n en primera persona, combates en veh\u00edculos, un mundo en expansi\u00f3n y asombrosos gr\u00e1ficos gracias a la idTech 5, la tecnolog\u00eda revolucionaria de id. <em><strong>RAGE<\/strong><\/em> promete una experiencia sin igual.<\/p>\n<h4>CARACTER\u00cdSTICAS:<\/h4>\n<p>Disparos en primera persona y exploraci\u00f3n Hazte cargo de grupos de bandidos y hordas de mutantes utilizando un arsenal de lo m\u00e1s ex\u00f3tico y objetos especiales, como torretas personales, robots centinela y coches bomba a control remoto. Magistral locura con veh\u00edculos en 3\u00aa persona Quema rueda a lo largo y ancho del P\u00e1ramo en tu super buggy. Mejora y personaliza tu veh\u00edculo con piezas especiales, pintura y armas, despu\u00e9s prueba tus habilidades combatiendo clanes de bandidos a cuatro ruedas y participando en carreras mortales. Tres maneras de jugar con acci\u00f3n ilimitada Sum\u00e9rgete en un enriquecedor modo historia para un jugador, convence a un amigo para exclusivos modos cooperativos, o entra online para disfrutar de una aut\u00e9ntica locura multijugador. Una experiencia en expansi\u00f3n M\u00e1s all\u00e1 de la acci\u00f3n en primera persona y del combate sobre ruedas, <em><strong>RAGE<\/strong><\/em> ofrece un mundo abierto que explorar, con personajes \u00fanicos, misiones alternativas y una interesante historia que contar. Gr\u00e1ficos: hay que verlos para creerlo Gracias al nuevo motor gr\u00e1fico de id, el id Tech 5, la innovadora tecnolog\u00eda de Megatexture hace que el vasto p\u00e1ramo cobre vida con un detalle impensable hasta la fecha y la acci\u00f3n transcurriendo a 60 frames por segundo.<\/p>\n<p><\/p>\n<p><strong><!----><\/strong><\/p>","protected":false},"excerpt":{"rendered":"<p>Si desea im\u00e1genes adicionales del producto, puede solicitarlas desde el formulario de contacto o en el email kaototienda@gmail.com \u00a0 RAGE es un innovador juego de disparos en primera persona ambientado en un futuro no muy lejano despu\u00e9s del impacto de un asteroide en la Tierra, que deja un mundo desolado. Los personajes descubrir\u00e1n a la [&hellip;]<\/p>\n","protected":false},"featured_media":19934,"template":"","meta":{"ocean_post_layout":"","ocean_both_sidebars_style":"","ocean_both_sidebars_content_width":0,"ocean_both_sidebars_sidebars_width":0,"ocean_sidebar":"","ocean_second_sidebar":"","ocean_disable_margins":"enable","ocean_add_body_class":"","ocean_shortcode_before_top_bar":"","ocean_shortcode_after_top_bar":"","ocean_shortcode_before_header":"","ocean_shortcode_after_header":"","ocean_has_shortcode":"","ocean_shortcode_after_title":"","ocean_shortcode_before_footer_widgets":"","ocean_shortcode_after_footer_widgets":"","ocean_shortcode_before_footer_bottom":"","ocean_shortcode_after_footer_bottom":"","ocean_display_top_bar":"default","ocean_display_header":"default","ocean_header_style":"","ocean_center_header_left_menu":"","ocean_custom_header_template":"","ocean_custom_logo":0,"ocean_custom_retina_logo":0,"ocean_custom_logo_max_width":0,"ocean_custom_logo_tablet_max_width":0,"ocean_custom_logo_mobile_max_width":0,"ocean_custom_logo_max_height":0,"ocean_custom_logo_tablet_max_height":0,"ocean_custom_logo_mobile_max_height":0,"ocean_header_custom_menu":"","ocean_menu_typo_font_family":"","ocean_menu_typo_font_subset":"","ocean_menu_typo_font_size":0,"ocean_menu_typo_font_size_tablet":0,"ocean_menu_typo_font_size_mobile":0,"ocean_menu_typo_font_size_unit":"px","ocean_menu_typo_font_weight":"","ocean_menu_typo_font_weight_tablet":"","ocean_menu_typo_font_weight_mobile":"","ocean_menu_typo_transform":"","ocean_menu_typo_transform_tablet":"","ocean_menu_typo_transform_mobile":"","ocean_menu_typo_line_height":0,"ocean_menu_typo_line_height_tablet":0,"ocean_menu_typo_line_height_mobile":0,"ocean_menu_typo_line_height_unit":"","ocean_menu_typo_spacing":0,"ocean_menu_typo_spacing_tablet":0,"ocean_menu_typo_spacing_mobile":0,"ocean_menu_typo_spacing_unit":"","ocean_menu_link_color":"","ocean_menu_link_color_hover":"","ocean_menu_link_color_active":"","ocean_menu_link_background":"","ocean_menu_link_hover_background":"","ocean_menu_link_active_background":"","ocean_menu_social_links_bg":"","ocean_menu_social_hover_links_bg":"","ocean_menu_social_links_color":"","ocean_menu_social_hover_links_color":"","ocean_disable_title":"default","ocean_disable_heading":"default","ocean_post_title":"","ocean_post_subheading":"","ocean_post_title_style":"","ocean_post_title_background_color":"","ocean_post_title_background":0,"ocean_post_title_bg_image_position":"","ocean_post_title_bg_image_attachment":"","ocean_post_title_bg_image_repeat":"","ocean_post_title_bg_image_size":"","ocean_post_title_height":0,"ocean_post_title_bg_overlay":0.5,"ocean_post_title_bg_overlay_color":"","ocean_disable_breadcrumbs":"default","ocean_breadcrumbs_color":"","ocean_breadcrumbs_separator_color":"","ocean_breadcrumbs_links_color":"","ocean_breadcrumbs_links_hover_color":"","ocean_display_footer_widgets":"default","ocean_display_footer_bottom":"default","ocean_custom_footer_template":""},"product_brand":[],"product_cat":[106,128],"product_tag":[],"class_list":{"0":"post-30686","1":"product","2":"type-product","3":"status-publish","4":"has-post-thumbnail","6":"product_cat-playstation-3","7":"product_cat-ultimas-entradas","9":"entry","10":"has-media","12":"first","13":"instock","14":"taxable","15":"shipping-taxable","16":"purchasable","17":"product-type-simple","18":"col","19":"span_1_of_3","20":"owp-content-center","21":"owp-thumbs-layout-horizontal","22":"owp-btn-normal","23":"owp-tabs-layout-horizontal","24":"has-no-thumbnails"},"aioseo_notices":[],"_links":{"self":[{"href":"https:\/\/kaotostore.com\/en\/wp-json\/wp\/v2\/product\/30686","targetHints":{"allow":["GET"]}}],"collection":[{"href":"https:\/\/kaotostore.com\/en\/wp-json\/wp\/v2\/product"}],"about":[{"href":"https:\/\/kaotostore.com\/en\/wp-json\/wp\/v2\/types\/product"}],"wp:featuredmedia":[{"embeddable":true,"href":"https:\/\/kaotostore.com\/en\/wp-json\/wp\/v2\/media\/19934"}],"wp:attachment":[{"href":"https:\/\/kaotostore.com\/en\/wp-json\/wp\/v2\/media?parent=30686"}],"wp:term":[{"taxonomy":"product_brand","embeddable":true,"href":"https:\/\/kaotostore.com\/en\/wp-json\/wp\/v2\/product_brand?post=30686"},{"taxonomy":"product_cat","embeddable":true,"href":"https:\/\/kaotostore.com\/en\/wp-json\/wp\/v2\/product_cat?post=30686"},{"taxonomy":"product_tag","embeddable":true,"href":"https:\/\/kaotostore.com\/en\/wp-json\/wp\/v2\/product_tag?post=30686"}],"curies":[{"name":"wp","href":"https:\/\/api.w.org\/{rel}","templated":true}]}}