{"id":30601,"date":"2026-03-24T10:20:14","date_gmt":"2026-03-24T09:20:14","guid":{"rendered":"https:\/\/kaotostore.com\/producto\/pro-evolution-soccer-2013-nintendo-3ds\/"},"modified":"2026-03-24T10:20:15","modified_gmt":"2026-03-24T09:20:15","slug":"pro-evolution-soccer-2013-nintendo-3ds","status":"publish","type":"product","link":"https:\/\/kaotostore.com\/en\/product\/pro-evolution-soccer-2013-nintendo-3ds\/","title":{"rendered":"Pro Evolution Soccer 2013 NINTENDO 3DS"},"content":{"rendered":"<p>En oto\u00f1o, Pro Evolution Soccer saltar\u00e1 de nuevo al campo para exhibir sus nuevas habilidades.<strong>Pro Evolution Soccer 2013<\/strong>\u00a0vuelve a las ra\u00edces del f\u00fatbol con un nuevo nivel de control y un gran \u00e9nfasis en el estilo individual de los mejores jugadores del mundo.<\/p>\n<p>Gracias a los comentarios de los fans, PES 2013 ofrece total libertad para golpear el bal\u00f3n. Por primera vez, control total sobre los disparos y pases al primer toque.\u00a0Con el apoyo de Cristiano Ronaldo, PES seguir\u00e1 expandiendo los l\u00edmites, reflejando a la perfecci\u00f3n el genio de los mejores jugadores del mundo y capturando la esencia del juego de equipo actual. El resultado ser\u00e1 la recreaci\u00f3n m\u00e1s fiel del f\u00fatbol moderno.<\/p>\n<p>La esencia del f\u00fatbol\u00a0es la conexi\u00f3n con el bal\u00f3n; el modo de pasar, controlar y disparar. Al perfeccionar esas habilidades b\u00e1sicas, los mejores pueden hacer magia en el campo. El resto es trabajo de equipo. Este esp\u00edritu forma el coraz\u00f3n de PES 2013. Al\u00a0volver a desarrollar y definir los controles, a\u00f1adir m\u00e1s niveles de libertad y construir una inteligencia artificial m\u00e1s compleja, PES regresa a los or\u00edgenes del f\u00fatbol.<\/p>","protected":false},"excerpt":{"rendered":"<p>En oto\u00f1o, Pro Evolution Soccer saltar\u00e1 de nuevo al campo para exhibir sus nuevas habilidades.Pro Evolution Soccer 2013\u00a0vuelve a las ra\u00edces del f\u00fatbol con un nuevo nivel de control y un gran \u00e9nfasis en el estilo individual de los mejores jugadores del mundo. Gracias a los comentarios de los fans, PES 2013 ofrece total libertad [&hellip;]<\/p>\n","protected":false},"featured_media":19816,"template":"","meta":{"ocean_post_layout":"","ocean_both_sidebars_style":"","ocean_both_sidebars_content_width":0,"ocean_both_sidebars_sidebars_width":0,"ocean_sidebar":"","ocean_second_sidebar":"","ocean_disable_margins":"enable","ocean_add_body_class":"","ocean_shortcode_before_top_bar":"","ocean_shortcode_after_top_bar":"","ocean_shortcode_before_header":"","ocean_shortcode_after_header":"","ocean_has_shortcode":"","ocean_shortcode_after_title":"","ocean_shortcode_before_footer_widgets":"","ocean_shortcode_after_footer_widgets":"","ocean_shortcode_before_footer_bottom":"","ocean_shortcode_after_footer_bottom":"","ocean_display_top_bar":"default","ocean_display_header":"default","ocean_header_style":"","ocean_center_header_left_menu":"","ocean_custom_header_template":"","ocean_custom_logo":0,"ocean_custom_retina_logo":0,"ocean_custom_logo_max_width":0,"ocean_custom_logo_tablet_max_width":0,"ocean_custom_logo_mobile_max_width":0,"ocean_custom_logo_max_height":0,"ocean_custom_logo_tablet_max_height":0,"ocean_custom_logo_mobile_max_height":0,"ocean_header_custom_menu":"","ocean_menu_typo_font_family":"","ocean_menu_typo_font_subset":"","ocean_menu_typo_font_size":0,"ocean_menu_typo_font_size_tablet":0,"ocean_menu_typo_font_size_mobile":0,"ocean_menu_typo_font_size_unit":"px","ocean_menu_typo_font_weight":"","ocean_menu_typo_font_weight_tablet":"","ocean_menu_typo_font_weight_mobile":"","ocean_menu_typo_transform":"","ocean_menu_typo_transform_tablet":"","ocean_menu_typo_transform_mobile":"","ocean_menu_typo_line_height":0,"ocean_menu_typo_line_height_tablet":0,"ocean_menu_typo_line_height_mobile":0,"ocean_menu_typo_line_height_unit":"","ocean_menu_typo_spacing":0,"ocean_menu_typo_spacing_tablet":0,"ocean_menu_typo_spacing_mobile":0,"ocean_menu_typo_spacing_unit":"","ocean_menu_link_color":"","ocean_menu_link_color_hover":"","ocean_menu_link_color_active":"","ocean_menu_link_background":"","ocean_menu_link_hover_background":"","ocean_menu_link_active_background":"","ocean_menu_social_links_bg":"","ocean_menu_social_hover_links_bg":"","ocean_menu_social_links_color":"","ocean_menu_social_hover_links_color":"","ocean_disable_title":"default","ocean_disable_heading":"default","ocean_post_title":"","ocean_post_subheading":"","ocean_post_title_style":"","ocean_post_title_background_color":"","ocean_post_title_background":0,"ocean_post_title_bg_image_position":"","ocean_post_title_bg_image_attachment":"","ocean_post_title_bg_image_repeat":"","ocean_post_title_bg_image_size":"","ocean_post_title_height":0,"ocean_post_title_bg_overlay":0.5,"ocean_post_title_bg_overlay_color":"","ocean_disable_breadcrumbs":"default","ocean_breadcrumbs_color":"","ocean_breadcrumbs_separator_color":"","ocean_breadcrumbs_links_color":"","ocean_breadcrumbs_links_hover_color":"","ocean_display_footer_widgets":"default","ocean_display_footer_bottom":"default","ocean_custom_footer_template":""},"product_brand":[],"product_cat":[94,128],"product_tag":[],"class_list":{"0":"post-30601","1":"product","2":"type-product","3":"status-publish","4":"has-post-thumbnail","6":"product_cat-nintendo-3ds","7":"product_cat-ultimas-entradas","9":"entry","10":"has-media","12":"first","13":"instock","14":"taxable","15":"shipping-taxable","16":"purchasable","17":"product-type-simple","18":"col","19":"span_1_of_3","20":"owp-content-center","21":"owp-thumbs-layout-horizontal","22":"owp-btn-normal","23":"owp-tabs-layout-horizontal","24":"has-no-thumbnails"},"aioseo_notices":[],"_links":{"self":[{"href":"https:\/\/kaotostore.com\/en\/wp-json\/wp\/v2\/product\/30601","targetHints":{"allow":["GET"]}}],"collection":[{"href":"https:\/\/kaotostore.com\/en\/wp-json\/wp\/v2\/product"}],"about":[{"href":"https:\/\/kaotostore.com\/en\/wp-json\/wp\/v2\/types\/product"}],"wp:featuredmedia":[{"embeddable":true,"href":"https:\/\/kaotostore.com\/en\/wp-json\/wp\/v2\/media\/19816"}],"wp:attachment":[{"href":"https:\/\/kaotostore.com\/en\/wp-json\/wp\/v2\/media?parent=30601"}],"wp:term":[{"taxonomy":"product_brand","embeddable":true,"href":"https:\/\/kaotostore.com\/en\/wp-json\/wp\/v2\/product_brand?post=30601"},{"taxonomy":"product_cat","embeddable":true,"href":"https:\/\/kaotostore.com\/en\/wp-json\/wp\/v2\/product_cat?post=30601"},{"taxonomy":"product_tag","embeddable":true,"href":"https:\/\/kaotostore.com\/en\/wp-json\/wp\/v2\/product_tag?post=30601"}],"curies":[{"name":"wp","href":"https:\/\/api.w.org\/{rel}","templated":true}]}}