{"id":30567,"date":"2026-03-24T10:19:39","date_gmt":"2026-03-24T09:19:39","guid":{"rendered":"https:\/\/kaotostore.com\/producto\/power-rangers-battle-for-the-grid-playstation-4\/"},"modified":"2026-03-24T10:19:40","modified_gmt":"2026-03-24T09:19:40","slug":"power-rangers-battle-for-the-grid-playstation-4","status":"publish","type":"product","link":"https:\/\/kaotostore.com\/en\/product\/power-rangers-battle-for-the-grid-playstation-4\/","title":{"rendered":"Power Rangers Battle for the Grid PLAYSTATION 4"},"content":{"rendered":"<p><strong><span style=\"color: rgb(255, 5, 5);\">Si desea im\u00e1genes adicionales del producto, puede solicitarlas desde el formulario de contacto o en el email kaototienda@gmail.com<br \/><\/span><\/strong><\/p>\n<p>Generaciones de<span>\u00a0<\/span><em>Power Rangers<\/em><span>\u00a0<\/span>se enfrentan en los 25 a\u00f1os de historia del multiverso. Experimenta como nunca las aut\u00e9nticas secuencias de las batallas de los<span>\u00a0<\/span><em>Power Rangers<\/em><span>\u00a0<\/span>actualizadas.<\/p>\n<h4>F\u00e1cil de controlar, Dif\u00edcil de dominar<\/h4>\n<p><em><strong>Power Rangers: Battle for the Grid<span>\u00a0<\/span><\/strong><\/em>incluye controles de lucha tradicionales. Este juego f\u00e1cil de controlar, pero dif\u00edcil de dominar est\u00e1 dirigido a jugadores de todos los niveles de destreza.<\/p>","protected":false},"excerpt":{"rendered":"<p>Si desea im\u00e1genes adicionales del producto, puede solicitarlas desde el formulario de contacto o en el email kaototienda@gmail.com Generaciones de\u00a0Power Rangers\u00a0se enfrentan en los 25 a\u00f1os de historia del multiverso. Experimenta como nunca las aut\u00e9nticas secuencias de las batallas de los\u00a0Power Rangers\u00a0actualizadas. F\u00e1cil de controlar, Dif\u00edcil de dominar Power Rangers: Battle for the Grid\u00a0incluye controles [&hellip;]<\/p>\n","protected":false},"featured_media":19772,"template":"","meta":{"ocean_post_layout":"","ocean_both_sidebars_style":"","ocean_both_sidebars_content_width":0,"ocean_both_sidebars_sidebars_width":0,"ocean_sidebar":"","ocean_second_sidebar":"","ocean_disable_margins":"enable","ocean_add_body_class":"","ocean_shortcode_before_top_bar":"","ocean_shortcode_after_top_bar":"","ocean_shortcode_before_header":"","ocean_shortcode_after_header":"","ocean_has_shortcode":"","ocean_shortcode_after_title":"","ocean_shortcode_before_footer_widgets":"","ocean_shortcode_after_footer_widgets":"","ocean_shortcode_before_footer_bottom":"","ocean_shortcode_after_footer_bottom":"","ocean_display_top_bar":"default","ocean_display_header":"default","ocean_header_style":"","ocean_center_header_left_menu":"","ocean_custom_header_template":"","ocean_custom_logo":0,"ocean_custom_retina_logo":0,"ocean_custom_logo_max_width":0,"ocean_custom_logo_tablet_max_width":0,"ocean_custom_logo_mobile_max_width":0,"ocean_custom_logo_max_height":0,"ocean_custom_logo_tablet_max_height":0,"ocean_custom_logo_mobile_max_height":0,"ocean_header_custom_menu":"","ocean_menu_typo_font_family":"","ocean_menu_typo_font_subset":"","ocean_menu_typo_font_size":0,"ocean_menu_typo_font_size_tablet":0,"ocean_menu_typo_font_size_mobile":0,"ocean_menu_typo_font_size_unit":"px","ocean_menu_typo_font_weight":"","ocean_menu_typo_font_weight_tablet":"","ocean_menu_typo_font_weight_mobile":"","ocean_menu_typo_transform":"","ocean_menu_typo_transform_tablet":"","ocean_menu_typo_transform_mobile":"","ocean_menu_typo_line_height":0,"ocean_menu_typo_line_height_tablet":0,"ocean_menu_typo_line_height_mobile":0,"ocean_menu_typo_line_height_unit":"","ocean_menu_typo_spacing":0,"ocean_menu_typo_spacing_tablet":0,"ocean_menu_typo_spacing_mobile":0,"ocean_menu_typo_spacing_unit":"","ocean_menu_link_color":"","ocean_menu_link_color_hover":"","ocean_menu_link_color_active":"","ocean_menu_link_background":"","ocean_menu_link_hover_background":"","ocean_menu_link_active_background":"","ocean_menu_social_links_bg":"","ocean_menu_social_hover_links_bg":"","ocean_menu_social_links_color":"","ocean_menu_social_hover_links_color":"","ocean_disable_title":"default","ocean_disable_heading":"default","ocean_post_title":"","ocean_post_subheading":"","ocean_post_title_style":"","ocean_post_title_background_color":"","ocean_post_title_background":0,"ocean_post_title_bg_image_position":"","ocean_post_title_bg_image_attachment":"","ocean_post_title_bg_image_repeat":"","ocean_post_title_bg_image_size":"","ocean_post_title_height":0,"ocean_post_title_bg_overlay":0.5,"ocean_post_title_bg_overlay_color":"","ocean_disable_breadcrumbs":"default","ocean_breadcrumbs_color":"","ocean_breadcrumbs_separator_color":"","ocean_breadcrumbs_links_color":"","ocean_breadcrumbs_links_hover_color":"","ocean_display_footer_widgets":"default","ocean_display_footer_bottom":"default","ocean_custom_footer_template":""},"product_brand":[],"product_cat":[107,128],"product_tag":[],"class_list":{"0":"post-30567","1":"product","2":"type-product","3":"status-publish","4":"has-post-thumbnail","6":"product_cat-playstation-4","7":"product_cat-ultimas-entradas","9":"entry","10":"has-media","12":"first","13":"instock","14":"taxable","15":"shipping-taxable","16":"purchasable","17":"product-type-simple","18":"col","19":"span_1_of_3","20":"owp-content-center","21":"owp-thumbs-layout-horizontal","22":"owp-btn-normal","23":"owp-tabs-layout-horizontal","24":"has-no-thumbnails"},"aioseo_notices":[],"_links":{"self":[{"href":"https:\/\/kaotostore.com\/en\/wp-json\/wp\/v2\/product\/30567","targetHints":{"allow":["GET"]}}],"collection":[{"href":"https:\/\/kaotostore.com\/en\/wp-json\/wp\/v2\/product"}],"about":[{"href":"https:\/\/kaotostore.com\/en\/wp-json\/wp\/v2\/types\/product"}],"wp:featuredmedia":[{"embeddable":true,"href":"https:\/\/kaotostore.com\/en\/wp-json\/wp\/v2\/media\/19772"}],"wp:attachment":[{"href":"https:\/\/kaotostore.com\/en\/wp-json\/wp\/v2\/media?parent=30567"}],"wp:term":[{"taxonomy":"product_brand","embeddable":true,"href":"https:\/\/kaotostore.com\/en\/wp-json\/wp\/v2\/product_brand?post=30567"},{"taxonomy":"product_cat","embeddable":true,"href":"https:\/\/kaotostore.com\/en\/wp-json\/wp\/v2\/product_cat?post=30567"},{"taxonomy":"product_tag","embeddable":true,"href":"https:\/\/kaotostore.com\/en\/wp-json\/wp\/v2\/product_tag?post=30567"}],"curies":[{"name":"wp","href":"https:\/\/api.w.org\/{rel}","templated":true}]}}