{"id":30511,"date":"2026-03-24T10:18:51","date_gmt":"2026-03-24T09:18:51","guid":{"rendered":"https:\/\/kaotostore.com\/producto\/pokemon-sol-nintendo-3ds\/"},"modified":"2026-04-09T15:34:42","modified_gmt":"2026-04-09T13:34:42","slug":"pokemon-sol-nintendo-3ds","status":"publish","type":"product","link":"https:\/\/kaotostore.com\/en\/product\/pokemon-sol-nintendo-3ds\/","title":{"rendered":"Pokemon Sol NINTENDO 3DS"},"content":{"rendered":"<div>\n<h4>\n<span style=\"color: rgb(255, 5, 5);\">Si desea im\u00e1genes adicionales del producto, puede solicitarlas desde el formulario de contacto o en el email kaototienda@gmail.com<\/span><\/p>\n<p>Pok\u00e9mon Rowlet motor de arranque<\/h4>\n<p>Rowlet, el tipo de grass\/flying, puede atacar y sin hacer ruido! Vuela silenciosamente a trav\u00e9s de los cielos, se acerca a su oponente sin que se note, y luego arremeter con poderosas patadas. Tambi\u00e9n puede atacar a distancia usando las hojas afiladas que forman parte de sus plumas.<\/p>\n<h4>Visita la Regi\u00f3n Alola<\/h4>\n<p>Su nueva aventura en <em>Pok\u00e9mon Sol<\/em> se lleva a cabo en un archipi\u00e9lago de islas tropicales. Cuatro islas naturaleza llena y una isla artificial comprenden la regi\u00f3n Alola. La regi\u00f3n Alola tambi\u00e9n se conoce como una zona de complejo. Los turistas acuden a \u00e9l de todas partes del mundo! Alola est\u00e1 rodeado por el mar. Tiene una ecolog\u00eda diversa compuesta de Pokemon que han vivido como nativos de la regi\u00f3n Alola para las generaciones, junto con Pok\u00e9mon que m\u00e1s recientemente han llegado a Alola de otras regiones.\u00a0<\/p>\n<h4>El Desaf\u00edo de Isla<\/h4>\n<p>Un aspecto de la cultura \u00fanica que se ha desarrollado en la regi\u00f3n Alola es el reto isla, un rito de aventura que consiste en viajar a trav\u00e9s de cada una de las cuatro islas. Este evento ayuda a los j\u00f3venes a crecer en finas Entrenadores Pokemon. A medida que el personaje principal de <em>Pokemon Sol<\/em>, usted mismo est\u00e1 destinado a intentar este reto isla.<\/p>\n<h4>Ensayos de desaf\u00edo isla<\/h4>\n<p>Para completar el reto isla, j\u00f3venes asistentes al juicio deben superar las pruebas en la tienda en cada una de las cuatro islas. Estos ensayos no se limitan a la lucha con Pokemon. Ellos toman una variedad de formas, tales como la b\u00fasqueda de elementos o completar las pruebas de conocimiento. Usted no ser\u00e1 capaz de lograr con los m\u00e9todos ordinarios!<\/p>\n<h4>Ensayos de gran<\/h4>\n<p>El ensayo final en cada isla se llama ensayo de gran. Es una batalla Pokemon contra el kahuna que dirige esa isla. Si un ensayo-asistente tiene \u00e9xito en la limpieza de esta gran prueba, \u00e9l o ella ser\u00e1 reconocido p\u00fablicamente como despu\u00e9s de haber eliminado todos los ensayos de la isla y se puede pasar a la siguiente isla.<\/p>\n<h4>La introducci\u00f3n de Z-Mueve<\/h4>\n<p>Z-movimientos son movimientos de gran poder que s\u00f3lo puede usarse una vez por batalla. Cuando el entrenador y los deseos de Pokemon resuenan entre s\u00ed, y ambos liberar todo su poder juntos, el resultado es la fuerza explosiva de una Z-Move! Todos los Pok\u00e9mon puede usar Z-move para realizar poderosamente en la batalla!<\/p>\n<\/div>\n<p><!----><\/p>","protected":false},"excerpt":{"rendered":"<p>Si desea im\u00e1genes adicionales del producto, puede solicitarlas desde el formulario de contacto o en el email kaototienda@gmail.com Pok\u00e9mon Rowlet motor de arranque Rowlet, el tipo de grass\/flying, puede atacar y sin hacer ruido! Vuela silenciosamente a trav\u00e9s de los cielos, se acerca a su oponente sin que se note, y luego arremeter con poderosas [&hellip;]<\/p>\n","protected":false},"featured_media":19701,"template":"","meta":{"ocean_post_layout":"","ocean_both_sidebars_style":"","ocean_both_sidebars_content_width":0,"ocean_both_sidebars_sidebars_width":0,"ocean_sidebar":"","ocean_second_sidebar":"","ocean_disable_margins":"enable","ocean_add_body_class":"","ocean_shortcode_before_top_bar":"","ocean_shortcode_after_top_bar":"","ocean_shortcode_before_header":"","ocean_shortcode_after_header":"","ocean_has_shortcode":"","ocean_shortcode_after_title":"","ocean_shortcode_before_footer_widgets":"","ocean_shortcode_after_footer_widgets":"","ocean_shortcode_before_footer_bottom":"","ocean_shortcode_after_footer_bottom":"","ocean_display_top_bar":"default","ocean_display_header":"default","ocean_header_style":"","ocean_center_header_left_menu":"","ocean_custom_header_template":"","ocean_custom_logo":0,"ocean_custom_retina_logo":0,"ocean_custom_logo_max_width":0,"ocean_custom_logo_tablet_max_width":0,"ocean_custom_logo_mobile_max_width":0,"ocean_custom_logo_max_height":0,"ocean_custom_logo_tablet_max_height":0,"ocean_custom_logo_mobile_max_height":0,"ocean_header_custom_menu":"","ocean_menu_typo_font_family":"","ocean_menu_typo_font_subset":"","ocean_menu_typo_font_size":0,"ocean_menu_typo_font_size_tablet":0,"ocean_menu_typo_font_size_mobile":0,"ocean_menu_typo_font_size_unit":"px","ocean_menu_typo_font_weight":"","ocean_menu_typo_font_weight_tablet":"","ocean_menu_typo_font_weight_mobile":"","ocean_menu_typo_transform":"","ocean_menu_typo_transform_tablet":"","ocean_menu_typo_transform_mobile":"","ocean_menu_typo_line_height":0,"ocean_menu_typo_line_height_tablet":0,"ocean_menu_typo_line_height_mobile":0,"ocean_menu_typo_line_height_unit":"","ocean_menu_typo_spacing":0,"ocean_menu_typo_spacing_tablet":0,"ocean_menu_typo_spacing_mobile":0,"ocean_menu_typo_spacing_unit":"","ocean_menu_link_color":"","ocean_menu_link_color_hover":"","ocean_menu_link_color_active":"","ocean_menu_link_background":"","ocean_menu_link_hover_background":"","ocean_menu_link_active_background":"","ocean_menu_social_links_bg":"","ocean_menu_social_hover_links_bg":"","ocean_menu_social_links_color":"","ocean_menu_social_hover_links_color":"","ocean_disable_title":"default","ocean_disable_heading":"default","ocean_post_title":"","ocean_post_subheading":"","ocean_post_title_style":"","ocean_post_title_background_color":"","ocean_post_title_background":0,"ocean_post_title_bg_image_position":"","ocean_post_title_bg_image_attachment":"","ocean_post_title_bg_image_repeat":"","ocean_post_title_bg_image_size":"","ocean_post_title_height":0,"ocean_post_title_bg_overlay":0.5,"ocean_post_title_bg_overlay_color":"","ocean_disable_breadcrumbs":"default","ocean_breadcrumbs_color":"","ocean_breadcrumbs_separator_color":"","ocean_breadcrumbs_links_color":"","ocean_breadcrumbs_links_hover_color":"","ocean_display_footer_widgets":"default","ocean_display_footer_bottom":"default","ocean_custom_footer_template":""},"product_brand":[],"product_cat":[94,128],"product_tag":[],"class_list":{"0":"post-30511","1":"product","2":"type-product","3":"status-publish","4":"has-post-thumbnail","6":"product_cat-nintendo-3ds","7":"product_cat-ultimas-entradas","9":"entry","10":"has-media","12":"first","13":"outofstock","14":"taxable","15":"shipping-taxable","16":"purchasable","17":"product-type-simple","18":"col","19":"span_1_of_3","20":"owp-content-center","21":"owp-thumbs-layout-horizontal","22":"owp-btn-normal","23":"owp-tabs-layout-horizontal","24":"has-no-thumbnails"},"aioseo_notices":[],"_links":{"self":[{"href":"https:\/\/kaotostore.com\/en\/wp-json\/wp\/v2\/product\/30511","targetHints":{"allow":["GET"]}}],"collection":[{"href":"https:\/\/kaotostore.com\/en\/wp-json\/wp\/v2\/product"}],"about":[{"href":"https:\/\/kaotostore.com\/en\/wp-json\/wp\/v2\/types\/product"}],"wp:featuredmedia":[{"embeddable":true,"href":"https:\/\/kaotostore.com\/en\/wp-json\/wp\/v2\/media\/19701"}],"wp:attachment":[{"href":"https:\/\/kaotostore.com\/en\/wp-json\/wp\/v2\/media?parent=30511"}],"wp:term":[{"taxonomy":"product_brand","embeddable":true,"href":"https:\/\/kaotostore.com\/en\/wp-json\/wp\/v2\/product_brand?post=30511"},{"taxonomy":"product_cat","embeddable":true,"href":"https:\/\/kaotostore.com\/en\/wp-json\/wp\/v2\/product_cat?post=30511"},{"taxonomy":"product_tag","embeddable":true,"href":"https:\/\/kaotostore.com\/en\/wp-json\/wp\/v2\/product_tag?post=30511"}],"curies":[{"name":"wp","href":"https:\/\/api.w.org\/{rel}","templated":true}]}}