{"id":30469,"date":"2026-03-24T10:18:14","date_gmt":"2026-03-24T09:18:14","guid":{"rendered":"https:\/\/kaotostore.com\/producto\/pokemon-lets-go-pikachu-switch-2\/"},"modified":"2026-04-09T11:41:02","modified_gmt":"2026-04-09T09:41:02","slug":"pokemon-lets-go-pikachu-switch-2","status":"publish","type":"product","link":"https:\/\/kaotostore.com\/en\/product\/pokemon-lets-go-pikachu-switch-2\/","title":{"rendered":"Pokemon Let&#8217;s Go Pikachu! SWITCH"},"content":{"rendered":"<h4><span style=\"color: rgb(255, 5, 5);\"><span style=\"color: rgb(255, 5, 5);\">Si desea im\u00e1genes adicionales del producto, puede solicitarlas desde el formulario de contacto o en el email kaototienda@gmail.com<\/span><\/span><\/h4>\n<p><strong><br \/><\/strong><\/p>\n<p><strong>\u00a1Te damos la bienvenida al mundo de Pok\u00e9mon!<\/strong><br \/><span>Viaja a trav\u00e9s de la regi\u00f3n de Kanto y vive mil aventuras en Pok\u00e9mon: Let&#8217;s Go, Pikachu! y Pok\u00e9mon: Let&#8217;s Go, Eevee! para Nintendo Switch. Comienza tu aventura como Entrenador Pok\u00e9mon novato, y atrapa todo tipo de Pok\u00e9mon con los que podr\u00e1s combatir \u00a1e incluso trabar amistad!<\/span><\/p>\n<p><strong>Caracter\u00edsticas:<\/strong><\/p>\n<p><strong>Tu compa\u00f1ero Pok\u00e9mon<\/strong><br \/><span>En Pok\u00e9mon: Let&#8217;s Go, Pikachu!, tu compa\u00f1ero Pikachu no se despegar\u00e1 de tu lado, e ir\u00e1 creciendo y aprendiendo a medida que avances en el juego. Pikachu puede aprender T\u00e9cnicas Secretas y utilizarlas fuera de los combates para alcanzar ciertos lugares, como Tala, Surcacielos y Surcaaguas, al igual que movimientos exclusivos \u00fatiles para luchar.<\/span><\/p>\n<p><strong>\u00a1Cuanto m\u00e1s tiempo pases con tu compa\u00f1ero, m\u00e1s cari\u00f1o te tendr\u00e1!<span>\u00a0<\/span><\/strong><span>Puedes acariciarlo, darle de comer, hacerle cosquillas, vestirlo con distintos atuendos y accesorios \u00a1e incluso cambiarle el peinado! Puede que ocurra algo bueno a medida que estrech\u00e9is vuestra amistad.<\/span><\/p>\n<p><strong>Atrapa Pok\u00e9mon<\/strong><br \/><span>\u00a1Te encontrar\u00e1s con un mont\u00f3n de Pok\u00e9mon en la regi\u00f3n de Kanto! Ac\u00e9rcate a uno y tendr\u00e1s la oportunidad de atraparlo. Para ello, s\u00edrvete de los controles de movimiento del mando Joy-Con o utiliza el accesorio Pok\u00e9 Ball Plus (a la venta por separado) para lanzar una Pok\u00e9 Ball.<\/span><br \/><span>Combate<\/span><\/p>\n<p><strong>\u00a1Prep\u00e1rate bien! Cuando te vea un Entrenador, \u00a1te retar\u00e1 a un desaf\u00edo!<\/strong><span>\u00a0Los combates son la manera ideal de entrenar a tus Pok\u00e9mon y de estrechar lazos con ellos. Por otro lado, en los Gimnasios Pok\u00e9mon los Entrenadores Pok\u00e9mon ponen a prueba su habilidad para el combate. Si derrotas a un L\u00edder de Gimnasio, conseguir\u00e1s una Medalla de Gimnasio.<\/span><br \/><span>Intercambia<\/span><\/p>\n<p><strong>Puedes intercambiar Pok\u00e9mon con amigos cercanos o de todas partes del mundo para completar la Pok\u00e9dex.<\/strong><span>\u00a0Oddish, Sandshrew y Growlithe solo se encuentran en estado salvaje en Pok\u00e9mon: Let&#8217;s Go, Pikachu!, mientras que Bellsprout, Vulpix y Meowth solo se encuentran en estado salvaje en Pok\u00e9mon: Let&#8217;s Go, Eevee!<\/span><\/p>\n<p><strong>Explora<\/strong><br \/><span>La regi\u00f3n de Kanto est\u00e1 repleta de lugares muy variados, como pueblecitos, monta\u00f1as, r\u00edos, bosques y el mar. Hay miles de sitios para explorar en los que te esperan todo tipo de Pok\u00e9mon. Puedes montarte en algunos Pok\u00e9mon para moverte a mayor velocidad por el mundo. \u00a1Es una manera estupenda de vivir esta aventura junto a tu Pok\u00e9mon favorito!<\/span><\/p>\n<p><strong>El Team Rocket hace de las suyas<\/strong><br \/><span>Durante tus aventuras en la regi\u00f3n de Kanto, es posible que te cruces con los miembros del Team Rocket, una organizaci\u00f3n la mar de siniestra. \u00a1Este grupo de malhechores se propone robar Pok\u00e9mon ajenos y utilizarlos con fines mal\u00e9ficos!<\/span><\/p>\n<p><strong>Formas de Alola<\/strong><br \/><span>Algunos Pok\u00e9mon han llegado a Kanto desde la regi\u00f3n de Alola. Debido al caracter\u00edstico clima de dicha regi\u00f3n, \u00a1tienen un aspecto diferente al de sus tocayos de Kanto!<\/span><\/p>\n<p><strong>Juega con amigos<\/strong><br \/><span>\u00a1P\u00e1sale un mando Joy-Con a un amigo para disfrutar del modo multijugador! Dos jugadores pueden explorar, combatir y atrapar Pok\u00e9mon juntos. \u00a1Tambi\u00e9n pueden viajar con un Pok\u00e9mon al lado!<\/span><\/p>\n<p><strong>\u00a1Juega a Pok\u00e9mon donde, cuando y con quien quieras!<\/strong><br \/><span>Con Nintendo Switch, puedes jugar a Pok\u00e9mon: Let&#8217;s Go, Pikachu! y Pok\u00e9mon: Let&#8217;s Go, Eevee! como prefieras.<\/span><\/p>\n<p><strong>\u00a1Con\u00e9ctate con Pok\u00e9mon GO para pasarlo a\u00fan mejor!<\/strong><br \/><span>\u00a1Transfiere tus Pok\u00e9mon favoritos de la regi\u00f3n de Kanto desde Pok\u00e9mon GO! Traba amistad con ellos en el GO Park y a\u00f1\u00e1delos a tu equipo para utilizarlos de una manera totalmente nueva.<\/span><\/p>\n<p><strong>\u00a1Atrapa Pok\u00e9mon como nunca!<\/strong><br \/><span>Gracias al accesorio Pok\u00e9 Ball Plus\u00a0 que tambi\u00e9n podr\u00e1s encontrar en GAME(a la venta por separado), tu aventura Pok\u00e9mon salta de la pantalla al mundo real. Adem\u00e1s, contiene una bonificaci\u00f3n especial: \u00a1el Pok\u00e9mon singular Mew!<\/span><\/p>","protected":false},"excerpt":{"rendered":"<p>Si desea im\u00e1genes adicionales del producto, puede solicitarlas desde el formulario de contacto o en el email kaototienda@gmail.com \u00a1Te damos la bienvenida al mundo de Pok\u00e9mon!Viaja a trav\u00e9s de la regi\u00f3n de Kanto y vive mil aventuras en Pok\u00e9mon: Let&#8217;s Go, Pikachu! y Pok\u00e9mon: Let&#8217;s Go, Eevee! para Nintendo Switch. Comienza tu aventura como Entrenador [&hellip;]<\/p>\n","protected":false},"featured_media":19626,"template":"","meta":{"ocean_post_layout":"","ocean_both_sidebars_style":"","ocean_both_sidebars_content_width":0,"ocean_both_sidebars_sidebars_width":0,"ocean_sidebar":"","ocean_second_sidebar":"","ocean_disable_margins":"enable","ocean_add_body_class":"","ocean_shortcode_before_top_bar":"","ocean_shortcode_after_top_bar":"","ocean_shortcode_before_header":"","ocean_shortcode_after_header":"","ocean_has_shortcode":"","ocean_shortcode_after_title":"","ocean_shortcode_before_footer_widgets":"","ocean_shortcode_after_footer_widgets":"","ocean_shortcode_before_footer_bottom":"","ocean_shortcode_after_footer_bottom":"","ocean_display_top_bar":"default","ocean_display_header":"default","ocean_header_style":"","ocean_center_header_left_menu":"","ocean_custom_header_template":"","ocean_custom_logo":0,"ocean_custom_retina_logo":0,"ocean_custom_logo_max_width":0,"ocean_custom_logo_tablet_max_width":0,"ocean_custom_logo_mobile_max_width":0,"ocean_custom_logo_max_height":0,"ocean_custom_logo_tablet_max_height":0,"ocean_custom_logo_mobile_max_height":0,"ocean_header_custom_menu":"","ocean_menu_typo_font_family":"","ocean_menu_typo_font_subset":"","ocean_menu_typo_font_size":0,"ocean_menu_typo_font_size_tablet":0,"ocean_menu_typo_font_size_mobile":0,"ocean_menu_typo_font_size_unit":"px","ocean_menu_typo_font_weight":"","ocean_menu_typo_font_weight_tablet":"","ocean_menu_typo_font_weight_mobile":"","ocean_menu_typo_transform":"","ocean_menu_typo_transform_tablet":"","ocean_menu_typo_transform_mobile":"","ocean_menu_typo_line_height":0,"ocean_menu_typo_line_height_tablet":0,"ocean_menu_typo_line_height_mobile":0,"ocean_menu_typo_line_height_unit":"","ocean_menu_typo_spacing":0,"ocean_menu_typo_spacing_tablet":0,"ocean_menu_typo_spacing_mobile":0,"ocean_menu_typo_spacing_unit":"","ocean_menu_link_color":"","ocean_menu_link_color_hover":"","ocean_menu_link_color_active":"","ocean_menu_link_background":"","ocean_menu_link_hover_background":"","ocean_menu_link_active_background":"","ocean_menu_social_links_bg":"","ocean_menu_social_hover_links_bg":"","ocean_menu_social_links_color":"","ocean_menu_social_hover_links_color":"","ocean_disable_title":"default","ocean_disable_heading":"default","ocean_post_title":"","ocean_post_subheading":"","ocean_post_title_style":"","ocean_post_title_background_color":"","ocean_post_title_background":0,"ocean_post_title_bg_image_position":"","ocean_post_title_bg_image_attachment":"","ocean_post_title_bg_image_repeat":"","ocean_post_title_bg_image_size":"","ocean_post_title_height":0,"ocean_post_title_bg_overlay":0.5,"ocean_post_title_bg_overlay_color":"","ocean_disable_breadcrumbs":"default","ocean_breadcrumbs_color":"","ocean_breadcrumbs_separator_color":"","ocean_breadcrumbs_links_color":"","ocean_breadcrumbs_links_hover_color":"","ocean_display_footer_widgets":"default","ocean_display_footer_bottom":"default","ocean_custom_footer_template":""},"product_brand":[],"product_cat":[124,128],"product_tag":[],"class_list":{"0":"post-30469","1":"product","2":"type-product","3":"status-publish","4":"has-post-thumbnail","6":"product_cat-switch","7":"product_cat-ultimas-entradas","9":"entry","10":"has-media","12":"first","13":"instock","14":"taxable","15":"shipping-taxable","16":"purchasable","17":"product-type-simple","18":"col","19":"span_1_of_3","20":"owp-content-center","21":"owp-thumbs-layout-horizontal","22":"owp-btn-normal","23":"owp-tabs-layout-horizontal"},"aioseo_notices":[],"_links":{"self":[{"href":"https:\/\/kaotostore.com\/en\/wp-json\/wp\/v2\/product\/30469","targetHints":{"allow":["GET"]}}],"collection":[{"href":"https:\/\/kaotostore.com\/en\/wp-json\/wp\/v2\/product"}],"about":[{"href":"https:\/\/kaotostore.com\/en\/wp-json\/wp\/v2\/types\/product"}],"wp:featuredmedia":[{"embeddable":true,"href":"https:\/\/kaotostore.com\/en\/wp-json\/wp\/v2\/media\/19626"}],"wp:attachment":[{"href":"https:\/\/kaotostore.com\/en\/wp-json\/wp\/v2\/media?parent=30469"}],"wp:term":[{"taxonomy":"product_brand","embeddable":true,"href":"https:\/\/kaotostore.com\/en\/wp-json\/wp\/v2\/product_brand?post=30469"},{"taxonomy":"product_cat","embeddable":true,"href":"https:\/\/kaotostore.com\/en\/wp-json\/wp\/v2\/product_cat?post=30469"},{"taxonomy":"product_tag","embeddable":true,"href":"https:\/\/kaotostore.com\/en\/wp-json\/wp\/v2\/product_tag?post=30469"}],"curies":[{"name":"wp","href":"https:\/\/api.w.org\/{rel}","templated":true}]}}