{"id":30398,"date":"2026-03-24T10:17:08","date_gmt":"2026-03-24T09:17:08","guid":{"rendered":"https:\/\/kaotostore.com\/producto\/pipe-mania-playstation-2\/"},"modified":"2026-04-09T11:41:06","modified_gmt":"2026-04-09T09:41:06","slug":"pipe-mania-playstation-2","status":"publish","type":"product","link":"https:\/\/kaotostore.com\/en\/product\/pipe-mania-playstation-2\/","title":{"rendered":"Pipe Mania PLAYSTATION 2"},"content":{"rendered":"<div>\n<p><strong><em>Pipe Mania<\/em><\/strong> el popular y adictivo juego de puzzles, regresa ahora para divertir a toda una nueva generaci\u00f3n de jugadores.<\/p>\n<h4>Caracter\u00edsticas:<\/h4>\n<ul>\n<li>Viaja por islas paradis\u00edacas demostrando que eres un maestro construyendo tuber\u00edas antes de que el nivel del agua te atrape.<\/li>\n<li>Posibilidad de compartir la jugada con un amigo, cooperando o compitiendo con \u00e9l.<\/li>\n<li>Gr\u00e1ficos mejorados y personajes que te ayudar\u00e1n en el juego. Nuevas piezas, nueva mec\u00e1nica de juego y m\u00faltiples fluidos.<\/li>\n<li>M\u00e1s de 70 niveles a trav\u00e9s de 7 escenarios tem\u00e1ticos &#8211; alcantarillas, ferrocarriles, f\u00e1bricas, cables el\u00e9ctricos, Internet\u2026<\/li>\n<li>Gr\u00e1ficos 2D adaptados a cada formato. 5 modos de juego, entre los que se incluyen las partidas de bonificaci\u00f3n y el juego original de Pipe Mania.<\/li>\n<li>Requiere grandes dosis de agilidad mental, una excelente coordinaci\u00f3n visual y manual, anticipaci\u00f3n de las jugadas y visi\u00f3n espacial.<\/li>\n<li>Todo un desaf\u00edo para la mente.<\/li>\n<\/ul>\n<\/div>","protected":false},"excerpt":{"rendered":"<p>Pipe Mania el popular y adictivo juego de puzzles, regresa ahora para divertir a toda una nueva generaci\u00f3n de jugadores. Caracter\u00edsticas: Viaja por islas paradis\u00edacas demostrando que eres un maestro construyendo tuber\u00edas antes de que el nivel del agua te atrape. Posibilidad de compartir la jugada con un amigo, cooperando o compitiendo con \u00e9l. Gr\u00e1ficos [&hellip;]<\/p>\n","protected":false},"featured_media":19531,"template":"","meta":{"ocean_post_layout":"","ocean_both_sidebars_style":"","ocean_both_sidebars_content_width":0,"ocean_both_sidebars_sidebars_width":0,"ocean_sidebar":"","ocean_second_sidebar":"","ocean_disable_margins":"enable","ocean_add_body_class":"","ocean_shortcode_before_top_bar":"","ocean_shortcode_after_top_bar":"","ocean_shortcode_before_header":"","ocean_shortcode_after_header":"","ocean_has_shortcode":"","ocean_shortcode_after_title":"","ocean_shortcode_before_footer_widgets":"","ocean_shortcode_after_footer_widgets":"","ocean_shortcode_before_footer_bottom":"","ocean_shortcode_after_footer_bottom":"","ocean_display_top_bar":"default","ocean_display_header":"default","ocean_header_style":"","ocean_center_header_left_menu":"","ocean_custom_header_template":"","ocean_custom_logo":0,"ocean_custom_retina_logo":0,"ocean_custom_logo_max_width":0,"ocean_custom_logo_tablet_max_width":0,"ocean_custom_logo_mobile_max_width":0,"ocean_custom_logo_max_height":0,"ocean_custom_logo_tablet_max_height":0,"ocean_custom_logo_mobile_max_height":0,"ocean_header_custom_menu":"","ocean_menu_typo_font_family":"","ocean_menu_typo_font_subset":"","ocean_menu_typo_font_size":0,"ocean_menu_typo_font_size_tablet":0,"ocean_menu_typo_font_size_mobile":0,"ocean_menu_typo_font_size_unit":"px","ocean_menu_typo_font_weight":"","ocean_menu_typo_font_weight_tablet":"","ocean_menu_typo_font_weight_mobile":"","ocean_menu_typo_transform":"","ocean_menu_typo_transform_tablet":"","ocean_menu_typo_transform_mobile":"","ocean_menu_typo_line_height":0,"ocean_menu_typo_line_height_tablet":0,"ocean_menu_typo_line_height_mobile":0,"ocean_menu_typo_line_height_unit":"","ocean_menu_typo_spacing":0,"ocean_menu_typo_spacing_tablet":0,"ocean_menu_typo_spacing_mobile":0,"ocean_menu_typo_spacing_unit":"","ocean_menu_link_color":"","ocean_menu_link_color_hover":"","ocean_menu_link_color_active":"","ocean_menu_link_background":"","ocean_menu_link_hover_background":"","ocean_menu_link_active_background":"","ocean_menu_social_links_bg":"","ocean_menu_social_hover_links_bg":"","ocean_menu_social_links_color":"","ocean_menu_social_hover_links_color":"","ocean_disable_title":"default","ocean_disable_heading":"default","ocean_post_title":"","ocean_post_subheading":"","ocean_post_title_style":"","ocean_post_title_background_color":"","ocean_post_title_background":0,"ocean_post_title_bg_image_position":"","ocean_post_title_bg_image_attachment":"","ocean_post_title_bg_image_repeat":"","ocean_post_title_bg_image_size":"","ocean_post_title_height":0,"ocean_post_title_bg_overlay":0.5,"ocean_post_title_bg_overlay_color":"","ocean_disable_breadcrumbs":"default","ocean_breadcrumbs_color":"","ocean_breadcrumbs_separator_color":"","ocean_breadcrumbs_links_color":"","ocean_breadcrumbs_links_hover_color":"","ocean_display_footer_widgets":"default","ocean_display_footer_bottom":"default","ocean_custom_footer_template":""},"product_brand":[],"product_cat":[105,128],"product_tag":[],"class_list":{"0":"post-30398","1":"product","2":"type-product","3":"status-publish","4":"has-post-thumbnail","6":"product_cat-playstation-2","7":"product_cat-ultimas-entradas","9":"entry","10":"has-media","12":"first","13":"instock","14":"taxable","15":"shipping-taxable","16":"purchasable","17":"product-type-simple","18":"col","19":"span_1_of_3","20":"owp-content-center","21":"owp-thumbs-layout-horizontal","22":"owp-btn-normal","23":"owp-tabs-layout-horizontal","24":"has-no-thumbnails"},"aioseo_notices":[],"_links":{"self":[{"href":"https:\/\/kaotostore.com\/en\/wp-json\/wp\/v2\/product\/30398","targetHints":{"allow":["GET"]}}],"collection":[{"href":"https:\/\/kaotostore.com\/en\/wp-json\/wp\/v2\/product"}],"about":[{"href":"https:\/\/kaotostore.com\/en\/wp-json\/wp\/v2\/types\/product"}],"wp:featuredmedia":[{"embeddable":true,"href":"https:\/\/kaotostore.com\/en\/wp-json\/wp\/v2\/media\/19531"}],"wp:attachment":[{"href":"https:\/\/kaotostore.com\/en\/wp-json\/wp\/v2\/media?parent=30398"}],"wp:term":[{"taxonomy":"product_brand","embeddable":true,"href":"https:\/\/kaotostore.com\/en\/wp-json\/wp\/v2\/product_brand?post=30398"},{"taxonomy":"product_cat","embeddable":true,"href":"https:\/\/kaotostore.com\/en\/wp-json\/wp\/v2\/product_cat?post=30398"},{"taxonomy":"product_tag","embeddable":true,"href":"https:\/\/kaotostore.com\/en\/wp-json\/wp\/v2\/product_tag?post=30398"}],"curies":[{"name":"wp","href":"https:\/\/api.w.org\/{rel}","templated":true}]}}