{"id":30389,"date":"2026-03-24T10:16:59","date_gmt":"2026-03-24T09:16:59","guid":{"rendered":"https:\/\/kaotostore.com\/producto\/pikmin-3-nintendo-selects-wiiu\/"},"modified":"2026-05-10T00:24:34","modified_gmt":"2026-05-09T22:24:34","slug":"pikmin-3-nintendo-selects-wiiu","status":"publish","type":"product","link":"https:\/\/kaotostore.com\/en\/product\/pikmin-3-nintendo-selects-wiiu\/","title":{"rendered":"Pikmin 3 Nintendo Selects WIIU"},"content":{"rendered":"<div class=\"apm-sidemodule-textright\">Ponte al mando de un gran ej\u00e9rcito de peque\u00f1as criaturas para protegerte de los peligros de un planeta hostil, en Pikmin 3 para Wii U. Gu\u00eda a dos nuevos tipos de de Pikmin mientras exploras el rico y diverso mundo utilizando la pantalla integrada en el Wii U GamePad para supervisar la acci\u00f3n en este juego que a\u00fana acci\u00f3n y estrategia. Juega con el mando de Wii Plus y el Nunchuk, el mando Pro de Wii U o con el Wii U GamePad, y apunta a tus Pikmin con total precisi\u00f3n: arr\u00f3jalos para que se agarren a los puntos d\u00e9biles de los enemigos o para sobrevolar simas. Independientemente de la forma de control que elijas, podr\u00e1s supervisar la acci\u00f3n dando un vistazo al GamePad y alternar entre zonas con un simple toque en su pantalla t\u00e1ctil. As\u00ed podr\u00e1s controlar a los diferentes equipos con facilidad. Rompe la dura concha de los enemigos o las barreras que encuentres con ayuda del nuevo Pikmin p\u00e9treo y usa el nuevo Pikmin alado en combinaci\u00f3n con las habilidades individuales de los distintos tipos de Pikmin para avanzar. Decide c\u00f3mo formar los equipos Pikmin y asigna a cada uno la tarea m\u00e1s apropiada a su destreza. As\u00ed podr\u00e1s aumentar tus progresos cada d\u00eda. El poder del procesador de la consola Wii U y su capacidad de alta definici\u00f3n te permitir\u00e1 sumergirte en el maravilloso mundo Pikmin y apreciar sus intrincados detalles y animaciones, lo que enriquecer\u00e1 tu experiencia de juego. Tambi\u00e9n podr\u00e1s jugar la aventura \u00fanicamente en el GamePad con el juego sin televisi\u00f3n. Toma parte en una gran aventura en el modo individual y haz frente a numerosos desaf\u00edos en el modo misi\u00f3n, en el que tendr\u00e1s que conseguir tantos tesoros como sea posible durante un tiempo limitado. Al final de cada nivel, utiliza la funci\u00f3n de repetici\u00f3n de las jugadas, para ver tu actuaci\u00f3n y pensar en nuevas estrategias, lo que te animar\u00e1 a jugar de nuevo los niveles superados.<\/div>\n<p>&nbsp;<\/p>","protected":false},"excerpt":{"rendered":"<p>Ponte al mando de un gran ej\u00e9rcito de peque\u00f1as criaturas para protegerte de los peligros de un planeta hostil, en Pikmin 3 para Wii U. Gu\u00eda a dos nuevos tipos de de Pikmin mientras exploras el rico y diverso mundo utilizando la pantalla integrada en el Wii U GamePad para supervisar la acci\u00f3n en este [&hellip;]<\/p>\n","protected":false},"featured_media":19518,"template":"","meta":{"ocean_post_layout":"","ocean_both_sidebars_style":"","ocean_both_sidebars_content_width":0,"ocean_both_sidebars_sidebars_width":0,"ocean_sidebar":"0","ocean_second_sidebar":"0","ocean_disable_margins":"enable","ocean_add_body_class":"","ocean_shortcode_before_top_bar":"","ocean_shortcode_after_top_bar":"","ocean_shortcode_before_header":"","ocean_shortcode_after_header":"","ocean_has_shortcode":"","ocean_shortcode_after_title":"","ocean_shortcode_before_footer_widgets":"","ocean_shortcode_after_footer_widgets":"","ocean_shortcode_before_footer_bottom":"","ocean_shortcode_after_footer_bottom":"","ocean_display_top_bar":"default","ocean_display_header":"default","ocean_header_style":"","ocean_center_header_left_menu":"0","ocean_custom_header_template":"0","ocean_custom_logo":0,"ocean_custom_retina_logo":0,"ocean_custom_logo_max_width":0,"ocean_custom_logo_tablet_max_width":0,"ocean_custom_logo_mobile_max_width":0,"ocean_custom_logo_max_height":0,"ocean_custom_logo_tablet_max_height":0,"ocean_custom_logo_mobile_max_height":0,"ocean_header_custom_menu":"0","ocean_menu_typo_font_family":"0","ocean_menu_typo_font_subset":"","ocean_menu_typo_font_size":0,"ocean_menu_typo_font_size_tablet":0,"ocean_menu_typo_font_size_mobile":0,"ocean_menu_typo_font_size_unit":"px","ocean_menu_typo_font_weight":"","ocean_menu_typo_font_weight_tablet":"","ocean_menu_typo_font_weight_mobile":"","ocean_menu_typo_transform":"","ocean_menu_typo_transform_tablet":"","ocean_menu_typo_transform_mobile":"","ocean_menu_typo_line_height":0,"ocean_menu_typo_line_height_tablet":0,"ocean_menu_typo_line_height_mobile":0,"ocean_menu_typo_line_height_unit":"","ocean_menu_typo_spacing":0,"ocean_menu_typo_spacing_tablet":0,"ocean_menu_typo_spacing_mobile":0,"ocean_menu_typo_spacing_unit":"","ocean_menu_link_color":"","ocean_menu_link_color_hover":"","ocean_menu_link_color_active":"","ocean_menu_link_background":"","ocean_menu_link_hover_background":"","ocean_menu_link_active_background":"","ocean_menu_social_links_bg":"","ocean_menu_social_hover_links_bg":"","ocean_menu_social_links_color":"","ocean_menu_social_hover_links_color":"","ocean_disable_title":"default","ocean_disable_heading":"default","ocean_post_title":"","ocean_post_subheading":"","ocean_post_title_style":"","ocean_post_title_background_color":"","ocean_post_title_background":0,"ocean_post_title_bg_image_position":"","ocean_post_title_bg_image_attachment":"","ocean_post_title_bg_image_repeat":"","ocean_post_title_bg_image_size":"","ocean_post_title_height":0,"ocean_post_title_bg_overlay":0.5,"ocean_post_title_bg_overlay_color":"","ocean_disable_breadcrumbs":"default","ocean_breadcrumbs_color":"","ocean_breadcrumbs_separator_color":"","ocean_breadcrumbs_links_color":"","ocean_breadcrumbs_links_hover_color":"","ocean_display_footer_widgets":"default","ocean_display_footer_bottom":"default","ocean_custom_footer_template":"0"},"product_brand":[],"product_cat":[128,133],"product_tag":[],"class_list":{"0":"post-30389","1":"product","2":"type-product","3":"status-publish","4":"has-post-thumbnail","6":"product_cat-ultimas-entradas","7":"product_cat-wiiu","9":"entry","10":"has-media","12":"first","13":"instock","14":"taxable","15":"shipping-taxable","16":"purchasable","17":"product-type-simple","18":"col","19":"span_1_of_3","20":"owp-content-center","21":"owp-thumbs-layout-horizontal","22":"owp-btn-normal","23":"owp-tabs-layout-horizontal","24":"has-no-thumbnails"},"aioseo_notices":[],"_links":{"self":[{"href":"https:\/\/kaotostore.com\/en\/wp-json\/wp\/v2\/product\/30389","targetHints":{"allow":["GET"]}}],"collection":[{"href":"https:\/\/kaotostore.com\/en\/wp-json\/wp\/v2\/product"}],"about":[{"href":"https:\/\/kaotostore.com\/en\/wp-json\/wp\/v2\/types\/product"}],"wp:featuredmedia":[{"embeddable":true,"href":"https:\/\/kaotostore.com\/en\/wp-json\/wp\/v2\/media\/19518"}],"wp:attachment":[{"href":"https:\/\/kaotostore.com\/en\/wp-json\/wp\/v2\/media?parent=30389"}],"wp:term":[{"taxonomy":"product_brand","embeddable":true,"href":"https:\/\/kaotostore.com\/en\/wp-json\/wp\/v2\/product_brand?post=30389"},{"taxonomy":"product_cat","embeddable":true,"href":"https:\/\/kaotostore.com\/en\/wp-json\/wp\/v2\/product_cat?post=30389"},{"taxonomy":"product_tag","embeddable":true,"href":"https:\/\/kaotostore.com\/en\/wp-json\/wp\/v2\/product_tag?post=30389"}],"curies":[{"name":"wp","href":"https:\/\/api.w.org\/{rel}","templated":true}]}}