{"id":30257,"date":"2026-03-24T10:14:25","date_gmt":"2026-03-24T09:14:25","guid":{"rendered":"https:\/\/kaotostore.com\/producto\/paper-mario-origami-king-switch\/"},"modified":"2026-04-09T11:43:02","modified_gmt":"2026-04-09T09:43:02","slug":"paper-mario-origami-king-switch","status":"publish","type":"product","link":"https:\/\/kaotostore.com\/en\/product\/paper-mario-origami-king-switch\/","title":{"rendered":"Paper Mario Origami King SWITCH"},"content":{"rendered":"<h4><strong><span style=\"color: rgb(255, 5, 5);\">Si desea im\u00e1genes adicionales del producto, puede solicitarlas desde el formulario de contacto o en el email kaototienda@gmail.com<\/span><\/strong><\/h4>\n<p>\u00a0<\/p>\n<div>\n<h4>Un precioso mundo de papel por descubrir<\/h4>\n<p>\u00danete a Mario y a su compa\u00f1era, Olivia, en una aventura repleta de humor que te llevar\u00e1 hasta los rincones m\u00e1s rec\u00f3nditos de un mundo hecho de papel en <em><strong>Paper Mario: The Origami King<\/strong><\/em>.<\/p>\n<p>Enfr\u00e9ntate al Rey del Origami y a su ej\u00e9rcito de invasores de papel, al\u00edate con compa\u00f1eros extraordinarios y domina poderes m\u00e1gicos en este gran viaje para salvar el mundo.<\/p>\n<h4>\u00a1Menudo papel\u00f3n!<\/h4>\n<p>El malvado rey Olly ha transformado a la princesa Peach en origami, ha arrancado el castillo de cuajo y lo ha cerrado a cal y canto con serpentinas de papel. \u00a1Que nadie pierda los papeles! H\u00e9roe mostachudo, Mario, y su compa\u00f1era, Olivia, no permitir\u00e1n que se salga con la suya.<\/p>\n<p>Viaja a lo largo y ancho del mundo, desde desiertos abrasadores hasta un inmenso oc\u00e9ano, y recluta a un equipo de compa\u00f1eros a cada cual m\u00e1s estramb\u00f3tico para rasgar las siniestras serpentinas de papel y rescatar a tus amigos, antes de que los transformen en secuaces plegados.<\/p>\n<h4>\u00a1Vive una aventura \u00e9pica!<\/h4>\n<p>Repara los desperfectos que han causado los secuaces plegados y rescata a los Toads de mil y un aprietos.<\/p>\n<p>Con la ayuda de Olivia, que puede doblar el papel, podr\u00e1s aprovechar el gran alcance de los brazos desplegables y usar otras transformaciones de papel \u00a1salva a los prisioneros de las garras de los esbirros del Rey del Origami y devuelve la paz al mundo!<\/p>\n<p>Det\u00e9n los malvados planes del rey Olly participando en combates que pondr\u00e1n a prueba tanto tu talento para la estrategia como tus habilidades para resolver puzles \u00a1pl\u00e1ntales cara al ej\u00e9rcito de origami de Olly y a temibles jefes que obedecen sus \u00f3rdenes sin rechistar!<\/p>\n<\/div>\n<p><\/p>","protected":false},"excerpt":{"rendered":"<p>Si desea im\u00e1genes adicionales del producto, puede solicitarlas desde el formulario de contacto o en el email kaototienda@gmail.com \u00a0 Un precioso mundo de papel por descubrir \u00danete a Mario y a su compa\u00f1era, Olivia, en una aventura repleta de humor que te llevar\u00e1 hasta los rincones m\u00e1s rec\u00f3nditos de un mundo hecho de papel en [&hellip;]<\/p>\n","protected":false},"featured_media":19295,"template":"","meta":{"ocean_post_layout":"","ocean_both_sidebars_style":"","ocean_both_sidebars_content_width":0,"ocean_both_sidebars_sidebars_width":0,"ocean_sidebar":"","ocean_second_sidebar":"","ocean_disable_margins":"enable","ocean_add_body_class":"","ocean_shortcode_before_top_bar":"","ocean_shortcode_after_top_bar":"","ocean_shortcode_before_header":"","ocean_shortcode_after_header":"","ocean_has_shortcode":"","ocean_shortcode_after_title":"","ocean_shortcode_before_footer_widgets":"","ocean_shortcode_after_footer_widgets":"","ocean_shortcode_before_footer_bottom":"","ocean_shortcode_after_footer_bottom":"","ocean_display_top_bar":"default","ocean_display_header":"default","ocean_header_style":"","ocean_center_header_left_menu":"","ocean_custom_header_template":"","ocean_custom_logo":0,"ocean_custom_retina_logo":0,"ocean_custom_logo_max_width":0,"ocean_custom_logo_tablet_max_width":0,"ocean_custom_logo_mobile_max_width":0,"ocean_custom_logo_max_height":0,"ocean_custom_logo_tablet_max_height":0,"ocean_custom_logo_mobile_max_height":0,"ocean_header_custom_menu":"","ocean_menu_typo_font_family":"","ocean_menu_typo_font_subset":"","ocean_menu_typo_font_size":0,"ocean_menu_typo_font_size_tablet":0,"ocean_menu_typo_font_size_mobile":0,"ocean_menu_typo_font_size_unit":"px","ocean_menu_typo_font_weight":"","ocean_menu_typo_font_weight_tablet":"","ocean_menu_typo_font_weight_mobile":"","ocean_menu_typo_transform":"","ocean_menu_typo_transform_tablet":"","ocean_menu_typo_transform_mobile":"","ocean_menu_typo_line_height":0,"ocean_menu_typo_line_height_tablet":0,"ocean_menu_typo_line_height_mobile":0,"ocean_menu_typo_line_height_unit":"","ocean_menu_typo_spacing":0,"ocean_menu_typo_spacing_tablet":0,"ocean_menu_typo_spacing_mobile":0,"ocean_menu_typo_spacing_unit":"","ocean_menu_link_color":"","ocean_menu_link_color_hover":"","ocean_menu_link_color_active":"","ocean_menu_link_background":"","ocean_menu_link_hover_background":"","ocean_menu_link_active_background":"","ocean_menu_social_links_bg":"","ocean_menu_social_hover_links_bg":"","ocean_menu_social_links_color":"","ocean_menu_social_hover_links_color":"","ocean_disable_title":"default","ocean_disable_heading":"default","ocean_post_title":"","ocean_post_subheading":"","ocean_post_title_style":"","ocean_post_title_background_color":"","ocean_post_title_background":0,"ocean_post_title_bg_image_position":"","ocean_post_title_bg_image_attachment":"","ocean_post_title_bg_image_repeat":"","ocean_post_title_bg_image_size":"","ocean_post_title_height":0,"ocean_post_title_bg_overlay":0.5,"ocean_post_title_bg_overlay_color":"","ocean_disable_breadcrumbs":"default","ocean_breadcrumbs_color":"","ocean_breadcrumbs_separator_color":"","ocean_breadcrumbs_links_color":"","ocean_breadcrumbs_links_hover_color":"","ocean_display_footer_widgets":"default","ocean_display_footer_bottom":"default","ocean_custom_footer_template":""},"product_brand":[],"product_cat":[124,128],"product_tag":[],"class_list":{"0":"post-30257","1":"product","2":"type-product","3":"status-publish","4":"has-post-thumbnail","6":"product_cat-switch","7":"product_cat-ultimas-entradas","9":"entry","10":"has-media","12":"first","13":"instock","14":"taxable","15":"shipping-taxable","16":"purchasable","17":"product-type-simple","18":"col","19":"span_1_of_3","20":"owp-content-center","21":"owp-thumbs-layout-horizontal","22":"owp-btn-normal","23":"owp-tabs-layout-horizontal","24":"has-no-thumbnails"},"aioseo_notices":[],"_links":{"self":[{"href":"https:\/\/kaotostore.com\/en\/wp-json\/wp\/v2\/product\/30257","targetHints":{"allow":["GET"]}}],"collection":[{"href":"https:\/\/kaotostore.com\/en\/wp-json\/wp\/v2\/product"}],"about":[{"href":"https:\/\/kaotostore.com\/en\/wp-json\/wp\/v2\/types\/product"}],"wp:featuredmedia":[{"embeddable":true,"href":"https:\/\/kaotostore.com\/en\/wp-json\/wp\/v2\/media\/19295"}],"wp:attachment":[{"href":"https:\/\/kaotostore.com\/en\/wp-json\/wp\/v2\/media?parent=30257"}],"wp:term":[{"taxonomy":"product_brand","embeddable":true,"href":"https:\/\/kaotostore.com\/en\/wp-json\/wp\/v2\/product_brand?post=30257"},{"taxonomy":"product_cat","embeddable":true,"href":"https:\/\/kaotostore.com\/en\/wp-json\/wp\/v2\/product_cat?post=30257"},{"taxonomy":"product_tag","embeddable":true,"href":"https:\/\/kaotostore.com\/en\/wp-json\/wp\/v2\/product_tag?post=30257"}],"curies":[{"name":"wp","href":"https:\/\/api.w.org\/{rel}","templated":true}]}}