{"id":30190,"date":"2026-03-24T10:13:12","date_gmt":"2026-03-24T09:13:12","guid":{"rendered":"https:\/\/kaotostore.com\/producto\/outcast-a-new-beginning-playstation-5\/"},"modified":"2026-03-24T10:13:13","modified_gmt":"2026-03-24T09:13:13","slug":"outcast-a-new-beginning-playstation-5","status":"publish","type":"product","link":"https:\/\/kaotostore.com\/en\/product\/outcast-a-new-beginning-playstation-5\/","title":{"rendered":"Outcast A New Beginning PLAYSTATION 5"},"content":{"rendered":"<p><strong><span style=\"color: rgb(255, 5, 5);\">Si desea im\u00e1genes adicionales del producto, puede solicitarlas desde el formulario de contacto o en el email kaototienda@gmail.com<\/span><\/strong><\/p>\n<p>\u00a0<\/p>\n<div>\n<p>Veinte a\u00f1os despu\u00e9s de que Outcast, el premiado juego de acci\u00f3n y aventuras, abriera terreno en el g\u00e9nero de los juegos no lineales de mundo abierto, esta esperada secuela nos trae a Cutter Slade de vuelta al espectacular mundo alien\u00edgena de Adelpha. Resucitado por los Yods todopoderosos, a su regreso encuentra Talans esclavizados, un mundo despojado de sus recursos naturales y su propio pasado mezclado con las fuerzas rob\u00f3ticas invasoras. En su mano est\u00e1 aceptar la misi\u00f3n de salvar el planeta otra vez.<\/p>\n<p>El equipo original de desarrollo de Outcast 1 se ha reunido para crear este mundo fascinante, lleno de seres peligrosos y hogar del pueblo Talan, una antigua cultura cuyo destino qued\u00f3 inextricablemente unido al de la Tierra desde los primeros acontecimientos del primer juego. En el juego eres Cutter Slade, antiguo marine SEAL, con el mismo humor socarr\u00f3n que lo caracterizaba en los a\u00f1os 90. Sin embargo, el mundo que lo rodea ha cambiado, y \u00e9l terminar\u00e1 cambiando en consonancia.<\/p>\n<h4>Caracter\u00edsticas:<\/h4>\n<ul>\n<li>Usar la mochila propulsora para saltar, avanzar volando, planear y recorrer con rapidez el fant\u00e1stico mundo abierto del juego<\/li>\n<li>Combinar decenas de m\u00f3dulos distintos para crear tu arma personal con la que derrotar a los robots invasores<\/li>\n<li>Tomar el control para desarrollar la historia a tu propio ritmo en este mundo no lineal<\/li>\n<li>Explorar el mundo sin l\u00edmites, descubrir templos ocultos y una naturaleza salvaje y peligrosa<\/li>\n<li>Familiarizarte con la cultura Talan mientras ayudas a liberar a sus pueblos y obtienes antiguos poderes Talan que usan fuerzas de la naturaleza para destruir a tus enemigos<\/li>\n<li>Disfrutar de un bello mundo creado a mano acompa\u00f1ado por la banda sonora \u00e9pica del compositor original de Outcast, Lennie Moore.<\/li>\n<\/ul>\n<\/div>\n<p><\/p>","protected":false},"excerpt":{"rendered":"<p>Si desea im\u00e1genes adicionales del producto, puede solicitarlas desde el formulario de contacto o en el email kaototienda@gmail.com \u00a0 Veinte a\u00f1os despu\u00e9s de que Outcast, el premiado juego de acci\u00f3n y aventuras, abriera terreno en el g\u00e9nero de los juegos no lineales de mundo abierto, esta esperada secuela nos trae a Cutter Slade de vuelta [&hellip;]<\/p>\n","protected":false},"featured_media":19183,"template":"","meta":{"ocean_post_layout":"","ocean_both_sidebars_style":"","ocean_both_sidebars_content_width":0,"ocean_both_sidebars_sidebars_width":0,"ocean_sidebar":"","ocean_second_sidebar":"","ocean_disable_margins":"enable","ocean_add_body_class":"","ocean_shortcode_before_top_bar":"","ocean_shortcode_after_top_bar":"","ocean_shortcode_before_header":"","ocean_shortcode_after_header":"","ocean_has_shortcode":"","ocean_shortcode_after_title":"","ocean_shortcode_before_footer_widgets":"","ocean_shortcode_after_footer_widgets":"","ocean_shortcode_before_footer_bottom":"","ocean_shortcode_after_footer_bottom":"","ocean_display_top_bar":"default","ocean_display_header":"default","ocean_header_style":"","ocean_center_header_left_menu":"","ocean_custom_header_template":"","ocean_custom_logo":0,"ocean_custom_retina_logo":0,"ocean_custom_logo_max_width":0,"ocean_custom_logo_tablet_max_width":0,"ocean_custom_logo_mobile_max_width":0,"ocean_custom_logo_max_height":0,"ocean_custom_logo_tablet_max_height":0,"ocean_custom_logo_mobile_max_height":0,"ocean_header_custom_menu":"","ocean_menu_typo_font_family":"","ocean_menu_typo_font_subset":"","ocean_menu_typo_font_size":0,"ocean_menu_typo_font_size_tablet":0,"ocean_menu_typo_font_size_mobile":0,"ocean_menu_typo_font_size_unit":"px","ocean_menu_typo_font_weight":"","ocean_menu_typo_font_weight_tablet":"","ocean_menu_typo_font_weight_mobile":"","ocean_menu_typo_transform":"","ocean_menu_typo_transform_tablet":"","ocean_menu_typo_transform_mobile":"","ocean_menu_typo_line_height":0,"ocean_menu_typo_line_height_tablet":0,"ocean_menu_typo_line_height_mobile":0,"ocean_menu_typo_line_height_unit":"","ocean_menu_typo_spacing":0,"ocean_menu_typo_spacing_tablet":0,"ocean_menu_typo_spacing_mobile":0,"ocean_menu_typo_spacing_unit":"","ocean_menu_link_color":"","ocean_menu_link_color_hover":"","ocean_menu_link_color_active":"","ocean_menu_link_background":"","ocean_menu_link_hover_background":"","ocean_menu_link_active_background":"","ocean_menu_social_links_bg":"","ocean_menu_social_hover_links_bg":"","ocean_menu_social_links_color":"","ocean_menu_social_hover_links_color":"","ocean_disable_title":"default","ocean_disable_heading":"default","ocean_post_title":"","ocean_post_subheading":"","ocean_post_title_style":"","ocean_post_title_background_color":"","ocean_post_title_background":0,"ocean_post_title_bg_image_position":"","ocean_post_title_bg_image_attachment":"","ocean_post_title_bg_image_repeat":"","ocean_post_title_bg_image_size":"","ocean_post_title_height":0,"ocean_post_title_bg_overlay":0.5,"ocean_post_title_bg_overlay_color":"","ocean_disable_breadcrumbs":"default","ocean_breadcrumbs_color":"","ocean_breadcrumbs_separator_color":"","ocean_breadcrumbs_links_color":"","ocean_breadcrumbs_links_hover_color":"","ocean_display_footer_widgets":"default","ocean_display_footer_bottom":"default","ocean_custom_footer_template":""},"product_brand":[],"product_cat":[108,128],"product_tag":[],"class_list":{"0":"post-30190","1":"product","2":"type-product","3":"status-publish","4":"has-post-thumbnail","6":"product_cat-playstation-5","7":"product_cat-ultimas-entradas","9":"entry","10":"has-media","12":"first","13":"instock","14":"taxable","15":"shipping-taxable","16":"purchasable","17":"product-type-simple","18":"col","19":"span_1_of_3","20":"owp-content-center","21":"owp-thumbs-layout-horizontal","22":"owp-btn-normal","23":"owp-tabs-layout-horizontal","24":"has-no-thumbnails"},"aioseo_notices":[],"_links":{"self":[{"href":"https:\/\/kaotostore.com\/en\/wp-json\/wp\/v2\/product\/30190","targetHints":{"allow":["GET"]}}],"collection":[{"href":"https:\/\/kaotostore.com\/en\/wp-json\/wp\/v2\/product"}],"about":[{"href":"https:\/\/kaotostore.com\/en\/wp-json\/wp\/v2\/types\/product"}],"wp:featuredmedia":[{"embeddable":true,"href":"https:\/\/kaotostore.com\/en\/wp-json\/wp\/v2\/media\/19183"}],"wp:attachment":[{"href":"https:\/\/kaotostore.com\/en\/wp-json\/wp\/v2\/media?parent=30190"}],"wp:term":[{"taxonomy":"product_brand","embeddable":true,"href":"https:\/\/kaotostore.com\/en\/wp-json\/wp\/v2\/product_brand?post=30190"},{"taxonomy":"product_cat","embeddable":true,"href":"https:\/\/kaotostore.com\/en\/wp-json\/wp\/v2\/product_cat?post=30190"},{"taxonomy":"product_tag","embeddable":true,"href":"https:\/\/kaotostore.com\/en\/wp-json\/wp\/v2\/product_tag?post=30190"}],"curies":[{"name":"wp","href":"https:\/\/api.w.org\/{rel}","templated":true}]}}