{"id":30173,"date":"2026-03-24T10:12:59","date_gmt":"2026-03-24T09:12:59","guid":{"rendered":"https:\/\/kaotostore.com\/producto\/ori-and-the-will-of-the-wisps-xbox-one\/"},"modified":"2026-03-24T10:13:00","modified_gmt":"2026-03-24T09:13:00","slug":"ori-and-the-will-of-the-wisps-xbox-one","status":"publish","type":"product","link":"https:\/\/kaotostore.com\/en\/product\/ori-and-the-will-of-the-wisps-xbox-one\/","title":{"rendered":"Ori and the Will of the Wisps XBOX ONE"},"content":{"rendered":"<ul>\n<li>Sum\u00e9rgete en una experiencia narrativa artesanal,descifra el verdadero destino de Ori en esta emocionante y cautivadora aventura guiada por la historia con una impresionante banda sonora,explora un entorno amplio, ex\u00f3tico y de gran belleza<\/li>\n<li>Domina nuevas habilidades,gu\u00eda a Ori a trav\u00e9s de un viaje de incalculable peligro usando armas espirituales, hechizos y ataques reci\u00e9n adquiridos,utiliza un nuevo sistema de fragmentos para potenciar las nuevas habilidades de Ori y personalizar tu estilo de juego<\/li>\n<li>Enfr\u00e9ntate a enemigos \u00e9picos y a rompecabezas desafiantes,jefes exuberantes: enfr\u00e9ntate a enemigos imponentes y secuencias de escape emocionantes,nuevos personajes: busca el apoyo de un amplio elenco de nuevos personajes que te ayudar\u00e1n a descubrir el misterioso destino de Ori<\/li>\n<li>Disfruta de nuevos y emocionantes modos,pruebas espirituales: compite hasta la cima de las tablas de clasificaci\u00f3n en desaf\u00edos de velocidad \u00fanicos a lo largo del juego,santuarios espirituales: enfr\u00e9ntate a oleadas de enemigos cada vez m\u00e1s desafiantes en pruebas cronometradas para conseguir recompensas<\/li>\n<li>Consulta m\u00e1s informaci\u00f3n en la parte inferior de la p\u00e1gina<\/li>\n<\/ul>\n<p>\u00a0<\/p>\n<p><!----><\/p>","protected":false},"excerpt":{"rendered":"<p>Sum\u00e9rgete en una experiencia narrativa artesanal,descifra el verdadero destino de Ori en esta emocionante y cautivadora aventura guiada por la historia con una impresionante banda sonora,explora un entorno amplio, ex\u00f3tico y de gran belleza Domina nuevas habilidades,gu\u00eda a Ori a trav\u00e9s de un viaje de incalculable peligro usando armas espirituales, hechizos y ataques reci\u00e9n adquiridos,utiliza [&hellip;]<\/p>\n","protected":false},"featured_media":19156,"template":"","meta":{"ocean_post_layout":"","ocean_both_sidebars_style":"","ocean_both_sidebars_content_width":0,"ocean_both_sidebars_sidebars_width":0,"ocean_sidebar":"","ocean_second_sidebar":"","ocean_disable_margins":"enable","ocean_add_body_class":"","ocean_shortcode_before_top_bar":"","ocean_shortcode_after_top_bar":"","ocean_shortcode_before_header":"","ocean_shortcode_after_header":"","ocean_has_shortcode":"","ocean_shortcode_after_title":"","ocean_shortcode_before_footer_widgets":"","ocean_shortcode_after_footer_widgets":"","ocean_shortcode_before_footer_bottom":"","ocean_shortcode_after_footer_bottom":"","ocean_display_top_bar":"default","ocean_display_header":"default","ocean_header_style":"","ocean_center_header_left_menu":"","ocean_custom_header_template":"","ocean_custom_logo":0,"ocean_custom_retina_logo":0,"ocean_custom_logo_max_width":0,"ocean_custom_logo_tablet_max_width":0,"ocean_custom_logo_mobile_max_width":0,"ocean_custom_logo_max_height":0,"ocean_custom_logo_tablet_max_height":0,"ocean_custom_logo_mobile_max_height":0,"ocean_header_custom_menu":"","ocean_menu_typo_font_family":"","ocean_menu_typo_font_subset":"","ocean_menu_typo_font_size":0,"ocean_menu_typo_font_size_tablet":0,"ocean_menu_typo_font_size_mobile":0,"ocean_menu_typo_font_size_unit":"px","ocean_menu_typo_font_weight":"","ocean_menu_typo_font_weight_tablet":"","ocean_menu_typo_font_weight_mobile":"","ocean_menu_typo_transform":"","ocean_menu_typo_transform_tablet":"","ocean_menu_typo_transform_mobile":"","ocean_menu_typo_line_height":0,"ocean_menu_typo_line_height_tablet":0,"ocean_menu_typo_line_height_mobile":0,"ocean_menu_typo_line_height_unit":"","ocean_menu_typo_spacing":0,"ocean_menu_typo_spacing_tablet":0,"ocean_menu_typo_spacing_mobile":0,"ocean_menu_typo_spacing_unit":"","ocean_menu_link_color":"","ocean_menu_link_color_hover":"","ocean_menu_link_color_active":"","ocean_menu_link_background":"","ocean_menu_link_hover_background":"","ocean_menu_link_active_background":"","ocean_menu_social_links_bg":"","ocean_menu_social_hover_links_bg":"","ocean_menu_social_links_color":"","ocean_menu_social_hover_links_color":"","ocean_disable_title":"default","ocean_disable_heading":"default","ocean_post_title":"","ocean_post_subheading":"","ocean_post_title_style":"","ocean_post_title_background_color":"","ocean_post_title_background":0,"ocean_post_title_bg_image_position":"","ocean_post_title_bg_image_attachment":"","ocean_post_title_bg_image_repeat":"","ocean_post_title_bg_image_size":"","ocean_post_title_height":0,"ocean_post_title_bg_overlay":0.5,"ocean_post_title_bg_overlay_color":"","ocean_disable_breadcrumbs":"default","ocean_breadcrumbs_color":"","ocean_breadcrumbs_separator_color":"","ocean_breadcrumbs_links_color":"","ocean_breadcrumbs_links_hover_color":"","ocean_display_footer_widgets":"default","ocean_display_footer_bottom":"default","ocean_custom_footer_template":""},"product_brand":[],"product_cat":[128],"product_tag":[],"class_list":{"0":"post-30173","1":"product","2":"type-product","3":"status-publish","4":"has-post-thumbnail","6":"product_cat-ultimas-entradas","8":"entry","9":"has-media","11":"first","12":"instock","13":"taxable","14":"shipping-taxable","15":"purchasable","16":"product-type-simple","17":"has-product-nav","18":"col","19":"span_1_of_3","20":"owp-content-center","21":"owp-thumbs-layout-horizontal","22":"owp-btn-normal","23":"owp-tabs-layout-horizontal","24":"has-no-thumbnails"},"aioseo_notices":[],"_links":{"self":[{"href":"https:\/\/kaotostore.com\/en\/wp-json\/wp\/v2\/product\/30173","targetHints":{"allow":["GET"]}}],"collection":[{"href":"https:\/\/kaotostore.com\/en\/wp-json\/wp\/v2\/product"}],"about":[{"href":"https:\/\/kaotostore.com\/en\/wp-json\/wp\/v2\/types\/product"}],"wp:featuredmedia":[{"embeddable":true,"href":"https:\/\/kaotostore.com\/en\/wp-json\/wp\/v2\/media\/19156"}],"wp:attachment":[{"href":"https:\/\/kaotostore.com\/en\/wp-json\/wp\/v2\/media?parent=30173"}],"wp:term":[{"taxonomy":"product_brand","embeddable":true,"href":"https:\/\/kaotostore.com\/en\/wp-json\/wp\/v2\/product_brand?post=30173"},{"taxonomy":"product_cat","embeddable":true,"href":"https:\/\/kaotostore.com\/en\/wp-json\/wp\/v2\/product_cat?post=30173"},{"taxonomy":"product_tag","embeddable":true,"href":"https:\/\/kaotostore.com\/en\/wp-json\/wp\/v2\/product_tag?post=30173"}],"curies":[{"name":"wp","href":"https:\/\/api.w.org\/{rel}","templated":true}]}}